{"id":8273,"date":"2023-09-24T15:51:36","date_gmt":"2023-09-24T13:51:36","guid":{"rendered":"http:\/\/astehshop.com\/?post_type=product&#038;p=8273"},"modified":"2025-09-17T21:52:18","modified_gmt":"2025-09-17T19:52:18","slug":"wifi-ruter-dahua-n3","status":"publish","type":"product","link":"http:\/\/astehshop.com\/index.php\/product\/wifi-ruter-dahua-n3\/","title":{"rendered":"WiFi ruter Dahua N3"},"content":{"rendered":"<p>N300 be\u017ei\u010dni usmjeriva\u010d<br \/>\nSukladan je standardu IEEE 802.11b\/g\/n. Be\u017ei\u010dna brzina dose\u017ee do 300 Mbps za IEEE 802.11n, \u0161to omogu\u0107uje glatki pristup internetu.<br \/>\n1 \u00d7 WAN port i 3 \u00d7 LAN porta koji pro\u0161iruju mre\u017enu pokrivenost.<br \/>\nDvije vanjske antene nude \u0161iru pokrivenost signalom.<br \/>\nAutomatski odabire nezauzete kanale.<br \/>\nLako se povezuje s be\u017ei\u010dnom mre\u017eom samo pritiskom na tipke WPS<br \/>\nRouter mode i Repeater mode<\/p>\n","protected":false},"excerpt":{"rendered":"<p>N300 be\u017ei\u010dni usmjeriva\u010d<br \/>\nSukladan je standardu IEEE 802.11b\/g\/n. Be\u017ei\u010dna brzina dose\u017ee do 300 Mbps za IEEE 802.11n, \u0161to omogu\u0107uje glatki pristup internetu.<br \/>\n1 \u00d7 WAN port i 3 \u00d7 LAN porta koji pro\u0161iruju mre\u017enu pokrivenost.<br \/>\nDvije vanjske antene nude \u0161iru pokrivenost signalom.<br \/>\nAutomatski odabire nezauzete kanale.<br \/>\nLako se povezuje s be\u017ei\u010dnom mre\u017eom samo pritiskom na tipke WPS<br \/>\nRouter mode i Repeater mode<\/p>\n","protected":false},"featured_media":8274,"comment_status":"open","ping_status":"closed","template":"","meta":{"_mi_skip_tracking":false,"_exactmetrics_sitenote_active":false,"_exactmetrics_sitenote_note":"","_exactmetrics_sitenote_category":0,"spay_email":""},"product_cat":[5830],"product_tag":[5887,508,435,5962,511,5850,502,5963],"brands":[{"id":2045,"name":"Dahua","slug":"dahua"}],"df_price":"","df_sale_price":"","df_regular_price":"","df_image_link":"https:\/\/i0.wp.com\/astehshop.com\/wp-content\/uploads\/2023\/09\/N3_3_thumb.png?fit=450%2C450","jetpack_publicize_connections":[],"jetpack_sharing_enabled":true,"jetpack_likes_enabled":true,"jetpack-related-posts":[{"id":7204,"url":"http:\/\/astehshop.com\/index.php\/product\/xiaomi-mi-wi-fi-range-extender-pro\/","url_meta":{"origin":8273,"position":0},"title":"XIAOMI Mi Wi-Fi Range Extender Pro","date":"28. sije\u010dnja 2023.","format":false,"excerpt":"Dvije sna\u017ene vanjske antene s visokim poja\u010danjem daju \u0161iru pokrivenost Be\u017ei\u010dna funkcija, pove\u0107ajte pokrivenost be\u017ei\u010dnom mre\u017eom Kompatibilan s ruterima drugih marki Brzina prijenosa: 300Mbps Podr\u017eava do 64 ure\u0111aja Jednostavno upravljajte svojim mre\u017enim postavkama uz Xiaomi Mi WiFi APP Plug and play, jednostavan za kori\u0161tenje","rel":"","context":"Srodne objave","img":{"alt_text":"","src":"https:\/\/i0.wp.com\/astehshop.com\/wp-content\/uploads\/2023\/01\/62de8661025f8_xiaomi-mi-wi-fi-range-extender-pro-slider.jpg?fit=800%2C800&resize=350%2C200","width":350,"height":200},"classes":[]},{"id":4818,"url":"http:\/\/astehshop.com\/index.php\/product\/wavlink-wifi-pojacivac-extender\/","url_meta":{"origin":8273,"position":1},"title":"WAVLINK WiFi Poja\u010diva\u010d (Extender)","date":"27. rujna 2020.","format":false,"excerpt":"AERIAL-N300 Wireless Wi-Fi Range Extender\/AP Poja\u010diva\u010d Internet signala Pobolj\u0161ava pokrivenost be\u017ei\u010dnom mre\u017eom u svim WLAN mre\u017eama Odgovara standardima IEEE 802.11a \/ b \/ g \/ n Be\u017ei\u010dna brzina do 300Mbps 2 x antene koje pru\u017eaju jo\u0161 bolje be\u017ei\u010dne performanse Podr\u017eava WPA-PSK \/ WPA2-PSK enkripciju Omogu\u0107uje :jedan Ethernet LAN priklju\u010dak 10\u2026","rel":"","context":"Srodne objave","img":{"alt_text":"","src":"https:\/\/i2.wp.com\/astehshop.com\/wp-content\/uploads\/2020\/09\/WAVLINK-WiFi-Pojacivac-Extender.jpg?fit=400%2C400&resize=350%2C200","width":350,"height":200},"classes":[]},{"id":4816,"url":"http:\/\/astehshop.com\/index.php\/product\/wavlink-wireless-smart-wifi-router-300mbps-4x-5dbi-antene\/","url_meta":{"origin":8273,"position":2},"title":"WAVLINK Wireless Smart WiFi Router | 300Mbps | 4x 5dBi Antene","date":"27. rujna 2020.","format":false,"excerpt":"ARK 4 - N300 be\u017ei\u010dni pametni Wi-Fi Router s poja\u010danim antenama U skladu je sa IEEE 802.11a \/ b \/ g \/ n standardima Be\u017ei\u010dna brzina do 300Mbps Smart Mobile APP - daljinsko upravljanje bilo kada i bilo gdje Pametno upravljanje APP-om: Ozna\u010davanje terminala, isklju\u010denje mre\u017ee, nadzor i kontrola brzine\u2026","rel":"","context":"Srodne objave","img":{"alt_text":"","src":"https:\/\/i0.wp.com\/astehshop.com\/wp-content\/uploads\/2020\/09\/WAVLINK-Wireless-Smart-WiFi-Router-1.jpg?fit=400%2C300&resize=350%2C200","width":350,"height":200},"classes":[]},{"id":4814,"url":"http:\/\/astehshop.com\/index.php\/product\/wavlink-wireless-smart-wifi-router-300mbps-4x-5dbi-antene-touchlink\/","url_meta":{"origin":8273,"position":3},"title":"WAVLINK Wireless Smart WiFi Router | 300Mbps | 4x 5dBi Antene | Touchlink","date":"27. rujna 2020.","format":false,"excerpt":"QUANTUM S4 - N300 be\u017ei\u010dni pametni Wi-Fi Router s dodirnom vezom U skladu je sa IEEE 802.11a \/ b \/ g \/ n standardima Be\u017ei\u010dna brzina do 300Mbps Gosti Wi-Fi - pru\u017ea siguran Wi-Fi pristup gostima koji dijele va\u0161u ku\u0107nu ili uredsku mre\u017eu Podr\u017eava PPPoE, dinami\u010dki IP, stati\u010dki IP i\u2026","rel":"","context":"Srodne objave","img":{"alt_text":"","src":"https:\/\/i1.wp.com\/astehshop.com\/wp-content\/uploads\/2020\/09\/WAVLINK-Wireless-Smart-WiFi-Router.jpg?fit=400%2C400&resize=350%2C200","width":350,"height":200},"classes":[]},{"id":8339,"url":"http:\/\/astehshop.com\/index.php\/product\/tp-link-ac750-re205-range-extender\/","url_meta":{"origin":8273,"position":4},"title":"TP-Link AC750 RE205 Range Extender","date":"21. listopada 2023.","format":false,"excerpt":"750Mbps, 2 x external antennas, 1 x 10\/100M Ethernet Port (RJ45), IEEE802.11ac, IEEE 802.11n, IEEE 802.11g, IEEE 802.11a, IEEE 802.11b; 5GHz:Up to 433Mbps; 2.4GHz:Up to 300Mpbs; FCC, RoHS","rel":"","context":"Srodne objave","img":{"alt_text":"","src":"https:\/\/i2.wp.com\/astehshop.com\/wp-content\/uploads\/2023\/10\/28290-TP-Link-AC750-RE205-Range-Extender-1.jpg?fit=450%2C450&resize=350%2C200","width":350,"height":200},"classes":[]},{"id":8333,"url":"http:\/\/astehshop.com\/index.php\/product\/pix-link-lv-wr03-wireless-n-range-extender-ap-300mbps\/","url_meta":{"origin":8273,"position":5},"title":"Pix-Link LV-WR03 Wireless-N Range Extender\/AP 300Mbps","date":"21. listopada 2023.","format":false,"excerpt":"300Mbps, IEEE 802.11n, IEEE 802.11g, IEEE 802.11b, 1 * 10\/100Mbps LAN\/WAN Port, 2.4~2.4835GHz, Up to 300Mbps (dynamic), Reception Sensitivity 270M: -69dBm@10% PER, Transmit Power < 20 dBm (EIRP), Wireless Modes Repeater\/AP","rel":"","context":"Srodne objave","img":{"alt_text":"","src":"https:\/\/i1.wp.com\/astehshop.com\/wp-content\/uploads\/2023\/10\/Pix-Link-LV-WR03.jpg?fit=225%2C225&resize=350%2C200","width":350,"height":200},"classes":[]}],"_links":{"self":[{"href":"http:\/\/astehshop.com\/index.php\/wp-json\/wp\/v2\/product\/8273"}],"collection":[{"href":"http:\/\/astehshop.com\/index.php\/wp-json\/wp\/v2\/product"}],"about":[{"href":"http:\/\/astehshop.com\/index.php\/wp-json\/wp\/v2\/types\/product"}],"replies":[{"embeddable":true,"href":"http:\/\/astehshop.com\/index.php\/wp-json\/wp\/v2\/comments?post=8273"}],"wp:featuredmedia":[{"embeddable":true,"href":"http:\/\/astehshop.com\/index.php\/wp-json\/wp\/v2\/media\/8274"}],"wp:attachment":[{"href":"http:\/\/astehshop.com\/index.php\/wp-json\/wp\/v2\/media?parent=8273"}],"wp:term":[{"taxonomy":"product_cat","embeddable":true,"href":"http:\/\/astehshop.com\/index.php\/wp-json\/wp\/v2\/product_cat?post=8273"},{"taxonomy":"product_tag","embeddable":true,"href":"http:\/\/astehshop.com\/index.php\/wp-json\/wp\/v2\/product_tag?post=8273"}],"curies":[{"name":"wp","href":"https:\/\/api.w.org\/{rel}","templated":true}]}}