{"id":8271,"date":"2023-09-24T15:49:54","date_gmt":"2023-09-24T13:49:54","guid":{"rendered":"http:\/\/astehshop.com\/?post_type=product&#038;p=8271"},"modified":"2025-09-17T21:52:18","modified_gmt":"2025-09-17T19:52:18","slug":"wifi-ruter-dahua-wr5210-idc","status":"publish","type":"product","link":"http:\/\/astehshop.com\/index.php\/product\/wifi-ruter-dahua-wr5210-idc\/","title":{"rendered":"WiFi ruter Dahua WR5210-IDC"},"content":{"rendered":"<p>Be\u017ei\u010dni ruter<br \/>\n&gt; AC1200 dvopojasni Wi-Fi: 867 Mbps na 5 GHz pojasu i 300 Mbps na 2,4 GHz pojasu<br \/>\n&gt; Tehnologija oblikovanja snopa: Automatski detektira povezane ure\u0111aje i stvara ja\u010du pokrivenost<br \/>\n&gt; Tehnologija MU-MIMO: Istodobno prenosi podatke na vi\u0161e ure\u0111aja za bolje performanse<br \/>\n&gt; 7\u00d724 sata: Dizajniran za pouzdan rad bez prekida<\/p>\n","protected":false},"excerpt":{"rendered":"<p>Be\u017ei\u010dni ruter<br \/>\n&gt; AC1200 dvopojasni Wi-Fi: 867 Mbps na 5 GHz pojasu i 300 Mbps na 2,4 GHz pojasu<br \/>\n&gt; Tehnologija oblikovanja snopa: Automatski detektira povezane ure\u0111aje i stvara ja\u010du pokrivenost<br \/>\n&gt; Tehnologija MU-MIMO: Istodobno prenosi podatke na vi\u0161e ure\u0111aja za bolje performanse<br \/>\n&gt; 7\u00d724 sata: Dizajniran za pouzdan rad bez prekida<\/p>\n","protected":false},"featured_media":8272,"comment_status":"open","ping_status":"closed","template":"","meta":{"_mi_skip_tracking":false,"_exactmetrics_sitenote_active":false,"_exactmetrics_sitenote_note":"","_exactmetrics_sitenote_category":0,"spay_email":""},"product_cat":[5830],"product_tag":[5962,5293,522,509,5961],"brands":[{"id":2045,"name":"Dahua","slug":"dahua"}],"df_price":"","df_sale_price":"","df_regular_price":"","df_image_link":"https:\/\/i1.wp.com\/astehshop.com\/wp-content\/uploads\/2023\/09\/wr5210-idc_d-scaled.jpg?fit=450%2C418","jetpack_publicize_connections":[],"jetpack_sharing_enabled":true,"jetpack_likes_enabled":true,"jetpack-related-posts":[{"id":8359,"url":"http:\/\/astehshop.com\/index.php\/product\/mercusys-mr30g-ac1200-wireless-dual-band-router\/","url_meta":{"origin":8271,"position":0},"title":"Mercusys MR30G AC1200 Wireless Dual Band Router","date":"21. listopada 2023.","format":false,"excerpt":"IEEE 802.11ac\/n\/a 5 GHz, IEEE 802.11b\/g\/n 2.4 GHz, 2.4 GHz, 5 GHz, 867 Mbps (5 GHz) + 300 Mbps (2.4 GHz), compatible with 11ac\/a\/b\/g\/n Wi-Fi standards, 2.4 GHz < 20dBm (EIRP), 5 GHz < 23dBm (EIRP), Wireless Security WPA-PSK \/ WPA2-PSK, Router Mode, Access Point Mode","rel":"","context":"Srodne objave","img":{"alt_text":"","src":"https:\/\/i2.wp.com\/astehshop.com\/wp-content\/uploads\/2023\/10\/Mercusys-MR30G-AC1200.jpg?fit=1000%2C1000&resize=350%2C200","width":350,"height":200},"classes":[]},{"id":8273,"url":"http:\/\/astehshop.com\/index.php\/product\/wifi-ruter-dahua-n3\/","url_meta":{"origin":8271,"position":1},"title":"WiFi ruter Dahua N3","date":"24. rujna 2023.","format":false,"excerpt":"N300 be\u017ei\u010dni usmjeriva\u010d Sukladan je standardu IEEE 802.11b\/g\/n. Be\u017ei\u010dna brzina dose\u017ee do 300 Mbps za IEEE 802.11n, \u0161to omogu\u0107uje glatki pristup internetu. 1 \u00d7 WAN port i 3 \u00d7 LAN porta koji pro\u0161iruju mre\u017enu pokrivenost. Dvije vanjske antene nude \u0161iru pokrivenost signalom. Automatski odabire nezauzete kanale. Lako se povezuje s\u2026","rel":"","context":"Srodne objave","img":{"alt_text":"","src":"https:\/\/i0.wp.com\/astehshop.com\/wp-content\/uploads\/2023\/09\/N3_3_thumb.png?fit=628%2C626&resize=350%2C200","width":350,"height":200},"classes":[]},{"id":8327,"url":"http:\/\/astehshop.com\/index.php\/product\/mercusys-ac1200-me30-range-extender\/","url_meta":{"origin":8271,"position":2},"title":"Mercusys AC1200 ME30 Range Extender","date":"21. listopada 2023.","format":false,"excerpt":"300 Mbps on 2.4 GHz, 867 Mbps on 5 GHz, IEEE 802.11a\/n\/ac 5 GHz, IEEE 802.11b\/g\/n 2.4 GHz, Reception Sensitivity 5 GHz: 11ac HT80 MCS9 < -63 dBm, 2.4 GHz: 11n HT40 MCS7 < -70 dBm, Transmission Power < 20 dBm, Antenna Type 2\u00d7 External Antennas, Power Consumption 9.2 W,\u2026","rel":"","context":"Srodne objave","img":{"alt_text":"","src":"https:\/\/i2.wp.com\/astehshop.com\/wp-content\/uploads\/2023\/10\/mercusys_me30f.png?fit=800%2C800&resize=350%2C200","width":350,"height":200},"classes":[]},{"id":8384,"url":"http:\/\/astehshop.com\/index.php\/product\/tp-link-archer-c54-ac1200-wireless-dual-band-router\/","url_meta":{"origin":8271,"position":3},"title":"TP-Link Archer C54 AC1200 Wireless Dual Band Router","date":"21. listopada 2023.","format":false,"excerpt":"Wi-Fi 5 IEEE 802.11ac\/n\/a 5 GHz, IEEE 802.11n\/b\/g 2.4 GHz, 5 GHz: 867 Mbps (802.11ac), 2.4 GHz: 300 Mbps (802.11n), 4\u00d7 Fixed Antennas, Dual-Band, MU-MIMO, 1\u00d7 10\/100 Mbps WAN Port, 4\u00d7 10\/100 Mbps LAN Ports, WPA, WPA2, WPA3, WPA\/WPA2-Enterprise (802.1x)","rel":"","context":"Srodne objave","img":{"alt_text":"","src":"https:\/\/i2.wp.com\/astehshop.com\/wp-content\/uploads\/2023\/10\/29885-TP-Link-Archer-C54-AC1200-Wireless-Dual-Band-Router-1.jpg?fit=450%2C450&resize=350%2C200","width":350,"height":200},"classes":[]},{"id":8355,"url":"http:\/\/astehshop.com\/index.php\/product\/mercusys-ac12-ac1200-wireless-router-dual-band\/","url_meta":{"origin":8271,"position":4},"title":"Mercusys AC12 AC1200 Wireless Router Dual Band","date":"21. listopada 2023.","format":false,"excerpt":"300 Mbps on the 2.4 GHz band and 867 Mbps on the 5 GHz band, 3x 10\/100Mbps LAN Ports, 1x 10\/100Mbps WAN Port, IEEE 802.11a\/n\/ac 5GHz, IEEE 802.11b\/g\/n 2.4GHz","rel":"","context":"Srodne objave","img":{"alt_text":"","src":"https:\/\/i2.wp.com\/astehshop.com\/wp-content\/uploads\/2023\/10\/Mercusys-AC12-AC1200-Wireless-Router-Dual-Band.jpg?fit=450%2C450&resize=350%2C200","width":350,"height":200},"classes":[]},{"id":8123,"url":"http:\/\/astehshop.com\/index.php\/product\/cudy-ac1200-gigabit-wireless-access-point-model-ap1300\/","url_meta":{"origin":8271,"position":5},"title":"Cudy AC1200 Gigabit Wireless Access Point, Model: AP1300","date":"24. kolovoza 2023.","format":false,"excerpt":"AC1200 Gigabit Wireless Access Point, Model: AP1300 AC1200 dvostruka Wi-Fi brzina MT7621DA+MT7613B+MT7603E 1\u00d7 Gigabit WAN\/LAN (PoE In) 802.3at\/af PoE, Passive PoE ili DC (DC adapter uklju\u010den) Multi-Mode: AP\/Router\/RE\/WISP Mesh \u00a0 Povezuje vi\u0161e ure\u0111aja MU-MIMO tehnologija omogu\u0107ava istovremeni prenos vi\u0161e tokova podataka na vi\u0161e ure\u0111aja, pobolj\u0161avaju\u0107i efikasnost i propusnost pod optere\u0107enjem.\u2026","rel":"","context":"Srodne objave","img":{"alt_text":"","src":"https:\/\/i2.wp.com\/astehshop.com\/wp-content\/uploads\/2023\/08\/Prednja-strana-1.png?fit=1200%2C1064&resize=350%2C200","width":350,"height":200},"classes":[]}],"_links":{"self":[{"href":"http:\/\/astehshop.com\/index.php\/wp-json\/wp\/v2\/product\/8271"}],"collection":[{"href":"http:\/\/astehshop.com\/index.php\/wp-json\/wp\/v2\/product"}],"about":[{"href":"http:\/\/astehshop.com\/index.php\/wp-json\/wp\/v2\/types\/product"}],"replies":[{"embeddable":true,"href":"http:\/\/astehshop.com\/index.php\/wp-json\/wp\/v2\/comments?post=8271"}],"wp:featuredmedia":[{"embeddable":true,"href":"http:\/\/astehshop.com\/index.php\/wp-json\/wp\/v2\/media\/8272"}],"wp:attachment":[{"href":"http:\/\/astehshop.com\/index.php\/wp-json\/wp\/v2\/media?parent=8271"}],"wp:term":[{"taxonomy":"product_cat","embeddable":true,"href":"http:\/\/astehshop.com\/index.php\/wp-json\/wp\/v2\/product_cat?post=8271"},{"taxonomy":"product_tag","embeddable":true,"href":"http:\/\/astehshop.com\/index.php\/wp-json\/wp\/v2\/product_tag?post=8271"}],"curies":[{"name":"wp","href":"https:\/\/api.w.org\/{rel}","templated":true}]}}