{"id":8269,"date":"2023-09-24T11:47:31","date_gmt":"2023-09-24T09:47:31","guid":{"rendered":"http:\/\/astehshop.com\/?post_type=product&#038;p=8269"},"modified":"2023-09-24T11:47:32","modified_gmt":"2023-09-24T09:47:32","slug":"kupatilska-grijalica-green-tech-1200w-kvarcna-elektricna","status":"publish","type":"product","link":"http:\/\/astehshop.com\/index.php\/product\/kupatilska-grijalica-green-tech-1200w-kvarcna-elektricna\/","title":{"rendered":"Kupatilska grijalica Green Tech 1200W, kvarcna, elektri\u010dna"},"content":{"rendered":"<p>Snaga grija\u010da: 1200 W<br \/>\n2 postavke topline: 600 \/ 1200 W<br \/>\nZa\u0161tita od pregrijavanja (automatsko isklju\u010divanje u slu\u010daju pregrijavanja: da, termostat za za\u0161titu od previsoke temperature: da)<br \/>\nVrsta kontrole: mehani\u010dka<br \/>\nNa\u010din kontrole: prekida\u010d na povla\u010denje<br \/>\nPrikaz postavki snage<br \/>\nTajmer: ne<br \/>\nDaljinski upravlja\u010d: ne<br \/>\nAutomatski prekida\u010d: ne<br \/>\nIP stupanj: IP21<br \/>\nPovr\u0161ina pokrivanja \/ zagrijavanja: 15 &#8211; 20 m\u00b2<br \/>\nNapon: AC 220 &#8211; 240 V \/ 50 &#8211; 60 Hz<br \/>\nTijelo grijalice se mo\u017ee podesiti prema gore ili prema dolje<br \/>\nVrste monta\u017ee: zidna<br \/>\nMaterijal: \u010delik + aluminij<br \/>\nDimenzije artikla: 535 x 115 mm<\/p>\n","protected":false},"excerpt":{"rendered":"<p>Snaga grija\u010da: 1200 W<br \/>\n2 postavke topline: 600 \/ 1200 W<br \/>\nZa\u0161tita od pregrijavanja (automatsko isklju\u010divanje u slu\u010daju pregrijavanja: da, termostat za za\u0161titu od previsoke temperature: da)<br \/>\nVrsta kontrole: mehani\u010dka<br \/>\nNa\u010din kontrole: prekida\u010d na povla\u010denje<br \/>\nPrikaz postavki snage<br \/>\nTajmer: ne<br \/>\nDaljinski upravlja\u010d: ne<br \/>\nAutomatski prekida\u010d: ne<br \/>\nIP stupanj: IP21<br \/>\nPovr\u0161ina pokrivanja \/ zagrijavanja: 15 &#8211; 20 m\u00b2<br \/>\nNapon: AC 220 &#8211; 240 V \/ 50 &#8211; 60 Hz<br \/>\nTijelo grijalice se mo\u017ee podesiti prema gore ili prema dolje<br \/>\nVrste monta\u017ee: zidna<br \/>\nMaterijal: \u010delik + aluminij<br \/>\nDimenzije artikla: 535 x 115 mm<\/p>\n","protected":false},"featured_media":8270,"comment_status":"open","ping_status":"closed","template":"","meta":{"_mi_skip_tracking":false,"_exactmetrics_sitenote_active":false,"_exactmetrics_sitenote_note":"","_exactmetrics_sitenote_category":0,"spay_email":""},"product_cat":[656],"product_tag":[5960,5959,5958],"brands":[],"df_price":59,"df_sale_price":"","df_regular_price":59,"df_image_link":"https:\/\/i1.wp.com\/astehshop.com\/wp-content\/uploads\/2023\/09\/HBS-1200_5207.png?fit=450%2C409","jetpack_publicize_connections":[],"jetpack_sharing_enabled":true,"jetpack_likes_enabled":true,"jetpack-related-posts":[{"id":8264,"url":"http:\/\/astehshop.com\/index.php\/product\/kalorifer-grijalica-green-tech-2000w-elektricna\/","url_meta":{"origin":8269,"position":0},"title":"Kalorifer grijalica Green Tech 2000W, elektri\u010dna","date":"24. rujna 2023.","format":false,"excerpt":"Snaga grija\u010da: 2000 W 2 postavke topline: 1000 \/ 2000 W Podesiva kontrola termostata Za\u0161tita od pregrijavanja (automatsko isklju\u010divanje u slu\u010daju pregrijavanja: da, termostat za za\u0161titu od previsoke temperature: da) Indikator napajanja Vrsta kontrole: mehani\u010dka Tajmer: ne Daljinski upravlja\u010d: ne Automatski prekida\u010d: ne Dje\u010dja brava: ne IP stupanj: IP20 Povr\u0161ina\u2026","rel":"","context":"Srodne objave","img":{"alt_text":"","src":"https:\/\/i2.wp.com\/astehshop.com\/wp-content\/uploads\/2023\/09\/HFL-2000_5247.png?fit=800%2C800&resize=350%2C200","width":350,"height":200},"classes":[]},{"id":8266,"url":"http:\/\/astehshop.com\/index.php\/product\/konvektorska-grijalica-green-tech-2000w-elektricna\/","url_meta":{"origin":8269,"position":1},"title":"Konvektorska grijalica Green Tech 2000W, elektri\u010dna","date":"24. rujna 2023.","format":false,"excerpt":"Snaga grija\u010da: 2000 W 2 postavke topline: 1000 \/ 2000 W Podesiva kontrola termostata Za\u0161tita od pregrijavanja (automatsko isklju\u010divanje u slu\u010daju pregrijavanja: da, termostat za za\u0161titu od previsoke temperature: da) Aluminijski grija\u0107i element u obliku slova X Indikator napajanja Vrsta kontrole: mehani\u010dka Tajmer: ne Daljinski upravlja\u010d: ne Automatski prekida\u010d: da\u2026","rel":"","context":"Srodne objave","img":{"alt_text":"","src":"https:\/\/i2.wp.com\/astehshop.com\/wp-content\/uploads\/2023\/09\/HCN-2000_5243.png?fit=1200%2C1074&resize=350%2C200","width":350,"height":200},"classes":[]},{"id":8268,"url":"http:\/\/astehshop.com\/index.php\/product\/konvektorska-grijalica-green-tech-1500w-elektricna\/","url_meta":{"origin":8269,"position":2},"title":"Konvektorska grijalica Green Tech 1500W, elektri\u010dna","date":"24. rujna 2023.","format":false,"excerpt":"Snaga grija\u010da: 1500 W 2 postavke topline: 750 \/ 1500 W Podesiva kontrola termostata Za\u0161tita od pregrijavanja (automatsko isklju\u010divanje u slu\u010daju pregrijavanja: da, termostat za za\u0161titu od previsoke temperature: da) Aluminijski grija\u0107i element u obliku slova X Indikator napajanja Vrsta kontrole: mehani\u010dka Tajmer: ne Daljinski upravlja\u010d: ne Automatski prekida\u010d: da\u2026","rel":"","context":"Srodne objave","img":{"alt_text":"","src":"https:\/\/i2.wp.com\/astehshop.com\/wp-content\/uploads\/2023\/09\/HCN-2000_5243.png?fit=1200%2C1074&resize=350%2C200","width":350,"height":200},"classes":[]},{"id":9725,"url":"http:\/\/astehshop.com\/index.php\/product\/kupaonska-grijalica-green-tech-2000w-elektricna\/","url_meta":{"origin":8269,"position":3},"title":"Kupaonska grijalica Green Tech 2000W, elektri\u010dna","date":"24. studenoga 2024.","format":false,"excerpt":"Snaga: 2000 W 2 postavke topline: 1000 W \/ 2000 W Mogu\u0107nost odabira zraka: hladan \/ topao \/ vru\u0107 IP stupanj za\u0161tite: IP23 LED zaslon osjetljiv na dodir Upravljanje pomo\u0107u daljinskog upravlja\u010da Za\u0161tita od pregrijavanja Vrsta kontrole: elektroni\u010dko Povr\u0161ina pokrivanja \/ zagrijavanja: 20 m\u00b2 Napon: AC 220 - 240 V\u2026","rel":"","context":"Srodne objave","img":{"alt_text":"","src":"https:\/\/i1.wp.com\/astehshop.com\/wp-content\/uploads\/2024\/11\/HBH-2005WB_10489.png?fit=1200%2C1200&resize=350%2C200","width":350,"height":200},"classes":[]},{"id":9483,"url":"http:\/\/astehshop.com\/index.php\/product\/panel-elektricna-grijalica-smart-1000-w-wifi\/","url_meta":{"origin":8269,"position":4},"title":"Panel elektri\u010dna grijalica, smart, 1000 W, WiFi","date":"21. rujna 2024.","format":false,"excerpt":"Elektri\u010dni panel, konvektor, dva nivoa snage grija\u010da 500W \/ 1000W, multifunkcionalni display, timer, kontrola dodirnim tipkama ili pametnim telefonom, elektroni\u010dki termostat, IPX4 standard, samostoje\u0107a ili zidna, automatsko isklju\u010divanje u slu\u010daju prevrtanja ili pregrijavanja, dje\u010dja brava, Ugra\u0111en WiFi, mogu\u0107nost kontrole preko pametnog telefona ( iOS 9.0 i Android 4.4 ) Dimenzije\u2026","rel":"","context":"Srodne objave","img":{"alt_text":"","src":"https:\/\/i0.wp.com\/astehshop.com\/wp-content\/uploads\/2024\/09\/12226_16862278591s0maf89ns.png?fit=1200%2C1200&resize=350%2C200","width":350,"height":200},"classes":[]},{"id":9504,"url":"http:\/\/astehshop.com\/index.php\/product\/konvektorska-grijalica-iskra-ch-2020f-standard\/","url_meta":{"origin":8269,"position":5},"title":"KONVEKTORSKA GRIJALICA ISKRA CH-2020F STANDARD","date":"21. rujna 2024.","format":false,"excerpt":"Napajanje 220-240 V ~ \/ 50-60 Hz Snaga 2000 W (750\/1250\/2000 W) Instalacija Samostoje\u0107i Du\u017eina kabla 1,6 m Materijal ku\u0107i\u0161ta Metal \/ plastika Boja ku\u0107i\u0161ta Bijela IP za\u0161tita IP20 Za\u0161tita od pregrijavanja Da Za\u0161tita od prevrtanja Ne Termostat Da Podesiva snaga Da Tajmer Ne Daljinski upravlja\u010d Ne \u00a0Te\u017eina 2,8 kg\u2026","rel":"","context":"Srodne objave","img":{"alt_text":"","src":"https:\/\/i1.wp.com\/astehshop.com\/wp-content\/uploads\/2024\/09\/ISKRA-KONVEKTORSKA-GRIJALICA-CH-2020F-STANDARD1.png?fit=800%2C800&resize=350%2C200","width":350,"height":200},"classes":[]}],"_links":{"self":[{"href":"http:\/\/astehshop.com\/index.php\/wp-json\/wp\/v2\/product\/8269"}],"collection":[{"href":"http:\/\/astehshop.com\/index.php\/wp-json\/wp\/v2\/product"}],"about":[{"href":"http:\/\/astehshop.com\/index.php\/wp-json\/wp\/v2\/types\/product"}],"replies":[{"embeddable":true,"href":"http:\/\/astehshop.com\/index.php\/wp-json\/wp\/v2\/comments?post=8269"}],"wp:featuredmedia":[{"embeddable":true,"href":"http:\/\/astehshop.com\/index.php\/wp-json\/wp\/v2\/media\/8270"}],"wp:attachment":[{"href":"http:\/\/astehshop.com\/index.php\/wp-json\/wp\/v2\/media?parent=8269"}],"wp:term":[{"taxonomy":"product_cat","embeddable":true,"href":"http:\/\/astehshop.com\/index.php\/wp-json\/wp\/v2\/product_cat?post=8269"},{"taxonomy":"product_tag","embeddable":true,"href":"http:\/\/astehshop.com\/index.php\/wp-json\/wp\/v2\/product_tag?post=8269"}],"curies":[{"name":"wp","href":"https:\/\/api.w.org\/{rel}","templated":true}]}}