{"id":8266,"date":"2023-09-24T11:44:26","date_gmt":"2023-09-24T09:44:26","guid":{"rendered":"http:\/\/astehshop.com\/?post_type=product&#038;p=8266"},"modified":"2023-09-24T11:44:27","modified_gmt":"2023-09-24T09:44:27","slug":"konvektorska-grijalica-green-tech-2000w-elektricna","status":"publish","type":"product","link":"http:\/\/astehshop.com\/index.php\/product\/konvektorska-grijalica-green-tech-2000w-elektricna\/","title":{"rendered":"Konvektorska grijalica Green Tech 2000W, elektri\u010dna"},"content":{"rendered":"<p>Snaga grija\u010da: 2000 W<br \/>\n2 postavke topline: 1000 \/ 2000 W<br \/>\nPodesiva kontrola termostata<br \/>\nZa\u0161tita od pregrijavanja (automatsko isklju\u010divanje u slu\u010daju pregrijavanja: da, termostat za za\u0161titu od previsoke temperature: da)<br \/>\nAluminijski grija\u0107i element u obliku slova X<br \/>\nIndikator napajanja<br \/>\nVrsta kontrole: mehani\u010dka<br \/>\nTajmer: ne<br \/>\nDaljinski upravlja\u010d: ne<br \/>\nAutomatski prekida\u010d: da<br \/>\nDje\u010dja brava: ne<br \/>\nIP stupanj: IP24<br \/>\nPovr\u0161ina pokrivanja \/ zagrijavanja: 20 m\u00b2<br \/>\nNapon: AC 220 &#8211; 240 V \/ 50 &#8211; 60 Hz<br \/>\nPribor za samostoje\u0107u monta\u017eu uklju\u010den<br \/>\nPribor za zidnu monta\u017eu uklju\u010den<br \/>\nDuljina kabela za napajanje: 1,7 m<br \/>\nMaterijal: metal<\/p>\n","protected":false},"excerpt":{"rendered":"<p>Snaga grija\u010da: 2000 W<br \/>\n2 postavke topline: 1000 \/ 2000 W<br \/>\nPodesiva kontrola termostata<br \/>\nZa\u0161tita od pregrijavanja (automatsko isklju\u010divanje u slu\u010daju pregrijavanja: da, termostat za za\u0161titu od previsoke temperature: da)<br \/>\nAluminijski grija\u0107i element u obliku slova X<br \/>\nIndikator napajanja<br \/>\nVrsta kontrole: mehani\u010dka<br \/>\nTajmer: ne<br \/>\nDaljinski upravlja\u010d: ne<br \/>\nAutomatski prekida\u010d: da<br \/>\nDje\u010dja brava: ne<br \/>\nIP stupanj: IP24<br \/>\nPovr\u0161ina pokrivanja \/ zagrijavanja: 20 m\u00b2<br \/>\nNapon: AC 220 &#8211; 240 V \/ 50 &#8211; 60 Hz<br \/>\nPribor za samostoje\u0107u monta\u017eu uklju\u010den<br \/>\nPribor za zidnu monta\u017eu uklju\u010den<br \/>\nDuljina kabela za napajanje: 1,7 m<br \/>\nMaterijal: metal<\/p>\n","protected":false},"featured_media":8267,"comment_status":"open","ping_status":"closed","template":"","meta":{"_mi_skip_tracking":false,"_exactmetrics_sitenote_active":false,"_exactmetrics_sitenote_note":"","_exactmetrics_sitenote_category":0,"spay_email":""},"product_cat":[1847],"product_tag":[1865,1182,1679,5950,5949,5951,659,5952],"brands":[],"df_price":99,"df_sale_price":99,"df_regular_price":139,"df_image_link":"https:\/\/i2.wp.com\/astehshop.com\/wp-content\/uploads\/2023\/09\/HCN-2000_5243.png?fit=450%2C403","jetpack_publicize_connections":[],"jetpack_sharing_enabled":true,"jetpack_likes_enabled":true,"jetpack-related-posts":[{"id":8268,"url":"http:\/\/astehshop.com\/index.php\/product\/konvektorska-grijalica-green-tech-1500w-elektricna\/","url_meta":{"origin":8266,"position":0},"title":"Konvektorska grijalica Green Tech 1500W, elektri\u010dna","date":"24. rujna 2023.","format":false,"excerpt":"Snaga grija\u010da: 1500 W 2 postavke topline: 750 \/ 1500 W Podesiva kontrola termostata Za\u0161tita od pregrijavanja (automatsko isklju\u010divanje u slu\u010daju pregrijavanja: da, termostat za za\u0161titu od previsoke temperature: da) Aluminijski grija\u0107i element u obliku slova X Indikator napajanja Vrsta kontrole: mehani\u010dka Tajmer: ne Daljinski upravlja\u010d: ne Automatski prekida\u010d: da\u2026","rel":"","context":"Srodne objave","img":{"alt_text":"","src":"https:\/\/i2.wp.com\/astehshop.com\/wp-content\/uploads\/2023\/09\/HCN-2000_5243.png?fit=1200%2C1074&resize=350%2C200","width":350,"height":200},"classes":[]},{"id":8264,"url":"http:\/\/astehshop.com\/index.php\/product\/kalorifer-grijalica-green-tech-2000w-elektricna\/","url_meta":{"origin":8266,"position":1},"title":"Kalorifer grijalica Green Tech 2000W, elektri\u010dna","date":"24. rujna 2023.","format":false,"excerpt":"Snaga grija\u010da: 2000 W 2 postavke topline: 1000 \/ 2000 W Podesiva kontrola termostata Za\u0161tita od pregrijavanja (automatsko isklju\u010divanje u slu\u010daju pregrijavanja: da, termostat za za\u0161titu od previsoke temperature: da) Indikator napajanja Vrsta kontrole: mehani\u010dka Tajmer: ne Daljinski upravlja\u010d: ne Automatski prekida\u010d: ne Dje\u010dja brava: ne IP stupanj: IP20 Povr\u0161ina\u2026","rel":"","context":"Srodne objave","img":{"alt_text":"","src":"https:\/\/i2.wp.com\/astehshop.com\/wp-content\/uploads\/2023\/09\/HFL-2000_5247.png?fit=800%2C800&resize=350%2C200","width":350,"height":200},"classes":[]},{"id":8269,"url":"http:\/\/astehshop.com\/index.php\/product\/kupatilska-grijalica-green-tech-1200w-kvarcna-elektricna\/","url_meta":{"origin":8266,"position":2},"title":"Kupatilska grijalica Green Tech 1200W, kvarcna, elektri\u010dna","date":"24. rujna 2023.","format":false,"excerpt":"Snaga grija\u010da: 1200 W 2 postavke topline: 600 \/ 1200 W Za\u0161tita od pregrijavanja (automatsko isklju\u010divanje u slu\u010daju pregrijavanja: da, termostat za za\u0161titu od previsoke temperature: da) Vrsta kontrole: mehani\u010dka Na\u010din kontrole: prekida\u010d na povla\u010denje Prikaz postavki snage Tajmer: ne Daljinski upravlja\u010d: ne Automatski prekida\u010d: ne IP stupanj: IP21 Povr\u0161ina\u2026","rel":"","context":"Srodne objave","img":{"alt_text":"","src":"https:\/\/i1.wp.com\/astehshop.com\/wp-content\/uploads\/2023\/09\/HBS-1200_5207.png?fit=1134%2C1030&resize=350%2C200","width":350,"height":200},"classes":[]},{"id":11771,"url":"http:\/\/astehshop.com\/index.php\/product\/samostojeci-kamin-elektricni-2000-w\/","url_meta":{"origin":8266,"position":3},"title":"Samostoje\u0107i Kamin, elektri\u010dni, 2000 W","date":"28. rujna 2025.","format":false,"excerpt":"Panoramski samostoje\u0107i elektri\u010dni kamin ( grijalica ) sa \u0161irokim prozorima pru\u017ea savr\u0161en pogled na unutra\u0161njost koja tijekom hladnih no\u0107i mo\u017ee stvroti spektakl istinske intimne trenutke. Dodatna prednost je realisti\u010dan plamen koje stvara LED svjetlo. Podesiva snaga grija\u010da 1000 W \/ 2000 W, mehani\u010dki termostat, automatsko isklju\u010divanje u slu\u010daju pregrijavanja, napajanje\u2026","rel":"","context":"Srodne objave","img":{"alt_text":"","src":"https:\/\/i1.wp.com\/astehshop.com\/wp-content\/uploads\/2025\/09\/panoramski-elektricni-kamin.jpg?fit=1080%2C1200&resize=350%2C200","width":350,"height":200},"classes":[]},{"id":9504,"url":"http:\/\/astehshop.com\/index.php\/product\/konvektorska-grijalica-iskra-ch-2020f-standard\/","url_meta":{"origin":8266,"position":4},"title":"KONVEKTORSKA GRIJALICA ISKRA CH-2020F STANDARD","date":"21. rujna 2024.","format":false,"excerpt":"Napajanje 220-240 V ~ \/ 50-60 Hz Snaga 2000 W (750\/1250\/2000 W) Instalacija Samostoje\u0107i Du\u017eina kabla 1,6 m Materijal ku\u0107i\u0161ta Metal \/ plastika Boja ku\u0107i\u0161ta Bijela IP za\u0161tita IP20 Za\u0161tita od pregrijavanja Da Za\u0161tita od prevrtanja Ne Termostat Da Podesiva snaga Da Tajmer Ne Daljinski upravlja\u010d Ne \u00a0Te\u017eina 2,8 kg\u2026","rel":"","context":"Srodne objave","img":{"alt_text":"","src":"https:\/\/i1.wp.com\/astehshop.com\/wp-content\/uploads\/2024\/09\/ISKRA-KONVEKTORSKA-GRIJALICA-CH-2020F-STANDARD1.png?fit=800%2C800&resize=350%2C200","width":350,"height":200},"classes":[]},{"id":9485,"url":"http:\/\/astehshop.com\/index.php\/product\/grijalica-elektricna-panel-2000w\/","url_meta":{"origin":8266,"position":5},"title":"Grijalica, elektri\u010dna panel, 2000W","date":"21. rujna 2024.","format":false,"excerpt":"Jeste li ikada razmi\u0161ljali kako brzo i u\u010dinkovito zagrijati svoj dom u hladnijim danima? Prijenosna konvektorska grijalica Home FK331 mo\u017ee biti idealan izbor za vas. Ova konvektorska grijalica nudi tri razli\u010dite razine grijanja: 750 W, 1250 W i 2000 W, \u0161to olak\u0161ava prilagodbu va\u0161im potrebama. S ugra\u0111enim termostatom mo\u017eete precizno\u2026","rel":"","context":"Srodne objave","img":{"alt_text":"","src":"https:\/\/i2.wp.com\/astehshop.com\/wp-content\/uploads\/2024\/09\/48306_1724146817an9o44hl11.png?fit=1200%2C1200&resize=350%2C200","width":350,"height":200},"classes":[]}],"_links":{"self":[{"href":"http:\/\/astehshop.com\/index.php\/wp-json\/wp\/v2\/product\/8266"}],"collection":[{"href":"http:\/\/astehshop.com\/index.php\/wp-json\/wp\/v2\/product"}],"about":[{"href":"http:\/\/astehshop.com\/index.php\/wp-json\/wp\/v2\/types\/product"}],"replies":[{"embeddable":true,"href":"http:\/\/astehshop.com\/index.php\/wp-json\/wp\/v2\/comments?post=8266"}],"wp:featuredmedia":[{"embeddable":true,"href":"http:\/\/astehshop.com\/index.php\/wp-json\/wp\/v2\/media\/8267"}],"wp:attachment":[{"href":"http:\/\/astehshop.com\/index.php\/wp-json\/wp\/v2\/media?parent=8266"}],"wp:term":[{"taxonomy":"product_cat","embeddable":true,"href":"http:\/\/astehshop.com\/index.php\/wp-json\/wp\/v2\/product_cat?post=8266"},{"taxonomy":"product_tag","embeddable":true,"href":"http:\/\/astehshop.com\/index.php\/wp-json\/wp\/v2\/product_tag?post=8266"}],"curies":[{"name":"wp","href":"https:\/\/api.w.org\/{rel}","templated":true}]}}