{"id":8263,"date":"2023-09-24T11:33:30","date_gmt":"2023-09-24T09:33:30","guid":{"rendered":"http:\/\/astehshop.com\/?post_type=product&#038;p=8263"},"modified":"2024-02-18T10:40:35","modified_gmt":"2024-02-18T09:40:35","slug":"rack-rek-ormar-7u-crni-zatamljeno-staklo","status":"publish","type":"product","link":"http:\/\/astehshop.com\/index.php\/product\/rack-rek-ormar-7u-crni-zatamljeno-staklo\/","title":{"rendered":"Rack Rek Ormar 7u &#8211; crni &#8211; zatamljeno staklo"},"content":{"rendered":"<p>Rack ormar 7u<br \/>\nCrne boje<br \/>\nsa bravicom<br \/>\nzatamljeno prednje staklo<br \/>\ndimenzije<br \/>\n540 \u0160irina<br \/>\n400 dubina<br \/>\n354 visina<\/p>\n<p>www.technoshopbn.com<\/p>\n","protected":false},"excerpt":{"rendered":"<p>Rack ormar 7u<br \/>\nCrne boje<br \/>\nsa bravicom<br \/>\nzatamljeno prednje staklo<br \/>\ndimenzije<br \/>\n540 \u0160irina<br \/>\n400 dubina<br \/>\n354 visina<\/p>\n<p>www.technoshopbn.com<\/p>\n","protected":false},"featured_media":8262,"comment_status":"open","ping_status":"closed","template":"","meta":{"_mi_skip_tracking":false,"_exactmetrics_sitenote_active":false,"_exactmetrics_sitenote_note":"","_exactmetrics_sitenote_category":0,"spay_email":""},"product_cat":[3090],"product_tag":[435,5939,5941,5938,5940,3092,825,822,5942,1383,1384,5943],"brands":[],"df_price":105,"df_sale_price":"","df_regular_price":105,"df_image_link":"https:\/\/i1.wp.com\/astehshop.com\/wp-content\/uploads\/2023\/09\/rack-ormar-techno-shop-bn.png?fit=450%2C372","jetpack_publicize_connections":[],"jetpack_sharing_enabled":true,"jetpack_likes_enabled":true,"jetpack-related-posts":[{"id":8261,"url":"http:\/\/astehshop.com\/index.php\/product\/rack-rek-ormar-4u-crni-zatamljeno-staklo\/","url_meta":{"origin":8263,"position":0},"title":"Rack rek ormar 4u Crni &#8211; zatamljeno staklo","date":"24. rujna 2023.","format":false,"excerpt":"Rack ormar 4u sa bravicom Crne boje zatamljeno prednje staklo dimenzije 540 \u0161irina 400 dubina 224 Visina","rel":"","context":"Srodne objave","img":{"alt_text":"","src":"https:\/\/i1.wp.com\/astehshop.com\/wp-content\/uploads\/2023\/09\/rack-ormar-techno-shop-bn.png?fit=707%2C584&resize=350%2C200","width":350,"height":200},"classes":[]},{"id":6433,"url":"http:\/\/astehshop.com\/index.php\/product\/racksis-silver-7u-rack-ormar-crni-600x450x410mm\/","url_meta":{"origin":8263,"position":1},"title":"RACKSIS SILVER 7U rack ormar crni, 600x450x410mm","date":"21. listopada 2022.","format":false,"excerpt":"D07U6045-1 Racksis SILVER 7U rack ormar crni, 600x450x410mm Tip ormara: Silver\/zidni Dimenzije: 600x450x410mm Nosivost: 80 kg Boja: crna Vrata: staklo u metalnom okviru sa bravicom za zaklju\u010davanje \u00a0 - odvojive bo\u010dne stranice sa bravicom za zaklju\u010davanje - otvor za ventilatorsko polje - otvor za ulaz kablova na stra\u017enjoj, gornjoj i\u2026","rel":"","context":"Srodne objave","img":{"alt_text":"","src":"https:\/\/i1.wp.com\/astehshop.com\/wp-content\/uploads\/2022\/10\/silver-series-.jpg?fit=655%2C655&resize=350%2C200","width":350,"height":200},"classes":[]},{"id":5309,"url":"http:\/\/astehshop.com\/index.php\/product\/racksis-soho-7u-rack-ormar-crni-520x400x360mm\/","url_meta":{"origin":8263,"position":2},"title":"RACKSIS SOHO 7U rack ormar crni, 520x400x360mm","date":"10. listopada 2021.","format":false,"excerpt":"RACKSIS SOHO 7U rack ormar crni, 520x400x360mm SH07U5240D Racksis SOHO 7U rack ormar crni, 520x400x360mm \u00a0 Tip ormara: Soho\/zidni Dimenzije: 520x400x360mm Nosivost: 40 kg Boja: crna Vrata: staklena sa bravicom za zaklju\u010davanje \u00a0 - otvor za ventilatorsko polje - otvor za ulaz kablova na gornjoj i donjoj stranici, te na\u2026","rel":"","context":"Srodne objave","img":{"alt_text":"","src":"https:\/\/i1.wp.com\/astehshop.com\/wp-content\/uploads\/2021\/10\/racksis-soho-7u-rack-ormar-crni-520x400x360mm.jpg?fit=750%2C672&resize=350%2C200","width":350,"height":200},"classes":[]},{"id":6435,"url":"http:\/\/astehshop.com\/index.php\/product\/racksis-silver-7u-rack-ormar-crni-600x600x410mm\/","url_meta":{"origin":8263,"position":3},"title":"RACKSIS SILVER 7U rack ormar crni, 600x600x410mm","date":"21. listopada 2022.","format":false,"excerpt":"D07U6060-1 Racksis SILVER 7U rack ormar crni, 600x600x410mm Tip ormara: Silver\/zidni Dimenzije: 600x600x410mm Nosivost: 80 kg Boja: crna Vrata: staklo u metalnom okviru sa bravicom za zaklju\u010davanje \u00a0 - odvojive bo\u010dne stranice sa bravicom za zaklju\u010davanje - otvor za ventilatorsko polje - otvor za ulaz kablova na stra\u017enjoj, gornjoj i\u2026","rel":"","context":"Srodne objave","img":{"alt_text":"","src":"https:\/\/i1.wp.com\/astehshop.com\/wp-content\/uploads\/2022\/10\/silver-series-.jpg?fit=655%2C655&resize=350%2C200","width":350,"height":200},"classes":[]},{"id":6436,"url":"http:\/\/astehshop.com\/index.php\/product\/racksis-silver-9u-rack-ormar-crni-600x450x500mm\/","url_meta":{"origin":8263,"position":4},"title":"RACKSIS SILVER 9U rack ormar crni, 600x450x500mm","date":"21. listopada 2022.","format":false,"excerpt":"D09U6045-1 Racksis SILVER 9U rack ormar crni, 600x450x500mm Tip ormara: Silver\/zidni Dimenzije: 600x450x500mm Nosivost: 80 kg Boja: crna Vrata: staklo u metalnom okviru sa bravicom za zaklju\u010davanje \u00a0 - odvojive bo\u010dne stranice sa bravicom za zaklju\u010davanje - otvor za ventilatorsko polje - otvor za ulaz kablova na stra\u017enjoj, gornjoj i\u2026","rel":"","context":"Srodne objave","img":{"alt_text":"","src":"https:\/\/i1.wp.com\/astehshop.com\/wp-content\/uploads\/2022\/10\/silver-series-.jpg?fit=655%2C655&resize=350%2C200","width":350,"height":200},"classes":[]},{"id":6437,"url":"http:\/\/astehshop.com\/index.php\/product\/racksis-silver-9u-rack-ormar-crni-600x600x500mm\/","url_meta":{"origin":8263,"position":5},"title":"RACKSIS SILVER 9U rack ormar crni, 600x600x500mm","date":"21. listopada 2022.","format":false,"excerpt":"\u00a0 D09U6060-1 Racksis SILVER 9U rack ormar crni, 600x600x500mm Tip ormara: Silver\/zidni Dimenzije: 600x600x500mm Nosivost: 80 kg Boja: crna Vrata: staklo u metalnom okviru sa bravicom za zaklju\u010davanje \u00a0 - odvojive bo\u010dne stranice sa bravicom za zaklju\u010davanje - otvor za ventilatorsko polje - otvor za ulaz kablova na stra\u017enjoj, gornjoj\u2026","rel":"","context":"Srodne objave","img":{"alt_text":"","src":"https:\/\/i1.wp.com\/astehshop.com\/wp-content\/uploads\/2022\/10\/silver-series-.jpg?fit=655%2C655&resize=350%2C200","width":350,"height":200},"classes":[]}],"_links":{"self":[{"href":"http:\/\/astehshop.com\/index.php\/wp-json\/wp\/v2\/product\/8263"}],"collection":[{"href":"http:\/\/astehshop.com\/index.php\/wp-json\/wp\/v2\/product"}],"about":[{"href":"http:\/\/astehshop.com\/index.php\/wp-json\/wp\/v2\/types\/product"}],"replies":[{"embeddable":true,"href":"http:\/\/astehshop.com\/index.php\/wp-json\/wp\/v2\/comments?post=8263"}],"wp:featuredmedia":[{"embeddable":true,"href":"http:\/\/astehshop.com\/index.php\/wp-json\/wp\/v2\/media\/8262"}],"wp:attachment":[{"href":"http:\/\/astehshop.com\/index.php\/wp-json\/wp\/v2\/media?parent=8263"}],"wp:term":[{"taxonomy":"product_cat","embeddable":true,"href":"http:\/\/astehshop.com\/index.php\/wp-json\/wp\/v2\/product_cat?post=8263"},{"taxonomy":"product_tag","embeddable":true,"href":"http:\/\/astehshop.com\/index.php\/wp-json\/wp\/v2\/product_tag?post=8263"}],"curies":[{"name":"wp","href":"https:\/\/api.w.org\/{rel}","templated":true}]}}