{"id":8261,"date":"2023-09-24T11:32:05","date_gmt":"2023-09-24T09:32:05","guid":{"rendered":"http:\/\/astehshop.com\/?post_type=product&#038;p=8261"},"modified":"2024-01-18T10:15:57","modified_gmt":"2024-01-18T09:15:57","slug":"rack-rek-ormar-4u-crni-zatamljeno-staklo","status":"publish","type":"product","link":"http:\/\/astehshop.com\/index.php\/product\/rack-rek-ormar-4u-crni-zatamljeno-staklo\/","title":{"rendered":"Rack rek ormar 4u Crni &#8211; zatamljeno staklo"},"content":{"rendered":"<p>Rack ormar 4u<br \/>\nsa bravicom<br \/>\nCrne boje<br \/>\nzatamljeno prednje staklo<br \/>\ndimenzije<br \/>\n540 \u0161irina<br \/>\n400 dubina<br \/>\n224 Visina<\/p>\n","protected":false},"excerpt":{"rendered":"<p>Rack ormar 4u<br \/>\nsa bravicom<br \/>\nCrne boje<br \/>\nzatamljeno prednje staklo<br \/>\ndimenzije<br \/>\n540 \u0161irina<br \/>\n400 dubina<br \/>\n224 Visina<\/p>\n","protected":false},"featured_media":8262,"comment_status":"open","ping_status":"closed","template":"","meta":{"_mi_skip_tracking":false,"_exactmetrics_sitenote_active":false,"_exactmetrics_sitenote_note":"","_exactmetrics_sitenote_category":0,"spay_email":""},"product_cat":[3090],"product_tag":[5936,3092,3095,5935,5937,3093,825,5934,822],"brands":[],"df_price":85,"df_sale_price":"","df_regular_price":85,"df_image_link":"https:\/\/i1.wp.com\/astehshop.com\/wp-content\/uploads\/2023\/09\/rack-ormar-techno-shop-bn.png?fit=450%2C372","jetpack_publicize_connections":[],"jetpack_sharing_enabled":true,"jetpack_likes_enabled":true,"jetpack-related-posts":[{"id":8263,"url":"http:\/\/astehshop.com\/index.php\/product\/rack-rek-ormar-7u-crni-zatamljeno-staklo\/","url_meta":{"origin":8261,"position":0},"title":"Rack Rek Ormar 7u &#8211; crni &#8211; zatamljeno staklo","date":"24. rujna 2023.","format":false,"excerpt":"Rack ormar 7u Crne boje sa bravicom zatamljeno prednje staklo dimenzije 540 \u0160irina 400 dubina 354 visina www.technoshopbn.com","rel":"","context":"Srodne objave","img":{"alt_text":"","src":"https:\/\/i1.wp.com\/astehshop.com\/wp-content\/uploads\/2023\/09\/rack-ormar-techno-shop-bn.png?fit=707%2C584&resize=350%2C200","width":350,"height":200},"classes":[]},{"id":6092,"url":"http:\/\/astehshop.com\/index.php\/product\/rack-ormar-4u-crni-sa-bravicom\/","url_meta":{"origin":8261,"position":1},"title":"Rack ormar 4u crni sa bravicom","date":"27. velja\u010de 2022.","format":false,"excerpt":"4u rack ormar Crni The standard has a depth of 400 mm","rel":"","context":"Srodne objave","img":{"alt_text":"","src":"https:\/\/i1.wp.com\/astehshop.com\/wp-content\/uploads\/2022\/02\/rackormar1.jpg?fit=800%2C600&resize=350%2C200","width":350,"height":200},"classes":[]},{"id":5306,"url":"http:\/\/astehshop.com\/index.php\/product\/racksis-soho-4u-rack-ormar-crni-520x400x230mm\/","url_meta":{"origin":8261,"position":2},"title":"RACKSIS SOHO 4U rack ormar crni, 520x400x230mm","date":"10. listopada 2021.","format":false,"excerpt":"RACKSIS SOHO 4U rack ormar crni, 520x400x230mm Tip ormara: Soho\/zidni Dimenzije: 520x400x230mm Nosivost: 40 kg Boja: crna Vrata: staklena sa bravicom za zaklju\u010davanje \u00a0 - otvor za ventilatorsko polje - otvor za ulaz kablova na gornjoj i donjoj stranici, te na sredini stra\u017enje stranice - jednostavno pri\u010dvr\u0161\u0107ivanje na zid -\u2026","rel":"","context":"Srodne objave","img":{"alt_text":"","src":"https:\/\/i0.wp.com\/astehshop.com\/wp-content\/uploads\/2021\/10\/racksis-soho-4u-rack-ormar-crni-520x400x230mm.jpg?fit=1200%2C1053&resize=350%2C200","width":350,"height":200},"classes":[]},{"id":6433,"url":"http:\/\/astehshop.com\/index.php\/product\/racksis-silver-7u-rack-ormar-crni-600x450x410mm\/","url_meta":{"origin":8261,"position":3},"title":"RACKSIS SILVER 7U rack ormar crni, 600x450x410mm","date":"21. listopada 2022.","format":false,"excerpt":"D07U6045-1 Racksis SILVER 7U rack ormar crni, 600x450x410mm Tip ormara: Silver\/zidni Dimenzije: 600x450x410mm Nosivost: 80 kg Boja: crna Vrata: staklo u metalnom okviru sa bravicom za zaklju\u010davanje \u00a0 - odvojive bo\u010dne stranice sa bravicom za zaklju\u010davanje - otvor za ventilatorsko polje - otvor za ulaz kablova na stra\u017enjoj, gornjoj i\u2026","rel":"","context":"Srodne objave","img":{"alt_text":"","src":"https:\/\/i1.wp.com\/astehshop.com\/wp-content\/uploads\/2022\/10\/silver-series-.jpg?fit=655%2C655&resize=350%2C200","width":350,"height":200},"classes":[]},{"id":6436,"url":"http:\/\/astehshop.com\/index.php\/product\/racksis-silver-9u-rack-ormar-crni-600x450x500mm\/","url_meta":{"origin":8261,"position":4},"title":"RACKSIS SILVER 9U rack ormar crni, 600x450x500mm","date":"21. listopada 2022.","format":false,"excerpt":"D09U6045-1 Racksis SILVER 9U rack ormar crni, 600x450x500mm Tip ormara: Silver\/zidni Dimenzije: 600x450x500mm Nosivost: 80 kg Boja: crna Vrata: staklo u metalnom okviru sa bravicom za zaklju\u010davanje \u00a0 - odvojive bo\u010dne stranice sa bravicom za zaklju\u010davanje - otvor za ventilatorsko polje - otvor za ulaz kablova na stra\u017enjoj, gornjoj i\u2026","rel":"","context":"Srodne objave","img":{"alt_text":"","src":"https:\/\/i1.wp.com\/astehshop.com\/wp-content\/uploads\/2022\/10\/silver-series-.jpg?fit=655%2C655&resize=350%2C200","width":350,"height":200},"classes":[]},{"id":6437,"url":"http:\/\/astehshop.com\/index.php\/product\/racksis-silver-9u-rack-ormar-crni-600x600x500mm\/","url_meta":{"origin":8261,"position":5},"title":"RACKSIS SILVER 9U rack ormar crni, 600x600x500mm","date":"21. listopada 2022.","format":false,"excerpt":"\u00a0 D09U6060-1 Racksis SILVER 9U rack ormar crni, 600x600x500mm Tip ormara: Silver\/zidni Dimenzije: 600x600x500mm Nosivost: 80 kg Boja: crna Vrata: staklo u metalnom okviru sa bravicom za zaklju\u010davanje \u00a0 - odvojive bo\u010dne stranice sa bravicom za zaklju\u010davanje - otvor za ventilatorsko polje - otvor za ulaz kablova na stra\u017enjoj, gornjoj\u2026","rel":"","context":"Srodne objave","img":{"alt_text":"","src":"https:\/\/i1.wp.com\/astehshop.com\/wp-content\/uploads\/2022\/10\/silver-series-.jpg?fit=655%2C655&resize=350%2C200","width":350,"height":200},"classes":[]}],"_links":{"self":[{"href":"http:\/\/astehshop.com\/index.php\/wp-json\/wp\/v2\/product\/8261"}],"collection":[{"href":"http:\/\/astehshop.com\/index.php\/wp-json\/wp\/v2\/product"}],"about":[{"href":"http:\/\/astehshop.com\/index.php\/wp-json\/wp\/v2\/types\/product"}],"replies":[{"embeddable":true,"href":"http:\/\/astehshop.com\/index.php\/wp-json\/wp\/v2\/comments?post=8261"}],"wp:featuredmedia":[{"embeddable":true,"href":"http:\/\/astehshop.com\/index.php\/wp-json\/wp\/v2\/media\/8262"}],"wp:attachment":[{"href":"http:\/\/astehshop.com\/index.php\/wp-json\/wp\/v2\/media?parent=8261"}],"wp:term":[{"taxonomy":"product_cat","embeddable":true,"href":"http:\/\/astehshop.com\/index.php\/wp-json\/wp\/v2\/product_cat?post=8261"},{"taxonomy":"product_tag","embeddable":true,"href":"http:\/\/astehshop.com\/index.php\/wp-json\/wp\/v2\/product_tag?post=8261"}],"curies":[{"name":"wp","href":"https:\/\/api.w.org\/{rel}","templated":true}]}}