{"id":8248,"date":"2023-09-03T20:59:12","date_gmt":"2023-09-03T18:59:12","guid":{"rendered":"http:\/\/astehshop.com\/?post_type=product&#038;p=8248"},"modified":"2023-09-03T20:59:14","modified_gmt":"2023-09-03T18:59:14","slug":"bluetooth-slusalice-rampage-tron","status":"publish","type":"product","link":"http:\/\/astehshop.com\/index.php\/product\/bluetooth-slusalice-rampage-tron\/","title":{"rendered":"BLUETOOTH SLU\u0160ALICE RAMPAGE TRON"},"content":{"rendered":"<p><strong>Bluetooth TWS slu\u0161alice za mobitel<\/p>\n<p>Proizvo\u0111a\u010d: Rampage<br \/>\nModel: RM-TWS02G TRON<br \/>\nBoja: Sive<br \/>\nBaterija: do 4h<\/p>\n<p>Za sve dodatne informacije mozete nas kontaktirati na OLX poruke, 065824333 ili Viber<\/p>\n<p> NUDIMO KUPOVINU NOVE ROBE NA RATE:<br \/>\n-DO 18 RATA PREKO MIKROFIN KREDITNA ORGANIZACIJA<br \/>\n-DO 12 RATA PREKO \u0160OPING KARTICE UNICREDIT BANK<\/p>\n<p>Trgovinska RadnjaTECHNO SHOP BN<br \/>\nNikole Tesle 31a,<br \/>\nBijeljina(izme\u0111u Moja Apoteka i picerije Park Ne\u0161kovi\u0107)<\/p>\n<p>055\/422-599<br \/>\n065\/824-333<\/p>\n<p>Radnim danima 09-19h<br \/>\nSubotom 09-16h<\/p>\n<p>www.technoshopbn.com<br \/>\ninfo@technoshopbn.com <\/strong><\/p>\n","protected":false},"excerpt":{"rendered":"<p><strong>Bluetooth TWS slu\u0161alice za mobitel<\/p>\n<p>Proizvo\u0111a\u010d: Rampage<br \/>\nModel: RM-TWS02G TRON<br \/>\nBoja: Sive<br \/>\nBaterija: do 4h<\/strong><\/p>\n","protected":false},"featured_media":8249,"comment_status":"open","ping_status":"closed","template":"","meta":{"_mi_skip_tracking":false,"_exactmetrics_sitenote_active":false,"_exactmetrics_sitenote_note":"","_exactmetrics_sitenote_category":0,"spay_email":""},"product_cat":[788],"product_tag":[],"brands":[{"id":2439,"name":"rampage","slug":"rampage"}],"df_price":"","df_sale_price":"","df_regular_price":"","df_image_link":"https:\/\/i1.wp.com\/astehshop.com\/wp-content\/uploads\/2023\/09\/img-1693765850-32a128c2cec5.jpg?fit=450%2C450","jetpack_publicize_connections":[],"jetpack_sharing_enabled":true,"jetpack_likes_enabled":true,"jetpack-related-posts":[{"id":7377,"url":"http:\/\/astehshop.com\/index.php\/product\/slusalice-bluetooth-5-0-tws-gaming-punjivo-kuciste-assault-mediatech\/","url_meta":{"origin":8248,"position":0},"title":"Slu\u0161alice Bluetooth 5.0 TWS | Gaming | Punjivo Ku\u0107i\u0161te | ASSAULT | Mediatech","date":"11. o\u017eujka 2023.","format":false,"excerpt":"ASSAULT TWS MT3606 in-ear be\u017ei\u010dne slu\u0161alice za igrice TWS in-ear be\u017ei\u010dne gaming slu\u0161alice s punja\u010dem (Powerbox). Ugra\u0111eni osjetljivi mikrofon. Jednostavno uparivanje i rukovanje, osvjetljenje. In-ear be\u017ei\u010dne TWS Bluetooth slu\u0161alice za igra\u010de Predstavljamo in-ear Bluetooth 5.0 TWS slu\u0161alice s prijenosnim punja\u010dem\/power bankom. ASSAULT TWS MT3606 podr\u017eava TWS (True Wireless Stereo) tehnologiju\u2026","rel":"","context":"Srodne objave","img":{"alt_text":"","src":"https:\/\/i1.wp.com\/astehshop.com\/wp-content\/uploads\/2023\/03\/MT3606.jpg?fit=400%2C400&resize=350%2C200","width":350,"height":200},"classes":[]},{"id":5846,"url":"http:\/\/astehshop.com\/index.php\/product\/drzac-za-mobitel-za-bicikl-ads-120-crni\/","url_meta":{"origin":8248,"position":1},"title":"Dr\u017ea\u010d za mobitel za bicikl ADS-120 Crni","date":"23. sije\u010dnja 2022.","format":false,"excerpt":"Univerzalni dr\u017ea\u010d za mobitel za bicikl i motocikl Proizvo\u0111a\u010d: Addison Model: ADS-120 Boja: Crna Odgovara za sve vrste mobitela","rel":"","context":"Srodne objave","img":{"alt_text":"","src":"https:\/\/i0.wp.com\/astehshop.com\/wp-content\/uploads\/2022\/01\/rzac-za-mobitel-za-bicikl-ADS-120-Crni.jpg?fit=700%2C500&resize=350%2C200","width":350,"height":200},"classes":[]},{"id":11141,"url":"http:\/\/astehshop.com\/index.php\/product\/stativ-tripod-selfie-stap-za-mobitel-do-7-daljinski-bluetooth\/","url_meta":{"origin":8248,"position":2},"title":"Stativ tripod selfie stap za mobitel do 7&#8243; + daljinski bluetooth","date":"17. srpnja 2025.","format":false,"excerpt":"Stativ tripod selfie stap za mobitel do 7\" + daljinski bluetooth BOROFONE BY11 Happy live broadcast black","rel":"","context":"Srodne objave","img":{"alt_text":"","src":"https:\/\/i2.wp.com\/astehshop.com\/wp-content\/uploads\/2025\/07\/0127103_stativ-tripod-selfie-stap-za-mobitel-do-7-daljinski-bluetooth-borofone-by11-happy-live-broadcast-bla.png?fit=900%2C900&resize=350%2C200","width":350,"height":200},"classes":[]},{"id":6730,"url":"http:\/\/astehshop.com\/index.php\/product\/rampage-gaming-stolica\/","url_meta":{"origin":8248,"position":3},"title":"Rampage Gaming Stolica","date":"19. studenoga 2022.","format":false,"excerpt":"Ergonomi\u010dna Gaming Stolica Proizvo\u0111a\u010d: Rampage Model: KL-R22 Boja: Crno\/sivo\/crvena Pode\u0161avanje kuta sjedenja Pode\u0161avanje visine stolice Potpora za vrat Nosivost: do 120kg Dimenzije: 125x65x55cm","rel":"","context":"Srodne objave","img":{"alt_text":"","src":"https:\/\/i0.wp.com\/astehshop.com\/wp-content\/uploads\/2022\/11\/stol.jpg?fit=1024%2C1024&resize=350%2C200","width":350,"height":200},"classes":[]},{"id":6725,"url":"http:\/\/astehshop.com\/index.php\/product\/slusalice-cat-ear-stn-28-djecje-wireless-crne\/","url_meta":{"origin":8248,"position":4},"title":"Slu\u0161alice CAT EAR STN-28 dje\u010dje, wireless, crne","date":"19. studenoga 2022.","format":false,"excerpt":"Veli\u010dina zvu\u010dnika:\u00a0\u00d8 40 mm Frekvencijski odziv: 20 Hz - 20 kHz Otpor zvu\u010dnika: 32 Ohm Bluetooth verzija: 5.0 Baterija: 350 mAh, litijska Bluetooth domet: 10 metara Talk \/ Play vrijeme: 8 - 10 sati Trajanje punjenja: 2 sata Kabel za punjenje uklju\u010den u pakiranje; USB na micro","rel":"","context":"Srodne objave","img":{"alt_text":"","src":"https:\/\/i1.wp.com\/astehshop.com\/wp-content\/uploads\/2022\/11\/medium_85732941_2c763054182237b8c8cbc0ac21734bbddI4.png?fit=400%2C400&resize=350%2C200","width":350,"height":200},"classes":[]},{"id":5072,"url":"http:\/\/astehshop.com\/index.php\/product\/rampage-gaming-headset-7-1-sa-rgb-osvjetljenjem-i-mikrofonom-za-pc-i-ps4\/","url_meta":{"origin":8248,"position":5},"title":"Rampage gaming headset 7.1 sa RGB osvjetljenjem i mikrofonom za PC i PS4","date":"30. studenoga 2020.","format":false,"excerpt":"Brand: Rampage Model: RM-K27 X-JAMMER Boja: Crna Kompatibilne sa: Windows\/Mac OS\/Linux i Playstation 4 i XBOX Povezivanje: USB, AUX 3,5mm Osvjetljenje: RGB Frekvencijski raspon: 20Hz-20KHz Impedancija: 16 Ohms Struktura: Virtual 7.1 ili Stereo kanal Mikrofon: Da Osjetljivost mikrofona: -38dB \u00b13dB Impedancija mikrofona: 2.2K Ohm Diameter zvu\u010dnika: 50mm Material: Metal, Plastika\u2026","rel":"","context":"Srodne objave","img":{"alt_text":"","src":"https:\/\/i2.wp.com\/astehshop.com\/wp-content\/uploads\/2020\/11\/RM-K27-X-JAMMER.jpg?fit=700%2C500&resize=350%2C200","width":350,"height":200},"classes":[]}],"_links":{"self":[{"href":"http:\/\/astehshop.com\/index.php\/wp-json\/wp\/v2\/product\/8248"}],"collection":[{"href":"http:\/\/astehshop.com\/index.php\/wp-json\/wp\/v2\/product"}],"about":[{"href":"http:\/\/astehshop.com\/index.php\/wp-json\/wp\/v2\/types\/product"}],"replies":[{"embeddable":true,"href":"http:\/\/astehshop.com\/index.php\/wp-json\/wp\/v2\/comments?post=8248"}],"wp:featuredmedia":[{"embeddable":true,"href":"http:\/\/astehshop.com\/index.php\/wp-json\/wp\/v2\/media\/8249"}],"wp:attachment":[{"href":"http:\/\/astehshop.com\/index.php\/wp-json\/wp\/v2\/media?parent=8248"}],"wp:term":[{"taxonomy":"product_cat","embeddable":true,"href":"http:\/\/astehshop.com\/index.php\/wp-json\/wp\/v2\/product_cat?post=8248"},{"taxonomy":"product_tag","embeddable":true,"href":"http:\/\/astehshop.com\/index.php\/wp-json\/wp\/v2\/product_tag?post=8248"}],"curies":[{"name":"wp","href":"https:\/\/api.w.org\/{rel}","templated":true}]}}