{"id":8161,"date":"2023-08-24T21:14:37","date_gmt":"2023-08-24T19:14:37","guid":{"rendered":"http:\/\/astehshop.com\/?post_type=product&#038;p=8161"},"modified":"2023-08-24T21:14:38","modified_gmt":"2023-08-24T19:14:38","slug":"chromecast-wifi-dongle-hdmi-google-smart-tv-youtube","status":"publish","type":"product","link":"http:\/\/astehshop.com\/index.php\/product\/chromecast-wifi-dongle-hdmi-google-smart-tv-youtube\/","title":{"rendered":"Chromecast Wifi Dongle Hdmi Google Smart Tv Youtube"},"content":{"rendered":"<p>Sa Chromecast MiraScreen mo\u017eete u\u017eivati u svojim omiljenim videozapisima, fotografijama i filmovima na najboljem zaslonu u ku\u0107i.<\/p>\n<p>&#x2705;Jednostavno pove\u017eite maleni adapter na HDTV i be\u017ei\u010dno mo\u017eete prikazati sadr\u017eaj sa kompatibilnog prijenosnog ra\u010dunala, tableta ili pametnog telefona. Sve \u0161to mo\u017eete vidjeti na svom laptopu ili tabletu, mo\u017eete vidjeti i na svom HDTV-u.<\/p>\n<p>&#x2705;Savr\u0161eno za dom ili u pokretu, samo ga ponesite sa sobom da biste u\u017eivali u naprednoj tehnologiji.<\/p>\n<p>&#x2705;Glavne karakteristike:<\/p>\n<p>&#x2705;Slika visoke rezolucije 4KPodr\u017eavajte 4K, mo\u017eete povezati ra\u010dunar, pametni telefon ili iPad na televizor ili projektor, \u0161to god vidite na ekranu svog mobilnog ure\u0111aja, mo\u017eete gledati na HDTV ili projektoru, stvoriti svoj ekskluzivni kino, u\u017eivati u razli\u010ditim audio-vizualnim gozbama<\/p>\n<p>&#x2705;\u0160iroka kompatibilnost Kompatibilan je s Androidom 4.2, Mac OS X 10.9, iOS 7.0, Windows 8.1. Igrajte igrice ili dijelite fotografije i video zapise sa svojom porodicom na velikom ekranu, a da pritom ne morate gu\u017evati oko malog ekrana mobilnog ure\u0111aja. Tako\u0111er, podr\u017eajte vi\u0161e formata fotografija, video zapisa i datoteka.<\/p>\n<p>&#x2705;Jednostavno povezivanjeSamo priklju\u010dite i reprodukujte, nije potreban nijedan drugi upravlja\u010dki program, a pomo\u0107u gumba za prebacivanje, mo\u017eete lako prebaciti Airplay na\u010din rada ili Miracast na\u010din rada.<\/p>\n","protected":false},"excerpt":{"rendered":"<p>Sa Chromecast MiraScreen mo\u017eete u\u017eivati u svojim omiljenim videozapisima, fotografijama i filmovima na najboljem zaslonu u ku\u0107i.<\/p>\n<p>&#x2705;Jednostavno pove\u017eite maleni adapter na HDTV i be\u017ei\u010dno mo\u017eete prikazati sadr\u017eaj sa kompatibilnog prijenosnog ra\u010dunala, tableta ili pametnog telefona. Sve \u0161to mo\u017eete vidjeti na svom laptopu ili tabletu, mo\u017eete vidjeti i na svom HDTV-u.<\/p>\n<p>&#x2705;Savr\u0161eno za dom ili u pokretu, samo ga ponesite sa sobom da biste u\u017eivali u naprednoj tehnologiji.<\/p>\n<p>&#x2705;Glavne karakteristike:<\/p>\n<p>&#x2705;Slika visoke rezolucije 4KPodr\u017eavajte 4K, mo\u017eete povezati ra\u010dunar, pametni telefon ili iPad na televizor ili projektor, \u0161to god vidite na ekranu svog mobilnog ure\u0111aja, mo\u017eete gledati na HDTV ili projektoru, stvoriti svoj ekskluzivni kino, u\u017eivati u razli\u010ditim audio-vizualnim gozbama<\/p>\n<p>&#x2705;\u0160iroka kompatibilnost Kompatibilan je s Androidom 4.2, Mac OS X 10.9, iOS 7.0, Windows 8.1. Igrajte igrice ili dijelite fotografije i video zapise sa svojom porodicom na velikom ekranu, a da pritom ne morate gu\u017evati oko malog ekrana mobilnog ure\u0111aja. Tako\u0111er, podr\u017eajte vi\u0161e formata fotografija, video zapisa i datoteka.<\/p>\n<p>&#x2705;Jednostavno povezivanjeSamo priklju\u010dite i reprodukujte, nije potreban nijedan drugi upravlja\u010dki program, a pomo\u0107u gumba za prebacivanje, mo\u017eete lako prebaciti Airplay na\u010din rada ili Miracast na\u010din rada.<\/p>\n","protected":false},"featured_media":8162,"comment_status":"open","ping_status":"closed","template":"","meta":{"_mi_skip_tracking":false,"_exactmetrics_sitenote_active":false,"_exactmetrics_sitenote_note":"","_exactmetrics_sitenote_category":0,"spay_email":""},"product_cat":[2409],"product_tag":[2412,5920,5921,5919,4187,2022],"brands":[],"df_price":29,"df_sale_price":"","df_regular_price":29,"df_image_link":"https:\/\/i2.wp.com\/astehshop.com\/wp-content\/uploads\/2023\/08\/chromecast-1.jpg?fit=450%2C413","jetpack_publicize_connections":[],"jetpack_sharing_enabled":true,"jetpack_likes_enabled":true,"jetpack-related-posts":[{"id":8064,"url":"http:\/\/astehshop.com\/index.php\/product\/pretvarac-napona-sa-12v-na-220v-1500w\/","url_meta":{"origin":8161,"position":0},"title":"PRETVARAC NAPONA SA 12V NA 220V 1500W","date":"13. kolovoza 2023.","format":false,"excerpt":"PRETVARAC SE PRIKLJUCI SA KABLOVIMA KOJI DOLAZE U OVOM SETU NA AKUMULATOR 12V ILI AUTO PUNJAC A NA DRUGOJ STRANI PRETVARACA SE NALAZI UTIKAC SA IZLAZOM OD 220V U KOJI MOZETE PRIKLJUCITI I PRODUZNO KABLO SAMIM TIM IMATE MOGUCNOST PRIKLJUCENJA VISE UREDJAJA. \u00a0 IDEALAN ZA CENTRALNA GRIJANJA, MEJSTA GDJE NEMATE\u2026","rel":"","context":"Srodne objave","img":{"alt_text":"","src":"https:\/\/i1.wp.com\/astehshop.com\/wp-content\/uploads\/2023\/08\/inverter-dc-to-ac.jpg?fit=1200%2C831&resize=350%2C200","width":350,"height":200},"classes":[]},{"id":8059,"url":"http:\/\/astehshop.com\/index.php\/product\/pretvarac-napona-sa-12v-na-220v-300w\/","url_meta":{"origin":8161,"position":1},"title":"PRETVARAC NAPONA SA 12V NA 220V 300W","date":"13. kolovoza 2023.","format":false,"excerpt":"PRETVARAC SE PRIKLJUCI SA KABLOVIMA KOJI DOLAZE U OVOM SETU NA AKUMULATOR 12V ILI AUTO PUNJAC A NA DRUGOJ STRANI PRETVARACA SE NALAZI UTIKAC SA IZLAZOM OD 220V U KOJI MOZETE PRIKLJUCITI I PRODUZNO KABLO SAMIM TIM IMATE MOGUCNOST PRIKLJUCENJA VISE UREDJAJA. \u00a0 IDEALAN ZA CENTRALNA GRIJANJA, MEJSTA GDJE NEMATE\u2026","rel":"","context":"Srodne objave","img":{"alt_text":"","src":"https:\/\/i1.wp.com\/astehshop.com\/wp-content\/uploads\/2023\/08\/inverter-dc-to-ac.jpg?fit=1200%2C831&resize=350%2C200","width":350,"height":200},"classes":[]},{"id":8062,"url":"http:\/\/astehshop.com\/index.php\/product\/pretvarac-napona-sa-12v-na-220v-1000w\/","url_meta":{"origin":8161,"position":2},"title":"PRETVARAC NAPONA SA 12V NA 220V 1000W","date":"13. kolovoza 2023.","format":false,"excerpt":"PRETVARAC SE PRIKLJUCI SA KABLOVIMA KOJI DOLAZE U OVOM SETU NA AKUMULATOR 12V ILI AUTO PUNJAC A NA DRUGOJ STRANI PRETVARACA SE NALAZI UTIKAC SA IZLAZOM OD 220V U KOJI MOZETE PRIKLJUCITI I PRODUZNO KABLO SAMIM TIM IMATE MOGUCNOST PRIKLJUCENJA VISE UREDJAJA. \u00a0 IDEALAN ZA CENTRALNA GRIJANJA, MEJSTA GDJE NEMATE\u2026","rel":"","context":"Srodne objave","img":{"alt_text":"","src":"https:\/\/i1.wp.com\/astehshop.com\/wp-content\/uploads\/2023\/08\/inverter-dc-to-ac.jpg?fit=1200%2C831&resize=350%2C200","width":350,"height":200},"classes":[]},{"id":8067,"url":"http:\/\/astehshop.com\/index.php\/product\/pretvarac-napona-sa-12v-na-220v-3000w\/","url_meta":{"origin":8161,"position":3},"title":"PRETVARAC NAPONA SA 12V NA 220V 3000W","date":"13. kolovoza 2023.","format":false,"excerpt":"PRETVARAC SE PRIKLJUCI SA KABLOVIMA KOJI DOLAZE U OVOM SETU NA AKUMULATOR 12V ILI AUTO PUNJAC A NA DRUGOJ STRANI PRETVARACA SE NALAZI UTIKAC SA IZLAZOM OD 220V U KOJI MOZETE PRIKLJUCITI I PRODUZNO KABLO SAMIM TIM IMATE MOGUCNOST PRIKLJUCENJA VISE UREDJAJA. IDEALAN ZA CENTRALNA GRIJANJA, MEJSTA GDJE NEMATE ELEKTRICNU\u2026","rel":"","context":"Srodne objave","img":{"alt_text":"","src":"https:\/\/i1.wp.com\/astehshop.com\/wp-content\/uploads\/2023\/08\/3000w.jpg?fit=771%2C696&resize=350%2C200","width":350,"height":200},"classes":[]},{"id":8070,"url":"http:\/\/astehshop.com\/index.php\/product\/pretvarac-napona-sa-12v-na-220v-4000w\/","url_meta":{"origin":8161,"position":4},"title":"PRETVARAC NAPONA SA 12V NA 220V 4000W","date":"13. kolovoza 2023.","format":false,"excerpt":"PRETVARAC SE PRIKLJUCI SA KABLOVIMA KOJI DOLAZE U OVOM SETU NA AKUMULATOR 12V ILI AUTO PUNJAC A NA DRUGOJ STRANI PRETVARACA SE NALAZI UTIKAC SA IZLAZOM OD 220V U KOJI MOZETE PRIKLJUCITI I PRODUZNO KABLO SAMIM TIM IMATE MOGUCNOST PRIKLJUCENJA VISE UREDJAJA. IDEALAN ZA CENTRALNA GRIJANJA, MEJSTA GDJE NEMATE ELEKTRICNU\u2026","rel":"","context":"Srodne objave","img":{"alt_text":"","src":"https:\/\/i1.wp.com\/astehshop.com\/wp-content\/uploads\/2023\/08\/3000w.jpg?fit=771%2C696&resize=350%2C200","width":350,"height":200},"classes":[]},{"id":8066,"url":"http:\/\/astehshop.com\/index.php\/product\/pretvarac-napona-sa-12v-na-220v-2000w\/","url_meta":{"origin":8161,"position":5},"title":"PRETVARAC NAPONA SA 12V NA 220V 2000W","date":"13. kolovoza 2023.","format":false,"excerpt":"PRETVARAC SE PRIKLJUCI SA KABLOVIMA KOJI DOLAZE U OVOM SETU NA AKUMULATOR 12V ILI AUTO PUNJAC A NA DRUGOJ STRANI PRETVARACA SE NALAZI UTIKAC SA IZLAZOM OD 220V U KOJI MOZETE PRIKLJUCITI I PRODUZNO KABLO SAMIM TIM IMATE MOGUCNOST PRIKLJUCENJA VISE UREDJAJA. \u00a0 IDEALAN ZA CENTRALNA GRIJANJA, MEJSTA GDJE NEMATE\u2026","rel":"","context":"Srodne objave","img":{"alt_text":"","src":"https:\/\/i1.wp.com\/astehshop.com\/wp-content\/uploads\/2023\/08\/inverter-dc-to-ac.jpg?fit=1200%2C831&resize=350%2C200","width":350,"height":200},"classes":[]}],"_links":{"self":[{"href":"http:\/\/astehshop.com\/index.php\/wp-json\/wp\/v2\/product\/8161"}],"collection":[{"href":"http:\/\/astehshop.com\/index.php\/wp-json\/wp\/v2\/product"}],"about":[{"href":"http:\/\/astehshop.com\/index.php\/wp-json\/wp\/v2\/types\/product"}],"replies":[{"embeddable":true,"href":"http:\/\/astehshop.com\/index.php\/wp-json\/wp\/v2\/comments?post=8161"}],"wp:featuredmedia":[{"embeddable":true,"href":"http:\/\/astehshop.com\/index.php\/wp-json\/wp\/v2\/media\/8162"}],"wp:attachment":[{"href":"http:\/\/astehshop.com\/index.php\/wp-json\/wp\/v2\/media?parent=8161"}],"wp:term":[{"taxonomy":"product_cat","embeddable":true,"href":"http:\/\/astehshop.com\/index.php\/wp-json\/wp\/v2\/product_cat?post=8161"},{"taxonomy":"product_tag","embeddable":true,"href":"http:\/\/astehshop.com\/index.php\/wp-json\/wp\/v2\/product_tag?post=8161"}],"curies":[{"name":"wp","href":"https:\/\/api.w.org\/{rel}","templated":true}]}}