{"id":8141,"date":"2023-08-24T20:42:30","date_gmt":"2023-08-24T18:42:30","guid":{"rendered":"http:\/\/astehshop.com\/?post_type=product&#038;p=8141"},"modified":"2023-08-24T20:42:31","modified_gmt":"2023-08-24T18:42:31","slug":"cudy-24-port-gigabit-ethernet-switch-model-gs1024","status":"publish","type":"product","link":"http:\/\/astehshop.com\/index.php\/product\/cudy-24-port-gigabit-ethernet-switch-model-gs1024\/","title":{"rendered":"Cudy 24-Port Gigabit Ethernet Switch, Model: GS1024"},"content":{"rendered":"<p><strong>24-Port Gigabit Switch GS1024<\/strong><\/p>\n<ul>\n<li>U skladu je sa IEEE 802.3, IEEE 802.3u, IEEE802.3x i IEEE 802.3ab standardima<\/li>\n<li>24 10\/100\/1000Mbps Auto-Negotiation, Auto-MDI\/MDIX portovi pru\u017eaju pametno prebacivanje izme\u0111u 10Mbps, 100Mbps i 1000Mbps hardvera<\/li>\n<li>Arhitektura komutacije bez blokiranja omogu\u0107ava proslje\u0111ivanje i filtriranje paketa full-wire brzine<\/li>\n<li>Metod prebacivanja Store-and-Forward<\/li>\n<li>Podr\u017eava 16K MAC adresu automatskog u\u010denja i auto-agin<\/li>\n<\/ul>\n<p>&nbsp;<\/p>\n<p>Specifikacije<\/p>\n<p>&nbsp;<\/p>\n<p>&nbsp;<\/p>\n<table width=\"958\">\n<tbody>\n<tr>\n<td>Naziv proizvoda<\/td>\n<td colspan=\"2\">24-portni Gigabit Ethernet switch<\/td>\n<\/tr>\n<tr>\n<td>Model proizvoda<\/td>\n<td colspan=\"2\">GS1024<\/td>\n<\/tr>\n<tr>\n<td>Chipset<\/td>\n<td colspan=\"2\">RTL8382L+2*RTL8218B+2*RTL8231<\/td>\n<\/tr>\n<tr>\n<td>Standarde<\/td>\n<td colspan=\"2\">IEEE 802.3\u3001IEEE 802.3u\u3001IEEE802.3ab\u3001IEEE802.3x\u3001IEEE802.3az<\/td>\n<\/tr>\n<tr>\n<td>Broj priklju\u010daka<\/td>\n<td colspan=\"2\">24 x 10\/100\/1000Mbps Auto-pregovara\u010dki portovi<\/td>\n<\/tr>\n<tr>\n<td rowspan=\"3\">Mre\u017eni mediji (kabelska)<\/td>\n<td colspan=\"2\">10Base-T: UTP kategorija 3,4,5 kabl (maksimalno 100m)<\/td>\n<\/tr>\n<tr>\n<td colspan=\"2\">100Base-Tx: UTP kategorija 5,5e kabl (maksimalno 100m)<\/td>\n<\/tr>\n<tr>\n<td colspan=\"2\">1000Base-T:UTP kategorija 5e,6 kabl (maksimalno 100m)<\/td>\n<\/tr>\n<tr>\n<td>Metoda prijenosa<\/td>\n<td colspan=\"2\">Store-and-Forward<\/td>\n<\/tr>\n<tr>\n<td>MAC tabela adresa<\/td>\n<td colspan=\"2\">8K<\/td>\n<\/tr>\n<tr>\n<td>Kapacitet prebacivanja<\/td>\n<td colspan=\"2\">48Gbps<\/td>\n<\/tr>\n<tr>\n<td>Brzina proslje\u0111ivanja paketa<\/td>\n<td colspan=\"2\">35.7Mbps<\/td>\n<\/tr>\n<tr>\n<td>Bafer paketa<\/td>\n<td colspan=\"2\">4.1 Mbit<\/td>\n<\/tr>\n<tr>\n<td>Jumbo Frame<\/td>\n<td colspan=\"2\">9K bajtova<\/td>\n<\/tr>\n<tr>\n<td rowspan=\"3\">LED indikatori<\/td>\n<td rowspan=\"2\">Per-port<\/td>\n<td>10M\/100M Link\/ACT:Orange<\/td>\n<\/tr>\n<tr>\n<td>1000M Link\/ACT:Green<\/td>\n<\/tr>\n<tr>\n<td>Po ure\u0111aju<\/td>\n<td>Snaga :zelena<\/td>\n<\/tr>\n<tr>\n<td>Napajanje<\/td>\n<td colspan=\"2\">AC 100-240V\/50-60Hz 12\/\/1.5A unutra\u0161nja snaga<\/td>\n<\/tr>\n<tr>\n<td>Potro\u0161nja energije<\/td>\n<td colspan=\"2\">Maksimum: 15W(220V\/50Hz)<\/td>\n<\/tr>\n<tr>\n<td>dimenzije ( w x d x h )<\/td>\n<td colspan=\"2\">440*140*44mm<\/td>\n<\/tr>\n<tr>\n<td rowspan=\"4\">Okolina<\/td>\n<td colspan=\"2\">Radna temperatura: 0\u00b0C \u00a0~ 40\u00b0C<\/td>\n<\/tr>\n<tr>\n<td colspan=\"2\">Temperatura skladi\u0161tenja: -40\u00b0C\u00a0 ~ 70\u00b0C<\/td>\n<\/tr>\n<tr>\n<td colspan=\"2\">Operativna vla\u017enost: 10% ~ 90% bez kondenzacije<\/td>\n<\/tr>\n<tr>\n<td colspan=\"2\">Vla\u017enost skladi\u0161tenja: 5% ~ 90% bez kondenzacije<\/td>\n<\/tr>\n<\/tbody>\n<\/table>\n<p>&nbsp;<\/p>\n","protected":false},"excerpt":{"rendered":"<p><strong>24-Port Gigabit Switch GS1024<\/strong><\/p>\n<ul>\n<li>U skladu je sa IEEE 802.3, IEEE 802.3u, IEEE802.3x i IEEE 802.3ab standardima<\/li>\n<li>24 10\/100\/1000Mbps Auto-Negotiation, Auto-MDI\/MDIX portovi pru\u017eaju pametno prebacivanje izme\u0111u 10Mbps, 100Mbps i 1000Mbps hardvera<\/li>\n<li>Arhitektura komutacije bez blokiranja omogu\u0107ava proslje\u0111ivanje i filtriranje paketa full-wire brzine<\/li>\n<li>Metod prebacivanja Store-and-Forward<\/li>\n<li>Podr\u017eava 16K MAC adresu automatskog u\u010denja i auto-agin<\/li>\n<\/ul>\n<p>&nbsp;<\/p>\n<p>Specifikacije<\/p>\n<p>&nbsp;<\/p>\n<p>&nbsp;<\/p>\n<table width=\"958\">\n<tbody>\n<tr>\n<td>Naziv proizvoda<\/td>\n<td colspan=\"2\">24-portni Gigabit Ethernet switch<\/td>\n<\/tr>\n<tr>\n<td>Model proizvoda<\/td>\n<td colspan=\"2\">GS1024<\/td>\n<\/tr>\n<tr>\n<td>Chipset<\/td>\n<td colspan=\"2\">RTL8382L+2*RTL8218B+2*RTL8231<\/td>\n<\/tr>\n<tr>\n<td>Standarde<\/td>\n<td colspan=\"2\">IEEE 802.3\u3001IEEE 802.3u\u3001IEEE802.3ab\u3001IEEE802.3x\u3001IEEE802.3az<\/td>\n<\/tr>\n<tr>\n<td>Broj priklju\u010daka<\/td>\n<td colspan=\"2\">24 x 10\/100\/1000Mbps Auto-pregovara\u010dki portovi<\/td>\n<\/tr>\n<tr>\n<td rowspan=\"3\">Mre\u017eni mediji (kabelska)<\/td>\n<td colspan=\"2\">10Base-T: UTP kategorija 3,4,5 kabl (maksimalno 100m)<\/td>\n<\/tr>\n<tr>\n<td colspan=\"2\">100Base-Tx: UTP kategorija 5,5e kabl (maksimalno 100m)<\/td>\n<\/tr>\n<tr>\n<td colspan=\"2\">1000Base-T:UTP kategorija 5e,6 kabl (maksimalno 100m)<\/td>\n<\/tr>\n<tr>\n<td>Metoda prijenosa<\/td>\n<td colspan=\"2\">Store-and-Forward<\/td>\n<\/tr>\n<tr>\n<td>MAC tabela adresa<\/td>\n<td colspan=\"2\">8K<\/td>\n<\/tr>\n<tr>\n<td>Kapacitet prebacivanja<\/td>\n<td colspan=\"2\">48Gbps<\/td>\n<\/tr>\n<tr>\n<td>Brzina proslje\u0111ivanja paketa<\/td>\n<td colspan=\"2\">35.7Mbps<\/td>\n<\/tr>\n<tr>\n<td>Bafer paketa<\/td>\n<td colspan=\"2\">4.1 Mbit<\/td>\n<\/tr>\n<tr>\n<td>Jumbo Frame<\/td>\n<td colspan=\"2\">9K bajtova<\/td>\n<\/tr>\n<tr>\n<td rowspan=\"3\">LED indikatori<\/td>\n<td rowspan=\"2\">Per-port<\/td>\n<td>10M\/100M Link\/ACT:Orange<\/td>\n<\/tr>\n<tr>\n<td>1000M Link\/ACT:Green<\/td>\n<\/tr>\n<tr>\n<td>Po ure\u0111aju<\/td>\n<td>Snaga :zelena<\/td>\n<\/tr>\n<tr>\n<td>Napajanje<\/td>\n<td colspan=\"2\">AC 100-240V\/50-60Hz 12\/\/1.5A unutra\u0161nja snaga<\/td>\n<\/tr>\n<tr>\n<td>Potro\u0161nja energije<\/td>\n<td colspan=\"2\">Maksimum: 15W(220V\/50Hz)<\/td>\n<\/tr>\n<tr>\n<td>dimenzije ( w x d x h )<\/td>\n<td colspan=\"2\">440*140*44mm<\/td>\n<\/tr>\n<tr>\n<td rowspan=\"4\">Okolina<\/td>\n<td colspan=\"2\">Radna temperatura: 0\u00b0C \u00a0~ 40\u00b0C<\/td>\n<\/tr>\n<tr>\n<td colspan=\"2\">Temperatura skladi\u0161tenja: -40\u00b0C\u00a0 ~ 70\u00b0C<\/td>\n<\/tr>\n<tr>\n<td colspan=\"2\">Operativna vla\u017enost: 10% ~ 90% bez kondenzacije<\/td>\n<\/tr>\n<tr>\n<td colspan=\"2\">Vla\u017enost skladi\u0161tenja: 5% ~ 90% bez kondenzacije<\/td>\n<\/tr>\n<\/tbody>\n<\/table>\n<p>&nbsp;<\/p>\n","protected":false},"featured_media":8142,"comment_status":"open","ping_status":"closed","template":"","meta":{"_mi_skip_tracking":false,"_exactmetrics_sitenote_active":false,"_exactmetrics_sitenote_note":"","_exactmetrics_sitenote_category":0,"spay_email":""},"product_cat":[5890],"product_tag":[5824,5903,5904,2293],"brands":[{"id":5831,"name":"Cudy","slug":"cudy"}],"df_price":230,"df_sale_price":"","df_regular_price":230,"df_image_link":"https:\/\/i0.wp.com\/astehshop.com\/wp-content\/uploads\/2023\/08\/Prednja-strana-2.jpg?fit=450%2C436","jetpack_publicize_connections":[],"jetpack_sharing_enabled":true,"jetpack_likes_enabled":true,"jetpack-related-posts":[{"id":8137,"url":"http:\/\/astehshop.com\/index.php\/product\/cudy-16-port-gigabit-ethernet-switch-model-gs1016\/","url_meta":{"origin":8141,"position":0},"title":"Cudy 16-Port Gigabit Ethernet Switch, Model: GS1016","date":"24. kolovoza 2023.","format":false,"excerpt":"16-Port Gigabit Switch GS1016 U skladu je sa IEEE 802.3, IEEE 802.3u, IEEE802.3x i IEEE 802.3ab standardima 16 10\/100\/1000Mbps Auto Negotiation, Auto MDI\/MDIX portovi pru\u017eaju pametne mogu\u0107nosti prebacivanja Arhitektura komutacije bez blokiranja omogu\u0107ava proslje\u0111ivanje i filtriranje paketa full-wire brzine Metod prebacivanja Store-and-Forward Podr\u017eava 8K MAC adresu automatskog u\u010denja i automatskog\u2026","rel":"","context":"Srodne objave","img":{"alt_text":"","src":"https:\/\/i1.wp.com\/astehshop.com\/wp-content\/uploads\/2023\/08\/Prednja-strana-1.jpg?fit=1200%2C1065&resize=350%2C200","width":350,"height":200},"classes":[]},{"id":11580,"url":"http:\/\/astehshop.com\/index.php\/product\/mercusys-ms105g-desktop-switch\/","url_meta":{"origin":8141,"position":1},"title":"MERCUSYS MS105G DESKTOP SWITCH","date":"20. kolovoza 2025.","format":false,"excerpt":"Portovi:\u00a05\u00d7 10\/100\/1000Mbps Standardi:\u00a0IEEE 802.3, IEEE 802.3u, IEEE 802.3x, CSMA\/CD Duplex brzine:\u00a010\/100\/1000Mbps (Half), 20\/200\/2000Mbps (Full) Ventilacija:\u00a0Fanless (bez ventilatora) Funkcije:\u00a0Auto-negotiation, auto-MDI\/MDIX LED indikacija:\u00a0Statusne lampice za aktivnost i vezu","rel":"","context":"Srodne objave","img":{"alt_text":"","src":"https:\/\/i0.wp.com\/astehshop.com\/wp-content\/uploads\/2025\/08\/38688-Mercusys-MS105GS-Desktop-Switch-5x101001000-2.webp?fit=450%2C450&resize=350%2C200","width":350,"height":200},"classes":[]},{"id":8134,"url":"http:\/\/astehshop.com\/index.php\/product\/cudy-8-port-gigabit-desktop-switch-model-gs108d\/","url_meta":{"origin":8141,"position":2},"title":"Cudy 8-Port Gigabit Desktop Switch, Model: GS108D","date":"24. kolovoza 2023.","format":false,"excerpt":"8-Port Gigabit Desktop Switch, Model: GS108D 8 x 10\/100\/1000Mbps Auto-Negotiation RJ45 portovi koji podr\u017eavaju Auto-MDI\/MDIX IEEE 802.3, IEEE 802.3u, IEEE802.3x, IEEE 802.3ab standard Arhitektura komutacije bez blokiranja omogu\u0107ava proslje\u0111ivanje i filtriranje paketa full-wire brzine Cudy zelena tehnologija \u0161tedi energiju do 85% Plug & Play, desktop dizajn \u00a0 Specifikacije \u00a0 \u00a0\u2026","rel":"","context":"Srodne objave","img":{"alt_text":"","src":"https:\/\/i0.wp.com\/astehshop.com\/wp-content\/uploads\/2023\/08\/Sadrzaj-pakovanja-1.jpg?fit=1200%2C1144&resize=350%2C200","width":350,"height":200},"classes":[]},{"id":8131,"url":"http:\/\/astehshop.com\/index.php\/product\/cudy-5-port-gigabit-desktop-switch-model-gs105d\/","url_meta":{"origin":8141,"position":3},"title":"Cudy 5-Port Gigabit Desktop Switch, Model: GS105D","date":"24. kolovoza 2023.","format":false,"excerpt":"5-port gigabit desktop switch, model: GS105D 5 x 10\/100\/1000Mbps Auto-Negotiation RJ45 portovi koji podr\u017eavaju Auto-MDI\/MDIX IEEE 802.3, IEEE 802.3u, IEEE802.3x, IEEE 802.3ab standard Arhitektura komutacije bez blokiranja omogu\u0107ava proslje\u0111ivanje i filtriranje paketa full-wire brzine Cudy zelena tehnologija \u0161tedi energiju do 85% Plug & Play, desktop dizajn \u00a0 Visoke performanse Auto-Negotiation\u2026","rel":"","context":"Srodne objave","img":{"alt_text":"","src":"https:\/\/i1.wp.com\/astehshop.com\/wp-content\/uploads\/2023\/08\/Slika-1-2.jpg?fit=540%2C511&resize=350%2C200","width":350,"height":200},"classes":[]},{"id":8129,"url":"http:\/\/astehshop.com\/index.php\/product\/cudy-8-port-10-100mbps-desktop-switch-modelfs108d\/","url_meta":{"origin":8141,"position":4},"title":"Cudy 8-Port 10\/100Mbps Desktop Switch, Model:FS108D","date":"24. kolovoza 2023.","format":false,"excerpt":"8-port 10\/100Mbps Desktop Switch FS108D 8 x 10\/100Mbps Auto-Negotiation RJ45 portovi koji podr\u017eavaju Auto-MDI\/MDIX U skladu sa IEEE 802.3, IEEE 802.3u, IEEE802.3x standardima Podr\u017eava MAC adresu automatskog u\u010denja i automatskog starenja Podr\u017eava IEEE802.3x kontrolu protoka za Full-duplex Re\u017eim i pritisak unazad za poludupleks re\u017eim Plug & Play, desktop dizajn \u00a0\u2026","rel":"","context":"Srodne objave","img":{"alt_text":"","src":"https:\/\/i1.wp.com\/astehshop.com\/wp-content\/uploads\/2023\/08\/Zadnja-strana.jpg?fit=1200%2C1044&resize=350%2C200","width":350,"height":200},"classes":[]},{"id":8126,"url":"http:\/\/astehshop.com\/index.php\/product\/cudy-5-port-10-100mbps-desktop-switch-model-fs105d\/","url_meta":{"origin":8141,"position":5},"title":"Cudy 5-Port 10\/100Mbps Desktop Switch, Model: FS105D","date":"24. kolovoza 2023.","format":false,"excerpt":"5-port 10\/100Mbps Desktop Switch FS105D 5 x 10\/100Mbps Auto-Negotiation RJ45 portovi U skladu sa IEEE 802.3, IEEE 802.3u, IEEE802.3x standardima Podr\u017eava MAC adresu automatskog u\u010denja i automatskog starenja Podr\u017eava IEEE802.3x kontrolu protoka za Full-duplex Re\u017eim i pritisak unazad za poludupleks re\u017eim Plug & Play, desktop dizajn \u00a0 FS105D je multiport\u2026","rel":"","context":"Srodne objave","img":{"alt_text":"","src":"https:\/\/i1.wp.com\/astehshop.com\/wp-content\/uploads\/2023\/08\/Sadrzaj-pakovanja.jpg?fit=1200%2C1102&resize=350%2C200","width":350,"height":200},"classes":[]}],"_links":{"self":[{"href":"http:\/\/astehshop.com\/index.php\/wp-json\/wp\/v2\/product\/8141"}],"collection":[{"href":"http:\/\/astehshop.com\/index.php\/wp-json\/wp\/v2\/product"}],"about":[{"href":"http:\/\/astehshop.com\/index.php\/wp-json\/wp\/v2\/types\/product"}],"replies":[{"embeddable":true,"href":"http:\/\/astehshop.com\/index.php\/wp-json\/wp\/v2\/comments?post=8141"}],"wp:featuredmedia":[{"embeddable":true,"href":"http:\/\/astehshop.com\/index.php\/wp-json\/wp\/v2\/media\/8142"}],"wp:attachment":[{"href":"http:\/\/astehshop.com\/index.php\/wp-json\/wp\/v2\/media?parent=8141"}],"wp:term":[{"taxonomy":"product_cat","embeddable":true,"href":"http:\/\/astehshop.com\/index.php\/wp-json\/wp\/v2\/product_cat?post=8141"},{"taxonomy":"product_tag","embeddable":true,"href":"http:\/\/astehshop.com\/index.php\/wp-json\/wp\/v2\/product_tag?post=8141"}],"curies":[{"name":"wp","href":"https:\/\/api.w.org\/{rel}","templated":true}]}}