{"id":8117,"date":"2023-08-24T19:41:41","date_gmt":"2023-08-24T17:41:41","guid":{"rendered":"http:\/\/astehshop.com\/?post_type=product&#038;p=8117"},"modified":"2026-01-20T21:32:57","modified_gmt":"2026-01-20T20:32:57","slug":"cudy-outdoor-4g-cat-4-n300-wi-fi-router-model-lt400-outdoor","status":"publish","type":"product","link":"http:\/\/astehshop.com\/index.php\/product\/cudy-outdoor-4g-cat-4-n300-wi-fi-router-model-lt400-outdoor\/","title":{"rendered":"Cudy Outdoor 4G Cat 4 N300 Wi-Fi Router, Model: LT400 Outdoor"},"content":{"rendered":"<p><strong>Vanjski 4G Cat 4 N300 Wi-Fi usmjeriva\u010d, model: LT400 Outdoor<\/strong><\/p>\n<ul>\n<li>LTE FDD\/TDD Cat 4<\/li>\n<li>N300 Wi-Fi<\/li>\n<li>1\u00d7 10\/100Mbps WAN\/LAN<\/li>\n<li>Nano SIM Slot<\/li>\n<li>24V pasivni poE<\/li>\n<li>2\u00d7 unutra\u0161nje WiFi antene + 2\u00d7 odvojive 4G antene<\/li>\n<li>VPN i DDNS<\/li>\n<li>IP65 WaterProof<\/li>\n<\/ul>\n<p>&nbsp;<\/p>\n<p><strong>Pretvorite 4G u N300 Wi-Fi<\/strong><\/p>\n<p>Sa 4G Cat.4 standardima, LT400 Outdoor komunicira sa 4G tornjem sa brzinama do 150 Mbps download i 50 Mbps upload. Sadr\u017ei N300 Wi-Fi, pru\u017eaju\u0107i pouzdanu mre\u017eu za pretra\u017eivanje interneta, video streaming, nadzor i POS usluge.<\/p>\n<p>&nbsp;<\/p>\n<p><strong>Pove\u0107ana Wi-Fi pokrivenost sa snopom<\/strong><\/p>\n<p>Testirane Wi-Fi performanse pokrivenosti u \u010detiri razli\u010dita scenarija, postignute tehnologijom Beamforming i dvije ugra\u0111ene antene. Ako je va\u0161 prostor prevelik za pokrivanje jednog Cudy 4G vanjskog usmjeriva\u010da, mo\u017eete pro\u0161iriti svoju Wi-Fi pokrivenost u mre\u017eu mre\u017eom dodavanjem drugog Cudy AP-a.<\/p>\n<p>&nbsp;<\/p>\n<p><strong>Ubaci SIM, u\u017eivaj u Wi-Fi<\/strong><\/p>\n<p>Instaliranje Wi-Fi bilo gdje je jednostavno kao i uklju\u010divanje SIM kartice i pokretanje sa PoE adapterom. U kutiju je uklju\u010den jedan PoE adapter.<\/p>\n<p>&nbsp;<\/p>\n<p><strong>Povucite mre\u017eu na 100 m udaljenosti<\/strong><\/p>\n<p>Priklju\u010dite svoj Ethernet kabl u PoE adapter\/prekida\u010d da biste dobili do 100 m \u017ei\u010danog dometa mre\u017ee. Dodatni kabl nije uklju\u010den u kutiju.<\/p>\n<p>&nbsp;<\/p>\n<p><strong>Instalacija AP-a za unutra\u0161nji Wi-Fi<\/strong><\/p>\n<p>Pove\u017eite AP sa PoE adapterom kako biste opremili svoj kafi\u0107, ku\u0107u ili kancelariju boljim Wi-Fi signalom. AP mora da se kupi odvojeno.<\/p>\n<p>&nbsp;<\/p>\n<p>&nbsp;<\/p>\n<p>&nbsp;<\/p>\n<p>Specifikacije<\/p>\n<p>&nbsp;<\/p>\n<table width=\"1032\">\n<tbody>\n<tr>\n<td>Model<\/td>\n<td>LT400 Vanjski<\/td>\n<\/tr>\n<tr>\n<td>LTE modul Model EU verzija<\/td>\n<td>EC200A-EU<\/p>\n<p>LTE-FDD: B1\/B3\/B7\/B8\/B20\/B28ALTE-TDD: B38\/B40\/B41WCDMA: B1\/B8GSM\/EDGE: B3\/B8<\/td>\n<\/tr>\n<tr>\n<td>LTE modul Model US verzija<\/td>\n<td>EC25-AFXD<\/p>\n<p>LTE-FDD: B2\/B4\/B5\/B12\/B13\/B14\/B66\/B71WCDMA: B2\/B4\/B5<\/td>\n<\/tr>\n<tr>\n<td>Fle\u0161<\/td>\n<td>64 mbit (8 MB) Flash<\/td>\n<\/tr>\n<tr>\n<td>DDR<\/td>\n<td>512 Mbit (64 MB) DDR<\/td>\n<\/tr>\n<tr>\n<td rowspan=\"3\">Interfejsa<\/td>\n<td>1\u00d7 10\/100Mbps WAN\/LAN RJ45 port (24V\/0.5A pasivni PoE, 4\/5+,7\/8-)<\/td>\n<\/tr>\n<tr>\n<td>1\u00d7 dugme za resetovanje<\/td>\n<\/tr>\n<tr>\n<td>1\u00d7 Nano SIM Slot<\/td>\n<\/tr>\n<tr>\n<td>LED<\/td>\n<td>System\/Internet\/Ethernet\/2.4G WiFi\/5GHz WiFi\/Signal Strength<\/td>\n<\/tr>\n<tr>\n<td rowspan=\"2\">Antena<\/td>\n<td>2\u00d7 unutra\u0161nje Wi-Fi antene<\/td>\n<\/tr>\n<tr>\n<td>2\u00d7 Eksterne 4G antene<\/td>\n<\/tr>\n<tr>\n<td>Dobiti<\/td>\n<td>5 dBi<\/td>\n<\/tr>\n<tr>\n<td colspan=\"2\">Be\u017ei\u010dne karakteristike<\/td>\n<\/tr>\n<tr>\n<td>Be\u017ei\u010dni standardi<\/td>\n<td>IEEE 802.11n<\/td>\n<\/tr>\n<tr>\n<td>Frekvenciju<\/td>\n<td>2.4 GHz<\/td>\n<\/tr>\n<tr>\n<td>Brzina signala<\/td>\n<td>300 Mbps (2.4 GHz)<br \/>\nKompatibilan sa 802.11b\/g\/n Wi-Fi standardima<\/td>\n<\/tr>\n<tr>\n<td rowspan=\"2\">Prenesi snagu<\/td>\n<td>CE: &lt;20dBm<\/td>\n<\/tr>\n<tr>\n<td>FCC:&lt;30dBm<\/td>\n<\/tr>\n<tr>\n<td>Be\u017ei\u010dni na\u010dini rada<\/td>\n<td>Omogu\u0107i\/onemogu\u0107iti be\u017ei\u010dni radio, WMM<\/td>\n<\/tr>\n<tr>\n<td>Be\u017ei\u010dna sigurnost<\/td>\n<td>WEP, WPA\/WPA2, WPA-PSK\/WPA2-PSK<\/td>\n<\/tr>\n<tr>\n<td colspan=\"2\">Karakteristike softvera<\/td>\n<\/tr>\n<tr>\n<td>WAN tip<\/td>\n<td>4G\/Dynamic IP\/Static IP\/PPPoE<\/td>\n<\/tr>\n<tr>\n<td>DHCP<\/td>\n<td>Server, DHCP lista klijenata, rezervacija adrese<\/td>\n<\/tr>\n<tr>\n<td>Dinami\u010dki DNS<\/td>\n<td>Kompatibilan sa jo\u0161 15 DDNS provajdera<\/td>\n<\/tr>\n<tr>\n<td>NAT<\/td>\n<td>Proslje\u0111ivanje porta, pokretanje porta, UPnP, DMZ<\/td>\n<\/tr>\n<tr>\n<td>VPN Sever &amp; Client<\/td>\n<td>PPTP\/L2TP\/OpenVPN\/WireGuard\/IPSec\/Zerotier<\/td>\n<\/tr>\n<tr>\n<td>CWMP protokol<\/td>\n<td>TR069 \/ TR098 \/ TR111 \/ TR181<\/td>\n<\/tr>\n<tr>\n<td>ACS kompatibilnost servera<\/td>\n<td>GenieACS, OpenACS<\/td>\n<\/tr>\n<tr>\n<td>Upravljanje<\/td>\n<td>Kontrola pristupa, lokalna uprava, daljinsko upravljanje, bu\u0111enje na LAN-u<\/td>\n<\/tr>\n<tr>\n<td>TTL<\/td>\n<td>Pro\u0161iri\/Spoof\/Custom<\/td>\n<\/tr>\n<tr>\n<td>DNS<\/td>\n<td>Cloudflare\/Google\/Custom<\/td>\n<\/tr>\n<tr>\n<td>Internet protokoli<\/td>\n<td>IPv4 \/ IPv6<\/td>\n<\/tr>\n<tr>\n<td rowspan=\"6\">IPv6<\/td>\n<td>Relej<\/td>\n<\/tr>\n<tr>\n<td>Dinamika(SLAAC\/DHCPv6)<\/td>\n<\/tr>\n<tr>\n<td>Stati\u010dki (fiksni IP)<\/td>\n<\/tr>\n<tr>\n<td>Prolaz<\/td>\n<\/tr>\n<tr>\n<td>MAP-E (Dual-stack)<\/td>\n<\/tr>\n<tr>\n<td>DS-Lite (Dual-stack)<\/td>\n<\/tr>\n<tr>\n<td>SMS<\/td>\n<td>Po\u0161alji\/primi<\/td>\n<\/tr>\n<tr>\n<td>4G Band Lock<\/td>\n<td>Podr\u017eati<\/td>\n<\/tr>\n<tr>\n<td colspan=\"2\">Drugi<\/td>\n<\/tr>\n<tr>\n<td rowspan=\"5\">Sadr\u017eaj paketa<\/td>\n<td>2\u00d7 odvojive 4G antene<\/td>\n<\/tr>\n<tr>\n<td>24V\/0.5A pasivni PoE adapter<\/td>\n<\/tr>\n<tr>\n<td>Dodatak za instalaciju polova<\/td>\n<\/tr>\n<tr>\n<td>Ethernet kabel<\/td>\n<\/tr>\n<tr>\n<td>Vodi\u010d za brzu instalaciju<\/td>\n<\/tr>\n<tr>\n<td>Sistemski zahtjevi<\/td>\n<td>Microsoft Windows 98SE\/NT\/2000\/XP\/Vista&#x2122;\/7\/8\/8.1\/10\/11, MAC OS, NetWare, UNIX ili Linux, Firefox 12.0, Chrome 20.0, Safari 4.0 ili druga Java pretplata na preglednik s pru\u017eateljem internetskih usluga (za pristup internetu)<\/td>\n<\/tr>\n<\/tbody>\n<\/table>\n<p>&nbsp;<\/p>\n","protected":false},"excerpt":{"rendered":"<p><strong>Vanjski 4G Cat 4 N300 Wi-Fi usmjeriva\u010d, model: LT400 Outdoor<\/strong><\/p>\n<ul>\n<li>LTE FDD\/TDD Cat 4<\/li>\n<li>N300 Wi-Fi<\/li>\n<li>1\u00d7 10\/100Mbps WAN\/LAN<\/li>\n<li>Nano SIM Slot<\/li>\n<li>24V pasivni poE<\/li>\n<li>2\u00d7 unutra\u0161nje WiFi antene + 2\u00d7 odvojive 4G antene<\/li>\n<li>VPN i DDNS<\/li>\n<li>IP65 WaterProof<\/li>\n<\/ul>\n<p>&nbsp;<\/p>\n<p><strong>Pretvorite 4G u N300 Wi-Fi<\/strong><\/p>\n<p>Sa 4G Cat.4 standardima, LT400 Outdoor komunicira sa 4G tornjem sa brzinama do 150 Mbps download i 50 Mbps upload. Sadr\u017ei N300 Wi-Fi, pru\u017eaju\u0107i pouzdanu mre\u017eu za pretra\u017eivanje interneta, video streaming, nadzor i POS usluge.<\/p>\n<p>&nbsp;<\/p>\n<p><strong>Pove\u0107ana Wi-Fi pokrivenost sa snopom<\/strong><\/p>\n<p>Testirane Wi-Fi performanse pokrivenosti u \u010detiri razli\u010dita scenarija, postignute tehnologijom Beamforming i dvije ugra\u0111ene antene. Ako je va\u0161 prostor prevelik za pokrivanje jednog Cudy 4G vanjskog usmjeriva\u010da, mo\u017eete pro\u0161iriti svoju Wi-Fi pokrivenost u mre\u017eu mre\u017eom dodavanjem drugog Cudy AP-a.<\/p>\n<p>&nbsp;<\/p>\n<p><strong>Ubaci SIM, u\u017eivaj u Wi-Fi<\/strong><\/p>\n<p>Instaliranje Wi-Fi bilo gdje je jednostavno kao i uklju\u010divanje SIM kartice i pokretanje sa PoE adapterom. U kutiju je uklju\u010den jedan PoE adapter.<\/p>\n<p>&nbsp;<\/p>\n<p><strong>Povucite mre\u017eu na 100 m udaljenosti<\/strong><\/p>\n<p>Priklju\u010dite svoj Ethernet kabl u PoE adapter\/prekida\u010d da biste dobili do 100 m \u017ei\u010danog dometa mre\u017ee. Dodatni kabl nije uklju\u010den u kutiju.<\/p>\n<p>&nbsp;<\/p>\n<p><strong>Instalacija AP-a za unutra\u0161nji Wi-Fi<\/strong><\/p>\n<p>Pove\u017eite AP sa PoE adapterom kako biste opremili svoj kafi\u0107, ku\u0107u ili kancelariju boljim Wi-Fi signalom. AP mora da se kupi odvojeno.<\/p>\n<p>&nbsp;<\/p>\n<p>&nbsp;<\/p>\n<p>&nbsp;<\/p>\n<p>Specifikacije<\/p>\n<p>&nbsp;<\/p>\n<table width=\"1032\">\n<tbody>\n<tr>\n<td>Model<\/td>\n<td>LT400 Vanjski<\/td>\n<\/tr>\n<tr>\n<td>LTE modul Model EU verzija<\/td>\n<td>EC200A-EU<\/p>\n<p>LTE-FDD: B1\/B3\/B7\/B8\/B20\/B28ALTE-TDD: B38\/B40\/B41WCDMA: B1\/B8GSM\/EDGE: B3\/B8<\/td>\n<\/tr>\n<tr>\n<td>LTE modul Model US verzija<\/td>\n<td>EC25-AFXD<\/p>\n<p>LTE-FDD: B2\/B4\/B5\/B12\/B13\/B14\/B66\/B71WCDMA: B2\/B4\/B5<\/td>\n<\/tr>\n<tr>\n<td>Fle\u0161<\/td>\n<td>64 mbit (8 MB) Flash<\/td>\n<\/tr>\n<tr>\n<td>DDR<\/td>\n<td>512 Mbit (64 MB) DDR<\/td>\n<\/tr>\n<tr>\n<td rowspan=\"3\">Interfejsa<\/td>\n<td>1\u00d7 10\/100Mbps WAN\/LAN RJ45 port (24V\/0.5A pasivni PoE, 4\/5+,7\/8-)<\/td>\n<\/tr>\n<tr>\n<td>1\u00d7 dugme za resetovanje<\/td>\n<\/tr>\n<tr>\n<td>1\u00d7 Nano SIM Slot<\/td>\n<\/tr>\n<tr>\n<td>LED<\/td>\n<td>System\/Internet\/Ethernet\/2.4G WiFi\/5GHz WiFi\/Signal Strength<\/td>\n<\/tr>\n<tr>\n<td rowspan=\"2\">Antena<\/td>\n<td>2\u00d7 unutra\u0161nje Wi-Fi antene<\/td>\n<\/tr>\n<tr>\n<td>2\u00d7 Eksterne 4G antene<\/td>\n<\/tr>\n<tr>\n<td>Dobiti<\/td>\n<td>5 dBi<\/td>\n<\/tr>\n<tr>\n<td colspan=\"2\">Be\u017ei\u010dne karakteristike<\/td>\n<\/tr>\n<tr>\n<td>Be\u017ei\u010dni standardi<\/td>\n<td>IEEE 802.11n<\/td>\n<\/tr>\n<tr>\n<td>Frekvenciju<\/td>\n<td>2.4 GHz<\/td>\n<\/tr>\n<tr>\n<td>Brzina signala<\/td>\n<td>300 Mbps (2.4 GHz)<br \/>\nKompatibilan sa 802.11b\/g\/n Wi-Fi standardima<\/td>\n<\/tr>\n<tr>\n<td rowspan=\"2\">Prenesi snagu<\/td>\n<td>CE: &lt;20dBm<\/td>\n<\/tr>\n<tr>\n<td>FCC:&lt;30dBm<\/td>\n<\/tr>\n<tr>\n<td>Be\u017ei\u010dni na\u010dini rada<\/td>\n<td>Omogu\u0107i\/onemogu\u0107iti be\u017ei\u010dni radio, WMM<\/td>\n<\/tr>\n<tr>\n<td>Be\u017ei\u010dna sigurnost<\/td>\n<td>WEP, WPA\/WPA2, WPA-PSK\/WPA2-PSK<\/td>\n<\/tr>\n<tr>\n<td colspan=\"2\">Karakteristike softvera<\/td>\n<\/tr>\n<tr>\n<td>WAN tip<\/td>\n<td>4G\/Dynamic IP\/Static IP\/PPPoE<\/td>\n<\/tr>\n<tr>\n<td>DHCP<\/td>\n<td>Server, DHCP lista klijenata, rezervacija adrese<\/td>\n<\/tr>\n<tr>\n<td>Dinami\u010dki DNS<\/td>\n<td>Kompatibilan sa jo\u0161 15 DDNS provajdera<\/td>\n<\/tr>\n<tr>\n<td>NAT<\/td>\n<td>Proslje\u0111ivanje porta, pokretanje porta, UPnP, DMZ<\/td>\n<\/tr>\n<tr>\n<td>VPN Sever &amp; Client<\/td>\n<td>PPTP\/L2TP\/OpenVPN\/WireGuard\/IPSec\/Zerotier<\/td>\n<\/tr>\n<tr>\n<td>CWMP protokol<\/td>\n<td>TR069 \/ TR098 \/ TR111 \/ TR181<\/td>\n<\/tr>\n<tr>\n<td>ACS kompatibilnost servera<\/td>\n<td>GenieACS, OpenACS<\/td>\n<\/tr>\n<tr>\n<td>Upravljanje<\/td>\n<td>Kontrola pristupa, lokalna uprava, daljinsko upravljanje, bu\u0111enje na LAN-u<\/td>\n<\/tr>\n<tr>\n<td>TTL<\/td>\n<td>Pro\u0161iri\/Spoof\/Custom<\/td>\n<\/tr>\n<tr>\n<td>DNS<\/td>\n<td>Cloudflare\/Google\/Custom<\/td>\n<\/tr>\n<tr>\n<td>Internet protokoli<\/td>\n<td>IPv4 \/ IPv6<\/td>\n<\/tr>\n<tr>\n<td rowspan=\"6\">IPv6<\/td>\n<td>Relej<\/td>\n<\/tr>\n<tr>\n<td>Dinamika(SLAAC\/DHCPv6)<\/td>\n<\/tr>\n<tr>\n<td>Stati\u010dki (fiksni IP)<\/td>\n<\/tr>\n<tr>\n<td>Prolaz<\/td>\n<\/tr>\n<tr>\n<td>MAP-E (Dual-stack)<\/td>\n<\/tr>\n<tr>\n<td>DS-Lite (Dual-stack)<\/td>\n<\/tr>\n<tr>\n<td>SMS<\/td>\n<td>Po\u0161alji\/primi<\/td>\n<\/tr>\n<tr>\n<td>4G Band Lock<\/td>\n<td>Podr\u017eati<\/td>\n<\/tr>\n<tr>\n<td colspan=\"2\">Drugi<\/td>\n<\/tr>\n<tr>\n<td rowspan=\"5\">Sadr\u017eaj paketa<\/td>\n<td>2\u00d7 odvojive 4G antene<\/td>\n<\/tr>\n<tr>\n<td>24V\/0.5A pasivni PoE adapter<\/td>\n<\/tr>\n<tr>\n<td>Dodatak za instalaciju polova<\/td>\n<\/tr>\n<tr>\n<td>Ethernet kabel<\/td>\n<\/tr>\n<tr>\n<td>Vodi\u010d za brzu instalaciju<\/td>\n<\/tr>\n<tr>\n<td>Sistemski zahtjevi<\/td>\n<td>Microsoft Windows 98SE\/NT\/2000\/XP\/Vista&#x2122;\/7\/8\/8.1\/10\/11, MAC OS, NetWare, UNIX ili Linux, Firefox 12.0, Chrome 20.0, Safari 4.0 ili druga Java pretplata na preglednik s pru\u017eateljem internetskih usluga (za pristup internetu)<\/td>\n<\/tr>\n<\/tbody>\n<\/table>\n<p>&nbsp;<\/p>\n","protected":false},"featured_media":8118,"comment_status":"open","ping_status":"closed","template":"","meta":{"_mi_skip_tracking":false,"_exactmetrics_sitenote_active":false,"_exactmetrics_sitenote_note":"","_exactmetrics_sitenote_category":0,"spay_email":""},"product_cat":[5858],"product_tag":[5878,5877,5873,5874,5875,5876],"brands":[{"id":5831,"name":"Cudy","slug":"cudy"}],"df_price":176,"df_sale_price":"","df_regular_price":176,"df_image_link":"https:\/\/i2.wp.com\/astehshop.com\/wp-content\/uploads\/2023\/08\/Prednja-strana.png?fit=450%2C430","jetpack_publicize_connections":[],"jetpack_sharing_enabled":true,"jetpack_likes_enabled":true,"jetpack-related-posts":[{"id":8120,"url":"http:\/\/astehshop.com\/index.php\/product\/cudy-outdoor-4g-cat-4-ac1200-wi-fi-router-model-lt500-outdoor\/","url_meta":{"origin":8117,"position":0},"title":"Cudy Outdoor 4G Cat 4 AC1200 Wi-Fi Router, Model: LT500 Outdoor","date":"24. kolovoza 2023.","format":false,"excerpt":"Outdoor 4G Cat 4 AC1200 Wi-Fi Router, Model: LT500 Outdoor LTE FDD\/TDD Cat 4 AC1200 Wi-Fi 1\u00d7 10\/100 Mbps WAN\/LAN Nano SIM Slot 24 V pasivni poE 2\u00d7 unutra\u0161nje WiFi antene + 2\u00d7 odvojive 4G antene VPN i DDNS IP65 WaterProof \u00a0 Pretvorite 4G u brzi AC1200 Wi-Fi Sa 4G,\u2026","rel":"","context":"Srodne objave","img":{"alt_text":"","src":"https:\/\/i2.wp.com\/astehshop.com\/wp-content\/uploads\/2023\/08\/Sadrzaj-pakovanja.png?fit=1200%2C1117&resize=350%2C200","width":350,"height":200},"classes":[]},{"id":12167,"url":"http:\/\/astehshop.com\/index.php\/product\/4g-ruter-router-cudy-lt300-n300-4g-lte-cat4-vpn\/","url_meta":{"origin":8117,"position":1},"title":"4G ruter router Cudy LT300, N300, 4G, LTE, Cat4, VPN","date":"9. sije\u010dnja 2026.","format":false,"excerpt":"Umetnite SIM karticu i odmah se pove\u017eite na internet. Novi LT300 opremljen je USB-C priklju\u010dkom za napajanje koji podr\u017eava standardno USB napajanje, \u0161to omogu\u0107uje fleksibilniju upotrebu. Uz ugra\u0111eni Wi-Fi brzine 300 Mbps i automatsko prebacivanje izme\u0111u mobilne i WAN veze, idealan je za dom, trgovine, male urede, poslovna putovanja, putovanja\u2026","rel":"","context":"Srodne objave","img":{"alt_text":"","src":"https:\/\/i1.wp.com\/astehshop.com\/wp-content\/uploads\/2026\/01\/Wi-Fi-router-Cudy-LT300-N300-4G-LTE-Cat4-VPN.png?fit=800%2C800&resize=350%2C200","width":350,"height":200},"classes":[]},{"id":8110,"url":"http:\/\/astehshop.com\/index.php\/product\/cudy-4g-lte-ac1200-dual-band-wi-fi-router-model-lt500\/","url_meta":{"origin":8117,"position":2},"title":"Cudy 4G LTE AC1200 Dual Band Wi-Fi Router, Model: LT500","date":"24. kolovoza 2023.","format":false,"excerpt":"4G LTE AC1200 Dual Band Wi-Fi Router, Model: LT500 Do 150 \/ 50 Mbps LTE brzine AC1200 Wi-Fi za lak\u0161e iskustvo PPTP\/L2TP\/OpenVPN\/WireGuard\/IPsec\/Zerotier VPN Fleksibilni WAN\/LAN port za dvostruku povezanost Kompatibilan sa 15+ DDNS provajdera DNS preko Cloudflare\/NextDNS\/Google \u00a0 \u00a0 FDD + TDD Podr\u017eava FDD i TDD, zadovoljava potrebe razli\u010ditih ISP\u2026","rel":"","context":"Srodne objave","img":{"alt_text":"","src":"https:\/\/i0.wp.com\/astehshop.com\/wp-content\/uploads\/2023\/08\/Ruter-prednja-strana.jpg?fit=1200%2C1170&resize=350%2C200","width":350,"height":200},"classes":[]},{"id":11525,"url":"http:\/\/astehshop.com\/index.php\/product\/mercusys-mrouter-mercusys-4g-mb130-4g-ac1200\/","url_meta":{"origin":8117,"position":3},"title":"Mercusys MROUTER MERCUSYS 4G MB130-4G AC1200","date":"19. kolovoza 2025.","format":false,"excerpt":"LAN\/WAN port:\u00a01\u00d7 10\/100Mbps LAN port:\u00a01\u00d7 10\/100Mbps Antene:\u00a02\u00d7 eksterni 4G\/3G priklju\u010dci SIM slot:\u00a01\u00d7 Nano SIM Taster:\u00a0WPS \/ Reset Wi-Fi standardi:\u00a0IEEE 802.11b\/g\/n Frekvencija:\u00a02.4 GHz i 5 GHz Brzina Wi-Fi:\u00a0300 Mbps (2.4 GHz), 867 Mbps (5 GHz)","rel":"","context":"Srodne objave","img":{"alt_text":"","src":"https:\/\/i2.wp.com\/astehshop.com\/wp-content\/uploads\/2025\/08\/37942-Mercusys-MB130-AC1200-4G-LTE-Wireless-Dual-Band-Router-1.webp?fit=450%2C450&resize=350%2C200","width":350,"height":200},"classes":[]},{"id":9448,"url":"http:\/\/astehshop.com\/index.php\/product\/dahua-imou-cruiser-4g-kamera-na-sim-karticu\/","url_meta":{"origin":8117,"position":4},"title":"Dahua Imou Cruiser 4G kamera na sim karticu","date":"5. kolovoza 2024.","format":false,"excerpt":"4G konekcija | 1080P HD slika | Panoramic Pan & Tilt | Human Detection | Smart Tracking \u00a0 Pove\u017eite svoj Cruiser na mjestima gdje Wi-Fi nije dostupan Cruiser 4G podr\u017eava 4G LTE vezu\u00b9, jednostavno uklju\u010dite svoju nano SIM karticu da je pove\u017eete vani gdje Wi-Fi signal ne mo\u017ee pokriti. \u00a0\u2026","rel":"","context":"Srodne objave","img":{"alt_text":"","src":"https:\/\/i0.wp.com\/astehshop.com\/wp-content\/uploads\/2024\/08\/Cruiser-4G-3.png?fit=885%2C1038&resize=350%2C200","width":350,"height":200},"classes":[]},{"id":8114,"url":"http:\/\/astehshop.com\/index.php\/product\/cudy-4g-lte-cat-18-ax1800-wi-fi-6-router-model-lt18\/","url_meta":{"origin":8117,"position":5},"title":"Cudy 4G LTE Cat. 18 AX1800 Wi-Fi 6 Router, Model: LT18","date":"24. kolovoza 2023.","format":false,"excerpt":"4G LTE cat18 AX1800 Wi-Fi 6 Router, Model: LT18 4G LTE-Advanced Cat.18, Max 1.2 Gbps download Br\u017ei 4G sa 4\u00d74 MIMO i DL 5CA tehnologijama Super brzi AX1800 Wi-Fi 6 Dual Nano SIM slotovi za kartice 4\u00d7 gigabitni portovi 4\u00d7 odvojive mobilne antene 2\u00d7 fiksne WiFi antene DNS enkripcija sa\u2026","rel":"","context":"Srodne objave","img":{"alt_text":"","src":"https:\/\/i2.wp.com\/astehshop.com\/wp-content\/uploads\/2023\/08\/Ruter-prednja-strana-1.jpg?fit=1200%2C1114&resize=350%2C200","width":350,"height":200},"classes":[]}],"_links":{"self":[{"href":"http:\/\/astehshop.com\/index.php\/wp-json\/wp\/v2\/product\/8117"}],"collection":[{"href":"http:\/\/astehshop.com\/index.php\/wp-json\/wp\/v2\/product"}],"about":[{"href":"http:\/\/astehshop.com\/index.php\/wp-json\/wp\/v2\/types\/product"}],"replies":[{"embeddable":true,"href":"http:\/\/astehshop.com\/index.php\/wp-json\/wp\/v2\/comments?post=8117"}],"wp:featuredmedia":[{"embeddable":true,"href":"http:\/\/astehshop.com\/index.php\/wp-json\/wp\/v2\/media\/8118"}],"wp:attachment":[{"href":"http:\/\/astehshop.com\/index.php\/wp-json\/wp\/v2\/media?parent=8117"}],"wp:term":[{"taxonomy":"product_cat","embeddable":true,"href":"http:\/\/astehshop.com\/index.php\/wp-json\/wp\/v2\/product_cat?post=8117"},{"taxonomy":"product_tag","embeddable":true,"href":"http:\/\/astehshop.com\/index.php\/wp-json\/wp\/v2\/product_tag?post=8117"}],"curies":[{"name":"wp","href":"https:\/\/api.w.org\/{rel}","templated":true}]}}