{"id":8105,"date":"2023-08-24T19:26:43","date_gmt":"2023-08-24T17:26:43","guid":{"rendered":"http:\/\/astehshop.com\/?post_type=product&#038;p=8105"},"modified":"2023-08-24T19:26:44","modified_gmt":"2023-08-24T17:26:44","slug":"cudy-300-mbps-wireless-n-4g-lte-router-model-lt400","status":"publish","type":"product","link":"http:\/\/astehshop.com\/index.php\/product\/cudy-300-mbps-wireless-n-4g-lte-router-model-lt400\/","title":{"rendered":"Cudy 300 Mbps Wireless N 4G LTE Router, Model: LT400"},"content":{"rendered":"<p>300 Mbps Wireless N 4G LTE Ruter, Model: LT400<\/p>\n<ul>\n<li>Do 150\/50Mbps LTE brzine<\/li>\n<li>300Mbps Wi-Fi<\/li>\n<li>4 x antene<\/li>\n<li>OpenVPN\/PPTP\/L2TP\/Zerotier\/Wireguard VPN<\/li>\n<li>Fleksibilni WAN\/LAN port za dvostruku povezanost<\/li>\n<li>Kompatibilan sa 15+ DDNS provajdera<\/li>\n<\/ul>\n<p>&nbsp;<\/p>\n<p><strong>Podijelite 4G LTE mre\u017eu gdje god \u017eelite<\/strong><\/p>\n<p>LT400 koristi najnoviju generaciju 4G LTE tehnologije za postizanje brzine do 150 Mbps prilikom preuzimanja i 50 Mbps prilikom otpremanja. Tako\u0111e mo\u017eete da se pove\u017eete sa igrama, strimovanjem i jo\u0161 mnogo toga koriste\u0107i Wi-Fi pri maksimalnoj brzini od 300 Mbps do 2,4 GHz.<\/p>\n<p>&#8211; 4G LTE FDD: B1 \/ B3 \/ B7 \/ B8 \/ B20 (2100\/1800\/2600\/900 \/ 800MHz)<\/p>\n<p>&#8211; 4G LTE TDD: B38 \/ B40 (2600\/2300 MHz)<\/p>\n<p>&#8211; 3G DC-HSPA + \/ HSPA + \/ HSPA \/ UMTS B1 \/ B8 (2100 \/ 900MHz)<\/p>\n<p>&nbsp;<\/p>\n<p><strong>FDD + TDD <\/strong><\/p>\n<p>Podr\u017eava FDD i TDD, zadovoljava potrebe razli\u010ditih ISP-ova i pru\u017ea dobro korisni\u010dko iskustvo korisnicima. Podr\u017eava ve\u0107inu mobilnih operatera \u0161irom svijeta.<\/p>\n<p>&nbsp;<\/p>\n<p><strong>VPN<\/strong><\/p>\n<p>VPN vodi siguran i privatni tunel od Cudyja do udaljenih mjesta preko interneta. Podr\u0161ka: PPTP\/L2TP<\/p>\n<p>&nbsp;<\/p>\n<p><strong>15+DDNS<\/strong><\/p>\n<p>Kompatibilan sa vi\u0161e od 15 DDNS provajdera koji vam omogu\u0107avaju da lako upravljate ruterom na daljinu. Mo\u017eete pristupiti stranici Cudy administracije sa zajedni\u010dkim imenom u URL-u iako se IP adresa mijenja.<\/p>\n<p>&nbsp;<\/p>\n<p><strong>\u00a0<\/strong><\/p>\n<p><strong>\u00a0<\/strong><\/p>\n<p><strong>\u00a0<\/strong><\/p>\n<p><strong>Antene visokog napona<\/strong><\/p>\n<p>Antene visokog napona pove\u0107avaju osetljivost rutera, uspostavljaju veze na ve\u0107im udaljenostima. Pru\u017ea sna\u017enu penetraciju u zidove.<\/p>\n<p>&nbsp;<\/p>\n<p><strong>Ku\u0107na mre\u017ea<\/strong><\/p>\n<p>LT400 koristi najnoviju generaciju 4G LTE tehnologije za postizanje brzine do 150Mbps prilikom preuzimanja i 50Mbps prilikom otpremanja. Tako\u0111e mo\u017eete da se pove\u017eete sa igrama, strimovanjem i jo\u0161 mnogo toga koriste\u0107i Wi-Fi pri maksimalnoj brzini od 300Mbps do 2.4GHz.<\/p>\n<p>&nbsp;<\/p>\n<p><strong>Specifikacije<\/strong><\/p>\n<p>&nbsp;<\/p>\n<table width=\"1000\">\n<tbody>\n<tr>\n<td>Model<\/td>\n<td colspan=\"2\">300Mbps be\u017ei\u010dni N 4G LTE ruter<\/td>\n<\/tr>\n<tr>\n<td>DRAM\/FLASH<\/td>\n<td colspan=\"2\">64MB DDR2\/8M SPI<\/td>\n<\/tr>\n<tr>\n<td rowspan=\"5\" width=\"200\">Interfejsa<\/td>\n<td colspan=\"2\">3 x RJ45 10M\/100M LAN Ethernet interfejsi<\/td>\n<\/tr>\n<tr>\n<td colspan=\"2\">1 x RJ45 10M\/100M WAN Ethernet interfejs<\/td>\n<\/tr>\n<tr>\n<td colspan=\"2\">1 x resetiranje<\/td>\n<\/tr>\n<tr>\n<td colspan=\"2\">1 x Power Jack (12V\/1A)<\/td>\n<\/tr>\n<tr>\n<td colspan=\"2\">1 x slot za SIM karticu (Nano)<\/td>\n<\/tr>\n<tr>\n<td>Antena<\/td>\n<td colspan=\"2\">2.4G (802.11N): 2T2R 4G: 2T2R<\/td>\n<\/tr>\n<tr>\n<td>Gain<\/td>\n<td colspan=\"2\">5dBi<\/td>\n<\/tr>\n<tr>\n<td>Domet<\/td>\n<td colspan=\"2\">2.4-2.4835GHZ<\/td>\n<\/tr>\n<tr>\n<td>LED<\/td>\n<td colspan=\"2\">PWR, WIFI, 4G, LAN1-LAN3, WAN\/LAN4<\/td>\n<\/tr>\n<tr>\n<td rowspan=\"3\">Snaga<\/td>\n<td colspan=\"2\">11b: 1\/2\/5.5\/11Mbps<\/td>\n<\/tr>\n<tr>\n<td colspan=\"2\">11g: 6\/9\/12\/18\/24\/36\/48\/54Mbps<\/td>\n<\/tr>\n<tr>\n<td colspan=\"2\">11n: 300Mbps(MAX)<\/td>\n<\/tr>\n<tr>\n<td>Tehnika \u0161irokog spektra<\/td>\n<td colspan=\"2\">DSSS<\/td>\n<\/tr>\n<tr>\n<td>Be\u017ei\u010dna sigurnost<\/td>\n<td colspan=\"2\">WPA-PSK\/WPA2-PSK, WPA\/WPA2<\/td>\n<\/tr>\n<tr>\n<td rowspan=\"3\">Vrsta modulacije<\/td>\n<td colspan=\"2\">11b: CCK, QPSK, BPSK<\/td>\n<\/tr>\n<tr>\n<td colspan=\"2\">11g: OFDM<\/td>\n<\/tr>\n<tr>\n<td colspan=\"2\">11n: QPSK, BPSK, 16-QAM, 64-QAM<\/td>\n<\/tr>\n<tr>\n<td>Protokol pristupa medijima<\/td>\n<td colspan=\"2\">CAMA\/CA sa ACK<\/td>\n<\/tr>\n<tr>\n<td rowspan=\"10\">4G modul RF Power<\/td>\n<td colspan=\"2\">Klasa 4 (33dBm\u00b12dB) za GSM850<\/td>\n<\/tr>\n<tr>\n<td colspan=\"2\">Klasa 4 (33dBm\u00b12dB) za EGSM900<\/td>\n<\/tr>\n<tr>\n<td colspan=\"2\">Klasa 1 (30dBm\u00b12dB) za DCS1800<\/td>\n<\/tr>\n<tr>\n<td colspan=\"2\">Klasa 1 (30dBm\u00b12dB) za PCS1900<\/td>\n<\/tr>\n<tr>\n<td colspan=\"2\">Klasa E2 (27dBm\u00b13dB) za GSM850 8-PSK<\/td>\n<\/tr>\n<tr>\n<td colspan=\"2\">Klasa E2 (27dBm\u00b13dB) za EGSM900 8-PSK<\/td>\n<\/tr>\n<tr>\n<td colspan=\"2\">Klasa E2 (26dBm\u00b13dB) za DCS1800 8-PSK<\/td>\n<\/tr>\n<tr>\n<td colspan=\"2\">Klasa E2 (26dBm\u00b13dB) za PCS1900 8-PSK<\/td>\n<\/tr>\n<tr>\n<td colspan=\"2\">Klasa 3 (24dBm+1\/-3dB) za WCDMA bendove<\/td>\n<\/tr>\n<tr>\n<td colspan=\"2\">Klasa 3 (23dBm\u00b12dB) za LTE-FDD bendove<\/td>\n<\/tr>\n<tr>\n<td rowspan=\"3\">LTE karakter<\/td>\n<td colspan=\"2\">Podr\u0161ka za 3GPP R8 non-CA cat 4 FDD<\/td>\n<\/tr>\n<tr>\n<td colspan=\"2\">Podr\u0161ka za 1.4MHZ-20MHZ RF propusni opseg UL podr\u0161ka za MIMO<\/td>\n<\/tr>\n<tr>\n<td colspan=\"2\">LTD-FDD: DL 150Mbps(MAX)\/ UL 50Mbps(MAX)<\/td>\n<\/tr>\n<tr>\n<td rowspan=\"4\">LTE Frequency BandsEU verzija<\/td>\n<td colspan=\"2\">LTE-FDD: B1\/B3\/B7\/B8\/B20\/B28A<\/td>\n<\/tr>\n<tr>\n<td colspan=\"2\">LTE-TDD: B38\/B40\/B41<\/td>\n<\/tr>\n<tr>\n<td colspan=\"2\">WCDMA: B1\/B8<\/td>\n<\/tr>\n<tr>\n<td colspan=\"2\">GSM\/EDGE: B3\/B8<\/td>\n<\/tr>\n<tr>\n<td rowspan=\"2\">LTE frekventni opseg US verzija<\/td>\n<td colspan=\"2\">LTE-FDD: B2\/B4\/B5\/B12\/B13\/B14\/B66\/B71<\/td>\n<\/tr>\n<tr>\n<td colspan=\"2\">WCDMA: B2\/B4\/B5<\/td>\n<\/tr>\n<tr>\n<td rowspan=\"30\">Softverska funkcija<\/td>\n<td width=\"152\">Na\u010din pristupa<\/td>\n<td>Na\u010din usmjeriva\u010da<\/td>\n<\/tr>\n<tr>\n<td rowspan=\"9\">Osnovna postavka<\/td>\n<td>WAN postavka<\/td>\n<\/tr>\n<tr>\n<td>LAN postavka<\/td>\n<\/tr>\n<tr>\n<td>Mac klon<\/td>\n<\/tr>\n<tr>\n<td>DNS<\/td>\n<\/tr>\n<tr>\n<td>2.4G WiFi pode\u0161avanje<\/td>\n<\/tr>\n<tr>\n<td>2.4G pode\u0161avanje mre\u017ee gostiju<\/td>\n<\/tr>\n<tr>\n<td>2.4G pode\u0161avanje kanala<\/td>\n<\/tr>\n<tr>\n<td>2.4G pode\u0161avanje ja\u010dine signala<\/td>\n<\/tr>\n<tr>\n<td>2.4G optimizacija kanala<\/td>\n<\/tr>\n<tr>\n<td rowspan=\"12\">Unaprijed postavljanje<\/td>\n<td>Postavljanje crne liste<\/td>\n<\/tr>\n<tr>\n<td>Lista vezivanja<\/td>\n<\/tr>\n<tr>\n<td>WIFI vrijeme isklju\u010deno<\/td>\n<\/tr>\n<tr>\n<td>Web crna lista<\/td>\n<\/tr>\n<tr>\n<td>Modificiraj administratorsku lozinku<\/td>\n<\/tr>\n<tr>\n<td>Vrijeme osvjetljenja panela isklju\u010deno<\/td>\n<\/tr>\n<tr>\n<td>QoS<\/td>\n<\/tr>\n<tr>\n<td>Stati\u010dko vezivanje<\/td>\n<\/tr>\n<tr>\n<td>Zabranjena veza<\/td>\n<\/tr>\n<tr>\n<td>Obnovi na zadanu postavku<\/td>\n<\/tr>\n<tr>\n<td>Ponovo pokrenite usmjeriva\u010d<\/td>\n<\/tr>\n<tr>\n<td>Nadogradnja firmvera<\/td>\n<\/tr>\n<tr>\n<td rowspan=\"8\">Funkcionalnije<\/td>\n<td>Web menad\u017ement<\/td>\n<\/tr>\n<tr>\n<td>L2TP klijent<\/td>\n<\/tr>\n<tr>\n<td>PPTP klijent<\/td>\n<\/tr>\n<tr>\n<td>UPNP<\/td>\n<\/tr>\n<tr>\n<td>DMZ<\/td>\n<\/tr>\n<tr>\n<td>Upravljanje udaljenim webom<\/td>\n<\/tr>\n<tr>\n<td>Proslje\u0111ivanje priklju\u010dka<\/td>\n<\/tr>\n<tr>\n<td>Dijagnoza mre\u017ene gre\u0161ke (web)<\/td>\n<\/tr>\n<tr>\n<td>Radna temperatura<\/td>\n<td colspan=\"2\">0\u00b0C~40\u00b0C<\/td>\n<\/tr>\n<tr>\n<td>Temperatura skladi\u0161tenja<\/td>\n<td colspan=\"2\">-20\u00b0C ~ 70\u00b0C<\/td>\n<\/tr>\n<tr>\n<td>Radna vla\u017enost<\/td>\n<td colspan=\"2\">5% ~ 95% (tipi\u010dno)<\/td>\n<\/tr>\n<tr>\n<td>Mo\u0107<\/td>\n<td colspan=\"2\">12V\/1A evropski standard<\/td>\n<\/tr>\n<\/tbody>\n<\/table>\n<p>&nbsp;<\/p>\n","protected":false},"excerpt":{"rendered":"<p>300 Mbps Wireless N 4G LTE Ruter, Model: LT400<\/p>\n<ul>\n<li>Do 150\/50Mbps LTE brzine<\/li>\n<li>300Mbps Wi-Fi<\/li>\n<li>4 x antene<\/li>\n<li>OpenVPN\/PPTP\/L2TP\/Zerotier\/Wireguard VPN<\/li>\n<li>Fleksibilni WAN\/LAN port za dvostruku povezanost<\/li>\n<li>Kompatibilan sa 15+ DDNS provajdera<\/li>\n<\/ul>\n<p>&nbsp;<\/p>\n<p><strong>Podijelite 4G LTE mre\u017eu gdje god \u017eelite<\/strong><\/p>\n<p>LT400 koristi najnoviju generaciju 4G LTE tehnologije za postizanje brzine do 150 Mbps prilikom preuzimanja i 50 Mbps prilikom otpremanja. Tako\u0111e mo\u017eete da se pove\u017eete sa igrama, strimovanjem i jo\u0161 mnogo toga koriste\u0107i Wi-Fi pri maksimalnoj brzini od 300 Mbps do 2,4 GHz.<\/p>\n<p>&#8211; 4G LTE FDD: B1 \/ B3 \/ B7 \/ B8 \/ B20 (2100\/1800\/2600\/900 \/ 800MHz)<\/p>\n<p>&#8211; 4G LTE TDD: B38 \/ B40 (2600\/2300 MHz)<\/p>\n<p>&#8211; 3G DC-HSPA + \/ HSPA + \/ HSPA \/ UMTS B1 \/ B8 (2100 \/ 900MHz)<\/p>\n<p>&nbsp;<\/p>\n<p><strong>FDD + TDD <\/strong><\/p>\n<p>Podr\u017eava FDD i TDD, zadovoljava potrebe razli\u010ditih ISP-ova i pru\u017ea dobro korisni\u010dko iskustvo korisnicima. Podr\u017eava ve\u0107inu mobilnih operatera \u0161irom svijeta.<\/p>\n<p>&nbsp;<\/p>\n<p><strong>VPN<\/strong><\/p>\n<p>VPN vodi siguran i privatni tunel od Cudyja do udaljenih mjesta preko interneta. Podr\u0161ka: PPTP\/L2TP<\/p>\n<p>&nbsp;<\/p>\n<p><strong>15+DDNS<\/strong><\/p>\n<p>Kompatibilan sa vi\u0161e od 15 DDNS provajdera koji vam omogu\u0107avaju da lako upravljate ruterom na daljinu. Mo\u017eete pristupiti stranici Cudy administracije sa zajedni\u010dkim imenom u URL-u iako se IP adresa mijenja.<\/p>\n<p>&nbsp;<\/p>\n<p><strong>\u00a0<\/strong><\/p>\n<p><strong>\u00a0<\/strong><\/p>\n<p><strong>\u00a0<\/strong><\/p>\n<p><strong>Antene visokog napona<\/strong><\/p>\n<p>Antene visokog napona pove\u0107avaju osetljivost rutera, uspostavljaju veze na ve\u0107im udaljenostima. Pru\u017ea sna\u017enu penetraciju u zidove.<\/p>\n<p>&nbsp;<\/p>\n<p><strong>Ku\u0107na mre\u017ea<\/strong><\/p>\n<p>LT400 koristi najnoviju generaciju 4G LTE tehnologije za postizanje brzine do 150Mbps prilikom preuzimanja i 50Mbps prilikom otpremanja. Tako\u0111e mo\u017eete da se pove\u017eete sa igrama, strimovanjem i jo\u0161 mnogo toga koriste\u0107i Wi-Fi pri maksimalnoj brzini od 300Mbps do 2.4GHz.<\/p>\n<p>&nbsp;<\/p>\n<p><strong>Specifikacije<\/strong><\/p>\n<p>&nbsp;<\/p>\n<table width=\"1000\">\n<tbody>\n<tr>\n<td>Model<\/td>\n<td colspan=\"2\">300Mbps be\u017ei\u010dni N 4G LTE ruter<\/td>\n<\/tr>\n<tr>\n<td>DRAM\/FLASH<\/td>\n<td colspan=\"2\">64MB DDR2\/8M SPI<\/td>\n<\/tr>\n<tr>\n<td rowspan=\"5\" width=\"200\">Interfejsa<\/td>\n<td colspan=\"2\">3 x RJ45 10M\/100M LAN Ethernet interfejsi<\/td>\n<\/tr>\n<tr>\n<td colspan=\"2\">1 x RJ45 10M\/100M WAN Ethernet interfejs<\/td>\n<\/tr>\n<tr>\n<td colspan=\"2\">1 x resetiranje<\/td>\n<\/tr>\n<tr>\n<td colspan=\"2\">1 x Power Jack (12V\/1A)<\/td>\n<\/tr>\n<tr>\n<td colspan=\"2\">1 x slot za SIM karticu (Nano)<\/td>\n<\/tr>\n<tr>\n<td>Antena<\/td>\n<td colspan=\"2\">2.4G (802.11N): 2T2R 4G: 2T2R<\/td>\n<\/tr>\n<tr>\n<td>Gain<\/td>\n<td colspan=\"2\">5dBi<\/td>\n<\/tr>\n<tr>\n<td>Domet<\/td>\n<td colspan=\"2\">2.4-2.4835GHZ<\/td>\n<\/tr>\n<tr>\n<td>LED<\/td>\n<td colspan=\"2\">PWR, WIFI, 4G, LAN1-LAN3, WAN\/LAN4<\/td>\n<\/tr>\n<tr>\n<td rowspan=\"3\">Snaga<\/td>\n<td colspan=\"2\">11b: 1\/2\/5.5\/11Mbps<\/td>\n<\/tr>\n<tr>\n<td colspan=\"2\">11g: 6\/9\/12\/18\/24\/36\/48\/54Mbps<\/td>\n<\/tr>\n<tr>\n<td colspan=\"2\">11n: 300Mbps(MAX)<\/td>\n<\/tr>\n<tr>\n<td>Tehnika \u0161irokog spektra<\/td>\n<td colspan=\"2\">DSSS<\/td>\n<\/tr>\n<tr>\n<td>Be\u017ei\u010dna sigurnost<\/td>\n<td colspan=\"2\">WPA-PSK\/WPA2-PSK, WPA\/WPA2<\/td>\n<\/tr>\n<tr>\n<td rowspan=\"3\">Vrsta modulacije<\/td>\n<td colspan=\"2\">11b: CCK, QPSK, BPSK<\/td>\n<\/tr>\n<tr>\n<td colspan=\"2\">11g: OFDM<\/td>\n<\/tr>\n<tr>\n<td colspan=\"2\">11n: QPSK, BPSK, 16-QAM, 64-QAM<\/td>\n<\/tr>\n<tr>\n<td>Protokol pristupa medijima<\/td>\n<td colspan=\"2\">CAMA\/CA sa ACK<\/td>\n<\/tr>\n<tr>\n<td rowspan=\"10\">4G modul RF Power<\/td>\n<td colspan=\"2\">Klasa 4 (33dBm\u00b12dB) za GSM850<\/td>\n<\/tr>\n<tr>\n<td colspan=\"2\">Klasa 4 (33dBm\u00b12dB) za EGSM900<\/td>\n<\/tr>\n<tr>\n<td colspan=\"2\">Klasa 1 (30dBm\u00b12dB) za DCS1800<\/td>\n<\/tr>\n<tr>\n<td colspan=\"2\">Klasa 1 (30dBm\u00b12dB) za PCS1900<\/td>\n<\/tr>\n<tr>\n<td colspan=\"2\">Klasa E2 (27dBm\u00b13dB) za GSM850 8-PSK<\/td>\n<\/tr>\n<tr>\n<td colspan=\"2\">Klasa E2 (27dBm\u00b13dB) za EGSM900 8-PSK<\/td>\n<\/tr>\n<tr>\n<td colspan=\"2\">Klasa E2 (26dBm\u00b13dB) za DCS1800 8-PSK<\/td>\n<\/tr>\n<tr>\n<td colspan=\"2\">Klasa E2 (26dBm\u00b13dB) za PCS1900 8-PSK<\/td>\n<\/tr>\n<tr>\n<td colspan=\"2\">Klasa 3 (24dBm+1\/-3dB) za WCDMA bendove<\/td>\n<\/tr>\n<tr>\n<td colspan=\"2\">Klasa 3 (23dBm\u00b12dB) za LTE-FDD bendove<\/td>\n<\/tr>\n<tr>\n<td rowspan=\"3\">LTE karakter<\/td>\n<td colspan=\"2\">Podr\u0161ka za 3GPP R8 non-CA cat 4 FDD<\/td>\n<\/tr>\n<tr>\n<td colspan=\"2\">Podr\u0161ka za 1.4MHZ-20MHZ RF propusni opseg UL podr\u0161ka za MIMO<\/td>\n<\/tr>\n<tr>\n<td colspan=\"2\">LTD-FDD: DL 150Mbps(MAX)\/ UL 50Mbps(MAX)<\/td>\n<\/tr>\n<tr>\n<td rowspan=\"4\">LTE Frequency BandsEU verzija<\/td>\n<td colspan=\"2\">LTE-FDD: B1\/B3\/B7\/B8\/B20\/B28A<\/td>\n<\/tr>\n<tr>\n<td colspan=\"2\">LTE-TDD: B38\/B40\/B41<\/td>\n<\/tr>\n<tr>\n<td colspan=\"2\">WCDMA: B1\/B8<\/td>\n<\/tr>\n<tr>\n<td colspan=\"2\">GSM\/EDGE: B3\/B8<\/td>\n<\/tr>\n<tr>\n<td rowspan=\"2\">LTE frekventni opseg US verzija<\/td>\n<td colspan=\"2\">LTE-FDD: B2\/B4\/B5\/B12\/B13\/B14\/B66\/B71<\/td>\n<\/tr>\n<tr>\n<td colspan=\"2\">WCDMA: B2\/B4\/B5<\/td>\n<\/tr>\n<tr>\n<td rowspan=\"30\">Softverska funkcija<\/td>\n<td width=\"152\">Na\u010din pristupa<\/td>\n<td>Na\u010din usmjeriva\u010da<\/td>\n<\/tr>\n<tr>\n<td rowspan=\"9\">Osnovna postavka<\/td>\n<td>WAN postavka<\/td>\n<\/tr>\n<tr>\n<td>LAN postavka<\/td>\n<\/tr>\n<tr>\n<td>Mac klon<\/td>\n<\/tr>\n<tr>\n<td>DNS<\/td>\n<\/tr>\n<tr>\n<td>2.4G WiFi pode\u0161avanje<\/td>\n<\/tr>\n<tr>\n<td>2.4G pode\u0161avanje mre\u017ee gostiju<\/td>\n<\/tr>\n<tr>\n<td>2.4G pode\u0161avanje kanala<\/td>\n<\/tr>\n<tr>\n<td>2.4G pode\u0161avanje ja\u010dine signala<\/td>\n<\/tr>\n<tr>\n<td>2.4G optimizacija kanala<\/td>\n<\/tr>\n<tr>\n<td rowspan=\"12\">Unaprijed postavljanje<\/td>\n<td>Postavljanje crne liste<\/td>\n<\/tr>\n<tr>\n<td>Lista vezivanja<\/td>\n<\/tr>\n<tr>\n<td>WIFI vrijeme isklju\u010deno<\/td>\n<\/tr>\n<tr>\n<td>Web crna lista<\/td>\n<\/tr>\n<tr>\n<td>Modificiraj administratorsku lozinku<\/td>\n<\/tr>\n<tr>\n<td>Vrijeme osvjetljenja panela isklju\u010deno<\/td>\n<\/tr>\n<tr>\n<td>QoS<\/td>\n<\/tr>\n<tr>\n<td>Stati\u010dko vezivanje<\/td>\n<\/tr>\n<tr>\n<td>Zabranjena veza<\/td>\n<\/tr>\n<tr>\n<td>Obnovi na zadanu postavku<\/td>\n<\/tr>\n<tr>\n<td>Ponovo pokrenite usmjeriva\u010d<\/td>\n<\/tr>\n<tr>\n<td>Nadogradnja firmvera<\/td>\n<\/tr>\n<tr>\n<td rowspan=\"8\">Funkcionalnije<\/td>\n<td>Web menad\u017ement<\/td>\n<\/tr>\n<tr>\n<td>L2TP klijent<\/td>\n<\/tr>\n<tr>\n<td>PPTP klijent<\/td>\n<\/tr>\n<tr>\n<td>UPNP<\/td>\n<\/tr>\n<tr>\n<td>DMZ<\/td>\n<\/tr>\n<tr>\n<td>Upravljanje udaljenim webom<\/td>\n<\/tr>\n<tr>\n<td>Proslje\u0111ivanje priklju\u010dka<\/td>\n<\/tr>\n<tr>\n<td>Dijagnoza mre\u017ene gre\u0161ke (web)<\/td>\n<\/tr>\n<tr>\n<td>Radna temperatura<\/td>\n<td colspan=\"2\">0\u00b0C~40\u00b0C<\/td>\n<\/tr>\n<tr>\n<td>Temperatura skladi\u0161tenja<\/td>\n<td colspan=\"2\">-20\u00b0C ~ 70\u00b0C<\/td>\n<\/tr>\n<tr>\n<td>Radna vla\u017enost<\/td>\n<td colspan=\"2\">5% ~ 95% (tipi\u010dno)<\/td>\n<\/tr>\n<tr>\n<td>Mo\u0107<\/td>\n<td colspan=\"2\">12V\/1A evropski standard<\/td>\n<\/tr>\n<\/tbody>\n<\/table>\n<p>&nbsp;<\/p>\n","protected":false},"featured_media":8107,"comment_status":"open","ping_status":"closed","template":"","meta":{"_mi_skip_tracking":false,"_exactmetrics_sitenote_active":false,"_exactmetrics_sitenote_note":"","_exactmetrics_sitenote_category":0,"spay_email":""},"product_cat":[5858],"product_tag":[5861,5864,5859,5862,5860,5863],"brands":[{"id":5831,"name":"Cudy","slug":"cudy"}],"df_price":196,"df_sale_price":"","df_regular_price":196,"df_image_link":"https:\/\/i2.wp.com\/astehshop.com\/wp-content\/uploads\/2023\/08\/lt400.jpg?fit=450%2C423","jetpack_publicize_connections":[],"jetpack_sharing_enabled":true,"jetpack_likes_enabled":true,"jetpack-related-posts":[{"id":12167,"url":"http:\/\/astehshop.com\/index.php\/product\/4g-ruter-router-cudy-lt300-n300-4g-lte-cat4-vpn\/","url_meta":{"origin":8105,"position":0},"title":"4G ruter router Cudy LT300, N300, 4G, LTE, Cat4, VPN","date":"9. sije\u010dnja 2026.","format":false,"excerpt":"Umetnite SIM karticu i odmah se pove\u017eite na internet. Novi LT300 opremljen je USB-C priklju\u010dkom za napajanje koji podr\u017eava standardno USB napajanje, \u0161to omogu\u0107uje fleksibilniju upotrebu. Uz ugra\u0111eni Wi-Fi brzine 300 Mbps i automatsko prebacivanje izme\u0111u mobilne i WAN veze, idealan je za dom, trgovine, male urede, poslovna putovanja, putovanja\u2026","rel":"","context":"Srodne objave","img":{"alt_text":"","src":"https:\/\/i1.wp.com\/astehshop.com\/wp-content\/uploads\/2026\/01\/Wi-Fi-router-Cudy-LT300-N300-4G-LTE-Cat4-VPN.png?fit=800%2C800&resize=350%2C200","width":350,"height":200},"classes":[]},{"id":8393,"url":"http:\/\/astehshop.com\/index.php\/product\/tp-link-m7350-4g-lte-mobile-wi-fi-router\/","url_meta":{"origin":8105,"position":1},"title":"TP-Link M7350 4G LTE Mobile Wi-Fi Router","date":"21. listopada 2023.","format":false,"excerpt":"4G LTE supported with up to 150 Mbps download and 50 Mbps upload speeds; Supports up to 10 devices simultaneously; All useful information at a glance with screen display 2000mAh battery for up to 8 hours of working; Equipped with a micro SD card slot for up to 32GB of\u2026","rel":"","context":"Srodne objave","img":{"alt_text":"","src":"https:\/\/i2.wp.com\/astehshop.com\/wp-content\/uploads\/2023\/10\/27103-TP-Link-MR7350-4G-LTE-Mobile-Wi-Fi-Router-1.jpg?fit=450%2C450&resize=350%2C200","width":350,"height":200},"classes":[]},{"id":8110,"url":"http:\/\/astehshop.com\/index.php\/product\/cudy-4g-lte-ac1200-dual-band-wi-fi-router-model-lt500\/","url_meta":{"origin":8105,"position":2},"title":"Cudy 4G LTE AC1200 Dual Band Wi-Fi Router, Model: LT500","date":"24. kolovoza 2023.","format":false,"excerpt":"4G LTE AC1200 Dual Band Wi-Fi Router, Model: LT500 Do 150 \/ 50 Mbps LTE brzine AC1200 Wi-Fi za lak\u0161e iskustvo PPTP\/L2TP\/OpenVPN\/WireGuard\/IPsec\/Zerotier VPN Fleksibilni WAN\/LAN port za dvostruku povezanost Kompatibilan sa 15+ DDNS provajdera DNS preko Cloudflare\/NextDNS\/Google \u00a0 \u00a0 FDD + TDD Podr\u017eava FDD i TDD, zadovoljava potrebe razli\u010ditih ISP\u2026","rel":"","context":"Srodne objave","img":{"alt_text":"","src":"https:\/\/i0.wp.com\/astehshop.com\/wp-content\/uploads\/2023\/08\/Ruter-prednja-strana.jpg?fit=1200%2C1170&resize=350%2C200","width":350,"height":200},"classes":[]},{"id":8114,"url":"http:\/\/astehshop.com\/index.php\/product\/cudy-4g-lte-cat-18-ax1800-wi-fi-6-router-model-lt18\/","url_meta":{"origin":8105,"position":3},"title":"Cudy 4G LTE Cat. 18 AX1800 Wi-Fi 6 Router, Model: LT18","date":"24. kolovoza 2023.","format":false,"excerpt":"4G LTE cat18 AX1800 Wi-Fi 6 Router, Model: LT18 4G LTE-Advanced Cat.18, Max 1.2 Gbps download Br\u017ei 4G sa 4\u00d74 MIMO i DL 5CA tehnologijama Super brzi AX1800 Wi-Fi 6 Dual Nano SIM slotovi za kartice 4\u00d7 gigabitni portovi 4\u00d7 odvojive mobilne antene 2\u00d7 fiksne WiFi antene DNS enkripcija sa\u2026","rel":"","context":"Srodne objave","img":{"alt_text":"","src":"https:\/\/i2.wp.com\/astehshop.com\/wp-content\/uploads\/2023\/08\/Ruter-prednja-strana-1.jpg?fit=1200%2C1114&resize=350%2C200","width":350,"height":200},"classes":[]},{"id":8117,"url":"http:\/\/astehshop.com\/index.php\/product\/cudy-outdoor-4g-cat-4-n300-wi-fi-router-model-lt400-outdoor\/","url_meta":{"origin":8105,"position":4},"title":"Cudy Outdoor 4G Cat 4 N300 Wi-Fi Router, Model: LT400 Outdoor","date":"24. kolovoza 2023.","format":false,"excerpt":"Vanjski 4G Cat 4 N300 Wi-Fi usmjeriva\u010d, model: LT400 Outdoor LTE FDD\/TDD Cat 4 N300 Wi-Fi 1\u00d7 10\/100Mbps WAN\/LAN Nano SIM Slot 24V pasivni poE 2\u00d7 unutra\u0161nje WiFi antene + 2\u00d7 odvojive 4G antene VPN i DDNS IP65 WaterProof \u00a0 Pretvorite 4G u N300 Wi-Fi Sa 4G Cat.4 standardima, LT400\u2026","rel":"","context":"Srodne objave","img":{"alt_text":"","src":"https:\/\/i2.wp.com\/astehshop.com\/wp-content\/uploads\/2023\/08\/Prednja-strana.png?fit=1200%2C1146&resize=350%2C200","width":350,"height":200},"classes":[]},{"id":8120,"url":"http:\/\/astehshop.com\/index.php\/product\/cudy-outdoor-4g-cat-4-ac1200-wi-fi-router-model-lt500-outdoor\/","url_meta":{"origin":8105,"position":5},"title":"Cudy Outdoor 4G Cat 4 AC1200 Wi-Fi Router, Model: LT500 Outdoor","date":"24. kolovoza 2023.","format":false,"excerpt":"Outdoor 4G Cat 4 AC1200 Wi-Fi Router, Model: LT500 Outdoor LTE FDD\/TDD Cat 4 AC1200 Wi-Fi 1\u00d7 10\/100 Mbps WAN\/LAN Nano SIM Slot 24 V pasivni poE 2\u00d7 unutra\u0161nje WiFi antene + 2\u00d7 odvojive 4G antene VPN i DDNS IP65 WaterProof \u00a0 Pretvorite 4G u brzi AC1200 Wi-Fi Sa 4G,\u2026","rel":"","context":"Srodne objave","img":{"alt_text":"","src":"https:\/\/i2.wp.com\/astehshop.com\/wp-content\/uploads\/2023\/08\/Sadrzaj-pakovanja.png?fit=1200%2C1117&resize=350%2C200","width":350,"height":200},"classes":[]}],"_links":{"self":[{"href":"http:\/\/astehshop.com\/index.php\/wp-json\/wp\/v2\/product\/8105"}],"collection":[{"href":"http:\/\/astehshop.com\/index.php\/wp-json\/wp\/v2\/product"}],"about":[{"href":"http:\/\/astehshop.com\/index.php\/wp-json\/wp\/v2\/types\/product"}],"replies":[{"embeddable":true,"href":"http:\/\/astehshop.com\/index.php\/wp-json\/wp\/v2\/comments?post=8105"}],"wp:featuredmedia":[{"embeddable":true,"href":"http:\/\/astehshop.com\/index.php\/wp-json\/wp\/v2\/media\/8107"}],"wp:attachment":[{"href":"http:\/\/astehshop.com\/index.php\/wp-json\/wp\/v2\/media?parent=8105"}],"wp:term":[{"taxonomy":"product_cat","embeddable":true,"href":"http:\/\/astehshop.com\/index.php\/wp-json\/wp\/v2\/product_cat?post=8105"},{"taxonomy":"product_tag","embeddable":true,"href":"http:\/\/astehshop.com\/index.php\/wp-json\/wp\/v2\/product_tag?post=8105"}],"curies":[{"name":"wp","href":"https:\/\/api.w.org\/{rel}","templated":true}]}}