{"id":8095,"date":"2023-08-24T19:09:24","date_gmt":"2023-08-24T17:09:24","guid":{"rendered":"http:\/\/astehshop.com\/?post_type=product&#038;p=8095"},"modified":"2023-08-24T19:09:24","modified_gmt":"2023-08-24T17:09:24","slug":"cudy-ax1800-whole-home-mesh-wifi-system-m1800","status":"publish","type":"product","link":"http:\/\/astehshop.com\/index.php\/product\/cudy-ax1800-whole-home-mesh-wifi-system-m1800\/","title":{"rendered":"Cudy AX1800 Whole Home Mesh WiFi System M1800"},"content":{"rendered":"<p>AX1800 Whole Home Mesh Wi-Fi System, Model: M1800<\/p>\n<ul>\n<li>AX1800 Mesh Wi-Fi 6 Solution<\/li>\n<li>1201Mbps on 5GHz and 574Mbps on 2.4GHz<\/li>\n<li>Seamless Roaming, Whole Home Coverage<\/li>\n<li>2 Gigabit Ethernet Ports + 4 Internal Antennas<\/li>\n<li>MU-MIMO, Beamforming, WPA3<\/li>\n<li>PPTP\/L2TP\/OpenVPN\/WireGuard\/IPSec\/Zerotier<\/li>\n<li>Compatible with 15+ DDNS providers<\/li>\n<\/ul>\n<p>Pove\u017eite do 100 ure\u0111aja<br \/>\n3x High-speed Downloading<br \/>\n5x 4K stream<br \/>\n15x IP kamera stream<br \/>\n20x 720P stream<br \/>\n25x Smart Home ure\u0111aja<br \/>\n30x Web Browsing<\/p>\n<p>&nbsp;<\/p>\n<p>Radite i igrajte sigurno<br \/>\nSa ugra\u0111enim PPTP\/L2TP\/OpenVPN\/WireGuard VPN Klijent, ovaj ruter mo\u017ee lako uspostaviti vezu s VPN serverom za prijenos svih va\u0161ih podataka i prometa na mre\u017ei, a vi mo\u017eete konfigurirati da ga istovremeno osigurate enkripcijom i DNS-om preko TLS-a.<\/p>\n<p>&nbsp;<\/p>\n<p>Recite zbogom mrtvim ta\u010dkama i buffering-u<\/p>\n<p>Cudy besprijekorno povezuje cijeli va\u0161 dom s pouzdanim Wi-Fi signalom. Kona\u010dno mo\u017eete stream-ovati, surfovati i igrati s bilo kojeg mjesta.<\/p>\n<p>&nbsp;<\/p>\n<p>&nbsp;<\/p>\n<p>&nbsp;<\/p>\n<p>&nbsp;<\/p>\n<p>&nbsp;<\/p>\n<p>&nbsp;<\/p>\n<p>&nbsp;<\/p>\n<p>&nbsp;<\/p>\n<p><strong>SPECIFIKACIJE<\/strong><\/p>\n<ul>\n<li>Procesor: Dual-Core Procesor<\/li>\n<li>Flash: 128Mbit (16MB)<\/li>\n<li>DDR: 2Gbit (256MB)<\/li>\n<li>Antena: 4x Omni-Directional antena<\/li>\n<li>Interfejs:\n<ul>\n<li>1 x 10\/100\/1000 Mbps WAN Port<\/li>\n<li>1x 10\/100\/1000 Mbps LAN Port<\/li>\n<\/ul>\n<\/li>\n<li>Dugme: Uparivanje, Reset dugme<\/li>\n<li>Napajanje: 12V\/1A<\/li>\n<li>Wireless Standard:\n<ul>\n<li>IEEE 802.11ax\/ac\/n\/a 5GHz<\/li>\n<li>IEEE 802.11ax\/n\/b\/g 2.4 GHz<\/li>\n<\/ul>\n<\/li>\n<li>Brzina signala:\n<ul>\n<li>1201Mbps (5GHz), 574Mbps (2.4GHz)<\/li>\n<li>Kompatibilan sa 802.11a\/b\/g\/n\/ac\/axWi-Fi standardima<\/li>\n<\/ul>\n<\/li>\n<li>Prijenosna snaga:\n<ul>\n<li>CE: &lt;20dBm (2.4GHz), &lt;23dBm (5.15GHz~5.25GHz)<\/li>\n<li>FCC: &lt;30dBm (2.4GHz &amp; 5.15GHz~5.825GHz)<\/li>\n<\/ul>\n<\/li>\n<li>Wireless Mode: Uklju\u010deno\/Isklju\u010deno Wireless Radio, WMM<\/li>\n<li>Wireless Sigurnost: WEP, WPA\/WPA2, WPA-PSK\/WPA2-PSK, WPA3<\/li>\n<li>WAN: Dinami\u010dka IP\/ Stati\u010dka IP\/ PPPoE<\/li>\n<li>Menad\u017ement: Roditeljska kontrola, Guest mre\u017ea<\/li>\n<li>DHCP: Server, DHCP Client List, Address Reservation<\/li>\n<li>Dinami\u010dki DNS: kompatibilan sa 15 DDNS provajdera<\/li>\n<li>Guest mre\u017ea: 1x 2.4GHz \/ 1x 5GHz<\/li>\n<li>NAT: Port forwarding, Port Triggering, UPnP, DMZ<\/li>\n<li>VPN klijent: PPTP\/L2TP\/OpenVPN\/WireGuard<\/li>\n<li>Sadr\u017eaj pakovanja:\n<ul>\n<li>AX1800 Wi-Fi 6 Mesh Ruter<\/li>\n<li>Napojni adapter<\/li>\n<li>RJ45 Ethernet kabal<\/li>\n<li>Uputstvo<\/li>\n<\/ul>\n<\/li>\n<li>Sistemski zahtjevi:\n<ul>\n<li>Microsoft Windows 98SE\/NT\/2000\/XP\/Vista&#x2122;\/7\/8\/8.1\/10, MAC OS,<br \/>\nNetWare, UNIX ili Linux<\/li>\n<li>Firefox 12.0, Chrome 20.0, Safari 4.0,<br \/>\nili drugi Java-enabled browser<\/li>\n<li>Kabal ili DSL modem<\/li>\n<\/ul>\n<\/li>\n<\/ul>\n<p>&nbsp;<\/p>\n<p>&nbsp;<\/p>\n","protected":false},"excerpt":{"rendered":"<p>AX1800 Whole Home Mesh Wi-Fi System, Model: M1800<\/p>\n<ul>\n<li>AX1800 Mesh Wi-Fi 6 Solution<\/li>\n<li>1201Mbps on 5GHz and 574Mbps on 2.4GHz<\/li>\n<li>Seamless Roaming, Whole Home Coverage<\/li>\n<li>2 Gigabit Ethernet Ports + 4 Internal Antennas<\/li>\n<li>MU-MIMO, Beamforming, WPA3<\/li>\n<li>PPTP\/L2TP\/OpenVPN\/WireGuard\/IPSec\/Zerotier<\/li>\n<li>Compatible with 15+ DDNS providers<\/li>\n<\/ul>\n<p>Pove\u017eite do 100 ure\u0111aja<br \/>\n3x High-speed Downloading<br \/>\n5x 4K stream<br \/>\n15x IP kamera stream<br \/>\n20x 720P stream<br \/>\n25x Smart Home ure\u0111aja<br \/>\n30x Web Browsing<\/p>\n<p>&nbsp;<\/p>\n<p>Radite i igrajte sigurno<br \/>\nSa ugra\u0111enim PPTP\/L2TP\/OpenVPN\/WireGuard VPN Klijent, ovaj ruter mo\u017ee lako uspostaviti vezu s VPN serverom za prijenos svih va\u0161ih podataka i prometa na mre\u017ei, a vi mo\u017eete konfigurirati da ga istovremeno osigurate enkripcijom i DNS-om preko TLS-a.<\/p>\n<p>&nbsp;<\/p>\n<p>Recite zbogom mrtvim ta\u010dkama i buffering-u<\/p>\n<p>Cudy besprijekorno povezuje cijeli va\u0161 dom s pouzdanim Wi-Fi signalom. Kona\u010dno mo\u017eete stream-ovati, surfovati i igrati s bilo kojeg mjesta.<\/p>\n<p>&nbsp;<\/p>\n<p>&nbsp;<\/p>\n<p>&nbsp;<\/p>\n<p>&nbsp;<\/p>\n<p>&nbsp;<\/p>\n<p>&nbsp;<\/p>\n<p>&nbsp;<\/p>\n<p>&nbsp;<\/p>\n<p><strong>SPECIFIKACIJE<\/strong><\/p>\n<ul>\n<li>Procesor: Dual-Core Procesor<\/li>\n<li>Flash: 128Mbit (16MB)<\/li>\n<li>DDR: 2Gbit (256MB)<\/li>\n<li>Antena: 4x Omni-Directional antena<\/li>\n<li>Interfejs:\n<ul>\n<li>1 x 10\/100\/1000 Mbps WAN Port<\/li>\n<li>1x 10\/100\/1000 Mbps LAN Port<\/li>\n<\/ul>\n<\/li>\n<li>Dugme: Uparivanje, Reset dugme<\/li>\n<li>Napajanje: 12V\/1A<\/li>\n<li>Wireless Standard:\n<ul>\n<li>IEEE 802.11ax\/ac\/n\/a 5GHz<\/li>\n<li>IEEE 802.11ax\/n\/b\/g 2.4 GHz<\/li>\n<\/ul>\n<\/li>\n<li>Brzina signala:\n<ul>\n<li>1201Mbps (5GHz), 574Mbps (2.4GHz)<\/li>\n<li>Kompatibilan sa 802.11a\/b\/g\/n\/ac\/axWi-Fi standardima<\/li>\n<\/ul>\n<\/li>\n<li>Prijenosna snaga:\n<ul>\n<li>CE: &lt;20dBm (2.4GHz), &lt;23dBm (5.15GHz~5.25GHz)<\/li>\n<li>FCC: &lt;30dBm (2.4GHz &amp; 5.15GHz~5.825GHz)<\/li>\n<\/ul>\n<\/li>\n<li>Wireless Mode: Uklju\u010deno\/Isklju\u010deno Wireless Radio, WMM<\/li>\n<li>Wireless Sigurnost: WEP, WPA\/WPA2, WPA-PSK\/WPA2-PSK, WPA3<\/li>\n<li>WAN: Dinami\u010dka IP\/ Stati\u010dka IP\/ PPPoE<\/li>\n<li>Menad\u017ement: Roditeljska kontrola, Guest mre\u017ea<\/li>\n<li>DHCP: Server, DHCP Client List, Address Reservation<\/li>\n<li>Dinami\u010dki DNS: kompatibilan sa 15 DDNS provajdera<\/li>\n<li>Guest mre\u017ea: 1x 2.4GHz \/ 1x 5GHz<\/li>\n<li>NAT: Port forwarding, Port Triggering, UPnP, DMZ<\/li>\n<li>VPN klijent: PPTP\/L2TP\/OpenVPN\/WireGuard<\/li>\n<li>Sadr\u017eaj pakovanja:\n<ul>\n<li>AX1800 Wi-Fi 6 Mesh Ruter<\/li>\n<li>Napojni adapter<\/li>\n<li>RJ45 Ethernet kabal<\/li>\n<li>Uputstvo<\/li>\n<\/ul>\n<\/li>\n<li>Sistemski zahtjevi:\n<ul>\n<li>Microsoft Windows 98SE\/NT\/2000\/XP\/Vista&#x2122;\/7\/8\/8.1\/10, MAC OS,<br \/>\nNetWare, UNIX ili Linux<\/li>\n<li>Firefox 12.0, Chrome 20.0, Safari 4.0,<br \/>\nili drugi Java-enabled browser<\/li>\n<li>Kabal ili DSL modem<\/li>\n<\/ul>\n<\/li>\n<\/ul>\n<p>&nbsp;<\/p>\n<p>&nbsp;<\/p>\n","protected":false},"featured_media":8096,"comment_status":"open","ping_status":"closed","template":"","meta":{"_mi_skip_tracking":false,"_exactmetrics_sitenote_active":false,"_exactmetrics_sitenote_note":"","_exactmetrics_sitenote_category":0,"spay_email":""},"product_cat":[5830],"product_tag":[5847,5849,5848,5850],"brands":[{"id":5831,"name":"Cudy","slug":"cudy"}],"df_price":177,"df_sale_price":"","df_regular_price":177,"df_image_link":"https:\/\/i0.wp.com\/astehshop.com\/wp-content\/uploads\/2023\/08\/m1800.jpg?fit=450%2C450","jetpack_publicize_connections":[],"jetpack_sharing_enabled":true,"jetpack_likes_enabled":true,"jetpack-related-posts":[{"id":8092,"url":"http:\/\/astehshop.com\/index.php\/product\/cudy-ac1200-dual-band-whole-home-wi-fi-mesh-m1200\/","url_meta":{"origin":8095,"position":0},"title":"Cudy AC1200 Dual Band Whole Home Wi-Fi Mesh M1200","date":"24. kolovoza 2023.","format":false,"excerpt":"AC1200 Dual Band Whole Home Wi-Fi Mesh System, Model: M1200 AC1200 Mesh Wi-Fi Solution \u25cf 867Mbps on 5GHz and 300Mbps on 2.4GHz \u25cf Seamless Roaming, Whole Home Coverage \u25cf 10\/100Mbps Ethernet Ports + 2 Internal Antennas \u25cf PPTP\/L2TP\/OpenVPN\/WireGuard\/IPSec\/Zerotier Pove\u017eite do 100 ure\u0111aja 3x High-speed Downloading 5x 4K stream 15x IP\u2026","rel":"","context":"Srodne objave","img":{"alt_text":"","src":"https:\/\/i0.wp.com\/astehshop.com\/wp-content\/uploads\/2023\/08\/m1200.jpg?fit=1184%2C1200&resize=350%2C200","width":350,"height":200},"classes":[]},{"id":8089,"url":"http:\/\/astehshop.com\/index.php\/product\/cudy-ax1800-gigabit-wi-fi-6-mesh-router-model-x6\/","url_meta":{"origin":8095,"position":1},"title":"Cudy AX1800 Gigabit Wi-Fi 6 Mesh Router, Model: X6","date":"24. kolovoza 2023.","format":false,"excerpt":"AX1800 Gigabit Wi-Fi 6 Mesh Ruter,\u00a0 Model: X6 Super-Fast AX1800 Wi-Fi 6 \u25cf Powerful Dual-Core CPU \u25cf 5\u00d7 Gigabit Ports \u25cf 4\u00d7 Fixed Omni-Directional Antennas \u25cf VPN Server and Client \u25cf DDNS \u25cf Cudy Mesh 1.5x ve\u0107a brzina U pore\u0111enju sa Wi-Fi 5, Cudy AX1800 Wi-Fi 6 ruter donosi 90%\u2026","rel":"","context":"Srodne objave","img":{"alt_text":"","src":"https:\/\/i2.wp.com\/astehshop.com\/wp-content\/uploads\/2023\/08\/x6.jpg?fit=1200%2C1134&resize=350%2C200","width":350,"height":200},"classes":[]},{"id":8084,"url":"http:\/\/astehshop.com\/index.php\/product\/cudy-ac1200-wi-fi-ruter-model-wr1200\/","url_meta":{"origin":8095,"position":2},"title":"Cudy AC1200 Wi-Fi Ruter, Model: WR1200","date":"24. kolovoza 2023.","format":false,"excerpt":"WR1200\u00a0 AC1200 Wi-Fi Router 5\u00d7 10\/100 Mbps Ethernet Ports \u25cf 4\u00d7 5 dBi High-Gain Antennas \u25cf SPI Firewall \u25cf Guest Network \u25cf PPTP\/L2TP VPN Client \u25cf Multi-Mode: Router\/AP\/RE\/WISP Nadogradnja sljede\u0107e generacije Wi-Fi Sa wirelees brzinom do 1.2Gbps, Cudy WR1200 vam pru\u017ea bolje iskustvo za online igre, gledanje va\u0161ih omiljenih video\u2026","rel":"","context":"Srodne objave","img":{"alt_text":"","src":"https:\/\/i1.wp.com\/astehshop.com\/wp-content\/uploads\/2023\/08\/WR1200.jpg?fit=1200%2C1099&resize=350%2C200","width":350,"height":200},"classes":[]},{"id":8110,"url":"http:\/\/astehshop.com\/index.php\/product\/cudy-4g-lte-ac1200-dual-band-wi-fi-router-model-lt500\/","url_meta":{"origin":8095,"position":3},"title":"Cudy 4G LTE AC1200 Dual Band Wi-Fi Router, Model: LT500","date":"24. kolovoza 2023.","format":false,"excerpt":"4G LTE AC1200 Dual Band Wi-Fi Router, Model: LT500 Do 150 \/ 50 Mbps LTE brzine AC1200 Wi-Fi za lak\u0161e iskustvo PPTP\/L2TP\/OpenVPN\/WireGuard\/IPsec\/Zerotier VPN Fleksibilni WAN\/LAN port za dvostruku povezanost Kompatibilan sa 15+ DDNS provajdera DNS preko Cloudflare\/NextDNS\/Google \u00a0 \u00a0 FDD + TDD Podr\u017eava FDD i TDD, zadovoljava potrebe razli\u010ditih ISP\u2026","rel":"","context":"Srodne objave","img":{"alt_text":"","src":"https:\/\/i0.wp.com\/astehshop.com\/wp-content\/uploads\/2023\/08\/Ruter-prednja-strana.jpg?fit=1200%2C1170&resize=350%2C200","width":350,"height":200},"classes":[]},{"id":8114,"url":"http:\/\/astehshop.com\/index.php\/product\/cudy-4g-lte-cat-18-ax1800-wi-fi-6-router-model-lt18\/","url_meta":{"origin":8095,"position":4},"title":"Cudy 4G LTE Cat. 18 AX1800 Wi-Fi 6 Router, Model: LT18","date":"24. kolovoza 2023.","format":false,"excerpt":"4G LTE cat18 AX1800 Wi-Fi 6 Router, Model: LT18 4G LTE-Advanced Cat.18, Max 1.2 Gbps download Br\u017ei 4G sa 4\u00d74 MIMO i DL 5CA tehnologijama Super brzi AX1800 Wi-Fi 6 Dual Nano SIM slotovi za kartice 4\u00d7 gigabitni portovi 4\u00d7 odvojive mobilne antene 2\u00d7 fiksne WiFi antene DNS enkripcija sa\u2026","rel":"","context":"Srodne objave","img":{"alt_text":"","src":"https:\/\/i2.wp.com\/astehshop.com\/wp-content\/uploads\/2023\/08\/Ruter-prednja-strana-1.jpg?fit=1200%2C1114&resize=350%2C200","width":350,"height":200},"classes":[]},{"id":8086,"url":"http:\/\/astehshop.com\/index.php\/product\/ac1200-gigabit-wi-fi-mesh-router-model-wr1300\/","url_meta":{"origin":8095,"position":5},"title":"AC1200 Gigabit Wi-Fi Mesh Router, Model: WR1300","date":"24. kolovoza 2023.","format":false,"excerpt":"WR1300 Cudy AC1200 Gigabit Wi-Fi Mesh Ruter \u00a0 AC1200 Dual Band Wi-Fi \u25cf High-Performance Dual-Core CPU \u25cf 16 MB Flash and 128 MB DDR3 \u25cf 5\u00d7 Gigabit Ethernet Ports \u25cf 4\u00d7 5 dBi High-Gain Antennas \u25cf VPN Server and Client \u25cf 5-IN-1 Multi-Mode: Router\/Mesh\/Repeater\/WISP\/Access Point Istovremeni dvopojasni Wi-Fi 2.4 GHz\u2026","rel":"","context":"Srodne objave","img":{"alt_text":"","src":"https:\/\/i1.wp.com\/astehshop.com\/wp-content\/uploads\/2023\/08\/wr1300.jpg?fit=1200%2C1131&resize=350%2C200","width":350,"height":200},"classes":[]}],"_links":{"self":[{"href":"http:\/\/astehshop.com\/index.php\/wp-json\/wp\/v2\/product\/8095"}],"collection":[{"href":"http:\/\/astehshop.com\/index.php\/wp-json\/wp\/v2\/product"}],"about":[{"href":"http:\/\/astehshop.com\/index.php\/wp-json\/wp\/v2\/types\/product"}],"replies":[{"embeddable":true,"href":"http:\/\/astehshop.com\/index.php\/wp-json\/wp\/v2\/comments?post=8095"}],"wp:featuredmedia":[{"embeddable":true,"href":"http:\/\/astehshop.com\/index.php\/wp-json\/wp\/v2\/media\/8096"}],"wp:attachment":[{"href":"http:\/\/astehshop.com\/index.php\/wp-json\/wp\/v2\/media?parent=8095"}],"wp:term":[{"taxonomy":"product_cat","embeddable":true,"href":"http:\/\/astehshop.com\/index.php\/wp-json\/wp\/v2\/product_cat?post=8095"},{"taxonomy":"product_tag","embeddable":true,"href":"http:\/\/astehshop.com\/index.php\/wp-json\/wp\/v2\/product_tag?post=8095"}],"curies":[{"name":"wp","href":"https:\/\/api.w.org\/{rel}","templated":true}]}}