{"id":8089,"date":"2023-08-24T18:57:42","date_gmt":"2023-08-24T16:57:42","guid":{"rendered":"http:\/\/astehshop.com\/?post_type=product&#038;p=8089"},"modified":"2023-08-24T18:57:43","modified_gmt":"2023-08-24T16:57:43","slug":"cudy-ax1800-gigabit-wi-fi-6-mesh-router-model-x6","status":"publish","type":"product","link":"http:\/\/astehshop.com\/index.php\/product\/cudy-ax1800-gigabit-wi-fi-6-mesh-router-model-x6\/","title":{"rendered":"Cudy AX1800 Gigabit Wi-Fi 6 Mesh Router, Model: X6"},"content":{"rendered":"<p><strong>AX1800 Gigabit Wi-Fi 6 Mesh Ruter,\u00a0 Model: X6<\/strong><\/p>\n<ul>\n<li>\nSuper-Fast AX1800 Wi-Fi 6<br \/>\n\u25cf Powerful Dual-Core CPU<br \/>\n\u25cf 5\u00d7 Gigabit Ports<br \/>\n\u25cf 4\u00d7 Fixed Omni-Directional Antennas<br \/>\n\u25cf VPN Server and Client<br \/>\n\u25cf DDNS<br \/>\n\u25cf Cudy Mesh<\/li>\n<\/ul>\n<p><strong>1.5x ve\u0107a brzina<\/strong><\/p>\n<p>U pore\u0111enju sa Wi-Fi 5, Cudy AX1800 Wi-Fi 6 ruter donosi 90% pove\u0107anje brzine na 2,4GHz i 40% pove\u0107anje brzine na opsegu od 5GHz. Sa tako zna\u010dajnim pove\u0107anjem brzine, ne\u0107e biti razlike izme\u0111u Wi-Fi veze i \u017ei\u010danog pristupa.<\/p>\n<p><strong>Povezivanje 60+ ure\u0111aja<\/strong><\/p>\n<p>Lako upravljajte desetinama ure\u0111aja za strimovanje i igranje igara u isto vrijeme uz Wi-Fi 6 OFDMA tehnologiju, omogu\u0107avaju\u0107i va\u0161em Wi-Fi da pove\u017ee vi\u0161e ure\u0111aja u odnosu na Wi-Fi 5 ruter.<\/p>\n<p><strong>75% manja latencija<\/strong><\/p>\n<p>Isporu\u010dite sna\u017ean kontinuiran Wi-Fi signal, posti\u017eu\u0107i 1,5x ve\u0107i kapacitet od standardnog AC Wi-Fi.<br \/>\nOFDMA tehnologija smanjuje ka\u0161njenje do 75%, osigurava responzivno igranje igara u realnom vremenu i bolje iskustvo.<\/p>\n<p><strong>Boost Coverage<\/strong><\/p>\n<p>\u0160ta vas najvi\u0161e mu\u010di kada koristite Wi-Fi mre\u017eu?<br \/>\nOgrani\u010dena pokrivenost, nestabilan signal i dugotrajno baferovanje su odgovori za ve\u0107inu ljudi.<br \/>\nOpremljen nezavisnim Front-End modulom i \u010detiri antene sa visokim poja\u010danjem, Cudy AX1800 Wi-Fi 6 ruter efektivno pove\u0107ava ja\u010dinu Wi-Fi signala i zna\u010dajno pobolj\u0161ava pokrivenst.<\/p>\n<p><strong>Minimizirajte smetnje<\/strong><\/p>\n<p>Smetnje be\u017ei\u010dnih mre\u017ea va\u0161ih kom\u0161ija mogu uzrokovati probleme sa va\u0161im be\u017ei\u010dnim signalom.<br \/>\nCudy BSS Color tehnologija vrlo dobro rje\u0161ava ovaj problem.<br \/>\nOzna\u010dava okvire iz okolnih mre\u017ea tako da ih va\u0161 ruter mo\u017ee prepoznati i ignorirati.<\/p>\n<p><strong>Backwards Compatibile<br \/>\n<\/strong>Potpuno otklju\u010dajte potencijal svojih Wi-Fi 6 ure\u0111aja i backward kompatibilnost sa postoje\u0107im 802.11ac\/a\/b\/g\/n ure\u0111ajima. Ukoliko va\u0161i ure\u0111aji ne podr\u017eavaju Wi-Fi 6 tehnologiju bez brige, sistem je kompatibilan i sa postoje\u0107im WiFi ure\u0111ajima.<\/p>\n<p><strong>WPA3 sigurnost <\/strong><\/p>\n<p>Najnovija sigurnosna pobolj\u0161anja \u2013 WPA3 pru\u017eaju sigurnije i individualizirano \u0161ifriranje u sigurnosti li\u010dne lozinke, \u0161tite\u0107i va\u0161u mre\u017eu od potencijalnih hakera.<\/p>\n<p><strong>\u00a0<\/strong><\/p>\n<p><strong>Produ\u017eite trajanje baterije va\u0161ih ure\u0111aja<\/strong><\/p>\n<p>AX Wi-Fi Target Wake Time inteligentno planira vrijeme prijenosa podataka kako bi pobolj\u0161ao efikasnost i pomogao va\u0161im ure\u0111ajima da u\u0161tede energiju.<\/p>\n<p><strong>Jednostavno pode\u0161avanje i upravljanje<\/strong><\/p>\n<p>Sa jednostavnim intuitivnim okru\u017eenjem za web upravljanje, mo\u017eete postaviti svoj ruter za nekoliko minuta i upravljati svojim Wi-Fi sistemom.<\/p>\n<p><strong>SPECIFIKACIJE<\/strong><\/p>\n<ul>\n<li>Procesor: Dual-Core CPU<\/li>\n<li>Flash: 16MB<\/li>\n<li>DDR: 256MB<\/li>\n<li>Antena: 4x fiksna Omni-Directional antena<\/li>\n<li>Interfejs:\n<ul>\n<li>1 \u00d7 1000\/100\/10 Mbps WAN Port<\/li>\n<li>4 \u00d7 1000\/100\/10 Mbps LAN Ports<\/li>\n<\/ul>\n<\/li>\n<li>Dugme: WPS, Reset dugme<\/li>\n<li>Napajanje: 12V\/1A<\/li>\n<li>Dimenzije (\u0160xDxV): 204.8 x 137. 5 x 38. 3mm<\/li>\n<li>Wireless standard:\n<ul>\n<li>IEEE 802.11ax\/ac\/n\/a 5 GHz<\/li>\n<li>IEEE 802.11ax\/n\/b\/g 2.4 GHz<\/li>\n<\/ul>\n<\/li>\n<li>Brzina signala:\n<ul>\n<li>1201Mbps (5GHz), 574Mbps (2.4GHz)<\/li>\n<li>Compatible with 802.11a\/b\/g\/n\/ac Wi-Fi standards<\/li>\n<\/ul>\n<\/li>\n<li>Prijenosna snaga:\n<ul>\n<li>CE: &lt;20dBm(2.4 GHz), &lt;23dBm (5.15 GHz~5.25 GHz)<\/li>\n<li>FCC: &lt;30dBm(2.4 GHz &amp; 5.15 GHz~5.825 GHz)<\/li>\n<\/ul>\n<\/li>\n<li>Wireless Mode: Uklju\u010deno \/ Isklju\u010deno Wireless Radio, WMM<\/li>\n<li>Wireless Sigurnost: WEP, WPA\/WPA2, WPA-PSK\/WPA2-PSK,WPA3<\/li>\n<li>WAN: Dinami\u010dki IP \/ Stati\u010dki IP \/ PPPoE<\/li>\n<li>Menad\u017ement: Roditeljska kontrola \/ Guest mre\u017ea<\/li>\n<li>DHCP: Server, DHCP Client List, Address Reservation<\/li>\n<li>Dinami\u010dki DNS: kompatibilan sa 15 DDNS provajdera<\/li>\n<li>Guest mre\u017ea: 1x 2.4GHz \/ 1x 5GHz<\/li>\n<li>NAT: Port Forwarding, Port Triggering, UPnP, DMZ<\/li>\n<li>VPN klijent: PPTP\/L2TP\/OpenVPN\/WireGuard\/IPSec\/Zerotier<\/li>\n<li>Sadr\u017eaj pakovanja:\n<ul>\n<li>AX1800 Wi-Fi 6 Ruter<\/li>\n<li>Napojni adapter<\/li>\n<li>RJ45 Ethernet kabal<\/li>\n<li>Uputstvo<\/li>\n<\/ul>\n<\/li>\n<li>Sistemski zahtjevi:\n<ul>\n<li>Microsoft Windows 98SE\/NT\/2000\/XP\/Vista&#x2122;\/7\/8\/8.1\/10, MAC OS, NetWare, UNIX ili Linux<\/li>\n<li>Firefox 12.0, Chrome 20.0, Safari 4.0, ili drugi Java-enabled browser<\/li>\n<li>Kabal ili DSL modem<\/li>\n<\/ul>\n<\/li>\n<\/ul>\n<p>&nbsp;<\/p>\n","protected":false},"excerpt":{"rendered":"<p><strong>AX1800 Gigabit Wi-Fi 6 Mesh Ruter,\u00a0 Model: X6<\/strong><\/p>\n<ul>\n<li>\nSuper-Fast AX1800 Wi-Fi 6<br \/>\n\u25cf Powerful Dual-Core CPU<br \/>\n\u25cf 5\u00d7 Gigabit Ports<br \/>\n\u25cf 4\u00d7 Fixed Omni-Directional Antennas<br \/>\n\u25cf VPN Server and Client<br \/>\n\u25cf DDNS<br \/>\n\u25cf Cudy Mesh<\/li>\n<\/ul>\n<p><strong>1.5x ve\u0107a brzina<\/strong><\/p>\n<p>U pore\u0111enju sa Wi-Fi 5, Cudy AX1800 Wi-Fi 6 ruter donosi 90% pove\u0107anje brzine na 2,4GHz i 40% pove\u0107anje brzine na opsegu od 5GHz. Sa tako zna\u010dajnim pove\u0107anjem brzine, ne\u0107e biti razlike izme\u0111u Wi-Fi veze i \u017ei\u010danog pristupa.<\/p>\n<p><strong>Povezivanje 60+ ure\u0111aja<\/strong><\/p>\n<p>Lako upravljajte desetinama ure\u0111aja za strimovanje i igranje igara u isto vrijeme uz Wi-Fi 6 OFDMA tehnologiju, omogu\u0107avaju\u0107i va\u0161em Wi-Fi da pove\u017ee vi\u0161e ure\u0111aja u odnosu na Wi-Fi 5 ruter.<\/p>\n<p><strong>75% manja latencija<\/strong><\/p>\n<p>Isporu\u010dite sna\u017ean kontinuiran Wi-Fi signal, posti\u017eu\u0107i 1,5x ve\u0107i kapacitet od standardnog AC Wi-Fi.<br \/>\nOFDMA tehnologija smanjuje ka\u0161njenje do 75%, osigurava responzivno igranje igara u realnom vremenu i bolje iskustvo.<\/p>\n<p><strong>Boost Coverage<\/strong><\/p>\n<p>\u0160ta vas najvi\u0161e mu\u010di kada koristite Wi-Fi mre\u017eu?<br \/>\nOgrani\u010dena pokrivenost, nestabilan signal i dugotrajno baferovanje su odgovori za ve\u0107inu ljudi.<br \/>\nOpremljen nezavisnim Front-End modulom i \u010detiri antene sa visokim poja\u010danjem, Cudy AX1800 Wi-Fi 6 ruter efektivno pove\u0107ava ja\u010dinu Wi-Fi signala i zna\u010dajno pobolj\u0161ava pokrivenst.<\/p>\n<p><strong>Minimizirajte smetnje<\/strong><\/p>\n<p>Smetnje be\u017ei\u010dnih mre\u017ea va\u0161ih kom\u0161ija mogu uzrokovati probleme sa va\u0161im be\u017ei\u010dnim signalom.<br \/>\nCudy BSS Color tehnologija vrlo dobro rje\u0161ava ovaj problem.<br \/>\nOzna\u010dava okvire iz okolnih mre\u017ea tako da ih va\u0161 ruter mo\u017ee prepoznati i ignorirati.<\/p>\n<p><strong>Backwards Compatibile<br \/>\n<\/strong>Potpuno otklju\u010dajte potencijal svojih Wi-Fi 6 ure\u0111aja i backward kompatibilnost sa postoje\u0107im 802.11ac\/a\/b\/g\/n ure\u0111ajima. Ukoliko va\u0161i ure\u0111aji ne podr\u017eavaju Wi-Fi 6 tehnologiju bez brige, sistem je kompatibilan i sa postoje\u0107im WiFi ure\u0111ajima.<\/p>\n<p><strong>WPA3 sigurnost <\/strong><\/p>\n<p>Najnovija sigurnosna pobolj\u0161anja \u2013 WPA3 pru\u017eaju sigurnije i individualizirano \u0161ifriranje u sigurnosti li\u010dne lozinke, \u0161tite\u0107i va\u0161u mre\u017eu od potencijalnih hakera.<\/p>\n<p><strong>\u00a0<\/strong><\/p>\n<p><strong>Produ\u017eite trajanje baterije va\u0161ih ure\u0111aja<\/strong><\/p>\n<p>AX Wi-Fi Target Wake Time inteligentno planira vrijeme prijenosa podataka kako bi pobolj\u0161ao efikasnost i pomogao va\u0161im ure\u0111ajima da u\u0161tede energiju.<\/p>\n<p><strong>Jednostavno pode\u0161avanje i upravljanje<\/strong><\/p>\n<p>Sa jednostavnim intuitivnim okru\u017eenjem za web upravljanje, mo\u017eete postaviti svoj ruter za nekoliko minuta i upravljati svojim Wi-Fi sistemom.<\/p>\n<p><strong>SPECIFIKACIJE<\/strong><\/p>\n<ul>\n<li>Procesor: Dual-Core CPU<\/li>\n<li>Flash: 16MB<\/li>\n<li>DDR: 256MB<\/li>\n<li>Antena: 4x fiksna Omni-Directional antena<\/li>\n<li>Interfejs:\n<ul>\n<li>1 \u00d7 1000\/100\/10 Mbps WAN Port<\/li>\n<li>4 \u00d7 1000\/100\/10 Mbps LAN Ports<\/li>\n<\/ul>\n<\/li>\n<li>Dugme: WPS, Reset dugme<\/li>\n<li>Napajanje: 12V\/1A<\/li>\n<li>Dimenzije (\u0160xDxV): 204.8 x 137. 5 x 38. 3mm<\/li>\n<li>Wireless standard:\n<ul>\n<li>IEEE 802.11ax\/ac\/n\/a 5 GHz<\/li>\n<li>IEEE 802.11ax\/n\/b\/g 2.4 GHz<\/li>\n<\/ul>\n<\/li>\n<li>Brzina signala:\n<ul>\n<li>1201Mbps (5GHz), 574Mbps (2.4GHz)<\/li>\n<li>Compatible with 802.11a\/b\/g\/n\/ac Wi-Fi standards<\/li>\n<\/ul>\n<\/li>\n<li>Prijenosna snaga:\n<ul>\n<li>CE: &lt;20dBm(2.4 GHz), &lt;23dBm (5.15 GHz~5.25 GHz)<\/li>\n<li>FCC: &lt;30dBm(2.4 GHz &amp; 5.15 GHz~5.825 GHz)<\/li>\n<\/ul>\n<\/li>\n<li>Wireless Mode: Uklju\u010deno \/ Isklju\u010deno Wireless Radio, WMM<\/li>\n<li>Wireless Sigurnost: WEP, WPA\/WPA2, WPA-PSK\/WPA2-PSK,WPA3<\/li>\n<li>WAN: Dinami\u010dki IP \/ Stati\u010dki IP \/ PPPoE<\/li>\n<li>Menad\u017ement: Roditeljska kontrola \/ Guest mre\u017ea<\/li>\n<li>DHCP: Server, DHCP Client List, Address Reservation<\/li>\n<li>Dinami\u010dki DNS: kompatibilan sa 15 DDNS provajdera<\/li>\n<li>Guest mre\u017ea: 1x 2.4GHz \/ 1x 5GHz<\/li>\n<li>NAT: Port Forwarding, Port Triggering, UPnP, DMZ<\/li>\n<li>VPN klijent: PPTP\/L2TP\/OpenVPN\/WireGuard\/IPSec\/Zerotier<\/li>\n<li>Sadr\u017eaj pakovanja:\n<ul>\n<li>AX1800 Wi-Fi 6 Ruter<\/li>\n<li>Napojni adapter<\/li>\n<li>RJ45 Ethernet kabal<\/li>\n<li>Uputstvo<\/li>\n<\/ul>\n<\/li>\n<li>Sistemski zahtjevi:\n<ul>\n<li>Microsoft Windows 98SE\/NT\/2000\/XP\/Vista&#x2122;\/7\/8\/8.1\/10, MAC OS, NetWare, UNIX ili Linux<\/li>\n<li>Firefox 12.0, Chrome 20.0, Safari 4.0, ili drugi Java-enabled browser<\/li>\n<li>Kabal ili DSL modem<\/li>\n<\/ul>\n<\/li>\n<\/ul>\n<p>&nbsp;<\/p>\n","protected":false},"featured_media":8090,"comment_status":"open","ping_status":"closed","template":"","meta":{"_mi_skip_tracking":false,"_exactmetrics_sitenote_active":false,"_exactmetrics_sitenote_note":"","_exactmetrics_sitenote_category":0,"spay_email":""},"product_cat":[5830],"product_tag":[5824,5840,511,5841,5825,513,5842,502],"brands":[{"id":5831,"name":"Cudy","slug":"cudy"}],"df_price":128,"df_sale_price":"","df_regular_price":128,"df_image_link":"https:\/\/i2.wp.com\/astehshop.com\/wp-content\/uploads\/2023\/08\/x6.jpg?fit=450%2C425","jetpack_publicize_connections":[],"jetpack_sharing_enabled":true,"jetpack_likes_enabled":true,"jetpack-related-posts":[{"id":8364,"url":"http:\/\/astehshop.com\/index.php\/product\/mercusys-mr70x-ax1800-wifi-6-router-dual-band\/","url_meta":{"origin":8089,"position":0},"title":"Mercusys MR70X AX1800 WiFi 6 Router Dual Band","date":"21. listopada 2023.","format":false,"excerpt":"1201 Mbps (5 GHz) + 574 Mbps (2.4 GHz), 1\u00d7 Gigabit WAN Port + 3\u00d7 Gigabit LAN Ports, Compatible with 802.11ax\/ac\/a\/b\/g\/n Wi-Fi standards.","rel":"","context":"Srodne objave","img":{"alt_text":"","src":"https:\/\/i1.wp.com\/astehshop.com\/wp-content\/uploads\/2023\/10\/Mercusys-MR70X-AX1800.jpg?fit=997%2C1000&resize=350%2C200","width":350,"height":200},"classes":[]},{"id":8084,"url":"http:\/\/astehshop.com\/index.php\/product\/cudy-ac1200-wi-fi-ruter-model-wr1200\/","url_meta":{"origin":8089,"position":1},"title":"Cudy AC1200 Wi-Fi Ruter, Model: WR1200","date":"24. kolovoza 2023.","format":false,"excerpt":"WR1200\u00a0 AC1200 Wi-Fi Router 5\u00d7 10\/100 Mbps Ethernet Ports \u25cf 4\u00d7 5 dBi High-Gain Antennas \u25cf SPI Firewall \u25cf Guest Network \u25cf PPTP\/L2TP VPN Client \u25cf Multi-Mode: Router\/AP\/RE\/WISP Nadogradnja sljede\u0107e generacije Wi-Fi Sa wirelees brzinom do 1.2Gbps, Cudy WR1200 vam pru\u017ea bolje iskustvo za online igre, gledanje va\u0161ih omiljenih video\u2026","rel":"","context":"Srodne objave","img":{"alt_text":"","src":"https:\/\/i1.wp.com\/astehshop.com\/wp-content\/uploads\/2023\/08\/WR1200.jpg?fit=1200%2C1099&resize=350%2C200","width":350,"height":200},"classes":[]},{"id":8376,"url":"http:\/\/astehshop.com\/index.php\/product\/tp-link-archer-ax23-ax1800-wifi-6-router-dual-band\/","url_meta":{"origin":8089,"position":2},"title":"TP-Link Archer AX23 AX1800 WiFi 6 Router Dual Band","date":"21. listopada 2023.","format":false,"excerpt":"1201 Mbps (5 GHz) + 574 Mbps (2.4 GHz), 1\u00d7 Gigabit WAN Port + 4\u00d7 Gigabit LAN Ports + 1x Gigabit WAN Port, Compatible with 802.11ax\/ac\/a\/b\/g\/n Wi-Fi standards.","rel":"","context":"Srodne objave","img":{"alt_text":"","src":"https:\/\/i1.wp.com\/astehshop.com\/wp-content\/uploads\/2023\/10\/30031-TP-Link-Archer-AX23-AX1800-WiFi-6-Router-Dual-Band-1.jpg?fit=450%2C450&resize=350%2C200","width":350,"height":200},"classes":[]},{"id":8102,"url":"http:\/\/astehshop.com\/index.php\/product\/cudy-ax3000-dual-band-wi-fi-6-range-extender-model-re3000\/","url_meta":{"origin":8089,"position":3},"title":"Cudy AX3000 Dual Band Wi-Fi 6 Range Extender, Model: RE3000","date":"24. kolovoza 2023.","format":false,"excerpt":"AX3000 Dual Band Wi-Fi 6 Range Extender, Model: RE3000 Extremely Fast AX3000 Wi-Fi 6 Technology 1.3GHz Dual Core Cortex-A53 Processor OFDMA, Beamforming and MU-MIMO Supported Work with any standard router or gateway Easily expand wireless coverage at a push of the WPS button Gigabit Ethernet ports to connect wired devices\u2026","rel":"","context":"Srodne objave","img":{"alt_text":"","src":"https:\/\/i1.wp.com\/astehshop.com\/wp-content\/uploads\/2023\/08\/re3000.jpg?fit=1200%2C1088&resize=350%2C200","width":350,"height":200},"classes":[]},{"id":8095,"url":"http:\/\/astehshop.com\/index.php\/product\/cudy-ax1800-whole-home-mesh-wifi-system-m1800\/","url_meta":{"origin":8089,"position":4},"title":"Cudy AX1800 Whole Home Mesh WiFi System M1800","date":"24. kolovoza 2023.","format":false,"excerpt":"AX1800 Whole Home Mesh Wi-Fi System, Model: M1800 AX1800 Mesh Wi-Fi 6 Solution 1201Mbps on 5GHz and 574Mbps on 2.4GHz Seamless Roaming, Whole Home Coverage 2 Gigabit Ethernet Ports + 4 Internal Antennas MU-MIMO, Beamforming, WPA3 PPTP\/L2TP\/OpenVPN\/WireGuard\/IPSec\/Zerotier Compatible with 15+ DDNS providers Pove\u017eite do 100 ure\u0111aja 3x High-speed Downloading 5x\u2026","rel":"","context":"Srodne objave","img":{"alt_text":"","src":"https:\/\/i0.wp.com\/astehshop.com\/wp-content\/uploads\/2023\/08\/m1800.jpg?fit=1200%2C1198&resize=350%2C200","width":350,"height":200},"classes":[]},{"id":3410,"url":"http:\/\/astehshop.com\/index.php\/product\/tenda-f3-wi-fi-ruter-access-point-i-extender-3-u-1\/","url_meta":{"origin":8089,"position":5},"title":"Tenda F3 WI FI ruter \/ access point i extender 3 u 1","date":"25. svibnja 2019.","format":false,"excerpt":"Tenda F3 WI FI ruter \/ access point i extender 3 u 1 \u00a0 Tenda Wi-Fi Router F3, brzina do 300Mbps, radna frekvencija 2,4 GHz. Posjeduje tri antene od 5dBi, zbog \u010dega mo\u017ee stabilnim internetom snabdjevati ku\u0107e srednje veli\u010dine. Na otvorenom prostoru bez prepreka, ima domet do 200 metara, a\u2026","rel":"","context":"Srodne objave","img":{"alt_text":"","src":"https:\/\/i0.wp.com\/astehshop.com\/wp-content\/uploads\/2019\/05\/tenda-f3-1.jpg?fit=856%2C827&resize=350%2C200","width":350,"height":200},"classes":[]}],"_links":{"self":[{"href":"http:\/\/astehshop.com\/index.php\/wp-json\/wp\/v2\/product\/8089"}],"collection":[{"href":"http:\/\/astehshop.com\/index.php\/wp-json\/wp\/v2\/product"}],"about":[{"href":"http:\/\/astehshop.com\/index.php\/wp-json\/wp\/v2\/types\/product"}],"replies":[{"embeddable":true,"href":"http:\/\/astehshop.com\/index.php\/wp-json\/wp\/v2\/comments?post=8089"}],"wp:featuredmedia":[{"embeddable":true,"href":"http:\/\/astehshop.com\/index.php\/wp-json\/wp\/v2\/media\/8090"}],"wp:attachment":[{"href":"http:\/\/astehshop.com\/index.php\/wp-json\/wp\/v2\/media?parent=8089"}],"wp:term":[{"taxonomy":"product_cat","embeddable":true,"href":"http:\/\/astehshop.com\/index.php\/wp-json\/wp\/v2\/product_cat?post=8089"},{"taxonomy":"product_tag","embeddable":true,"href":"http:\/\/astehshop.com\/index.php\/wp-json\/wp\/v2\/product_tag?post=8089"}],"curies":[{"name":"wp","href":"https:\/\/api.w.org\/{rel}","templated":true}]}}