{"id":8086,"date":"2023-08-24T18:45:06","date_gmt":"2023-08-24T16:45:06","guid":{"rendered":"http:\/\/astehshop.com\/?post_type=product&#038;p=8086"},"modified":"2023-08-24T18:45:07","modified_gmt":"2023-08-24T16:45:07","slug":"ac1200-gigabit-wi-fi-mesh-router-model-wr1300","status":"publish","type":"product","link":"http:\/\/astehshop.com\/index.php\/product\/ac1200-gigabit-wi-fi-mesh-router-model-wr1300\/","title":{"rendered":"AC1200 Gigabit Wi-Fi Mesh Router, Model: WR1300"},"content":{"rendered":"<p><strong>WR1300 Cudy AC1200 Gigabit Wi-Fi Mesh Ruter<\/strong><\/p>\n<p><strong>\u00a0<\/strong><\/p>\n<ul>\n<li>AC1200 Dual Band Wi-Fi<br \/>\n\u25cf High-Performance Dual-Core CPU<br \/>\n\u25cf 16 MB Flash and 128 MB DDR3<br \/>\n\u25cf 5\u00d7 Gigabit Ethernet Ports<br \/>\n\u25cf 4\u00d7 5 dBi High-Gain Antennas<br \/>\n\u25cf VPN Server and Client<br \/>\n\u25cf 5-IN-1 Multi-Mode: Router\/Mesh\/Repeater\/WISP\/Access Point<\/li>\n<\/ul>\n<p><strong>Istovremeni dvopojasni Wi-Fi <\/strong><\/p>\n<p>2.4 GHz pru\u017ea iznimno veliki domet, dok 5GHz dosti\u017ee brzinu do 867 Mbps, \u0161to je idealno za gaming i 4K stream. Jednostavni zadaci poput surfanja web-om mogu se obavljati pomo\u0107u pojasa od 2.4GHz dok zadaci koji zahtjevaju veliku propusnost poput gaming-a ili video stream-a, mogu se obavljati na pojasu od 5GHz u isto vijeme.<\/p>\n<p><strong>WR1300 je 5-u-1 Wi-Fi Ruter<br \/>\nWi-Fi Ruter \/ W-Fi Extender \/ Access Point \/ WISP Ruter \/ Mesh Mode <\/strong><\/p>\n<p><strong>Ugra\u0111en VPN klijent<br \/>\n<\/strong>S ugra\u0111enim PPTP\/L2TP VPN klijentima, ovaj ruter mo\u017ee uspostaviti vezu s VPN serverom za prijenos svih va\u0161ih online podataka i prometa, istovremeno ih osigurava\u0107i svojom enkripcijom.<br \/>\nOvu funkciju mo\u017eete koristiti da pove\u017eete svoju ku\u0107nu mre\u017eu sa poslovnom ili \u0161kolskom mre\u017eom. Ruter trebate samo jednom konfigurisati i svi ure\u0111aji u mre\u017ei se mogu povezati. Uveliko olak\u0161ajte va\u0161 rad, u\u010denje i \u017eivot.<\/p>\n<p><strong>15+ DDNS<\/strong><br \/>\nKada se prijavite za internet paket kod operatera, operater \u0107e vam obi\u010dno nasumi\u010dno dodijeliti IP adresu. Nasumi\u010dna i \u010desto mijenjana IP adresa ne mo\u017ee se koristiti za daljisnko upravljanje ku\u0107nim mre\u017eama i opremom. Svoju IP adresu mo\u017eete povezati sa prilago\u0111enim imenom domene putem DDNS funkcije. Bez obzira na to kako se IP mijenja, ime domene mo\u017ee upu\u0107ivati na va\u0161u mre\u017eu, \u0161to omogu\u0107ava daljinsko upravljanje.<\/p>\n<p><strong>OpenWrt Ready<br \/>\n<\/strong>16MB Flash i 128MB DDR osiguravaju kontinuiran rad operativnog sistema, \u010dine ruter br\u017eim i pru\u017eaju vi\u0161e mogu\u0107nosti za pr\u0161irenje funkcija. WR1300 omogu\u0107ava instalaciju OpenWrt sistema. Software mo\u017eete nabaviti sa slu\u017ebene web stranice Cudy.<\/p>\n<p>&nbsp;<\/p>\n<p>&nbsp;<\/p>\n<p><strong>\u00a0<\/strong><\/p>\n<p><strong>\u00a0<\/strong><\/p>\n<p><strong>\u00a0<\/strong><\/p>\n<p><strong>\u00a0<\/strong><\/p>\n<p><strong>SPECIFIKACIJE<\/strong><\/p>\n<ul>\n<li>Procesor: Dual-Core CPU<\/li>\n<li>Flash: 16MB<\/li>\n<li>DDR: 128MB<\/li>\n<li>Antena: 4x Fiksna Omni-Directional antena<\/li>\n<li>Interfejs:\n<ul>\n<li>1 \u00d7 1000\/100\/10 Mbps WAN Port<\/li>\n<li>4 \u00d7 1000\/100\/10 Mbps LAN Port<\/li>\n<\/ul>\n<\/li>\n<li>Dugme: WPS dugme, Reset dugme<\/li>\n<li>Napajanje: 12V\/1A<\/li>\n<li>Dimenzije (\u0160xDxV): 204.8 x 137. 5 x 38. 3mm<\/li>\n<li>Wireless Standard:\n<ul>\n<li>IEEE 802.11ac\/n\/a 5 GHz<\/li>\n<li>IEEE 802.11n\/b\/g 2.4 GHz<\/li>\n<\/ul>\n<\/li>\n<li>Frekvencija: 5 GHz, 2.4 GHz<\/li>\n<li>Brzina signala:\n<ul>\n<li>867Mbps (5 GHz), 300Mbps (2.4 GHz)<\/li>\n<li>Kompatibilan sa 802.11a\/b\/g\/n\/ac Wi-Fi standardima<\/li>\n<\/ul>\n<\/li>\n<li>Prijenosna snaga:\n<ul>\n<li>CE: &lt;20dBm (2.4 GHz), &lt;23dBm (5.15 GHz~5.25 GHz)<\/li>\n<li>FCC: &lt;30dBm (2.4 GHz &amp; 5.15 GHz~5.825 GHz)<\/li>\n<\/ul>\n<\/li>\n<li>Wireless Mode: Uklju\u010deno\/Isklju\u010deno Wireless Radio, WMM<\/li>\n<li>Wireless Sigurnost: WEP, WPA\/WPA2, WPA-PSK\/WPA2-PSK<\/li>\n<li>WAN: Dinami\u010dka IP \/ Stati\u010dka IP \/ PPPoE<\/li>\n<li>Menad\u017ement: Roditeljska kontrola \/ Guest mre\u017ea<\/li>\n<li>DHCP: Server, DHCP Client List, Address Reservation<\/li>\n<li>Dinami\u010dki DNS: kompatibilan sa 15 DDNS provajdera<\/li>\n<li>Guest mre\u017ea: 1x 2.4 GHz \/ 1x 5GHz<\/li>\n<li>NAT: Port Forwarding, Port Triggering, UPnP, DMZ<\/li>\n<li>VPN: PPTP\/L2TP\/OpenVPN\/WireGuard\/IPsec\/Zerotier<\/li>\n<li>Sadr\u017eaj pakovanja:\n<ul>\n<li>AC1200 Wi-Fi Ruter<\/li>\n<li>Napojni adapter<\/li>\n<li>RJ45 Ethernet kabal<\/li>\n<li>Uputstvo<\/li>\n<\/ul>\n<\/li>\n<li>Sistemski zahtjevi:\n<ul>\n<li>Microsoft Windows 98SE\/NT\/2000\/XP\/Vista&#x2122;\/7\/8\/8.1\/10, MAC OS, NetWare, UNIX ili Linux<\/li>\n<li>Firefox 12.0, Chrome 20.0, Safari 4.0, ili drugi Java-enabled browser<\/li>\n<li>Kabal ili DSL modem<\/li>\n<\/ul>\n<\/li>\n<\/ul>\n<p>&nbsp;<\/p>\n<p>&nbsp;<\/p>\n","protected":false},"excerpt":{"rendered":"<p><strong>WR1300 Cudy AC1200 Gigabit Wi-Fi Mesh Ruter<\/strong><\/p>\n<p><strong>\u00a0<\/strong><\/p>\n<ul>\n<li>AC1200 Dual Band Wi-Fi<br \/>\n\u25cf High-Performance Dual-Core CPU<br \/>\n\u25cf 16 MB Flash and 128 MB DDR3<br \/>\n\u25cf 5\u00d7 Gigabit Ethernet Ports<br \/>\n\u25cf 4\u00d7 5 dBi High-Gain Antennas<br \/>\n\u25cf VPN Server and Client<br \/>\n\u25cf 5-IN-1 Multi-Mode: Router\/Mesh\/Repeater\/WISP\/Access Point<\/li>\n<\/ul>\n<p><strong>Istovremeni dvopojasni Wi-Fi <\/strong><\/p>\n<p>2.4 GHz pru\u017ea iznimno veliki domet, dok 5GHz dosti\u017ee brzinu do 867 Mbps, \u0161to je idealno za gaming i 4K stream. Jednostavni zadaci poput surfanja web-om mogu se obavljati pomo\u0107u pojasa od 2.4GHz dok zadaci koji zahtjevaju veliku propusnost poput gaming-a ili video stream-a, mogu se obavljati na pojasu od 5GHz u isto vijeme.<\/p>\n<p><strong>WR1300 je 5-u-1 Wi-Fi Ruter<br \/>\nWi-Fi Ruter \/ W-Fi Extender \/ Access Point \/ WISP Ruter \/ Mesh Mode <\/strong><\/p>\n<p><strong>Ugra\u0111en VPN klijent<br \/>\n<\/strong>S ugra\u0111enim PPTP\/L2TP VPN klijentima, ovaj ruter mo\u017ee uspostaviti vezu s VPN serverom za prijenos svih va\u0161ih online podataka i prometa, istovremeno ih osigurava\u0107i svojom enkripcijom.<br \/>\nOvu funkciju mo\u017eete koristiti da pove\u017eete svoju ku\u0107nu mre\u017eu sa poslovnom ili \u0161kolskom mre\u017eom. Ruter trebate samo jednom konfigurisati i svi ure\u0111aji u mre\u017ei se mogu povezati. Uveliko olak\u0161ajte va\u0161 rad, u\u010denje i \u017eivot.<\/p>\n<p><strong>15+ DDNS<\/strong><br \/>\nKada se prijavite za internet paket kod operatera, operater \u0107e vam obi\u010dno nasumi\u010dno dodijeliti IP adresu. Nasumi\u010dna i \u010desto mijenjana IP adresa ne mo\u017ee se koristiti za daljisnko upravljanje ku\u0107nim mre\u017eama i opremom. Svoju IP adresu mo\u017eete povezati sa prilago\u0111enim imenom domene putem DDNS funkcije. Bez obzira na to kako se IP mijenja, ime domene mo\u017ee upu\u0107ivati na va\u0161u mre\u017eu, \u0161to omogu\u0107ava daljinsko upravljanje.<\/p>\n<p><strong>OpenWrt Ready<br \/>\n<\/strong>16MB Flash i 128MB DDR osiguravaju kontinuiran rad operativnog sistema, \u010dine ruter br\u017eim i pru\u017eaju vi\u0161e mogu\u0107nosti za pr\u0161irenje funkcija. WR1300 omogu\u0107ava instalaciju OpenWrt sistema. Software mo\u017eete nabaviti sa slu\u017ebene web stranice Cudy.<\/p>\n<p>&nbsp;<\/p>\n<p>&nbsp;<\/p>\n<p><strong>\u00a0<\/strong><\/p>\n<p><strong>\u00a0<\/strong><\/p>\n<p><strong>\u00a0<\/strong><\/p>\n<p><strong>\u00a0<\/strong><\/p>\n<p><strong>SPECIFIKACIJE<\/strong><\/p>\n<ul>\n<li>Procesor: Dual-Core CPU<\/li>\n<li>Flash: 16MB<\/li>\n<li>DDR: 128MB<\/li>\n<li>Antena: 4x Fiksna Omni-Directional antena<\/li>\n<li>Interfejs:\n<ul>\n<li>1 \u00d7 1000\/100\/10 Mbps WAN Port<\/li>\n<li>4 \u00d7 1000\/100\/10 Mbps LAN Port<\/li>\n<\/ul>\n<\/li>\n<li>Dugme: WPS dugme, Reset dugme<\/li>\n<li>Napajanje: 12V\/1A<\/li>\n<li>Dimenzije (\u0160xDxV): 204.8 x 137. 5 x 38. 3mm<\/li>\n<li>Wireless Standard:\n<ul>\n<li>IEEE 802.11ac\/n\/a 5 GHz<\/li>\n<li>IEEE 802.11n\/b\/g 2.4 GHz<\/li>\n<\/ul>\n<\/li>\n<li>Frekvencija: 5 GHz, 2.4 GHz<\/li>\n<li>Brzina signala:\n<ul>\n<li>867Mbps (5 GHz), 300Mbps (2.4 GHz)<\/li>\n<li>Kompatibilan sa 802.11a\/b\/g\/n\/ac Wi-Fi standardima<\/li>\n<\/ul>\n<\/li>\n<li>Prijenosna snaga:\n<ul>\n<li>CE: &lt;20dBm (2.4 GHz), &lt;23dBm (5.15 GHz~5.25 GHz)<\/li>\n<li>FCC: &lt;30dBm (2.4 GHz &amp; 5.15 GHz~5.825 GHz)<\/li>\n<\/ul>\n<\/li>\n<li>Wireless Mode: Uklju\u010deno\/Isklju\u010deno Wireless Radio, WMM<\/li>\n<li>Wireless Sigurnost: WEP, WPA\/WPA2, WPA-PSK\/WPA2-PSK<\/li>\n<li>WAN: Dinami\u010dka IP \/ Stati\u010dka IP \/ PPPoE<\/li>\n<li>Menad\u017ement: Roditeljska kontrola \/ Guest mre\u017ea<\/li>\n<li>DHCP: Server, DHCP Client List, Address Reservation<\/li>\n<li>Dinami\u010dki DNS: kompatibilan sa 15 DDNS provajdera<\/li>\n<li>Guest mre\u017ea: 1x 2.4 GHz \/ 1x 5GHz<\/li>\n<li>NAT: Port Forwarding, Port Triggering, UPnP, DMZ<\/li>\n<li>VPN: PPTP\/L2TP\/OpenVPN\/WireGuard\/IPsec\/Zerotier<\/li>\n<li>Sadr\u017eaj pakovanja:\n<ul>\n<li>AC1200 Wi-Fi Ruter<\/li>\n<li>Napojni adapter<\/li>\n<li>RJ45 Ethernet kabal<\/li>\n<li>Uputstvo<\/li>\n<\/ul>\n<\/li>\n<li>Sistemski zahtjevi:\n<ul>\n<li>Microsoft Windows 98SE\/NT\/2000\/XP\/Vista&#x2122;\/7\/8\/8.1\/10, MAC OS, NetWare, UNIX ili Linux<\/li>\n<li>Firefox 12.0, Chrome 20.0, Safari 4.0, ili drugi Java-enabled browser<\/li>\n<li>Kabal ili DSL modem<\/li>\n<\/ul>\n<\/li>\n<\/ul>\n<p>&nbsp;<\/p>\n<p>&nbsp;<\/p>\n","protected":false},"featured_media":8087,"comment_status":"open","ping_status":"closed","template":"","meta":{"_mi_skip_tracking":false,"_exactmetrics_sitenote_active":false,"_exactmetrics_sitenote_note":"","_exactmetrics_sitenote_category":0,"spay_email":""},"product_cat":[164,5830],"product_tag":[5824,5826,5833,5834,5839,5835,5836,522,502,5838,5837,5832],"brands":[{"id":5831,"name":"Cudy","slug":"cudy"}],"df_price":98,"df_sale_price":"","df_regular_price":98,"df_image_link":"https:\/\/i1.wp.com\/astehshop.com\/wp-content\/uploads\/2023\/08\/wr1300.jpg?fit=450%2C424","jetpack_publicize_connections":[],"jetpack_sharing_enabled":true,"jetpack_likes_enabled":true,"jetpack-related-posts":[{"id":8386,"url":"http:\/\/astehshop.com\/index.php\/product\/tp-link-archer-c6-ac1200-mesh-wireless-mu-mimo-wifi-router\/","url_meta":{"origin":8086,"position":0},"title":"TP-Link Archer C6 AC1200 Mesh Wireless MU-MIMO WiFi Router","date":"21. listopada 2023.","format":false,"excerpt":"AC1200 Dual-Band Wi-Fi Router, 867Mbps at 5GHz + 300Mbps at 2.4GHz, 5 Gigabit Ports, 4 antennas, Beamforming, MU-MIMO, IPTV, Access Point Mode, VPN Server, IPv6 Ready, Tether App","rel":"","context":"Srodne objave","img":{"alt_text":"","src":"https:\/\/i1.wp.com\/astehshop.com\/wp-content\/uploads\/2023\/10\/tp-link-archer-c6-ac1200-wireless-mu-mimo-gigabit-router-500x500-1.png?fit=500%2C500&resize=350%2C200","width":350,"height":200},"classes":[]},{"id":8084,"url":"http:\/\/astehshop.com\/index.php\/product\/cudy-ac1200-wi-fi-ruter-model-wr1200\/","url_meta":{"origin":8086,"position":1},"title":"Cudy AC1200 Wi-Fi Ruter, Model: WR1200","date":"24. kolovoza 2023.","format":false,"excerpt":"WR1200\u00a0 AC1200 Wi-Fi Router 5\u00d7 10\/100 Mbps Ethernet Ports \u25cf 4\u00d7 5 dBi High-Gain Antennas \u25cf SPI Firewall \u25cf Guest Network \u25cf PPTP\/L2TP VPN Client \u25cf Multi-Mode: Router\/AP\/RE\/WISP Nadogradnja sljede\u0107e generacije Wi-Fi Sa wirelees brzinom do 1.2Gbps, Cudy WR1200 vam pru\u017ea bolje iskustvo za online igre, gledanje va\u0161ih omiljenih video\u2026","rel":"","context":"Srodne objave","img":{"alt_text":"","src":"https:\/\/i1.wp.com\/astehshop.com\/wp-content\/uploads\/2023\/08\/WR1200.jpg?fit=1200%2C1099&resize=350%2C200","width":350,"height":200},"classes":[]},{"id":8359,"url":"http:\/\/astehshop.com\/index.php\/product\/mercusys-mr30g-ac1200-wireless-dual-band-router\/","url_meta":{"origin":8086,"position":2},"title":"Mercusys MR30G AC1200 Wireless Dual Band Router","date":"21. listopada 2023.","format":false,"excerpt":"IEEE 802.11ac\/n\/a 5 GHz, IEEE 802.11b\/g\/n 2.4 GHz, 2.4 GHz, 5 GHz, 867 Mbps (5 GHz) + 300 Mbps (2.4 GHz), compatible with 11ac\/a\/b\/g\/n Wi-Fi standards, 2.4 GHz < 20dBm (EIRP), 5 GHz < 23dBm (EIRP), Wireless Security WPA-PSK \/ WPA2-PSK, Router Mode, Access Point Mode","rel":"","context":"Srodne objave","img":{"alt_text":"","src":"https:\/\/i2.wp.com\/astehshop.com\/wp-content\/uploads\/2023\/10\/Mercusys-MR30G-AC1200.jpg?fit=1000%2C1000&resize=350%2C200","width":350,"height":200},"classes":[]},{"id":8089,"url":"http:\/\/astehshop.com\/index.php\/product\/cudy-ax1800-gigabit-wi-fi-6-mesh-router-model-x6\/","url_meta":{"origin":8086,"position":3},"title":"Cudy AX1800 Gigabit Wi-Fi 6 Mesh Router, Model: X6","date":"24. kolovoza 2023.","format":false,"excerpt":"AX1800 Gigabit Wi-Fi 6 Mesh Ruter,\u00a0 Model: X6 Super-Fast AX1800 Wi-Fi 6 \u25cf Powerful Dual-Core CPU \u25cf 5\u00d7 Gigabit Ports \u25cf 4\u00d7 Fixed Omni-Directional Antennas \u25cf VPN Server and Client \u25cf DDNS \u25cf Cudy Mesh 1.5x ve\u0107a brzina U pore\u0111enju sa Wi-Fi 5, Cudy AX1800 Wi-Fi 6 ruter donosi 90%\u2026","rel":"","context":"Srodne objave","img":{"alt_text":"","src":"https:\/\/i2.wp.com\/astehshop.com\/wp-content\/uploads\/2023\/08\/x6.jpg?fit=1200%2C1134&resize=350%2C200","width":350,"height":200},"classes":[]},{"id":3410,"url":"http:\/\/astehshop.com\/index.php\/product\/tenda-f3-wi-fi-ruter-access-point-i-extender-3-u-1\/","url_meta":{"origin":8086,"position":4},"title":"Tenda F3 WI FI ruter \/ access point i extender 3 u 1","date":"25. svibnja 2019.","format":false,"excerpt":"Tenda F3 WI FI ruter \/ access point i extender 3 u 1 \u00a0 Tenda Wi-Fi Router F3, brzina do 300Mbps, radna frekvencija 2,4 GHz. Posjeduje tri antene od 5dBi, zbog \u010dega mo\u017ee stabilnim internetom snabdjevati ku\u0107e srednje veli\u010dine. Na otvorenom prostoru bez prepreka, ima domet do 200 metara, a\u2026","rel":"","context":"Srodne objave","img":{"alt_text":"","src":"https:\/\/i0.wp.com\/astehshop.com\/wp-content\/uploads\/2019\/05\/tenda-f3-1.jpg?fit=856%2C827&resize=350%2C200","width":350,"height":200},"classes":[]},{"id":8092,"url":"http:\/\/astehshop.com\/index.php\/product\/cudy-ac1200-dual-band-whole-home-wi-fi-mesh-m1200\/","url_meta":{"origin":8086,"position":5},"title":"Cudy AC1200 Dual Band Whole Home Wi-Fi Mesh M1200","date":"24. kolovoza 2023.","format":false,"excerpt":"AC1200 Dual Band Whole Home Wi-Fi Mesh System, Model: M1200 AC1200 Mesh Wi-Fi Solution \u25cf 867Mbps on 5GHz and 300Mbps on 2.4GHz \u25cf Seamless Roaming, Whole Home Coverage \u25cf 10\/100Mbps Ethernet Ports + 2 Internal Antennas \u25cf PPTP\/L2TP\/OpenVPN\/WireGuard\/IPSec\/Zerotier Pove\u017eite do 100 ure\u0111aja 3x High-speed Downloading 5x 4K stream 15x IP\u2026","rel":"","context":"Srodne objave","img":{"alt_text":"","src":"https:\/\/i0.wp.com\/astehshop.com\/wp-content\/uploads\/2023\/08\/m1200.jpg?fit=1184%2C1200&resize=350%2C200","width":350,"height":200},"classes":[]}],"_links":{"self":[{"href":"http:\/\/astehshop.com\/index.php\/wp-json\/wp\/v2\/product\/8086"}],"collection":[{"href":"http:\/\/astehshop.com\/index.php\/wp-json\/wp\/v2\/product"}],"about":[{"href":"http:\/\/astehshop.com\/index.php\/wp-json\/wp\/v2\/types\/product"}],"replies":[{"embeddable":true,"href":"http:\/\/astehshop.com\/index.php\/wp-json\/wp\/v2\/comments?post=8086"}],"wp:featuredmedia":[{"embeddable":true,"href":"http:\/\/astehshop.com\/index.php\/wp-json\/wp\/v2\/media\/8087"}],"wp:attachment":[{"href":"http:\/\/astehshop.com\/index.php\/wp-json\/wp\/v2\/media?parent=8086"}],"wp:term":[{"taxonomy":"product_cat","embeddable":true,"href":"http:\/\/astehshop.com\/index.php\/wp-json\/wp\/v2\/product_cat?post=8086"},{"taxonomy":"product_tag","embeddable":true,"href":"http:\/\/astehshop.com\/index.php\/wp-json\/wp\/v2\/product_tag?post=8086"}],"curies":[{"name":"wp","href":"https:\/\/api.w.org\/{rel}","templated":true}]}}