{"id":8052,"date":"2023-08-13T10:36:26","date_gmt":"2023-08-13T08:36:26","guid":{"rendered":"http:\/\/astehshop.com\/?post_type=product&#038;p=8052"},"modified":"2023-08-13T10:36:27","modified_gmt":"2023-08-13T08:36:27","slug":"solarni-kontroler-40a-12v-24v-48v-regulator-punjenja","status":"publish","type":"product","link":"http:\/\/astehshop.com\/index.php\/product\/solarni-kontroler-40a-12v-24v-48v-regulator-punjenja\/","title":{"rendered":"SOLARNI KONTROLER 40A 12V, 24V, 48V REGULATOR PUNJENJA"},"content":{"rendered":"<p>Posjeduje mogu\u0107nost spajanja na bateriju 12 V ,24 V ,48 V maksimalne ja\u010dine struje 40A.<\/p>\n<p>Karakteristike proizvoda:<\/p>\n<p>Nominalni napon baterije: 12V, 24V, 48V<\/p>\n<p>Ja\u010dina struje punjenja: 40 A<\/p>\n<p>Maksimalni ulazni napon solarnih panela: 100V<\/p>\n<p>USB: 5V 2A<\/p>\n<p>LCD DISPLAY<\/p>\n<p>&nbsp;<\/p>\n<p>&nbsp;<\/p>\n","protected":false},"excerpt":{"rendered":"<p>Posjeduje mogu\u0107nost spajanja na bateriju 12 V ,24 V ,48 V maksimalne ja\u010dine struje 40A.<\/p>\n<p>Karakteristike proizvoda:<\/p>\n<p>Nominalni napon baterije: 12V, 24V, 48V<\/p>\n<p>Ja\u010dina struje punjenja: 40 A<\/p>\n<p>Maksimalni ulazni napon solarnih panela: 100V<\/p>\n<p>USB: 5V 2A<\/p>\n<p>LCD DISPLAY<\/p>\n<p>&nbsp;<\/p>\n<p>&nbsp;<\/p>\n","protected":false},"featured_media":8053,"comment_status":"open","ping_status":"closed","template":"","meta":{"_mi_skip_tracking":false,"_exactmetrics_sitenote_active":false,"_exactmetrics_sitenote_note":"","_exactmetrics_sitenote_category":0,"spay_email":""},"product_cat":[5766],"product_tag":[440,435,5770,5768,5769,5767,5724],"brands":[],"df_price":69,"df_sale_price":"","df_regular_price":69,"df_image_link":"https:\/\/i1.wp.com\/astehshop.com\/wp-content\/uploads\/2023\/08\/solarni-kontroler-pwm.jpg?fit=450%2C428","jetpack_publicize_connections":[],"jetpack_sharing_enabled":true,"jetpack_likes_enabled":true,"jetpack-related-posts":[{"id":6635,"url":"http:\/\/astehshop.com\/index.php\/product\/power-walker-vi-850-shl-schuko-ups\/","url_meta":{"origin":8052,"position":0},"title":"Power Walker VI 850 SHL Schuko UPS","date":"17. studenoga 2022.","format":false,"excerpt":"Snaga: 850 VA \/ 480 W Ulazni napon: 170-280 VAC \u00b17% Radna frekvencija: 45 - 55 Hz ili 54 - 66 Hz Izlazni napon: 230 VAC Baterija: 1x 12V\/9 Ah Trajanje punjenja: 4h do 90% Port: USB Softver: WinPower Jamstvo na bateriju: 6 mjeseci","rel":"","context":"Srodne objave","img":{"alt_text":"","src":"https:\/\/i0.wp.com\/astehshop.com\/wp-content\/uploads\/2022\/11\/medium_337_21a8ec3069cc194ecd3aa7faa9a4ab785oS.png?fit=400%2C400&resize=350%2C200","width":350,"height":200},"classes":[]},{"id":6632,"url":"http:\/\/astehshop.com\/index.php\/product\/power-walker-vfd-600-ups\/","url_meta":{"origin":8052,"position":1},"title":"Power Walker VFD 600 UPS","date":"17. studenoga 2022.","format":false,"excerpt":"Snaga: 600 VA \/ 300 W Ulazni napon: 170 - 280 VAC Radna frekvencija: 50 - 60 Hz Izlazni napon: 230 VAC Konektori: 2 x Schuko Baterije: 1 x 12 V \/ 7 Ah Jamstvo na bateriju: 6 mjeseci Trajanje punjenja: 10 sati za 90 % Za\u0161tita od prenapona: RJ11\u2026","rel":"","context":"Srodne objave","img":{"alt_text":"","src":"https:\/\/i1.wp.com\/astehshop.com\/wp-content\/uploads\/2022\/11\/medium_341_473462328765a492e3a9a8bb3851184dNHt.png?fit=400%2C400&resize=350%2C200","width":350,"height":200},"classes":[]},{"id":6629,"url":"http:\/\/astehshop.com\/index.php\/product\/power-walker-vi-600-scl-ups\/","url_meta":{"origin":8052,"position":2},"title":"Power Walker VI 600 SCL UPS","date":"17. studenoga 2022.","format":false,"excerpt":"Snaga: 600 VA \/ 360 W Ulazni napon: 162 - 290 VAC Radna frekvencija: 50 - 60 Hz Izlazni napon: 230 VAC Trajanje punjenja: 4 h do 90 % Za\u0161tita od prenapona: RJ45 \/ RJ11 Port: USB Softver: ViewPower Jamstvo na bateriju: 6 mjeseci","rel":"","context":"Srodne objave","img":{"alt_text":"","src":"https:\/\/i2.wp.com\/astehshop.com\/wp-content\/uploads\/2022\/11\/medium_348_28a9aae0283c21edd368bcfd69f26c98L5A.png?fit=400%2C400&resize=350%2C200","width":350,"height":200},"classes":[]},{"id":6626,"url":"http:\/\/astehshop.com\/index.php\/product\/power-walker-vi-3000-scl-ups\/","url_meta":{"origin":8052,"position":3},"title":"Power Walker VI 3000 SCL UPS","date":"17. studenoga 2022.","format":false,"excerpt":"Snaga: 3000 VA \/ 1800 W Ulazni napon: 162 - 290 VAC Radna frekvencija: 50 - 60 Hz Izlazni napon: 230 VAC Trajanje punjenja: 6 sati za 90 % Jamstvo na bateriju: 6 mjeseci Za\u0161tita od prenapona: RJ11 Port: USB Softver: ViewPower Dimenzije: 146 x 205 x 397 mm Te\u017eina:\u2026","rel":"","context":"Srodne objave","img":{"alt_text":"","src":"https:\/\/i1.wp.com\/astehshop.com\/wp-content\/uploads\/2022\/11\/medium_349_adc4a3cb97574d3460a86764bfe63968YsB.png?fit=400%2C400&resize=350%2C200","width":350,"height":200},"classes":[]},{"id":6446,"url":"http:\/\/astehshop.com\/index.php\/product\/tenda-switch-5-port-ni-gigabit-sg105\/","url_meta":{"origin":8052,"position":4},"title":"Tenda switch 5 port-ni Gigabit SG105","date":"23. listopada 2022.","format":false,"excerpt":"Portovi: 5 * 10 \/ 100 \/ 1000 Mbps auto-negotiation RJ45 portovi, auto MDI \/ MDIX Ulazni napon: AC 100 - 240 V \/ 50 - 60 Hz Izlazni napon: 5V \/ 0,6 A Potro\u0161nja u stand by na\u010dinu rada: 0,5 W Maksimalna potro\u0161nja: 2,5 W Dimenzije proizvoda: 96 x\u2026","rel":"","context":"Srodne objave","img":{"alt_text":"","src":"https:\/\/i2.wp.com\/astehshop.com\/wp-content\/uploads\/2022\/10\/7806_e66e6c7700b69ebfc4d4898c09ad4a29utN.png?fit=800%2C800&resize=350%2C200","width":350,"height":200},"classes":[]},{"id":11005,"url":"http:\/\/astehshop.com\/index.php\/product\/well-univerzalni-adapter-3v-12v\/","url_meta":{"origin":8052,"position":5},"title":"WELL UNIVERZALNI ADAPTER 3V-12V","date":"14. srpnja 2025.","format":false,"excerpt":"Ulazni napon: AC 100-240V, 50 \/ 60Hz Ulazni utika\u010d: Euro, 2 pina Izlazni napon: 3V \/ 4,5V \/ 5V \/ 6V \/ 7,5V \/ 9V \/ 12V Izlazna struja: max. 600mA DC uti\u010dnice: 2,5 mm mono, 3,5 mm mono, 3,5\u00d71,35 mm, 5,0\u00d72,1 mm, 5,5\u00d71,5 mm, 5,5\u00d72,5 mm Du\u017eina kabela: 1\u2026","rel":"","context":"Srodne objave","img":{"alt_text":"","src":"https:\/\/i0.wp.com\/astehshop.com\/wp-content\/uploads\/2025\/07\/p.sup_.02.jpg?fit=598%2C644&resize=350%2C200","width":350,"height":200},"classes":[]}],"_links":{"self":[{"href":"http:\/\/astehshop.com\/index.php\/wp-json\/wp\/v2\/product\/8052"}],"collection":[{"href":"http:\/\/astehshop.com\/index.php\/wp-json\/wp\/v2\/product"}],"about":[{"href":"http:\/\/astehshop.com\/index.php\/wp-json\/wp\/v2\/types\/product"}],"replies":[{"embeddable":true,"href":"http:\/\/astehshop.com\/index.php\/wp-json\/wp\/v2\/comments?post=8052"}],"wp:featuredmedia":[{"embeddable":true,"href":"http:\/\/astehshop.com\/index.php\/wp-json\/wp\/v2\/media\/8053"}],"wp:attachment":[{"href":"http:\/\/astehshop.com\/index.php\/wp-json\/wp\/v2\/media?parent=8052"}],"wp:term":[{"taxonomy":"product_cat","embeddable":true,"href":"http:\/\/astehshop.com\/index.php\/wp-json\/wp\/v2\/product_cat?post=8052"},{"taxonomy":"product_tag","embeddable":true,"href":"http:\/\/astehshop.com\/index.php\/wp-json\/wp\/v2\/product_tag?post=8052"}],"curies":[{"name":"wp","href":"https:\/\/api.w.org\/{rel}","templated":true}]}}