{"id":8020,"date":"2023-08-13T09:21:49","date_gmt":"2023-08-13T07:21:49","guid":{"rendered":"http:\/\/astehshop.com\/?post_type=product&#038;p=8020"},"modified":"2023-08-13T09:21:50","modified_gmt":"2023-08-13T07:21:50","slug":"hdmi-splitter-sa-1-na-4-uredaja","status":"publish","type":"product","link":"http:\/\/astehshop.com\/index.php\/product\/hdmi-splitter-sa-1-na-4-uredaja\/","title":{"rendered":"HDMI splitter sa 1 na 4 ure\u0111aja"},"content":{"rendered":"<p>HDMI splitter sa 1 na 4 ure\u0111aja<\/p>\n","protected":false},"excerpt":{"rendered":"<p>HDMI splitter sa 1 na 4 ure\u0111aja<\/p>\n","protected":false},"featured_media":8021,"comment_status":"open","ping_status":"closed","template":"","meta":{"_mi_skip_tracking":false,"_exactmetrics_sitenote_active":false,"_exactmetrics_sitenote_note":"","_exactmetrics_sitenote_category":0,"spay_email":""},"product_cat":[3694],"product_tag":[5700,5699,5701,5702],"brands":[],"df_price":25,"df_sale_price":"","df_regular_price":25,"df_image_link":"https:\/\/i2.wp.com\/astehshop.com\/wp-content\/uploads\/2023\/08\/HDMI-Splitter-4-Port-e1675339302186.jpg?fit=450%2C367","jetpack_publicize_connections":[],"jetpack_sharing_enabled":true,"jetpack_likes_enabled":true,"jetpack-related-posts":[{"id":5848,"url":"http:\/\/astehshop.com\/index.php\/product\/4k-hdmi-splitter-razdjelnik-1-hdmi-ulaz-8-hdmi-izlaza\/","url_meta":{"origin":8020,"position":0},"title":"4K HDMI Splitter (Razdjelnik) | 1 HDMI Ulaz | 8 HDMI Izlaza","date":"23. sije\u010dnja 2022.","format":false,"excerpt":"EDISION 4K HDMI Splitter (Razdjelnik) 1x8 se koristi kako bi jedan HDMI izvor distribuirali na 8 HDMI ure\u0111aja. Razdjelnik omogu\u0107uje jednostavno dijeljenje slike i zvuka s jednog HDMI ure\u0111aja na 8 HDMI televizora ili monitora. Mo\u017ee se postaviti i na kraju dugog HDMI kabela kako bi regenerirao izgubljeni HDMI signal.\u2026","rel":"","context":"Srodne objave","img":{"alt_text":"","src":"https:\/\/i0.wp.com\/astehshop.com\/wp-content\/uploads\/2022\/01\/hdmi-na-8.jpg?fit=400%2C312&resize=350%2C200","width":350,"height":200},"classes":[]},{"id":8744,"url":"http:\/\/astehshop.com\/index.php\/product\/nedis-hdmi-razdjelnik-8-portni-1x-hdmi-ulaz-8x-hdmi-izlaz\/","url_meta":{"origin":8020,"position":1},"title":"NEDIS HDMI Razdjelnik | 8-portni | 1x HDMI Ulaz &#8211; 8x HDMI Izlaz","date":"10. sije\u010dnja 2024.","format":false,"excerpt":"Filmove, prezentacije, slike ili drugi sadr\u017eaj s HDMI \u2122 ure\u0111aja istovremeno prika\u017eite na 8 zaslona. HDMI razdjelnik poja\u010dava signal, \u0161to vam omogu\u0107uje upotrebu du\u017eih kabela bez pogor\u0161anja signala. Zna\u010dajke \u2022 Podr\u017eava Ultra HD 4K2K@60Hz i 3D \u2022 Podr\u017eava HDCP 2.2 \u2022 Jednostavna instalacija: plug and play \u2022 Podijeli 1 HDMI\u2026","rel":"","context":"Srodne objave","img":{"alt_text":"","src":"https:\/\/i0.wp.com\/astehshop.com\/wp-content\/uploads\/2024\/01\/hdmi-spliter.jpg?fit=400%2C400&resize=350%2C200","width":350,"height":200},"classes":[]},{"id":8923,"url":"http:\/\/astehshop.com\/index.php\/product\/unv-nvr301-04s3-serije-4-kanalni\/","url_meta":{"origin":8020,"position":2},"title":"UNV NVR301-04S3 Serije 4 kanalni","date":"17. sije\u010dnja 2024.","format":false,"excerpt":"Podr\u017eava Ultra 265\/H.265\/H.264 video formate 4\/-kanalni ulaz Podr\u017eava glavne kamere uskla\u0111ene sa ONVIF (profil S, profil G, profil T) i RTSP protokole Podr\u017eava 1-kanalni HDMI, 1-kanalni VGA, HDMI do 4K (3840x2160) rezolucije HDMI i VGA simultani izlaz Snimanje u rezoluciji do 4K 1 SATA HDD do 8TB Podr\u0161ka nadogradnji oblaka","rel":"","context":"Srodne objave","img":{"alt_text":"","src":"https:\/\/i2.wp.com\/astehshop.com\/wp-content\/uploads\/2024\/01\/NVR301-08X-P8-.png?fit=1200%2C1046&resize=350%2C200","width":350,"height":200},"classes":[]},{"id":7607,"url":"http:\/\/astehshop.com\/index.php\/product\/nosac-klima-uredaja-do-100-kg-450-x-380-mm\/","url_meta":{"origin":8020,"position":3},"title":"Nosa\u010d klima ure\u0111aja, do 100 kg., 450 x 380 mm","date":"24. travnja 2023.","format":false,"excerpt":"Univerzalni nosa\u010d za klima ure\u0111aje, kompatibilan sa svim modelima, nosivost do 100 kg, materijal izrade pocin\u010dani \u010delik. Stabilna i pouzdana konstrukcija, otporno na koroziju, ogrebotine, 2 nosa\u010da u obliku slova L, dodatne 4 potporne noge, brza i jednostavna instalacija. Pogodno za ugradnju klima ure\u0111aja na izlo\u017eenim mjestima kao \u0161to su:\u2026","rel":"","context":"Srodne objave","img":{"alt_text":"","src":"https:\/\/i0.wp.com\/astehshop.com\/wp-content\/uploads\/2023\/04\/Nosac-klima-uredaja-do-100-kg.-450-x-380-mm.png?fit=1200%2C1138&resize=350%2C200","width":350,"height":200},"classes":[]},{"id":6742,"url":"http:\/\/astehshop.com\/index.php\/product\/hdmi-kabl-5-metara-verzija-1-4\/","url_meta":{"origin":8020,"position":4},"title":"HDMI kabl 5 metara, verzija 1.4,","date":"19. studenoga 2022.","format":false,"excerpt":"Visoko kvalitetni HDMI digitalni kabel, 3D over HDMI Ver. 1.4 + Ethernet","rel":"","context":"Srodne objave","img":{"alt_text":"","src":"https:\/\/i0.wp.com\/astehshop.com\/wp-content\/uploads\/2022\/11\/hdmi-kabal.jpg?fit=1200%2C1100&resize=350%2C200","width":350,"height":200},"classes":[]},{"id":8161,"url":"http:\/\/astehshop.com\/index.php\/product\/chromecast-wifi-dongle-hdmi-google-smart-tv-youtube\/","url_meta":{"origin":8020,"position":5},"title":"Chromecast Wifi Dongle Hdmi Google Smart Tv Youtube","date":"24. kolovoza 2023.","format":false,"excerpt":"Sa Chromecast MiraScreen mo\u017eete u\u017eivati u svojim omiljenim videozapisima, fotografijama i filmovima na najboljem zaslonu u ku\u0107i. \u2705Jednostavno pove\u017eite maleni adapter na HDTV i be\u017ei\u010dno mo\u017eete prikazati sadr\u017eaj sa kompatibilnog prijenosnog ra\u010dunala, tableta ili pametnog telefona. Sve \u0161to mo\u017eete vidjeti na svom laptopu ili tabletu, mo\u017eete vidjeti i na svom\u2026","rel":"","context":"Srodne objave","img":{"alt_text":"","src":"https:\/\/i2.wp.com\/astehshop.com\/wp-content\/uploads\/2023\/08\/chromecast-1.jpg?fit=1200%2C1102&resize=350%2C200","width":350,"height":200},"classes":[]}],"_links":{"self":[{"href":"http:\/\/astehshop.com\/index.php\/wp-json\/wp\/v2\/product\/8020"}],"collection":[{"href":"http:\/\/astehshop.com\/index.php\/wp-json\/wp\/v2\/product"}],"about":[{"href":"http:\/\/astehshop.com\/index.php\/wp-json\/wp\/v2\/types\/product"}],"replies":[{"embeddable":true,"href":"http:\/\/astehshop.com\/index.php\/wp-json\/wp\/v2\/comments?post=8020"}],"wp:featuredmedia":[{"embeddable":true,"href":"http:\/\/astehshop.com\/index.php\/wp-json\/wp\/v2\/media\/8021"}],"wp:attachment":[{"href":"http:\/\/astehshop.com\/index.php\/wp-json\/wp\/v2\/media?parent=8020"}],"wp:term":[{"taxonomy":"product_cat","embeddable":true,"href":"http:\/\/astehshop.com\/index.php\/wp-json\/wp\/v2\/product_cat?post=8020"},{"taxonomy":"product_tag","embeddable":true,"href":"http:\/\/astehshop.com\/index.php\/wp-json\/wp\/v2\/product_tag?post=8020"}],"curies":[{"name":"wp","href":"https:\/\/api.w.org\/{rel}","templated":true}]}}