{"id":8015,"date":"2023-08-13T09:07:44","date_gmt":"2023-08-13T07:07:44","guid":{"rendered":"http:\/\/astehshop.com\/?post_type=product&#038;p=8015"},"modified":"2025-10-29T10:38:40","modified_gmt":"2025-10-29T09:38:40","slug":"ai-wifi-kamera-2-mpx-rotirajuca","status":"publish","type":"product","link":"http:\/\/astehshop.com\/index.php\/product\/ai-wifi-kamera-2-mpx-rotirajuca\/","title":{"rendered":"AI WIFI kamera 2 MPX rotirajuca"},"content":{"rendered":"<div class=\"sm:p-md central-inner sm:pb-lg pb-xl ql-editor\">\n<h3>Nadzorna kamera AI Smart 2.0MP WiFi IP HD<\/h3>\n<p><strong>Tip:<\/strong> IP<\/p>\n<p><strong>Rezolucija:<\/strong> 2.0MP, HD<\/p>\n<p><strong>Ku\u0107i\u0161te:<\/strong> plasti\u010dno<\/p>\n<p><strong>Boja ku\u0107i\u0161ta:<\/strong> bijela<\/p>\n<p><strong>Povezivanje:<\/strong> WiFi, 10\/100Mbps RJ-45<\/p>\n<p><strong>Infracrvene IR LED:<\/strong> 8+6<\/p>\n<p><strong>Rotacije:<\/strong> horizontalno i vertikalno<\/p>\n<p><strong>Mogu\u0107nost povezivanja na Cloud<\/strong><\/p>\n<p><strong>Snimanje na SD karticu<\/strong><\/p>\n<p><strong>Dvostrana audio komunikacija<\/strong><\/p>\n<p><strong>Aplikacija za nadzor mobilnim ure\u0111ajem (YooSee)<\/strong><\/p>\n<p><strong>Detekcija pokreta<\/strong><\/p>\n<p><strong>IR no\u0107ni nadzor<\/strong><\/p>\n<p><strong>Jednostavno postavljanje<\/strong><\/p>\n<\/div>\n","protected":false},"excerpt":{"rendered":"<div class=\"sm:p-md central-inner sm:pb-lg pb-xl ql-editor\">\n<h3>Nadzorna kamera AI Smart 2.0MP WiFi IP HD<\/h3>\n<p><strong>Tip:<\/strong> IP<\/p>\n<p><strong>Rezolucija:<\/strong> 2.0MP, HD<\/p>\n<p><strong>Ku\u0107i\u0161te:<\/strong> plasti\u010dno<\/p>\n<p><strong>Boja ku\u0107i\u0161ta:<\/strong> bijela<\/p>\n<p><strong>Povezivanje:<\/strong> WiFi, 10\/100Mbps RJ-45<\/p>\n<p><strong>Infracrvene IR LED:<\/strong> 8+6<\/p>\n<p><strong>Rotacije:<\/strong> horizontalno i vertikalno<\/p>\n<p><strong>Mogu\u0107nost povezivanja na Cloud<\/strong><\/p>\n<p><strong>Snimanje na SD karticu<\/strong><\/p>\n<p><strong>Dvostrana audio komunikacija<\/strong><\/p>\n<p><strong>Aplikacija za nadzor mobilnim ure\u0111ajem (YooSee)<\/strong><\/p>\n<p><strong>Detekcija pokreta<\/strong><\/p>\n<p><strong>IR no\u0107ni nadzor<\/strong><\/p>\n<p><strong>Jednostavno postavljanje<\/strong><\/p>\n<\/div>\n","protected":false},"featured_media":8016,"comment_status":"open","ping_status":"closed","template":"","meta":{"_mi_skip_tracking":false,"_exactmetrics_sitenote_active":false,"_exactmetrics_sitenote_note":"","_exactmetrics_sitenote_category":0,"spay_email":""},"product_cat":[135],"product_tag":[5693,5692,472,5694,1530,3207],"brands":[],"df_price":59,"df_sale_price":59,"df_regular_price":69,"df_image_link":"https:\/\/i0.wp.com\/astehshop.com\/wp-content\/uploads\/2023\/08\/IMG_1911-18-scaled-removebg-preview.png?fit=417%2C450","jetpack_publicize_connections":[],"jetpack_sharing_enabled":true,"jetpack_likes_enabled":true,"jetpack-related-posts":[{"id":8012,"url":"http:\/\/astehshop.com\/index.php\/product\/kamera-za-video-nadzor-bullet-wifi-2-mpx\/","url_meta":{"origin":8015,"position":0},"title":"Kamera za video nadzor bullet WIFI 2 MPX","date":"13. kolovoza 2023.","format":false,"excerpt":"Nadzorna kamera IT-Blue SC-B10 WiFi IP FHD P2P Model: SC-B10 Tip: IP Rezolucija: 2.0MP, 1080p FHD Ku\u0107i\u0161te: metalno Boja ku\u0107i\u0161ta: bijela Povezivanje: WiFi, 10\/100Mbps RJ-45 Infracrvene IR LED: 4 Mogu\u0107nost povezivanja na Cloud Snimanje na SD karticu Aplikacija za nadzor mobilnim ure\u0111ajem (YooSee) Detekcija pokreta Jednostavno postavljanje www.technoshopbn.com","rel":"","context":"Srodne objave","img":{"alt_text":"","src":"https:\/\/i1.wp.com\/astehshop.com\/wp-content\/uploads\/2023\/08\/b10-wifi-kamera.jpg?fit=799%2C799&resize=350%2C200","width":350,"height":200},"classes":[]},{"id":9965,"url":"http:\/\/astehshop.com\/index.php\/product\/ipc-k7cp-5h1we-wifi-roto-kamera-imou\/","url_meta":{"origin":8015,"position":1},"title":"IPC-K7CP-5H1WE WIFI roto kamera IMOU","date":"16. o\u017eujka 2025.","format":false,"excerpt":"Tip: IP \/ WiFi Rezolucija: 5MP 3K 3.6mm Ku\u0107i\u0161te: plasti\u010dno Boja ku\u0107i\u0161ta: bijela Povezivanje: WiFi, RJ-45 Rotacije: horizontalno i vertikalno Mogu\u0107nost povezivanja na Cloud Snimanje na SD karticu Dvostrana audio komunikacija Aplikacija za nadzor mobilnim ure\u0111ajem (Imou Life)","rel":"","context":"Srodne objave","img":{"alt_text":"","src":"https:\/\/i0.wp.com\/astehshop.com\/wp-content\/uploads\/2025\/03\/IPC-K7CP-5H1WE.jpg?fit=690%2C690&resize=350%2C200","width":350,"height":200},"classes":[]},{"id":8018,"url":"http:\/\/astehshop.com\/index.php\/product\/solarna-4g-kamera-3-mp-fhd-ip-na-sim-karticu\/","url_meta":{"origin":8015,"position":2},"title":"Solarna 4G kamera 3.MP FHD IP na sim karticu","date":"13. kolovoza 2023.","format":false,"excerpt":"Solarna WiFi \/ 4G kamera D12-A9 3.MP FHD IP Tip:\u00a0IP Povezivanje: WiFi i 4G Rezolucija:\u00a03.0MP \/ 1080p Ku\u0107i\u0161te:\u00a0plastika Boja:\u00a0bijela Stupanj IP za\u0161tite:\u00a0IP66 Napajanje: solarno Ugra\u0111ena Lithium baterija Mogu\u0107nost povezivanja na Cloud IR no\u0107no snimanje Dvostrani audio Podr\u017eava TF kartice Detekcija pokreta www.technoshopbn.com","rel":"","context":"Srodne objave","img":{"alt_text":"","src":"https:\/\/i1.wp.com\/astehshop.com\/wp-content\/uploads\/2023\/08\/solarna-4g-kamera-wifi.jpg?fit=550%2C550&resize=350%2C200","width":350,"height":200},"classes":[]},{"id":8979,"url":"http:\/\/astehshop.com\/index.php\/product\/vanjska-sigurnosna-kamera-wifi-u-obliku-sijalice\/","url_meta":{"origin":8015,"position":3},"title":"Vanjska sigurnosna kamera wifi u obliku sijalice","date":"17. velja\u010de 2024.","format":false,"excerpt":"2 MPX Jednostavno povezivanje na wifi mrezu dvojsmerni razgovor pametni no\u0107ni re\u017eim snimanje na mikro sd karticu https:\/\/www.youtube.com\/watch?v=pNqMrtFhqCY","rel":"","context":"Srodne objave","img":{"alt_text":"","src":"https:\/\/i0.wp.com\/astehshop.com\/wp-content\/uploads\/2024\/02\/sijalica-kamera.jpg?fit=1162%2C1200&resize=350%2C200","width":350,"height":200},"classes":[]},{"id":3567,"url":"http:\/\/astehshop.com\/index.php\/product\/kamera-ip-4mp-bw30m400-wifi\/","url_meta":{"origin":8015,"position":4},"title":"Kamera IP 4MP BW30M400 WIFI","date":"31. kolovoza 2019.","format":false,"excerpt":"IP kamera 4MP, wifi, CMOS senzor 1\/3\", Lens 3.6mm, 2688*1520, IR no\u0107ni domet: ~ 25m, kut gledanja: 75\u00ba, IP66 za\u0161tita (otporna na vodu i pra\u0161inu), aplikacija za smartphone Android\/iOS, notifikacija na E-mail, Ethernet:10\/100M (RJ45), ONVIF protocol version:2.4, DC 12V \/ 500mA, boja bijela.","rel":"","context":"Srodne objave","img":{"alt_text":"","src":"https:\/\/i1.wp.com\/astehshop.com\/wp-content\/uploads\/2019\/08\/kamera-BW30M400-WIFI.png?fit=1000%2C1000&resize=350%2C200","width":350,"height":200},"classes":[]},{"id":4810,"url":"http:\/\/astehshop.com\/index.php\/product\/mediatech-unutarnja-wifi-ip-hd-kamera-microsd-pan-tilt-ir\/","url_meta":{"origin":8015,"position":5},"title":"Mediatech unutarnja WiFi IP HD kamera, MicroSD, Pan-Tilt, IR","date":"27. rujna 2020.","format":false,"excerpt":"Mediatech HD kamera za unutra\u0161nju monta\u017eu s mogu\u0107no\u0161\u0107u pomjeranja putem mobilne aplikacije. Tehni\u010dke karakteristike: \u2022 Video Senzor CMOS 720p (1280x720ppi) \u2022 Objektiv: f:3.6mm, F1.2, 1\/4inch, IR CUT filter \u2022 Kut gledanja: 60\u00b0, PAN\/TILT: 350\u00b0\/90\u00b0 \u2022 No\u0107no gledanje: 4 IR LED diode, domet do 5m \u2022 Dvosmjerna audio komunikacija (ugra\u0111en mikrofon\u2026","rel":"","context":"Srodne objave","img":{"alt_text":"","src":"https:\/\/i2.wp.com\/astehshop.com\/wp-content\/uploads\/2020\/09\/MT4100.jpg?fit=400%2C400&resize=350%2C200","width":350,"height":200},"classes":[]}],"_links":{"self":[{"href":"http:\/\/astehshop.com\/index.php\/wp-json\/wp\/v2\/product\/8015"}],"collection":[{"href":"http:\/\/astehshop.com\/index.php\/wp-json\/wp\/v2\/product"}],"about":[{"href":"http:\/\/astehshop.com\/index.php\/wp-json\/wp\/v2\/types\/product"}],"replies":[{"embeddable":true,"href":"http:\/\/astehshop.com\/index.php\/wp-json\/wp\/v2\/comments?post=8015"}],"wp:featuredmedia":[{"embeddable":true,"href":"http:\/\/astehshop.com\/index.php\/wp-json\/wp\/v2\/media\/8016"}],"wp:attachment":[{"href":"http:\/\/astehshop.com\/index.php\/wp-json\/wp\/v2\/media?parent=8015"}],"wp:term":[{"taxonomy":"product_cat","embeddable":true,"href":"http:\/\/astehshop.com\/index.php\/wp-json\/wp\/v2\/product_cat?post=8015"},{"taxonomy":"product_tag","embeddable":true,"href":"http:\/\/astehshop.com\/index.php\/wp-json\/wp\/v2\/product_tag?post=8015"}],"curies":[{"name":"wp","href":"https:\/\/api.w.org\/{rel}","templated":true}]}}