{"id":8012,"date":"2023-08-13T09:06:18","date_gmt":"2023-08-13T07:06:18","guid":{"rendered":"http:\/\/astehshop.com\/?post_type=product&#038;p=8012"},"modified":"2024-02-18T10:38:16","modified_gmt":"2024-02-18T09:38:16","slug":"kamera-za-video-nadzor-bullet-wifi-2-mpx","status":"publish","type":"product","link":"http:\/\/astehshop.com\/index.php\/product\/kamera-za-video-nadzor-bullet-wifi-2-mpx\/","title":{"rendered":"Kamera za video nadzor bullet WIFI 2 MPX"},"content":{"rendered":"<div class=\"sm:p-md central-inner sm:pb-lg pb-xl ql-editor\">\n<h3>Nadzorna kamera IT-Blue SC-B10 WiFi IP FHD P2P<\/h3>\n<p><strong>Model:<\/strong> SC-B10<\/p>\n<p><strong>Tip:<\/strong> IP<\/p>\n<p><strong>Rezolucija:<\/strong> 2.0MP, 1080p FHD<\/p>\n<p><strong>Ku\u0107i\u0161te:<\/strong> metalno<\/p>\n<p><strong>Boja ku\u0107i\u0161ta:<\/strong> bijela<\/p>\n<p><strong>Povezivanje:<\/strong> WiFi, 10\/100Mbps RJ-45<\/p>\n<p><strong>Infracrvene IR LED:<\/strong> 4<\/p>\n<p><strong>Mogu\u0107nost povezivanja na Cloud<\/strong><\/p>\n<p><strong>Snimanje na SD karticu<\/strong><\/p>\n<p><strong>Aplikacija za nadzor mobilnim ure\u0111ajem (YooSee)<\/strong><\/p>\n<p><strong>Detekcija pokreta<\/strong><\/p>\n<p><strong>Jednostavno postavljanje<\/strong><\/p>\n<p><strong>www.technoshopbn.com<\/strong><\/p>\n<\/div>\n","protected":false},"excerpt":{"rendered":"<div class=\"sm:p-md central-inner sm:pb-lg pb-xl ql-editor\">\n<h3>Nadzorna kamera IT-Blue SC-B10 WiFi IP FHD P2P<\/h3>\n<p><strong>Model:<\/strong> SC-B10<\/p>\n<p><strong>Tip:<\/strong> IP<\/p>\n<p><strong>Rezolucija:<\/strong> 2.0MP, 1080p FHD<\/p>\n<p><strong>Ku\u0107i\u0161te:<\/strong> metalno<\/p>\n<p><strong>Boja ku\u0107i\u0161ta:<\/strong> bijela<\/p>\n<p><strong>Povezivanje:<\/strong> WiFi, 10\/100Mbps RJ-45<\/p>\n<p><strong>Infracrvene IR LED:<\/strong> 4<\/p>\n<p><strong>Mogu\u0107nost povezivanja na Cloud<\/strong><\/p>\n<p><strong>Snimanje na SD karticu<\/strong><\/p>\n<p><strong>Aplikacija za nadzor mobilnim ure\u0111ajem (YooSee)<\/strong><\/p>\n<p><strong>Detekcija pokreta<\/strong><\/p>\n<p><strong>Jednostavno postavljanje<\/strong><\/p>\n<p><strong>www.technoshopbn.com<\/strong><\/p>\n<\/div>\n","protected":false},"featured_media":8013,"comment_status":"open","ping_status":"closed","template":"","meta":{"_mi_skip_tracking":false,"_exactmetrics_sitenote_active":false,"_exactmetrics_sitenote_note":"","_exactmetrics_sitenote_category":0,"spay_email":""},"product_cat":[135],"product_tag":[5689,472,630,5690,1183,5691],"brands":[],"df_price":59,"df_sale_price":"","df_regular_price":59,"df_image_link":"https:\/\/i1.wp.com\/astehshop.com\/wp-content\/uploads\/2023\/08\/b10-wifi-kamera.jpg?fit=450%2C450","jetpack_publicize_connections":[],"jetpack_sharing_enabled":true,"jetpack_likes_enabled":true,"jetpack-related-posts":[{"id":8015,"url":"http:\/\/astehshop.com\/index.php\/product\/ai-wifi-kamera-2-mpx-rotirajuca\/","url_meta":{"origin":8012,"position":0},"title":"AI WIFI kamera 2 MPX rotirajuca","date":"13. kolovoza 2023.","format":false,"excerpt":"Nadzorna kamera AI Smart 2.0MP WiFi IP HD Tip: IP Rezolucija: 2.0MP, HD Ku\u0107i\u0161te: plasti\u010dno Boja ku\u0107i\u0161ta: bijela Povezivanje: WiFi, 10\/100Mbps RJ-45 Infracrvene IR LED: 8+6 Rotacije: horizontalno i vertikalno Mogu\u0107nost povezivanja na Cloud Snimanje na SD karticu Dvostrana audio komunikacija Aplikacija za nadzor mobilnim ure\u0111ajem (YooSee) Detekcija pokreta IR\u2026","rel":"","context":"Srodne objave","img":{"alt_text":"","src":"https:\/\/i0.wp.com\/astehshop.com\/wp-content\/uploads\/2023\/08\/IMG_1911-18-scaled-removebg-preview.png?fit=768%2C828&resize=350%2C200","width":350,"height":200},"classes":[]},{"id":9965,"url":"http:\/\/astehshop.com\/index.php\/product\/ipc-k7cp-5h1we-wifi-roto-kamera-imou\/","url_meta":{"origin":8012,"position":1},"title":"IPC-K7CP-5H1WE WIFI roto kamera IMOU","date":"16. o\u017eujka 2025.","format":false,"excerpt":"Tip: IP \/ WiFi Rezolucija: 5MP 3K 3.6mm Ku\u0107i\u0161te: plasti\u010dno Boja ku\u0107i\u0161ta: bijela Povezivanje: WiFi, RJ-45 Rotacije: horizontalno i vertikalno Mogu\u0107nost povezivanja na Cloud Snimanje na SD karticu Dvostrana audio komunikacija Aplikacija za nadzor mobilnim ure\u0111ajem (Imou Life)","rel":"","context":"Srodne objave","img":{"alt_text":"","src":"https:\/\/i0.wp.com\/astehshop.com\/wp-content\/uploads\/2025\/03\/IPC-K7CP-5H1WE.jpg?fit=690%2C690&resize=350%2C200","width":350,"height":200},"classes":[]},{"id":8018,"url":"http:\/\/astehshop.com\/index.php\/product\/solarna-4g-kamera-3-mp-fhd-ip-na-sim-karticu\/","url_meta":{"origin":8012,"position":2},"title":"Solarna 4G kamera 3.MP FHD IP na sim karticu","date":"13. kolovoza 2023.","format":false,"excerpt":"Solarna WiFi \/ 4G kamera D12-A9 3.MP FHD IP Tip:\u00a0IP Povezivanje: WiFi i 4G Rezolucija:\u00a03.0MP \/ 1080p Ku\u0107i\u0161te:\u00a0plastika Boja:\u00a0bijela Stupanj IP za\u0161tite:\u00a0IP66 Napajanje: solarno Ugra\u0111ena Lithium baterija Mogu\u0107nost povezivanja na Cloud IR no\u0107no snimanje Dvostrani audio Podr\u017eava TF kartice Detekcija pokreta www.technoshopbn.com","rel":"","context":"Srodne objave","img":{"alt_text":"","src":"https:\/\/i1.wp.com\/astehshop.com\/wp-content\/uploads\/2023\/08\/solarna-4g-kamera-wifi.jpg?fit=550%2C550&resize=350%2C200","width":350,"height":200},"classes":[]},{"id":8979,"url":"http:\/\/astehshop.com\/index.php\/product\/vanjska-sigurnosna-kamera-wifi-u-obliku-sijalice\/","url_meta":{"origin":8012,"position":3},"title":"Vanjska sigurnosna kamera wifi u obliku sijalice","date":"17. velja\u010de 2024.","format":false,"excerpt":"2 MPX Jednostavno povezivanje na wifi mrezu dvojsmerni razgovor pametni no\u0107ni re\u017eim snimanje na mikro sd karticu https:\/\/www.youtube.com\/watch?v=pNqMrtFhqCY","rel":"","context":"Srodne objave","img":{"alt_text":"","src":"https:\/\/i0.wp.com\/astehshop.com\/wp-content\/uploads\/2024\/02\/sijalica-kamera.jpg?fit=1162%2C1200&resize=350%2C200","width":350,"height":200},"classes":[]},{"id":9262,"url":"http:\/\/astehshop.com\/index.php\/product\/vanjska-sigurnosna-kamera-wifi-u-obliku-sijalice-4-mpx\/","url_meta":{"origin":8012,"position":4},"title":"Vanjska sigurnosna kamera wifi u obliku sijalice 4 MPX","date":"14. travnja 2024.","format":false,"excerpt":"2 MPX Jednostavno povezivanje na wifi mrezu dvojsmerni razgovor pametni no\u0107ni re\u017eim snimanje na mikro sd karticu https:\/\/www.youtube.com\/watch?v=pNqMrtFhqCY https:\/\/www.youtube.com\/watch?v=pNqMrtFhqCY","rel":"","context":"Srodne objave","img":{"alt_text":"","src":"https:\/\/i0.wp.com\/img.youtube.com\/vi\/pNqMrtFhqCY\/0.jpg?resize=350%2C200","width":350,"height":200},"classes":[]},{"id":3271,"url":"http:\/\/astehshop.com\/index.php\/product\/kamera-za-video-nadzor-vanjska-2-mpx\/","url_meta":{"origin":8012,"position":5},"title":"Kamera za video nadzor vanjska 2 MPX","date":"24. velja\u010de 2019.","format":false,"excerpt":"TIP: AHD REZOLUCIJA: 1900X1080 OPTIKA: 3,6mm BROJ IR DIODA: 4 DIODE RADNA UDALJENOST: 35 metara KU\u0106I\u0160TE: metalno BOJA: bijela","rel":"","context":"Srodne objave","img":{"alt_text":"","src":"https:\/\/i0.wp.com\/astehshop.com\/wp-content\/uploads\/2019\/02\/LZ-6818AHD.jpg?fit=1200%2C800&resize=350%2C200","width":350,"height":200},"classes":[]}],"_links":{"self":[{"href":"http:\/\/astehshop.com\/index.php\/wp-json\/wp\/v2\/product\/8012"}],"collection":[{"href":"http:\/\/astehshop.com\/index.php\/wp-json\/wp\/v2\/product"}],"about":[{"href":"http:\/\/astehshop.com\/index.php\/wp-json\/wp\/v2\/types\/product"}],"replies":[{"embeddable":true,"href":"http:\/\/astehshop.com\/index.php\/wp-json\/wp\/v2\/comments?post=8012"}],"wp:featuredmedia":[{"embeddable":true,"href":"http:\/\/astehshop.com\/index.php\/wp-json\/wp\/v2\/media\/8013"}],"wp:attachment":[{"href":"http:\/\/astehshop.com\/index.php\/wp-json\/wp\/v2\/media?parent=8012"}],"wp:term":[{"taxonomy":"product_cat","embeddable":true,"href":"http:\/\/astehshop.com\/index.php\/wp-json\/wp\/v2\/product_cat?post=8012"},{"taxonomy":"product_tag","embeddable":true,"href":"http:\/\/astehshop.com\/index.php\/wp-json\/wp\/v2\/product_tag?post=8012"}],"curies":[{"name":"wp","href":"https:\/\/api.w.org\/{rel}","templated":true}]}}