{"id":7996,"date":"2023-06-20T19:13:10","date_gmt":"2023-06-20T17:13:10","guid":{"rendered":"http:\/\/astehshop.com\/?post_type=product&#038;p=7996"},"modified":"2023-06-20T19:13:11","modified_gmt":"2023-06-20T17:13:11","slug":"mixer-pojacalo-mp35ub","status":"publish","type":"product","link":"http:\/\/astehshop.com\/index.php\/product\/mixer-pojacalo-mp35ub\/","title":{"rendered":"Mixer poja\u010dalo  MP35UB"},"content":{"rendered":"<p><strong>35W<\/strong> <strong>Mini mikser-poja\u010dalo<\/strong> sa ugra\u0111enim <strong>BLUETOOTH<\/strong><strong>\/USB\/FM RADIOM<\/strong>. Ugra\u0161eno poja\u010dalo klase D. <strong>2x mikrofonska ulaza<\/strong><strong>:<\/strong> 1 x 6.3mm sa prioritetom i \u00a0prigu\u0161ivanjem i 1 x XRL sa Phantom Power 48V. <strong>1<\/strong><strong>x alarmni<\/strong> (EMC) ulaz. <strong>2 RCA AUX ulaz<\/strong>. <strong>1x linijski RCA<\/strong> <strong>izlaz<\/strong>. Prioriteti EMC\/MIC1&gt;AUX1\/AUX2\/MIC2. <strong>100\/70V\/4-16\u03a9<\/strong> izlaz. Diodna indikacija. Propusni opseg: 20Hz~20KHz S\/N 50dB. Ekvilajzer: Niski, Visoki, Master Volume, odvojena kontrola za MIC&amp;LINE. Za\u0161tita izlaza od preoptere\u0107enja, pregrevanja i kratkog spoja.. Napajanje 220-240VAC ili 24V DC, 50-60Hz\/160W. Dimenzije 19\u201d 2U, 442\u0445230\u044588mm, te\u017eina 3.9kg, prirodno hla\u0111enje.<\/p>\n","protected":false},"excerpt":{"rendered":"<p><strong>35W Mini mikser-poja\u010dalo<\/strong> sa ugra\u0111enim <strong>BLUETOOTH<\/strong><strong>\/USB\/FM RADIOM<\/strong>. Ugra\u0161eno poja\u010dalo klase D. <strong>2x mikrofonska ulaza<\/strong><strong>:<\/strong> 1 x 6.3mm sa prioritetom i \u00a0prigu\u0161ivanjem i 1 x XRL sa Phantom Power 48V. <strong>1<\/strong><strong>x alarmni<\/strong> (EMC) ulaz. <strong>2 RCA AUX ulaz<\/strong>. <strong>1x linijski RCA<\/strong> <strong>izlaz<\/strong>. Prioriteti EMC\/MIC1&gt;AUX1\/AUX2\/MIC2. <strong>100\/70V\/4-16\u03a9<\/strong> izlaz. Diodna indikacija. Propusni opseg: 20Hz~20KHz S\/N 50dB. Ekvilajzer: Niski, Visoki, Master Volume, odvojena kontrola za MIC&amp;LINE. Za\u0161tita izlaza od preoptere\u0107enja, pregrevanja i kratkog spoja.. Napajanje 220-240VAC ili 24V DC, 50-60Hz\/160W. Dimenzije 19\u201d 2U, 442\u0445230\u044588mm, te\u017eina 3.9kg, prirodno hla\u0111enje.<\/p>\n","protected":false},"featured_media":7997,"comment_status":"open","ping_status":"closed","template":"","meta":{"_mi_skip_tracking":false,"_exactmetrics_sitenote_active":false,"_exactmetrics_sitenote_note":"","_exactmetrics_sitenote_category":0,"spay_email":""},"product_cat":[5623],"product_tag":[763,5667,5665,5668,5666,5669],"brands":[],"df_price":250,"df_sale_price":"","df_regular_price":250,"df_image_link":"https:\/\/i0.wp.com\/astehshop.com\/wp-content\/uploads\/2023\/06\/MP35UB-1.jpg?fit=405%2C450","jetpack_publicize_connections":[],"jetpack_sharing_enabled":true,"jetpack_likes_enabled":true,"jetpack-related-posts":[{"id":7999,"url":"http:\/\/astehshop.com\/index.php\/product\/mixer-pojacalo-mp60ub\/","url_meta":{"origin":7996,"position":0},"title":"Mixer poja\u010dalo MP60UB","date":"20. lipnja 2023.","format":false,"excerpt":"60W Mini mikser-poja\u010dalo sa ugra\u0111enim BLUETOOTH\/USB\/FM RADIOM. Ugra\u0161eno poja\u010dalo klase D. 2x mikrofonska ulaza: 1 x 6.3mm sa prioritetom i \u00a0prigu\u0161ivanjem i 1 x XRL sa Phantom Power 48V. 1x alarmni (EMC) ulaz. 2 RCA AUX ulaz. 1x linijski RCA izlaz. Prioriteti EMC\/MIC1>AUX1\/AUX2\/MIC2. 100\/70V\/4-16\u03a9 izlaz. Diodna indikacija. Propusni opseg: 20Hz~20KHz\u2026","rel":"","context":"Srodne objave","img":{"alt_text":"","src":"https:\/\/i0.wp.com\/astehshop.com\/wp-content\/uploads\/2023\/06\/MP60UB.jpg?fit=810%2C900&resize=350%2C200","width":350,"height":200},"classes":[]},{"id":9846,"url":"http:\/\/astehshop.com\/index.php\/product\/ceopa-ce-mp70-pojacalo-70w\/","url_meta":{"origin":7996,"position":1},"title":"Ceopa CE-MP70 poja\u010dalo 70W","date":"15. prosinca 2024.","format":false,"excerpt":"Poja\u010dalo sa FM prijemnikom i USB ulazom, 70W 70W izlazne snage, 0,25KVA Dva ulaza za mikrofon, line-in ulaz, izlaz za druge ure\u0111aje, nezavisna kontrola poja\u010danja za MIC i AUX, kontrola visokih tonova i basa, kontrola ja\u010dine izlaza preko LED diodica, za\u0161tita od kratkog spoja na izlazu, alarmni izlaz, FM radio,\u2026","rel":"","context":"Srodne objave","img":{"alt_text":"","src":"https:\/\/i2.wp.com\/astehshop.com\/wp-content\/uploads\/2024\/12\/Ceopa-CE-MP70-pojacalo-70W.jpg?fit=1200%2C675&resize=350%2C200","width":350,"height":200},"classes":[]},{"id":9849,"url":"http:\/\/astehshop.com\/index.php\/product\/ceopa-ce-mp360p-pojacalo-360w\/","url_meta":{"origin":7996,"position":2},"title":"Ceopa CE-MP360P poja\u010dalo 360W","date":"15. prosinca 2024.","format":false,"excerpt":"Poja\u010dalo sa FM prijemnikom i USB ulazom, 360W 360W izlazne snage, 0,7KVA Dva ulaza za mikrofon, line-in ulaz, izlaz za druge ure\u0111aje, nezavisna kontrola poja\u010danja za MIC i AUX, kontrola visokih tonova i basa, kontrola ja\u010dine izlaza preko LED diodica, za\u0161tita od kratkog spoja na izlazu, alarmni izlaz, FM radio,\u2026","rel":"","context":"Srodne objave","img":{"alt_text":"","src":"https:\/\/i1.wp.com\/astehshop.com\/wp-content\/uploads\/2024\/12\/Ceopa-CE-MP360P-pojacalo-360W.jpg?fit=1200%2C675&resize=350%2C200","width":350,"height":200},"classes":[]},{"id":7966,"url":"http:\/\/astehshop.com\/index.php\/product\/digitalni-mikser-pojacalo-sa-mp3-tunerom-bluetoothom-t-60dtb\/","url_meta":{"origin":7996,"position":3},"title":"Digitalni mikser poja\u010dalo sa MP3 Tunerom Bluetoothom T-60DTB","date":"16. lipnja 2023.","format":false,"excerpt":"Opis: Digitalni mikser poja\u010dalo sa MP3\/TUNER\/Bluetoothom, za reprodukciju muzike u pozadini u malim i srednjim zatvorenim prostorima kao \u0161to su mali i srednji supermarketi, tr\u017eni centri i kafi\u0107i za slobodno vrijeme. Karakteristike: * Standardni dizajn montiran na stalak (1U), izvrstan dizajn SMT procesa. * Sa MP3 funkcionalnim modulom, usvojite LCD\u2026","rel":"","context":"Srodne objave","img":{"alt_text":"","src":"https:\/\/i2.wp.com\/astehshop.com\/wp-content\/uploads\/2023\/06\/pojacalo-T-60DTB.png?fit=1200%2C770&resize=350%2C200","width":350,"height":200},"classes":[]},{"id":9824,"url":"http:\/\/astehshop.com\/index.php\/product\/ceopa-ce-260se-pojacalo\/","url_meta":{"origin":7996,"position":4},"title":"Ceopa CE-260SE poja\u010dalo","date":"15. prosinca 2024.","format":false,"excerpt":"Integrisani poja\u010dava\u010d sa 5 izlaza, 260W 3 mikrofonska ulaza, 2 AUX ulaza, 1 AUX izlaz, 5 LED indikatora, izlazi na 100V, regulacija izlaza po zonama, 4-16 ohm-a","rel":"","context":"Srodne objave","img":{"alt_text":"","src":"https:\/\/i2.wp.com\/astehshop.com\/wp-content\/uploads\/2024\/12\/ceopa-ce-260se-pojacalo_0.jpg?fit=1200%2C675&resize=350%2C200","width":350,"height":200},"classes":[]},{"id":9815,"url":"http:\/\/astehshop.com\/index.php\/product\/ceopa-ce-70se-pojacalo\/","url_meta":{"origin":7996,"position":5},"title":"Ceopa CE-70SE poja\u010dalo","date":"15. prosinca 2024.","format":false,"excerpt":"Integrisani poja\u010dava\u010d sa 5 izlaza, 70W 3 mikrofonska ulaza, 2 AUX ulaza, 1 AUX izlaz, 5 LED indikatora, izlazi na 100V, regulacija izlaza po zonama, 4-16 ohm-a.","rel":"","context":"Srodne objave","img":{"alt_text":"","src":"https:\/\/i2.wp.com\/astehshop.com\/wp-content\/uploads\/2024\/12\/ceopa-ce-70se-pojacalo-_0.jpg?fit=1200%2C675&resize=350%2C200","width":350,"height":200},"classes":[]}],"_links":{"self":[{"href":"http:\/\/astehshop.com\/index.php\/wp-json\/wp\/v2\/product\/7996"}],"collection":[{"href":"http:\/\/astehshop.com\/index.php\/wp-json\/wp\/v2\/product"}],"about":[{"href":"http:\/\/astehshop.com\/index.php\/wp-json\/wp\/v2\/types\/product"}],"replies":[{"embeddable":true,"href":"http:\/\/astehshop.com\/index.php\/wp-json\/wp\/v2\/comments?post=7996"}],"wp:featuredmedia":[{"embeddable":true,"href":"http:\/\/astehshop.com\/index.php\/wp-json\/wp\/v2\/media\/7997"}],"wp:attachment":[{"href":"http:\/\/astehshop.com\/index.php\/wp-json\/wp\/v2\/media?parent=7996"}],"wp:term":[{"taxonomy":"product_cat","embeddable":true,"href":"http:\/\/astehshop.com\/index.php\/wp-json\/wp\/v2\/product_cat?post=7996"},{"taxonomy":"product_tag","embeddable":true,"href":"http:\/\/astehshop.com\/index.php\/wp-json\/wp\/v2\/product_tag?post=7996"}],"curies":[{"name":"wp","href":"https:\/\/api.w.org\/{rel}","templated":true}]}}