{"id":7977,"date":"2023-06-19T19:44:08","date_gmt":"2023-06-19T17:44:08","guid":{"rendered":"http:\/\/astehshop.com\/?post_type=product&#038;p=7977"},"modified":"2023-06-19T19:44:09","modified_gmt":"2023-06-19T17:44:09","slug":"ugradni-plafonski-zvucnik-dsp5011","status":"publish","type":"product","link":"http:\/\/astehshop.com\/index.php\/product\/ugradni-plafonski-zvucnik-dsp5011\/","title":{"rendered":"Ugradni plafonski zvu\u010dnik DSP5011"},"content":{"rendered":"<p><strong>6.5\u02ba<\/strong> plafonski zvu\u010dnik za \u00a0<strong>70\/<\/strong><strong>10<\/strong><strong>0<\/strong><strong>V<\/strong> liniju. Snaga <strong>1.5-3-6W<\/strong><strong>\/70V, 3-6-10W\/100V<\/strong>,\u00a0 osetljivost 95dB\u00b12dB, izobli\u010denja &lt; 1.5%, frekventni opseg 90Hz-20kHz. Te\u017eina 0.9kg. Materijal Aluminijum. <strong>Dimenzija otvora za monta\u017eu 1<\/strong><strong>65-170mm<\/strong><strong>. <\/strong>Spoljni pre\u010dnik 185mm. Dubina 74mm. Ugradna monta\u017ea sa bo\u010dnim kop\u010dama sa oprugama.<\/p>\n<p><strong>\u00a0<\/strong><\/p>\n<p>&nbsp;<\/p>\n","protected":false},"excerpt":{"rendered":"<p><strong>6.5\u02ba<\/strong> plafonski zvu\u010dnik za \u00a0<strong>70\/<\/strong><strong>10<\/strong><strong>0<\/strong><strong>V<\/strong> liniju. Snaga <strong>1.5-3-6W<\/strong><strong>\/70V, 3-6-10W\/100V<\/strong>,\u00a0 osetljivost 95dB\u00b12dB, izobli\u010denja &lt; 1.5%, frekventni opseg 90Hz-20kHz. Te\u017eina 0.9kg. Materijal Aluminijum. <strong>Dimenzija otvora za monta\u017eu 1<\/strong><strong>65-170mm<\/strong><strong>. <\/strong>Spoljni pre\u010dnik 185mm. Dubina 74mm. Ugradna monta\u017ea sa bo\u010dnim kop\u010dama sa oprugama.<\/p>\n<p><strong>\u00a0<\/strong><\/p>\n","protected":false},"featured_media":7978,"comment_status":"open","ping_status":"closed","template":"","meta":{"_mi_skip_tracking":false,"_exactmetrics_sitenote_active":false,"_exactmetrics_sitenote_note":"","_exactmetrics_sitenote_category":0,"spay_email":""},"product_cat":[5612],"product_tag":[5651,5614,5606],"brands":[],"df_price":42,"df_sale_price":"","df_regular_price":42,"df_image_link":"https:\/\/i1.wp.com\/astehshop.com\/wp-content\/uploads\/2023\/06\/DSP5011.jpg?fit=450%2C450","jetpack_publicize_connections":[],"jetpack_sharing_enabled":true,"jetpack_likes_enabled":true,"jetpack-related-posts":[{"id":7976,"url":"http:\/\/astehshop.com\/index.php\/product\/plafonski-ugradni-zvucnik-dsp6011\/","url_meta":{"origin":7977,"position":0},"title":"Plafonski ugradni zvu\u010dnik DSP6011","date":"19. lipnja 2023.","format":false,"excerpt":"6.5\u02ba plafonski zvu\u010dnik za \u00a070\/100V liniju. Snaga 3-6W\/70V, 6W\/100V,\u00a0 osetljivost 95dB\u00b12dB, izobli\u010denja < 1.5%, frekventni opseg 90Hz-20kHz. Te\u017eina 0.9kg. Materijal Aluminijum. Dimenzija otvora za monta\u017eu 165mm. Spoljni pre\u010dnik 185mm. Dubina 74mm. Ugradna monta\u017ea sa bo\u010dnim kop\u010dama sa oprugama.","rel":"","context":"Srodne objave","img":{"alt_text":"","src":"","width":0,"height":0},"classes":[]},{"id":7971,"url":"http:\/\/astehshop.com\/index.php\/product\/plafonski-zvucnik-dsp3011\/","url_meta":{"origin":7977,"position":1},"title":"Plafonski zvu\u010dnik DSP3011","date":"19. lipnja 2023.","format":false,"excerpt":"3\u02ba plafonski zvu\u010dnik za 70\/100V liniju. Snaga 1.5-3W\/70V, 3-6W\/100V,\u00a0 osetljivost 88dB\u00b12dB, frekventni opseg 120Hz-20kHz. Te\u017eina 0.5kg. Materijal aluminijum. Dimenzija otvora za monta\u017eu 90-93mm. Spoljni pre\u010dnik 104mm. Dubina 76mm. Ugradna monta\u017ea sa bo\u010dnim kop\u010dama sa oprugama.","rel":"","context":"Srodne objave","img":{"alt_text":"","src":"https:\/\/i1.wp.com\/astehshop.com\/wp-content\/uploads\/2023\/06\/DSP3011.jpg?fit=400%2C400&resize=350%2C200","width":350,"height":200},"classes":[]},{"id":7984,"url":"http:\/\/astehshop.com\/index.php\/product\/plafonski-zvucnik-aux168ii\/","url_meta":{"origin":7977,"position":2},"title":"Plafonski zvu\u010dnik AUX168II","date":"19. lipnja 2023.","format":false,"excerpt":"6.5\u02ba plafonski zvu\u010dnik za \u00a08\u03a9 liniju. Snaga 20W, osetljivost 89dB\u00b12dB, izobli\u010denja < 1.5%, frekventni opseg 60Hz-20kHz. Te\u017eina 1.6kg. Materijal Aluminijum. Dimenzija otvora za monta\u017eu 168mm. Spoljni pre\u010dnik 233mm. Dubina 97mm. Ugradna monta\u017ea sa bo\u010dnim kop\u010dama sa oprugama.","rel":"","context":"Srodne objave","img":{"alt_text":"","src":"https:\/\/i1.wp.com\/astehshop.com\/wp-content\/uploads\/2023\/06\/AUX168II.jpg?fit=600%2C600&resize=350%2C200","width":350,"height":200},"classes":[]},{"id":7974,"url":"http:\/\/astehshop.com\/index.php\/product\/plafonski-ugradni-zvucnik-dsp124\/","url_meta":{"origin":7977,"position":3},"title":"Plafonski ugradni zvu\u010dnik DSP124","date":"19. lipnja 2023.","format":false,"excerpt":"6.5\u02ba plafonski zvu\u010dnik za \u00a070\/100V liniju. Snaga 3-6W\/70V, 6-10W\/100V,\u00a0 osetljivost 90dB\u00b12dB, izobli\u010denja < 2%, frekventni opseg 83Hz-18kHz. Te\u017eina 0.66kg. Materijal Aluminijum. Dimenzija otvora za monta\u017eu 165-170mm. Spoljni pre\u010dnik 186mm. Dubina 90mm. Ugradna monta\u017ea sa bo\u010dnim kop\u010dama sa oprugama.","rel":"","context":"Srodne objave","img":{"alt_text":"","src":"https:\/\/i0.wp.com\/astehshop.com\/wp-content\/uploads\/2023\/06\/DSP124.jpg?fit=600%2C600&resize=350%2C200","width":350,"height":200},"classes":[]},{"id":7981,"url":"http:\/\/astehshop.com\/index.php\/product\/ugradni-dvosistemski-plafonski-zvucnik-dsp5012\/","url_meta":{"origin":7977,"position":4},"title":"Ugradni dvosistemski plafonski zvu\u010dnik DSP5012","date":"19. lipnja 2023.","format":false,"excerpt":"8\u02ba dvosistemski, plafonski zvu\u010dnik za \u00a070\/100V liniju. Snaga 9-18W\/70V, 18-35W\/100V\u00a0 osetljivost 88dB, \u00a0frekventni opseg 55Hz-20kHz. Ugao pokrivanja 90\u00ba \u0445 90\u00ba.\u00a0 Te\u017eina 2kg. Materijal Aluminijum. Dimenzija otvora za monta\u017eu 230-235mm. \u00a0Spoljni pre\u010dnik 265mm. Dubina 80mm. Monta\u017eni sistem sa bo\u010dnim oprugama.","rel":"","context":"Srodne objave","img":{"alt_text":"","src":"https:\/\/i1.wp.com\/astehshop.com\/wp-content\/uploads\/2023\/06\/DSP5012.jpg?fit=400%2C400&resize=350%2C200","width":350,"height":200},"classes":[]},{"id":7979,"url":"http:\/\/astehshop.com\/index.php\/product\/ugradni-dvosistemski-plafonski-zvucnik-dsp5211\/","url_meta":{"origin":7977,"position":5},"title":"Ugradni dvosistemski plafonski zvu\u010dnik DSP5211","date":"19. lipnja 2023.","format":false,"excerpt":"6.5\u02ba dvosistemski, plafonski zvu\u010dnik za \u00a0100V liniju. Snaga 3\/6\/10W,\u00a0 osetljivost 93dB, \u00a0frekventni opseg 90Hz-18kHz. Ugao pokrivanja 90\u00ba \u0445 90\u00ba.\u00a0 Te\u017eina 1kg. Materijal Aluminijum. Dimenzija otvora za monta\u017eu 168-170mm. \u00a0Spoljni pre\u010dnik 190mm. Dubina 80mm. Monta\u017eni sistem sa bo\u010dnim oprugama.","rel":"","context":"Srodne objave","img":{"alt_text":"","src":"https:\/\/i2.wp.com\/astehshop.com\/wp-content\/uploads\/2023\/06\/dsp5211-1.jpg?fit=600%2C600&resize=350%2C200","width":350,"height":200},"classes":[]}],"_links":{"self":[{"href":"http:\/\/astehshop.com\/index.php\/wp-json\/wp\/v2\/product\/7977"}],"collection":[{"href":"http:\/\/astehshop.com\/index.php\/wp-json\/wp\/v2\/product"}],"about":[{"href":"http:\/\/astehshop.com\/index.php\/wp-json\/wp\/v2\/types\/product"}],"replies":[{"embeddable":true,"href":"http:\/\/astehshop.com\/index.php\/wp-json\/wp\/v2\/comments?post=7977"}],"wp:featuredmedia":[{"embeddable":true,"href":"http:\/\/astehshop.com\/index.php\/wp-json\/wp\/v2\/media\/7978"}],"wp:attachment":[{"href":"http:\/\/astehshop.com\/index.php\/wp-json\/wp\/v2\/media?parent=7977"}],"wp:term":[{"taxonomy":"product_cat","embeddable":true,"href":"http:\/\/astehshop.com\/index.php\/wp-json\/wp\/v2\/product_cat?post=7977"},{"taxonomy":"product_tag","embeddable":true,"href":"http:\/\/astehshop.com\/index.php\/wp-json\/wp\/v2\/product_tag?post=7977"}],"curies":[{"name":"wp","href":"https:\/\/api.w.org\/{rel}","templated":true}]}}