{"id":7966,"date":"2023-06-16T20:31:58","date_gmt":"2023-06-16T18:31:58","guid":{"rendered":"http:\/\/astehshop.com\/?post_type=product&#038;p=7966"},"modified":"2023-06-16T20:31:59","modified_gmt":"2023-06-16T18:31:59","slug":"digitalni-mikser-pojacalo-sa-mp3-tunerom-bluetoothom-t-60dtb","status":"publish","type":"product","link":"http:\/\/astehshop.com\/index.php\/product\/digitalni-mikser-pojacalo-sa-mp3-tunerom-bluetoothom-t-60dtb\/","title":{"rendered":"Digitalni mikser poja\u010dalo sa MP3 Tunerom Bluetoothom T-60DTB"},"content":{"rendered":"<p><span class=\"HwtZe\" lang=\"bs\"><span class=\"jCAhz ChMk0b\"><span class=\"ryNqvb\">Opis:<\/span><\/span> <span class=\"jCAhz ChMk0b\"><span class=\"ryNqvb\">Digitalni mikser poja\u010dalo sa MP3\/TUNER\/Bluetoothom, za reprodukciju muzike u pozadini u malim i srednjim zatvorenim prostorima kao \u0161to su mali i srednji<\/span><\/span> <span class=\"jCAhz ChMk0b\"><span class=\"ryNqvb\">supermarketi, tr\u017eni centri i kafi\u0107i za slobodno vrijeme.<\/span><\/span> <span class=\"jCAhz ChMk0b\"><span class=\"ryNqvb\">Karakteristike:<\/span><\/span> <span class=\"jCAhz ChMk0b\"><span class=\"ryNqvb\">* Standardni dizajn montiran na stalak (1U), izvrstan dizajn SMT procesa.<\/span><\/span> <span class=\"jCAhz ChMk0b\"><span class=\"ryNqvb\">* Sa MP3 funkcionalnim modulom, usvojite LCD ekran, podr\u017eava reprodukciju razli\u010ditih formata datoteka na USB disku kao \u0161to su MP3, WMA, APE, FLAC, WAV i AAC;<\/span><\/span> <span class=\"jCAhz ChMk0b\"><span class=\"ryNqvb\">sa TF karticom,<\/span><\/span> <span class=\"jCAhz ChMk0b\"><span class=\"ryNqvb\">podr\u017eava Bluetooth funkciju mobilnog telefona i mo\u017ee prikazati nazive pjesama.<\/span><\/span> <span class=\"jCAhz ChMk0b\"><span class=\"ryNqvb\">* Podr\u017eava mp3\/TUNER\/Bluetooth funkciju daljinskog upravljanja.<\/span><\/span> <span class=\"jCAhz ChMk0b\"><span class=\"ryNqvb\">* 1-kanalni EMC ulaz, 2-kanalni AUX ulaz, 4-kanalni MIC ulaz.<\/span><\/span> <span class=\"jCAhz ChMk0b\"><span class=\"ryNqvb\">* Funkcija prioriteta kanala EMC&gt;MIC1&gt;MIC2, MIC3, AUX1, AUX2.<\/span><\/span> <span class=\"jCAhz ChMk0b\"><span class=\"ryNqvb\">* Svaki ulaz ima nezavisno pode\u0161avanje ja\u010dine zvuka, a ukupna ja\u010dina ima funkciju pode\u0161avanja visokih tonova, basa i kontrole ja\u010dine zvuka.<\/span><\/span> <span class=\"jCAhz ChMk0b\"><span class=\"ryNqvb\">* Ure\u0111aj je opremljen indikatorima nivoa, preoptere\u0107enja i za\u0161tite.<\/span><\/span> <span class=\"jCAhz ChMk0b\"><span class=\"ryNqvb\">* Ure\u0111aj ima dobru samoza\u0161titu kao \u0161to su kratki spoj, preoptere\u0107enje i pregrijavanje.<\/span><\/span> <span class=\"jCAhz ChMk0b\"><span class=\"ryNqvb\">* Dva izlazna re\u017eima: izlaz konstantnog napona 100V, izlaz konstantnog otpora 4-16\u03a9.<\/span><\/span> <span class=\"jCAhz ChMk0b\"><span class=\"ryNqvb\">* Visokoefikasno prekida\u010dko napajanje koje \u0161tedi energiju savr\u0161eno je kombinovano sa visokom u\u0161tedom energije i ultra stabilnim dizajnom digitalnog poja\u010dala snage D klase.<\/span><\/span> <span class=\"jCAhz ChMk0b\"><span class=\"ryNqvb\">* \u0160iroko napajanje: 180V-240V mo\u017ee raditi normalno.<\/span><\/span> <span class=\"jCAhz ChMk0b\"><span class=\"ryNqvb\">* Standby napajanje 24V prebacivanje bez odlaganja (opciono)<\/span><\/span><\/span><\/p>\n","protected":false},"excerpt":{"rendered":"<p><span class=\"HwtZe\" lang=\"bs\"><span class=\"jCAhz ChMk0b\"><span class=\"ryNqvb\">Opis:<\/span><\/span> <span class=\"jCAhz ChMk0b\"><span class=\"ryNqvb\">Digitalni mikser poja\u010dalo sa MP3\/TUNER\/Bluetoothom, za reprodukciju muzike u pozadini u malim i srednjim zatvorenim prostorima kao \u0161to su mali i srednji<\/span><\/span> <span class=\"jCAhz ChMk0b\"><span class=\"ryNqvb\">supermarketi, tr\u017eni centri i kafi\u0107i za slobodno vrijeme.<\/span><\/span> <span class=\"jCAhz ChMk0b\"><span class=\"ryNqvb\">Karakteristike:<\/span><\/span> <span class=\"jCAhz ChMk0b\"><span class=\"ryNqvb\">* Standardni dizajn montiran na stalak (1U), izvrstan dizajn SMT procesa.<\/span><\/span> <span class=\"jCAhz ChMk0b\"><span class=\"ryNqvb\">* Sa MP3 funkcionalnim modulom, usvojite LCD ekran, podr\u017eava reprodukciju razli\u010ditih formata datoteka na USB disku kao \u0161to su MP3, WMA, APE, FLAC, WAV i AAC;<\/span><\/span> <span class=\"jCAhz ChMk0b\"><span class=\"ryNqvb\">sa TF karticom,<\/span><\/span> <span class=\"jCAhz ChMk0b\"><span class=\"ryNqvb\">podr\u017eava Bluetooth funkciju mobilnog telefona i mo\u017ee prikazati nazive pjesama.<\/span><\/span> <span class=\"jCAhz ChMk0b\"><span class=\"ryNqvb\">* Podr\u017eava mp3\/TUNER\/Bluetooth funkciju daljinskog upravljanja.<\/span><\/span> <span class=\"jCAhz ChMk0b\"><span class=\"ryNqvb\">* 1-kanalni EMC ulaz, 2-kanalni AUX ulaz, 4-kanalni MIC ulaz.<\/span><\/span> <span class=\"jCAhz ChMk0b\"><span class=\"ryNqvb\">* Funkcija prioriteta kanala EMC&gt;MIC1&gt;MIC2, MIC3, AUX1, AUX2.<\/span><\/span> <span class=\"jCAhz ChMk0b\"><span class=\"ryNqvb\">* Svaki ulaz ima nezavisno pode\u0161avanje ja\u010dine zvuka, a ukupna ja\u010dina ima funkciju pode\u0161avanja visokih tonova, basa i kontrole ja\u010dine zvuka.<\/span><\/span> <span class=\"jCAhz ChMk0b\"><span class=\"ryNqvb\">* Ure\u0111aj je opremljen indikatorima nivoa, preoptere\u0107enja i za\u0161tite.<\/span><\/span> <span class=\"jCAhz ChMk0b\"><span class=\"ryNqvb\">* Ure\u0111aj ima dobru samoza\u0161titu kao \u0161to su kratki spoj, preoptere\u0107enje i pregrijavanje.<\/span><\/span> <span class=\"jCAhz ChMk0b\"><span class=\"ryNqvb\">* Dva izlazna re\u017eima: izlaz konstantnog napona 100V, izlaz konstantnog otpora 4-16\u03a9.<\/span><\/span> <span class=\"jCAhz ChMk0b\"><span class=\"ryNqvb\">* Visokoefikasno prekida\u010dko napajanje koje \u0161tedi energiju savr\u0161eno je kombinovano sa visokom u\u0161tedom energije i ultra stabilnim dizajnom digitalnog poja\u010dala snage D klase.<\/span><\/span> <span class=\"jCAhz ChMk0b\"><span class=\"ryNqvb\">* \u0160iroko napajanje: 180V-240V mo\u017ee raditi normalno.<\/span><\/span> <span class=\"jCAhz ChMk0b\"><span class=\"ryNqvb\">* Standby napajanje 24V prebacivanje bez odlaganja (opciono)<\/span><\/span><\/span><\/p>\n","protected":false},"featured_media":7967,"comment_status":"open","ping_status":"closed","template":"","meta":{"_mi_skip_tracking":false,"_exactmetrics_sitenote_active":false,"_exactmetrics_sitenote_note":"","_exactmetrics_sitenote_category":0,"spay_email":""},"product_cat":[5623],"product_tag":[5624,5627,5629,5632,5628,5626,5630,5631,5625],"brands":[],"df_price":699,"df_sale_price":"","df_regular_price":699,"df_image_link":"https:\/\/i2.wp.com\/astehshop.com\/wp-content\/uploads\/2023\/06\/pojacalo-T-60DTB.png?fit=450%2C289","jetpack_publicize_connections":[],"jetpack_sharing_enabled":true,"jetpack_likes_enabled":true,"jetpack-related-posts":[{"id":7996,"url":"http:\/\/astehshop.com\/index.php\/product\/mixer-pojacalo-mp35ub\/","url_meta":{"origin":7966,"position":0},"title":"Mixer poja\u010dalo  MP35UB","date":"20. lipnja 2023.","format":false,"excerpt":"35W Mini mikser-poja\u010dalo sa ugra\u0111enim BLUETOOTH\/USB\/FM RADIOM. Ugra\u0161eno poja\u010dalo klase D. 2x mikrofonska ulaza: 1 x 6.3mm sa prioritetom i \u00a0prigu\u0161ivanjem i 1 x XRL sa Phantom Power 48V. 1x alarmni (EMC) ulaz. 2 RCA AUX ulaz. 1x linijski RCA izlaz. Prioriteti EMC\/MIC1>AUX1\/AUX2\/MIC2. 100\/70V\/4-16\u03a9 izlaz. Diodna indikacija. Propusni opseg: 20Hz~20KHz\u2026","rel":"","context":"Srodne objave","img":{"alt_text":"","src":"https:\/\/i0.wp.com\/astehshop.com\/wp-content\/uploads\/2023\/06\/MP35UB-1.jpg?fit=810%2C900&resize=350%2C200","width":350,"height":200},"classes":[]},{"id":7999,"url":"http:\/\/astehshop.com\/index.php\/product\/mixer-pojacalo-mp60ub\/","url_meta":{"origin":7966,"position":1},"title":"Mixer poja\u010dalo MP60UB","date":"20. lipnja 2023.","format":false,"excerpt":"60W Mini mikser-poja\u010dalo sa ugra\u0111enim BLUETOOTH\/USB\/FM RADIOM. Ugra\u0161eno poja\u010dalo klase D. 2x mikrofonska ulaza: 1 x 6.3mm sa prioritetom i \u00a0prigu\u0161ivanjem i 1 x XRL sa Phantom Power 48V. 1x alarmni (EMC) ulaz. 2 RCA AUX ulaz. 1x linijski RCA izlaz. Prioriteti EMC\/MIC1>AUX1\/AUX2\/MIC2. 100\/70V\/4-16\u03a9 izlaz. Diodna indikacija. Propusni opseg: 20Hz~20KHz\u2026","rel":"","context":"Srodne objave","img":{"alt_text":"","src":"https:\/\/i0.wp.com\/astehshop.com\/wp-content\/uploads\/2023\/06\/MP60UB.jpg?fit=810%2C900&resize=350%2C200","width":350,"height":200},"classes":[]},{"id":9846,"url":"http:\/\/astehshop.com\/index.php\/product\/ceopa-ce-mp70-pojacalo-70w\/","url_meta":{"origin":7966,"position":2},"title":"Ceopa CE-MP70 poja\u010dalo 70W","date":"15. prosinca 2024.","format":false,"excerpt":"Poja\u010dalo sa FM prijemnikom i USB ulazom, 70W 70W izlazne snage, 0,25KVA Dva ulaza za mikrofon, line-in ulaz, izlaz za druge ure\u0111aje, nezavisna kontrola poja\u010danja za MIC i AUX, kontrola visokih tonova i basa, kontrola ja\u010dine izlaza preko LED diodica, za\u0161tita od kratkog spoja na izlazu, alarmni izlaz, FM radio,\u2026","rel":"","context":"Srodne objave","img":{"alt_text":"","src":"https:\/\/i2.wp.com\/astehshop.com\/wp-content\/uploads\/2024\/12\/Ceopa-CE-MP70-pojacalo-70W.jpg?fit=1200%2C675&resize=350%2C200","width":350,"height":200},"classes":[]},{"id":7443,"url":"http:\/\/astehshop.com\/index.php\/product\/huawei-pametni-sat-band-4e\/","url_meta":{"origin":7966,"position":3},"title":"Huawei pametni sat Band 4e","date":"11. o\u017eujka 2023.","format":false,"excerpt":"HUAWEI Band 4e pametna je narukvica koja podr\u017eava na\u010din rada na ruci i nozi, a integrira pametne zna\u010dajke kao \u0161to su pra\u0107enje ko\u0161arka\u0161kih performansi, pra\u0107enje forme tr\u010danja i pra\u0107enje dnevnih aktivnosti, pra\u0107enje spavanja i podsjetnici na poruke. Proizvod sadr\u017ei opcije za fitnes, zdravlje i modu te je savr\u0161en partner za\u2026","rel":"","context":"Srodne objave","img":{"alt_text":"","src":"https:\/\/i1.wp.com\/astehshop.com\/wp-content\/uploads\/2023\/03\/Huawei-pametni-sat-Band-4e.jpeg?fit=900%2C900&resize=350%2C200","width":350,"height":200},"classes":[]},{"id":6515,"url":"http:\/\/astehshop.com\/index.php\/product\/antena-sobna-sa-pojacalom-51-db-dvb-t-t2-fz-51\/","url_meta":{"origin":7966,"position":4},"title":"Antena sobna sa poja\u010dalom 51 dB, DVB-T\/T2 FZ 51","date":"13. studenoga 2022.","format":false,"excerpt":"Sobna antena sa poja\u010dalom za prijem radijskih i TV emisija, analogni i digitalni signal, izuzetna osjetljivost Ugra\u0111eno poja\u010dalo max 51 dB, frekventni opseg VHF: 87,5 - 230 MHz \/ UHF: 470 - 790 MHz, impedanca 75 \u03a9 Dimenzije 190 x 120 x 30 mm, dvostruko napajanje koaksijalnim kabelom iz prijemnika\u2026","rel":"","context":"Srodne objave","img":{"alt_text":"","src":"https:\/\/i2.wp.com\/astehshop.com\/wp-content\/uploads\/2022\/11\/FZ-51.png?fit=1200%2C1200&resize=350%2C200","width":350,"height":200},"classes":[]},{"id":9849,"url":"http:\/\/astehshop.com\/index.php\/product\/ceopa-ce-mp360p-pojacalo-360w\/","url_meta":{"origin":7966,"position":5},"title":"Ceopa CE-MP360P poja\u010dalo 360W","date":"15. prosinca 2024.","format":false,"excerpt":"Poja\u010dalo sa FM prijemnikom i USB ulazom, 360W 360W izlazne snage, 0,7KVA Dva ulaza za mikrofon, line-in ulaz, izlaz za druge ure\u0111aje, nezavisna kontrola poja\u010danja za MIC i AUX, kontrola visokih tonova i basa, kontrola ja\u010dine izlaza preko LED diodica, za\u0161tita od kratkog spoja na izlazu, alarmni izlaz, FM radio,\u2026","rel":"","context":"Srodne objave","img":{"alt_text":"","src":"https:\/\/i1.wp.com\/astehshop.com\/wp-content\/uploads\/2024\/12\/Ceopa-CE-MP360P-pojacalo-360W.jpg?fit=1200%2C675&resize=350%2C200","width":350,"height":200},"classes":[]}],"_links":{"self":[{"href":"http:\/\/astehshop.com\/index.php\/wp-json\/wp\/v2\/product\/7966"}],"collection":[{"href":"http:\/\/astehshop.com\/index.php\/wp-json\/wp\/v2\/product"}],"about":[{"href":"http:\/\/astehshop.com\/index.php\/wp-json\/wp\/v2\/types\/product"}],"replies":[{"embeddable":true,"href":"http:\/\/astehshop.com\/index.php\/wp-json\/wp\/v2\/comments?post=7966"}],"wp:featuredmedia":[{"embeddable":true,"href":"http:\/\/astehshop.com\/index.php\/wp-json\/wp\/v2\/media\/7967"}],"wp:attachment":[{"href":"http:\/\/astehshop.com\/index.php\/wp-json\/wp\/v2\/media?parent=7966"}],"wp:term":[{"taxonomy":"product_cat","embeddable":true,"href":"http:\/\/astehshop.com\/index.php\/wp-json\/wp\/v2\/product_cat?post=7966"},{"taxonomy":"product_tag","embeddable":true,"href":"http:\/\/astehshop.com\/index.php\/wp-json\/wp\/v2\/product_tag?post=7966"}],"curies":[{"name":"wp","href":"https:\/\/api.w.org\/{rel}","templated":true}]}}