{"id":7961,"date":"2023-06-16T20:16:09","date_gmt":"2023-06-16T18:16:09","guid":{"rendered":"http:\/\/astehshop.com\/?post_type=product&#038;p=7961"},"modified":"2023-06-16T20:16:10","modified_gmt":"2023-06-16T18:16:10","slug":"ugradni-zvucnik-itc-t-106u","status":"publish","type":"product","link":"http:\/\/astehshop.com\/index.php\/product\/ugradni-zvucnik-itc-t-106u\/","title":{"rendered":"Ugradni zvu\u010dnik ITC T-106U"},"content":{"rendered":"<p><span class=\"HwtZe\" lang=\"bs\"><span class=\"jCAhz ChMk0b\"><span class=\"ryNqvb\">Model<\/span><\/span> <span class=\"jCAhz ChMk0b\"><span class=\"ryNqvb\">Strujni razvodnici @100V<\/span><\/span> <span class=\"jCAhz ChMk0b\"><span class=\"ryNqvb\">Strujni slavine @70V<\/span><\/span> <span class=\"jCAhz ChMk0b\"><span class=\"ryNqvb\">Impedansa<\/span><\/span> <span class=\"jCAhz ChMk0b\"><span class=\"ryNqvb\">SPL(1W\/1M)<\/span><\/span> <span class=\"jCAhz ChMk0b\"><span class=\"ryNqvb\">Max.<\/span><\/span> <span class=\"jCAhz ChMk0b\"><span class=\"ryNqvb\">SPL (Rated W\/1M)<\/span><\/span> <span class=\"jCAhz ChMk0b\"><span class=\"ryNqvb\">Frekvencijski odziv (-10dB)<\/span><\/span> <span class=\"jCAhz ChMk0b\"><span class=\"ryNqvb\">Zavr\u0161i<\/span><\/span> <span class=\"jCAhz ChMk0b\"><span class=\"ryNqvb\">Speaker Driver<\/span><\/span> <span class=\"jCAhz ChMk0b\"><span class=\"ryNqvb\">Veli\u010dina izreza<\/span><\/span> <span class=\"jCAhz ChMk0b\"><span class=\"ryNqvb\">Dimenzije<\/span><\/span> <span class=\"jCAhz ChMk0b\"><span class=\"ryNqvb\">Te\u017eina<\/span><\/span> <span class=\"jCAhz ChMk0b\"><span class=\"ryNqvb\">Monta\u017ea<\/span><\/span> <span class=\"jCAhz ChMk0b\"><span class=\"ryNqvb\">T-106U<\/span><\/span> <span class=\"jCAhz ChMk0b\"><span class=\"ryNqvb\">3W, 6W, 9W<\/span><\/span> <span class=\"jCAhz ChMk0b\"><span class=\"ryNqvb\">1,5W, 3W, 4,5W<\/span><\/span> <span class=\"jCAhz ChMk0b\"><span class=\"ryNqvb\">Crna: Com Red: 3.3K\u03a9<\/span><\/span> <span class=\"jCAhz ChMk0b\"><span class=\"ryNqvb\">Zelena:1.7K\u03a9 Bijela:1.1K\u03a9<\/span><\/span> <span class=\"jCAhz ChMk0b\"><span class=\"ryNqvb\">91dB<\/span><\/span> <span class=\"jCAhz ChMk0b\"><span class=\"ryNqvb\">101dB<\/span><\/span> <span class=\"jCAhz ChMk0b\"><span class=\"ryNqvb\">80-18KHz<\/span><\/span> <span class=\"jCAhz ChMk0b\"><span class=\"ryNqvb\">Pregrada: ABS, Bijela Re\u0161etka: \u010celik, Bijela<\/span><\/span> <span class=\"jCAhz ChMk0b\"><span class=\"ryNqvb\">6&#8243; x 1<\/span><\/span> <span class=\"jCAhz ChMk0b\"><span class=\"ryNqvb\">170mm<\/span><\/span> <span class=\"jCAhz ChMk0b\"><span class=\"ryNqvb\">200 x 86 mm<\/span><\/span> <span class=\"jCAhz ChMk0b\"><span class=\"ryNqvb\">0.9Kg<\/span><\/span> <span class=\"jCAhz ChMk0b\"><span class=\"ryNqvb\">Opru\u017eni klip<\/span><\/span><\/span><\/p>\n","protected":false},"excerpt":{"rendered":"<p><span class=\"HwtZe\" lang=\"bs\"><span class=\"jCAhz ChMk0b\"><span class=\"ryNqvb\">Model<\/span><\/span> <span class=\"jCAhz ChMk0b\"><span class=\"ryNqvb\">Strujni razvodnici @100V<\/span><\/span> <span class=\"jCAhz ChMk0b\"><span class=\"ryNqvb\">Strujni slavine @70V<\/span><\/span> <span class=\"jCAhz ChMk0b\"><span class=\"ryNqvb\">Impedansa<\/span><\/span> <span class=\"jCAhz ChMk0b\"><span class=\"ryNqvb\">SPL(1W\/1M)<\/span><\/span> <span class=\"jCAhz ChMk0b\"><span class=\"ryNqvb\">Max.<\/span><\/span> <span class=\"jCAhz ChMk0b\"><span class=\"ryNqvb\">SPL (Rated W\/1M)<\/span><\/span> <span class=\"jCAhz ChMk0b\"><span class=\"ryNqvb\">Frekvencijski odziv (-10dB)<\/span><\/span> <span class=\"jCAhz ChMk0b\"><span class=\"ryNqvb\">Zavr\u0161i<\/span><\/span> <span class=\"jCAhz ChMk0b\"><span class=\"ryNqvb\">Speaker Driver<\/span><\/span> <span class=\"jCAhz ChMk0b\"><span class=\"ryNqvb\">Veli\u010dina izreza<\/span><\/span> <span class=\"jCAhz ChMk0b\"><span class=\"ryNqvb\">Dimenzije<\/span><\/span> <span class=\"jCAhz ChMk0b\"><span class=\"ryNqvb\">Te\u017eina<\/span><\/span> <span class=\"jCAhz ChMk0b\"><span class=\"ryNqvb\">Monta\u017ea<\/span><\/span> <span class=\"jCAhz ChMk0b\"><span class=\"ryNqvb\">T-106U<\/span><\/span> <span class=\"jCAhz ChMk0b\"><span class=\"ryNqvb\">3W, 6W, 9W<\/span><\/span> <span class=\"jCAhz ChMk0b\"><span class=\"ryNqvb\">1,5W, 3W, 4,5W<\/span><\/span> <span class=\"jCAhz ChMk0b\"><span class=\"ryNqvb\">Crna: Com Red: 3.3K\u03a9<\/span><\/span> <span class=\"jCAhz ChMk0b\"><span class=\"ryNqvb\">Zelena:1.7K\u03a9 Bijela:1.1K\u03a9<\/span><\/span> <span class=\"jCAhz ChMk0b\"><span class=\"ryNqvb\">91dB<\/span><\/span> <span class=\"jCAhz ChMk0b\"><span class=\"ryNqvb\">101dB<\/span><\/span> <span class=\"jCAhz ChMk0b\"><span class=\"ryNqvb\">80-18KHz<\/span><\/span> <span class=\"jCAhz ChMk0b\"><span class=\"ryNqvb\">Pregrada: ABS, Bijela Re\u0161etka: \u010celik, Bijela<\/span><\/span> <span class=\"jCAhz ChMk0b\"><span class=\"ryNqvb\">6&#8243; x 1<\/span><\/span> <span class=\"jCAhz ChMk0b\"><span class=\"ryNqvb\">170mm<\/span><\/span> <span class=\"jCAhz ChMk0b\"><span class=\"ryNqvb\">200 x 86 mm<\/span><\/span> <span class=\"jCAhz ChMk0b\"><span class=\"ryNqvb\">0.9Kg<\/span><\/span> <span class=\"jCAhz ChMk0b\"><span class=\"ryNqvb\">Opru\u017eni klip<\/span><\/span><\/span><\/p>\n","protected":false},"featured_media":7959,"comment_status":"open","ping_status":"closed","template":"","meta":{"_mi_skip_tracking":false,"_exactmetrics_sitenote_active":false,"_exactmetrics_sitenote_note":"","_exactmetrics_sitenote_category":0,"spay_email":""},"product_cat":[5604,5612],"product_tag":[5615,5613,5616,5614],"brands":[],"df_price":45,"df_sale_price":"","df_regular_price":45,"df_image_link":"https:\/\/i1.wp.com\/astehshop.com\/wp-content\/uploads\/2023\/06\/TC-T-105U.jpg?fit=450%2C437","jetpack_publicize_connections":[],"jetpack_sharing_enabled":true,"jetpack_likes_enabled":true,"jetpack-related-posts":[{"id":7994,"url":"http:\/\/astehshop.com\/index.php\/product\/vodootporan-zidni-zvucnik-dsp255ii-crni-ili-bijeli\/","url_meta":{"origin":7961,"position":0},"title":"Vodootporan zidni zvu\u010dnik DSP255II crni ili bijeli","date":"20. lipnja 2023.","format":false,"excerpt":"2x3\u201d, 1.1\u201d, vodootporan, zidni zvu\u010dnik, za 100V\/70V\/8\u03a9 liniju. Snaga 1W-2W-4W-8W-15W na 70V, 2W-4W-8W-15W-30W na 100V. 30W na 8\u03a9. RMS 30W. Osetljivost 87dB, Maksimalni nivo zvuka 102dB\/1m, frekventni opseg 140Hz-20kHz. Rotacioni prekida\u010d za izbor snage\/impedanse. Materijal Aluminijum. Dimenzije: 109x102x376mm, te\u017eina 3kg. Nazidna monta\u017ea. Bijela\/Crna boja. Komplet sa U- nosa\u010dem.","rel":"","context":"Srodne objave","img":{"alt_text":"","src":"https:\/\/i1.wp.com\/astehshop.com\/wp-content\/uploads\/2023\/06\/DSP255II.jpg?fit=600%2C600&resize=350%2C200","width":350,"height":200},"classes":[]},{"id":7988,"url":"http:\/\/astehshop.com\/index.php\/product\/zidni-zvucnik-crni-ili-bijeli\/","url_meta":{"origin":7961,"position":1},"title":"Zidni zvu\u010dnik crni ili bijeli","date":"19. lipnja 2023.","format":false,"excerpt":"4\u201d dvosistemski zidni zvu\u010dnik, za 100V\/70V\/8\u03a9 liniju. Snaga 2W-4W-8W-15W-20W na 70V, 4W-8W-15W-20W na 100V. 20W na 8\u03a9. RMS 20W. Osetljivost 90dB, Maksimalni nivo zvuka103dB\/1m, frekventni opseg 95Hz-20kHz. Rotacioni prekida\u010d za izbor snage\/impedanse. Materijal Aluminijum, ABS. Dimenzije: 255x176x170mm, te\u017eina 2.6kg. Nazidna monta\u017ea.","rel":"","context":"Srodne objave","img":{"alt_text":"","src":"https:\/\/i0.wp.com\/astehshop.com\/wp-content\/uploads\/2023\/06\/DSP8062.jpg?fit=600%2C600&resize=350%2C200","width":350,"height":200},"classes":[]},{"id":7991,"url":"http:\/\/astehshop.com\/index.php\/product\/zidni-zvucnik-crni-ili-bijeli-dsp8064\/","url_meta":{"origin":7961,"position":2},"title":"Zidni zvu\u010dnik crni ili bijeli DSP8064","date":"20. lipnja 2023.","format":false,"excerpt":"6.5\u201d dvosistemski zidni zvu\u010dnik, za 100V\/70V\/8\u03a9 liniju. Snaga 3W-6W-10W-20W-40W na 70V, 6W-10W-20W-40W na 100V. 40W na 8\u03a9. RMS 40W. Osetljivost 90dB, Maksimalni nivo zvuka 103dB\/1m, frekventni opseg 95Hz-20kHz. Rotacioni prekida\u010d za izbor snage\/impedanse. Materijal Aluminijum, ABS. Dimenzije: 255x176x170mm, te\u017eina 2.6kg. Nazidna monta\u017ea. Bijela\/Crna boja. Komplet sa U- nosa\u010dem.","rel":"","context":"Srodne objave","img":{"alt_text":"","src":"https:\/\/i0.wp.com\/astehshop.com\/wp-content\/uploads\/2023\/06\/DSP8064.jpg?fit=600%2C600&resize=350%2C200","width":350,"height":200},"classes":[]},{"id":7964,"url":"http:\/\/astehshop.com\/index.php\/product\/itc-t-775w-5-incni-dvosmjerni-30w-zvucnik-za-montiranje-na-zid\/","url_meta":{"origin":7961,"position":3},"title":"ITC T-775W 5-in\u010dni dvosmjerni 30W zvu\u010dnik za montiranje na zid","date":"16. lipnja 2023.","format":false,"excerpt":"T-775 je zidni zvu\u010dnik sa ugra\u0111enim transformatorom od 70v\/100v. Tehnika transformatora 70v\/100v smanjuje gubitke u liniji na ve\u0107oj udaljenosti i omogu\u0107ava lako paralelno povezivanje vi\u0161e zvu\u010dnika. Ugra\u0111eni 5\u201d+1,5\u201d dvosmjerni drajver zvu\u010dnika je dizajniran za \u0161irok frekventni odziv 130-15kHz, RMS izlazne snage 30 vati su pogodne za ve\u0107inu aplikacija. Metalna re\u0161etka,\u2026","rel":"","context":"Srodne objave","img":{"alt_text":"","src":"https:\/\/i2.wp.com\/astehshop.com\/wp-content\/uploads\/2023\/06\/T-775W.jpg?fit=930%2C948&resize=350%2C200","width":350,"height":200},"classes":[]},{"id":9855,"url":"http:\/\/astehshop.com\/index.php\/product\/ceopa-ce-d460a-power-amplifier-460w\/","url_meta":{"origin":7961,"position":4},"title":"Ceopa CE-D460A power amplifier 460W","date":"15. prosinca 2024.","format":false,"excerpt":"Poja\u010dava\u010d snage, 460W Izlazi na 70V, 100V, 4 i 16 ohm, 5 LED indikatora","rel":"","context":"Srodne objave","img":{"alt_text":"","src":"https:\/\/i1.wp.com\/astehshop.com\/wp-content\/uploads\/2024\/12\/ceopa-ce-d460a-power-amplifier-460w_0.jpg?fit=1200%2C675&resize=350%2C200","width":350,"height":200},"classes":[]},{"id":6653,"url":"http:\/\/astehshop.com\/index.php\/product\/slusalice-good-game-gg-h02-gaming\/","url_meta":{"origin":7961,"position":5},"title":"Slu\u0161alice Good Game GG-H02 gaming","date":"17. studenoga 2022.","format":false,"excerpt":"Veli\u010dina zvu\u010dnika: \u00d8 40 mm Otpor zvu\u010dnika: 32 Ohm Osjetljivost zvu\u010dnika: 115 dB \u00b1 3 dB Frekvencijski odziv: 20 Hz - 20 kHz Veli\u010dina mikrofona: \u00d8 6 x 5 mm Osjetljivost mikrofona: - 42 dB \u00b1 3 dB Tip konektora: 3.5 mm x 2 Duljina kabela: 2 metra Radna temperatura:\u2026","rel":"","context":"Srodne objave","img":{"alt_text":"","src":"https:\/\/i0.wp.com\/astehshop.com\/wp-content\/uploads\/2022\/11\/medium_24784_d0690ef2c00efab4937727dd88c3289egAl.png?fit=400%2C400&resize=350%2C200","width":350,"height":200},"classes":[]}],"_links":{"self":[{"href":"http:\/\/astehshop.com\/index.php\/wp-json\/wp\/v2\/product\/7961"}],"collection":[{"href":"http:\/\/astehshop.com\/index.php\/wp-json\/wp\/v2\/product"}],"about":[{"href":"http:\/\/astehshop.com\/index.php\/wp-json\/wp\/v2\/types\/product"}],"replies":[{"embeddable":true,"href":"http:\/\/astehshop.com\/index.php\/wp-json\/wp\/v2\/comments?post=7961"}],"wp:featuredmedia":[{"embeddable":true,"href":"http:\/\/astehshop.com\/index.php\/wp-json\/wp\/v2\/media\/7959"}],"wp:attachment":[{"href":"http:\/\/astehshop.com\/index.php\/wp-json\/wp\/v2\/media?parent=7961"}],"wp:term":[{"taxonomy":"product_cat","embeddable":true,"href":"http:\/\/astehshop.com\/index.php\/wp-json\/wp\/v2\/product_cat?post=7961"},{"taxonomy":"product_tag","embeddable":true,"href":"http:\/\/astehshop.com\/index.php\/wp-json\/wp\/v2\/product_tag?post=7961"}],"curies":[{"name":"wp","href":"https:\/\/api.w.org\/{rel}","templated":true}]}}