{"id":7946,"date":"2023-06-11T09:31:33","date_gmt":"2023-06-11T07:31:33","guid":{"rendered":"http:\/\/astehshop.com\/?post_type=product&#038;p=7946"},"modified":"2023-06-11T09:31:33","modified_gmt":"2023-06-11T07:31:33","slug":"zigbee-wireless-gateway-sav-smart-na-jednom-mjestu","status":"publish","type":"product","link":"http:\/\/astehshop.com\/index.php\/product\/zigbee-wireless-gateway-sav-smart-na-jednom-mjestu\/","title":{"rendered":"Zigbee Wireless Gateway sav SMART na jednom mjestu"},"content":{"rendered":"<p>Smart Home<br \/>\nAutomatizacija<br \/>\nSigurnost<br \/>\nKontrola putem aplikacije<br \/>\nMali modul za sve va\u0161e smart WIFI ure\u0111aje koji tro\u0161i veoma malo interneta i ne pravi skoro nikakvo optere\u010denje na Va\u0161em WIFI ure\u0111aju<br \/>\nUz njega mo\u017eete napraviti automatizaciju uz kombinaciju recimo wifi magneta za prozore da ukoliko se prozor otvori, klima ure\u0111aj se isklju\u010di te Vam tako u\u0161tedi energiju.<br \/>\nUz termostat se mo\u017ee napraviti da ukoliko temperatura u ku\u0107i dostigne odre\u0111enu temperaturu da uklju\u010di klima ure\u0111aj<\/p>\n","protected":false},"excerpt":{"rendered":"<p>Smart Home<br \/>\nAutomatizacija<br \/>\nSigurnost<br \/>\nKontrola putem aplikacije<br \/>\nMali modul za sve va\u0161e smart WIFI ure\u0111aje koji tro\u0161i veoma malo interneta i ne pravi skoro nikakvo optere\u010denje na Va\u0161em WIFI ure\u0111aju<br \/>\nUz njega mo\u017eete napraviti automatizaciju uz kombinaciju recimo wifi magneta za prozore da ukoliko se prozor otvori, klima ure\u0111aj se isklju\u010di te Vam tako u\u0161tedi energiju.<br \/>\nUz termostat se mo\u017ee napraviti da ukoliko temperatura u ku\u0107i dostigne odre\u0111enu temperaturu da uklju\u010di klima ure\u0111aj<\/p>\n","protected":false},"featured_media":7947,"comment_status":"open","ping_status":"closed","template":"","meta":{"_mi_skip_tracking":false,"_exactmetrics_sitenote_active":false,"_exactmetrics_sitenote_note":"","_exactmetrics_sitenote_category":0,"spay_email":""},"product_cat":[3480],"product_tag":[4058,5595,5501,3483,5597,5596],"brands":[{"id":5063,"name":"tuya","slug":"tuya"}],"df_price":79,"df_sale_price":"","df_regular_price":79,"df_image_link":"https:\/\/i1.wp.com\/astehshop.com\/wp-content\/uploads\/2023\/06\/Zigbee-Wireless-Gateway.png?fit=450%2C375","jetpack_publicize_connections":[],"jetpack_sharing_enabled":true,"jetpack_likes_enabled":true,"jetpack-related-posts":[{"id":7918,"url":"http:\/\/astehshop.com\/index.php\/product\/pametni-wifi-magnet-za-prozore-i-vrata-kreiranje-scenarija\/","url_meta":{"origin":7946,"position":0},"title":"Pametni WIFI magnet za prozore i vrata &#8211; kreiranje scenarija","date":"10. lipnja 2023.","format":false,"excerpt":"Pametni WIFI magnet Uz kombinaciju uz ovaj ure\u0111aj : http:\/\/astehshop.com\/index.php\/product\/pametni-wifi-monitor-vlaznosti-temperature-i-upravljac-ir-uredajima-kao-sto-je-klima\/ Mo\u017ee da gasi klima ure\u0111aj ukoliko se prozor otvori i na taj na\u010din Vam u\u0161tedi elektri\u010dnu energiju. Ovaj magnet ima veoma \u0161iroku primjenu, mo\u017eete ga koristiti bilo gdje u ku\u0107i ili okolo Obavje\u0161tenja u realnom vremenu - uvijek budite u\u2026","rel":"","context":"Srodne objave","img":{"alt_text":"","src":"https:\/\/i1.wp.com\/astehshop.com\/wp-content\/uploads\/2023\/06\/magnet-za-vrata-i-prozore.png?fit=821%2C823&resize=350%2C200","width":350,"height":200},"classes":[]},{"id":10249,"url":"http:\/\/astehshop.com\/index.php\/product\/gree-mona-gph12ao-k5nna1d-prijenosna-klima\/","url_meta":{"origin":7946,"position":1},"title":"Gree Mona GPH12AO-K5NNA1D  prijenosna klima","date":"12. travnja 2025.","format":false,"excerpt":"Udobnost i prakti\u010dnost su klju\u010dni aspekti suvremenog \u017eivota, a GREE Mona GPH12AO-K5NNA1D (WiFi) prijenosni klima ure\u0111aj predstavlja savr\u0161eno rje\u0161enje za odr\u017eavanje \u017eeljene temperature u va\u0161em domu ili uredu. Ovaj inovativni ure\u0111aj nudi \u0161irok spektar mogu\u0107nosti, pru\u017eaju\u0107i vam potpunu kontrolu nad klimatizacijom prostora. Jedna od izvanrednih karakteristika GREE Mona klima ure\u0111aja\u2026","rel":"","context":"Srodne objave","img":{"alt_text":"","src":"https:\/\/i2.wp.com\/astehshop.com\/wp-content\/uploads\/2025\/04\/Prijenosna-klima-uredaj-GREE-Mona-GPH12AN-1-1.png?fit=990%2C1010&resize=350%2C200","width":350,"height":200},"classes":[]},{"id":10167,"url":"http:\/\/astehshop.com\/index.php\/product\/azuri-console-parapetni-klima-uredaj-azi-fo25vd\/","url_meta":{"origin":7946,"position":2},"title":"AZURI CONSOLE Parapetni KLIMA URE\u0110AJ AZI-FO25VD","date":"6. travnja 2025.","format":false,"excerpt":"Podna unutarnja i vanjska jedinica U\u010dinak hla\u0111enja: 2,7kW (0,70 - 3,40) kW U\u010dinak grijanja: 2,9kW (0,60 - 3,50) kW Prikladno za prostor: do 25m2 Energetska klasa: A++ Wi-Fi upravljanje je uklju\u010deno u cijenu Garancija : 5 godina (3 god. osnovno + 2 god. uz registraciju) AZURI klima ure\u0111aji odlikuju se\u2026","rel":"","context":"Srodne objave","img":{"alt_text":"","src":"https:\/\/i0.wp.com\/astehshop.com\/wp-content\/uploads\/2025\/04\/parapetna-klima.png?fit=867%2C650&resize=350%2C200","width":350,"height":200},"classes":[]},{"id":7819,"url":"http:\/\/astehshop.com\/index.php\/product\/pametni-prekidac-za-roletne-tuya-wifi-ds-151-na-dodir\/","url_meta":{"origin":7946,"position":3},"title":"Pametni prekida\u010d za roletne Tuya WIFI DS-151 na dodir","date":"23. svibnja 2023.","format":false,"excerpt":"WIFI daljinski upravlja\u010d: uklju\u010dite\/isklju\u010dite svjetlo s bilo kojeg mjesta Podr\u0161ka za aplikacije: besplatna aplikacija za iOS i Android telefon (Smart Life) Upravljanje glasom: uz Alexa, Google Home Voice Control Nezavisna kontrola: kontrolirajte svaku grupu zasebno Status sinhronizacije: status ure\u0111aja u realnom vremenu koji se nalazi u APP-u Funkcija mjerenja vremena:\u2026","rel":"","context":"Srodne objave","img":{"alt_text":"","src":"https:\/\/i1.wp.com\/astehshop.com\/wp-content\/uploads\/2023\/05\/pametni-prekidac-roletne.jpg?fit=896%2C892&resize=350%2C200","width":350,"height":200},"classes":[]},{"id":3162,"url":"http:\/\/astehshop.com\/index.php\/product\/wifi-ptz-kamera-hd-2-mpx\/","url_meta":{"origin":7946,"position":4},"title":"WIFI PTZ KAMERA HD 2 MPX","date":"13. velja\u010de 2019.","format":false,"excerpt":"Snimanje na micro SD karticu do 64 GB Pregled putem mobilne aplikacije na androidu i IOSu Veoma jednostavno postavljanje, Uz kameru u pakiranju dolazi nosa\u010d za montiranje i adapter za struju Kamera se ve\u017ee na WiFi mre\u017eu Kamerom se upravlja putem aplikacije Kamera mo\u017ee da radi be\u017ei\u010dnim putem (WIFI), a\u2026","rel":"","context":"Srodne objave","img":{"alt_text":"","src":"https:\/\/i1.wp.com\/astehshop.com\/wp-content\/uploads\/2019\/02\/YYZ100-111.jpg?fit=850%2C995&resize=350%2C200","width":350,"height":200},"classes":[]},{"id":3159,"url":"http:\/\/astehshop.com\/index.php\/product\/wifi-ptz-kamera-hd-13-mpx\/","url_meta":{"origin":7946,"position":5},"title":"WIFI PTZ KAMERA HD 1,3 MPX","date":"13. velja\u010de 2019.","format":false,"excerpt":"\u00a0 Snimanje na micro SD karticu do 64 GB Pregled putem mobilne aplikacije na androidu i IOSu Veoma jednostavno postavljanje, Uz kameru u pakiranju dolazi nosa\u010d za montiranje i adapter za struju Kamera se ve\u017ee na WiFi mre\u017eu Kamerom se upravlja putem aplikacije Kamera mo\u017ee da radi be\u017ei\u010dnim putem (WIFI),\u2026","rel":"","context":"Srodne objave","img":{"alt_text":"","src":"https:\/\/i1.wp.com\/astehshop.com\/wp-content\/uploads\/2019\/02\/YYZ100-111.jpg?fit=850%2C995&resize=350%2C200","width":350,"height":200},"classes":[]}],"_links":{"self":[{"href":"http:\/\/astehshop.com\/index.php\/wp-json\/wp\/v2\/product\/7946"}],"collection":[{"href":"http:\/\/astehshop.com\/index.php\/wp-json\/wp\/v2\/product"}],"about":[{"href":"http:\/\/astehshop.com\/index.php\/wp-json\/wp\/v2\/types\/product"}],"replies":[{"embeddable":true,"href":"http:\/\/astehshop.com\/index.php\/wp-json\/wp\/v2\/comments?post=7946"}],"wp:featuredmedia":[{"embeddable":true,"href":"http:\/\/astehshop.com\/index.php\/wp-json\/wp\/v2\/media\/7947"}],"wp:attachment":[{"href":"http:\/\/astehshop.com\/index.php\/wp-json\/wp\/v2\/media?parent=7946"}],"wp:term":[{"taxonomy":"product_cat","embeddable":true,"href":"http:\/\/astehshop.com\/index.php\/wp-json\/wp\/v2\/product_cat?post=7946"},{"taxonomy":"product_tag","embeddable":true,"href":"http:\/\/astehshop.com\/index.php\/wp-json\/wp\/v2\/product_tag?post=7946"}],"curies":[{"name":"wp","href":"https:\/\/api.w.org\/{rel}","templated":true}]}}