{"id":7934,"date":"2023-06-10T18:16:53","date_gmt":"2023-06-10T16:16:53","guid":{"rendered":"http:\/\/astehshop.com\/?post_type=product&#038;p=7934"},"modified":"2023-06-10T18:16:54","modified_gmt":"2023-06-10T16:16:54","slug":"wi-fi-senzor-temperature-i-vlaznosti-smart-home","status":"publish","type":"product","link":"http:\/\/astehshop.com\/index.php\/product\/wi-fi-senzor-temperature-i-vlaznosti-smart-home\/","title":{"rendered":"Wi-Fi senzor temperature i vla\u017enosti Smart Home"},"content":{"rendered":"<div class=\"lRu31\"><span class=\"HwtZe\" lang=\"hr\"><span class=\"jCAhz ChMk0b\"><span class=\"ryNqvb\">Napajanje: baterija LR03-1.5V\/AAA * 3 (nije uklju\u010dena)<\/span><\/span> <\/span><\/div>\n<div class=\"lRu31\"><span class=\"HwtZe\" lang=\"hr\"><span class=\"jCAhz ChMk0b\"><span class=\"ryNqvb\">Pozadinsko osvjetljenje: <\/span><\/span><\/span><\/div>\n<div class=\"lRu31\"><span class=\"HwtZe\" lang=\"hr\"><span class=\"jCAhz ChMk0b\"><span class=\"ryNqvb\">Podr\u017eano<\/span><\/span> <span class=\"jCAhz ChMk0b\"><span class=\"ryNqvb\">Be\u017ei\u010dno: WiFi 2,4 GHz IEEE 802.11 b\/g\/n<\/span><\/span> <\/span><\/div>\n<div class=\"lRu31\"><span class=\"HwtZe\" lang=\"hr\"><span class=\"jCAhz ChMk0b\"><span class=\"ryNqvb\">Raspon mjerenja temperature: &#8211; 9,9 \u2103 &#8211; 60 \u2103<\/span><\/span> <\/span><\/div>\n<div class=\"lRu31\"><span class=\"HwtZe\" lang=\"hr\"><span class=\"jCAhz ChMk0b\"><span class=\"ryNqvb\">Preciznost temperature: \u00b1 1<\/span><\/span> <\/span><\/div>\n<div class=\"lRu31\"><span class=\"HwtZe\" lang=\"hr\"><span class=\"jCAhz ChMk0b\"><span class=\"ryNqvb\">Raspon mjerenja vla\u017enosti: 0% RH~99% RH<\/span><\/span> <\/span><\/div>\n<div class=\"lRu31\"><span class=\"HwtZe\" lang=\"hr\"><span class=\"jCAhz ChMk0b\"><span class=\"ryNqvb\">Ta\u010dnost vla\u017enosti: \u00b1 5% RH<\/span><\/span><\/span><\/div>\n<div><a href=\"https:\/\/i0.wp.com\/astehshop.com\/wp-content\/uploads\/2023\/06\/S0209e54efea649119889c52efc6caef9y.jpg\" data-rel=\"lightbox-image-0\" data-rl_title=\"\" data-rl_caption=\"\" title=\"\"><img data-attachment-id=\"7935\" data-permalink=\"http:\/\/astehshop.com\/?attachment_id=7935\" data-orig-file=\"https:\/\/i0.wp.com\/astehshop.com\/wp-content\/uploads\/2023\/06\/S0209e54efea649119889c52efc6caef9y.jpg?fit=1000%2C1000\" data-orig-size=\"1000,1000\" data-comments-opened=\"1\" data-image-meta=\"{&quot;aperture&quot;:&quot;0&quot;,&quot;credit&quot;:&quot;&quot;,&quot;camera&quot;:&quot;&quot;,&quot;caption&quot;:&quot;&quot;,&quot;created_timestamp&quot;:&quot;0&quot;,&quot;copyright&quot;:&quot;&quot;,&quot;focal_length&quot;:&quot;0&quot;,&quot;iso&quot;:&quot;0&quot;,&quot;shutter_speed&quot;:&quot;0&quot;,&quot;title&quot;:&quot;&quot;,&quot;orientation&quot;:&quot;1&quot;}\" data-image-title=\"S0209e54efea649119889c52efc6caef9y\" data-image-description=\"\" data-image-caption=\"\" data-medium-file=\"https:\/\/i0.wp.com\/astehshop.com\/wp-content\/uploads\/2023\/06\/S0209e54efea649119889c52efc6caef9y.jpg?fit=450%2C450\" data-large-file=\"https:\/\/i0.wp.com\/astehshop.com\/wp-content\/uploads\/2023\/06\/S0209e54efea649119889c52efc6caef9y.jpg?fit=1000%2C1000\" decoding=\"async\" loading=\"lazy\" class=\"alignnone size-medium wp-image-7935\" src=\"https:\/\/i0.wp.com\/astehshop.com\/wp-content\/uploads\/2023\/06\/S0209e54efea649119889c52efc6caef9y.jpg?resize=450%2C450\" alt=\"\" width=\"450\" height=\"450\" srcset=\"https:\/\/i0.wp.com\/astehshop.com\/wp-content\/uploads\/2023\/06\/S0209e54efea649119889c52efc6caef9y.jpg?resize=450%2C450 450w, https:\/\/i0.wp.com\/astehshop.com\/wp-content\/uploads\/2023\/06\/S0209e54efea649119889c52efc6caef9y.jpg?resize=150%2C150 150w, https:\/\/i0.wp.com\/astehshop.com\/wp-content\/uploads\/2023\/06\/S0209e54efea649119889c52efc6caef9y.jpg?resize=768%2C768 768w, https:\/\/i0.wp.com\/astehshop.com\/wp-content\/uploads\/2023\/06\/S0209e54efea649119889c52efc6caef9y.jpg?resize=300%2C300 300w, https:\/\/i0.wp.com\/astehshop.com\/wp-content\/uploads\/2023\/06\/S0209e54efea649119889c52efc6caef9y.jpg?resize=100%2C100 100w, https:\/\/i0.wp.com\/astehshop.com\/wp-content\/uploads\/2023\/06\/S0209e54efea649119889c52efc6caef9y.jpg?resize=600%2C600 600w, https:\/\/i0.wp.com\/astehshop.com\/wp-content\/uploads\/2023\/06\/S0209e54efea649119889c52efc6caef9y.jpg?w=1000 1000w\" sizes=\"(max-width: 450px) 100vw, 450px\" data-recalc-dims=\"1\" \/><\/a> <a href=\"https:\/\/i1.wp.com\/astehshop.com\/wp-content\/uploads\/2023\/06\/S356426888bd44a23a111bdf2cc94dcddU.jpg\" data-rel=\"lightbox-image-1\" data-rl_title=\"\" data-rl_caption=\"\" title=\"\"><img data-attachment-id=\"7936\" data-permalink=\"http:\/\/astehshop.com\/?attachment_id=7936\" data-orig-file=\"https:\/\/i1.wp.com\/astehshop.com\/wp-content\/uploads\/2023\/06\/S356426888bd44a23a111bdf2cc94dcddU.jpg?fit=1000%2C1000\" data-orig-size=\"1000,1000\" data-comments-opened=\"1\" data-image-meta=\"{&quot;aperture&quot;:&quot;0&quot;,&quot;credit&quot;:&quot;&quot;,&quot;camera&quot;:&quot;&quot;,&quot;caption&quot;:&quot;&quot;,&quot;created_timestamp&quot;:&quot;0&quot;,&quot;copyright&quot;:&quot;&quot;,&quot;focal_length&quot;:&quot;0&quot;,&quot;iso&quot;:&quot;0&quot;,&quot;shutter_speed&quot;:&quot;0&quot;,&quot;title&quot;:&quot;&quot;,&quot;orientation&quot;:&quot;1&quot;}\" data-image-title=\"S356426888bd44a23a111bdf2cc94dcddU\" data-image-description=\"\" data-image-caption=\"\" data-medium-file=\"https:\/\/i1.wp.com\/astehshop.com\/wp-content\/uploads\/2023\/06\/S356426888bd44a23a111bdf2cc94dcddU.jpg?fit=450%2C450\" data-large-file=\"https:\/\/i1.wp.com\/astehshop.com\/wp-content\/uploads\/2023\/06\/S356426888bd44a23a111bdf2cc94dcddU.jpg?fit=1000%2C1000\" decoding=\"async\" loading=\"lazy\" class=\"alignnone size-medium wp-image-7936\" src=\"https:\/\/i1.wp.com\/astehshop.com\/wp-content\/uploads\/2023\/06\/S356426888bd44a23a111bdf2cc94dcddU.jpg?resize=450%2C450\" alt=\"\" width=\"450\" height=\"450\" srcset=\"https:\/\/i1.wp.com\/astehshop.com\/wp-content\/uploads\/2023\/06\/S356426888bd44a23a111bdf2cc94dcddU.jpg?resize=450%2C450 450w, https:\/\/i1.wp.com\/astehshop.com\/wp-content\/uploads\/2023\/06\/S356426888bd44a23a111bdf2cc94dcddU.jpg?resize=150%2C150 150w, https:\/\/i1.wp.com\/astehshop.com\/wp-content\/uploads\/2023\/06\/S356426888bd44a23a111bdf2cc94dcddU.jpg?resize=768%2C768 768w, https:\/\/i1.wp.com\/astehshop.com\/wp-content\/uploads\/2023\/06\/S356426888bd44a23a111bdf2cc94dcddU.jpg?resize=300%2C300 300w, https:\/\/i1.wp.com\/astehshop.com\/wp-content\/uploads\/2023\/06\/S356426888bd44a23a111bdf2cc94dcddU.jpg?resize=100%2C100 100w, https:\/\/i1.wp.com\/astehshop.com\/wp-content\/uploads\/2023\/06\/S356426888bd44a23a111bdf2cc94dcddU.jpg?resize=600%2C600 600w, https:\/\/i1.wp.com\/astehshop.com\/wp-content\/uploads\/2023\/06\/S356426888bd44a23a111bdf2cc94dcddU.jpg?w=1000 1000w\" sizes=\"(max-width: 450px) 100vw, 450px\" data-recalc-dims=\"1\" \/><\/a> <a href=\"https:\/\/i2.wp.com\/astehshop.com\/wp-content\/uploads\/2023\/06\/S2406a9ef9d4e4938a99f6745d928114cz.jpg\" data-rel=\"lightbox-image-2\" data-rl_title=\"\" data-rl_caption=\"\" title=\"\"><img data-attachment-id=\"7937\" data-permalink=\"http:\/\/astehshop.com\/?attachment_id=7937\" data-orig-file=\"https:\/\/i2.wp.com\/astehshop.com\/wp-content\/uploads\/2023\/06\/S2406a9ef9d4e4938a99f6745d928114cz.jpg?fit=1000%2C1000\" data-orig-size=\"1000,1000\" data-comments-opened=\"1\" data-image-meta=\"{&quot;aperture&quot;:&quot;0&quot;,&quot;credit&quot;:&quot;&quot;,&quot;camera&quot;:&quot;&quot;,&quot;caption&quot;:&quot;&quot;,&quot;created_timestamp&quot;:&quot;0&quot;,&quot;copyright&quot;:&quot;&quot;,&quot;focal_length&quot;:&quot;0&quot;,&quot;iso&quot;:&quot;0&quot;,&quot;shutter_speed&quot;:&quot;0&quot;,&quot;title&quot;:&quot;&quot;,&quot;orientation&quot;:&quot;1&quot;}\" data-image-title=\"S2406a9ef9d4e4938a99f6745d928114cz\" data-image-description=\"\" data-image-caption=\"\" data-medium-file=\"https:\/\/i2.wp.com\/astehshop.com\/wp-content\/uploads\/2023\/06\/S2406a9ef9d4e4938a99f6745d928114cz.jpg?fit=450%2C450\" data-large-file=\"https:\/\/i2.wp.com\/astehshop.com\/wp-content\/uploads\/2023\/06\/S2406a9ef9d4e4938a99f6745d928114cz.jpg?fit=1000%2C1000\" decoding=\"async\" loading=\"lazy\" class=\"alignnone size-medium wp-image-7937\" src=\"https:\/\/i2.wp.com\/astehshop.com\/wp-content\/uploads\/2023\/06\/S2406a9ef9d4e4938a99f6745d928114cz.jpg?resize=450%2C450\" alt=\"\" width=\"450\" height=\"450\" srcset=\"https:\/\/i2.wp.com\/astehshop.com\/wp-content\/uploads\/2023\/06\/S2406a9ef9d4e4938a99f6745d928114cz.jpg?resize=450%2C450 450w, https:\/\/i2.wp.com\/astehshop.com\/wp-content\/uploads\/2023\/06\/S2406a9ef9d4e4938a99f6745d928114cz.jpg?resize=150%2C150 150w, https:\/\/i2.wp.com\/astehshop.com\/wp-content\/uploads\/2023\/06\/S2406a9ef9d4e4938a99f6745d928114cz.jpg?resize=768%2C768 768w, https:\/\/i2.wp.com\/astehshop.com\/wp-content\/uploads\/2023\/06\/S2406a9ef9d4e4938a99f6745d928114cz.jpg?resize=300%2C300 300w, https:\/\/i2.wp.com\/astehshop.com\/wp-content\/uploads\/2023\/06\/S2406a9ef9d4e4938a99f6745d928114cz.jpg?resize=100%2C100 100w, https:\/\/i2.wp.com\/astehshop.com\/wp-content\/uploads\/2023\/06\/S2406a9ef9d4e4938a99f6745d928114cz.jpg?resize=600%2C600 600w, https:\/\/i2.wp.com\/astehshop.com\/wp-content\/uploads\/2023\/06\/S2406a9ef9d4e4938a99f6745d928114cz.jpg?w=1000 1000w\" sizes=\"(max-width: 450px) 100vw, 450px\" data-recalc-dims=\"1\" \/><\/a> <a href=\"https:\/\/i1.wp.com\/astehshop.com\/wp-content\/uploads\/2023\/06\/S7257ee00866944fd833e9c9bd3510db0R.jpg\" data-rel=\"lightbox-image-3\" data-rl_title=\"\" data-rl_caption=\"\" title=\"\"><img data-attachment-id=\"7938\" data-permalink=\"http:\/\/astehshop.com\/?attachment_id=7938\" data-orig-file=\"https:\/\/i1.wp.com\/astehshop.com\/wp-content\/uploads\/2023\/06\/S7257ee00866944fd833e9c9bd3510db0R.jpg?fit=1000%2C1000\" data-orig-size=\"1000,1000\" data-comments-opened=\"1\" data-image-meta=\"{&quot;aperture&quot;:&quot;0&quot;,&quot;credit&quot;:&quot;&quot;,&quot;camera&quot;:&quot;&quot;,&quot;caption&quot;:&quot;&quot;,&quot;created_timestamp&quot;:&quot;0&quot;,&quot;copyright&quot;:&quot;&quot;,&quot;focal_length&quot;:&quot;0&quot;,&quot;iso&quot;:&quot;0&quot;,&quot;shutter_speed&quot;:&quot;0&quot;,&quot;title&quot;:&quot;&quot;,&quot;orientation&quot;:&quot;1&quot;}\" data-image-title=\"S7257ee00866944fd833e9c9bd3510db0R\" data-image-description=\"\" data-image-caption=\"\" data-medium-file=\"https:\/\/i1.wp.com\/astehshop.com\/wp-content\/uploads\/2023\/06\/S7257ee00866944fd833e9c9bd3510db0R.jpg?fit=450%2C450\" data-large-file=\"https:\/\/i1.wp.com\/astehshop.com\/wp-content\/uploads\/2023\/06\/S7257ee00866944fd833e9c9bd3510db0R.jpg?fit=1000%2C1000\" decoding=\"async\" loading=\"lazy\" class=\"alignnone size-medium wp-image-7938\" src=\"https:\/\/i1.wp.com\/astehshop.com\/wp-content\/uploads\/2023\/06\/S7257ee00866944fd833e9c9bd3510db0R.jpg?resize=450%2C450\" alt=\"\" width=\"450\" height=\"450\" srcset=\"https:\/\/i1.wp.com\/astehshop.com\/wp-content\/uploads\/2023\/06\/S7257ee00866944fd833e9c9bd3510db0R.jpg?resize=450%2C450 450w, https:\/\/i1.wp.com\/astehshop.com\/wp-content\/uploads\/2023\/06\/S7257ee00866944fd833e9c9bd3510db0R.jpg?resize=150%2C150 150w, https:\/\/i1.wp.com\/astehshop.com\/wp-content\/uploads\/2023\/06\/S7257ee00866944fd833e9c9bd3510db0R.jpg?resize=768%2C768 768w, https:\/\/i1.wp.com\/astehshop.com\/wp-content\/uploads\/2023\/06\/S7257ee00866944fd833e9c9bd3510db0R.jpg?resize=300%2C300 300w, https:\/\/i1.wp.com\/astehshop.com\/wp-content\/uploads\/2023\/06\/S7257ee00866944fd833e9c9bd3510db0R.jpg?resize=100%2C100 100w, https:\/\/i1.wp.com\/astehshop.com\/wp-content\/uploads\/2023\/06\/S7257ee00866944fd833e9c9bd3510db0R.jpg?resize=600%2C600 600w, https:\/\/i1.wp.com\/astehshop.com\/wp-content\/uploads\/2023\/06\/S7257ee00866944fd833e9c9bd3510db0R.jpg?w=1000 1000w\" sizes=\"(max-width: 450px) 100vw, 450px\" data-recalc-dims=\"1\" \/><\/a><\/div>\n<div class=\"UdTY9 WdefRb\" aria-hidden=\"true\" data-location=\"2\">\n<div class=\"kO6q6e\"><\/div>\n<\/div>\n","protected":false},"excerpt":{"rendered":"<div class=\"lRu31\"><span class=\"HwtZe\" lang=\"hr\"><span class=\"jCAhz ChMk0b\"><span class=\"ryNqvb\">Napajanje: baterija LR03-1.5V\/AAA * 3 (nije uklju\u010dena)<\/span><\/span> <\/span><\/div>\n<div class=\"lRu31\"><span class=\"HwtZe\" lang=\"hr\"><span class=\"jCAhz ChMk0b\"><span class=\"ryNqvb\">Pozadinsko osvjetljenje: <\/span><\/span><\/span><\/div>\n<div class=\"lRu31\"><span class=\"HwtZe\" lang=\"hr\"><span class=\"jCAhz ChMk0b\"><span class=\"ryNqvb\">Podr\u017eano<\/span><\/span> <span class=\"jCAhz ChMk0b\"><span class=\"ryNqvb\">Be\u017ei\u010dno: WiFi 2,4 GHz IEEE 802.11 b\/g\/n<\/span><\/span> <\/span><\/div>\n<div class=\"lRu31\"><span class=\"HwtZe\" lang=\"hr\"><span class=\"jCAhz ChMk0b\"><span class=\"ryNqvb\">Raspon mjerenja temperature: &#8211; 9,9 \u2103 &#8211; 60 \u2103<\/span><\/span> <\/span><\/div>\n<div class=\"lRu31\"><span class=\"HwtZe\" lang=\"hr\"><span class=\"jCAhz ChMk0b\"><span class=\"ryNqvb\">Preciznost temperature: \u00b1 1<\/span><\/span> <\/span><\/div>\n<div class=\"lRu31\"><span class=\"HwtZe\" lang=\"hr\"><span class=\"jCAhz ChMk0b\"><span class=\"ryNqvb\">Raspon mjerenja vla\u017enosti: 0% RH~99% RH<\/span><\/span> <\/span><\/div>\n<div class=\"lRu31\"><span class=\"HwtZe\" lang=\"hr\"><span class=\"jCAhz ChMk0b\"><span class=\"ryNqvb\">Ta\u010dnost vla\u017enosti: \u00b1 5% RH<\/span><\/span><\/span><\/div>\n<div><a href=\"http:\/\/astehshop.com\/wp-content\/uploads\/2023\/06\/S0209e54efea649119889c52efc6caef9y.jpg\"><img decoding=\"async\" loading=\"lazy\" class=\"alignnone size-medium wp-image-7935\" src=\"http:\/\/astehshop.com\/wp-content\/uploads\/2023\/06\/S0209e54efea649119889c52efc6caef9y-450x450.jpg\" alt=\"\" width=\"450\" height=\"450\" srcset=\"https:\/\/i0.wp.com\/astehshop.com\/wp-content\/uploads\/2023\/06\/S0209e54efea649119889c52efc6caef9y.jpg?resize=450%2C450 450w, https:\/\/i0.wp.com\/astehshop.com\/wp-content\/uploads\/2023\/06\/S0209e54efea649119889c52efc6caef9y.jpg?resize=150%2C150 150w, https:\/\/i0.wp.com\/astehshop.com\/wp-content\/uploads\/2023\/06\/S0209e54efea649119889c52efc6caef9y.jpg?resize=768%2C768 768w, https:\/\/i0.wp.com\/astehshop.com\/wp-content\/uploads\/2023\/06\/S0209e54efea649119889c52efc6caef9y.jpg?resize=300%2C300 300w, https:\/\/i0.wp.com\/astehshop.com\/wp-content\/uploads\/2023\/06\/S0209e54efea649119889c52efc6caef9y.jpg?resize=100%2C100 100w, https:\/\/i0.wp.com\/astehshop.com\/wp-content\/uploads\/2023\/06\/S0209e54efea649119889c52efc6caef9y.jpg?resize=600%2C600 600w, https:\/\/i0.wp.com\/astehshop.com\/wp-content\/uploads\/2023\/06\/S0209e54efea649119889c52efc6caef9y.jpg?w=1000 1000w\" sizes=\"(max-width: 450px) 100vw, 450px\" \/><\/a> <a href=\"http:\/\/astehshop.com\/wp-content\/uploads\/2023\/06\/S356426888bd44a23a111bdf2cc94dcddU.jpg\"><img decoding=\"async\" loading=\"lazy\" class=\"alignnone size-medium wp-image-7936\" src=\"http:\/\/astehshop.com\/wp-content\/uploads\/2023\/06\/S356426888bd44a23a111bdf2cc94dcddU-450x450.jpg\" alt=\"\" width=\"450\" height=\"450\" srcset=\"https:\/\/i1.wp.com\/astehshop.com\/wp-content\/uploads\/2023\/06\/S356426888bd44a23a111bdf2cc94dcddU.jpg?resize=450%2C450 450w, https:\/\/i1.wp.com\/astehshop.com\/wp-content\/uploads\/2023\/06\/S356426888bd44a23a111bdf2cc94dcddU.jpg?resize=150%2C150 150w, https:\/\/i1.wp.com\/astehshop.com\/wp-content\/uploads\/2023\/06\/S356426888bd44a23a111bdf2cc94dcddU.jpg?resize=768%2C768 768w, https:\/\/i1.wp.com\/astehshop.com\/wp-content\/uploads\/2023\/06\/S356426888bd44a23a111bdf2cc94dcddU.jpg?resize=300%2C300 300w, https:\/\/i1.wp.com\/astehshop.com\/wp-content\/uploads\/2023\/06\/S356426888bd44a23a111bdf2cc94dcddU.jpg?resize=100%2C100 100w, https:\/\/i1.wp.com\/astehshop.com\/wp-content\/uploads\/2023\/06\/S356426888bd44a23a111bdf2cc94dcddU.jpg?resize=600%2C600 600w, https:\/\/i1.wp.com\/astehshop.com\/wp-content\/uploads\/2023\/06\/S356426888bd44a23a111bdf2cc94dcddU.jpg?w=1000 1000w\" sizes=\"(max-width: 450px) 100vw, 450px\" \/><\/a> <a href=\"http:\/\/astehshop.com\/wp-content\/uploads\/2023\/06\/S2406a9ef9d4e4938a99f6745d928114cz.jpg\"><img decoding=\"async\" loading=\"lazy\" class=\"alignnone size-medium wp-image-7937\" src=\"http:\/\/astehshop.com\/wp-content\/uploads\/2023\/06\/S2406a9ef9d4e4938a99f6745d928114cz-450x450.jpg\" alt=\"\" width=\"450\" height=\"450\" srcset=\"https:\/\/i2.wp.com\/astehshop.com\/wp-content\/uploads\/2023\/06\/S2406a9ef9d4e4938a99f6745d928114cz.jpg?resize=450%2C450 450w, https:\/\/i2.wp.com\/astehshop.com\/wp-content\/uploads\/2023\/06\/S2406a9ef9d4e4938a99f6745d928114cz.jpg?resize=150%2C150 150w, https:\/\/i2.wp.com\/astehshop.com\/wp-content\/uploads\/2023\/06\/S2406a9ef9d4e4938a99f6745d928114cz.jpg?resize=768%2C768 768w, https:\/\/i2.wp.com\/astehshop.com\/wp-content\/uploads\/2023\/06\/S2406a9ef9d4e4938a99f6745d928114cz.jpg?resize=300%2C300 300w, https:\/\/i2.wp.com\/astehshop.com\/wp-content\/uploads\/2023\/06\/S2406a9ef9d4e4938a99f6745d928114cz.jpg?resize=100%2C100 100w, https:\/\/i2.wp.com\/astehshop.com\/wp-content\/uploads\/2023\/06\/S2406a9ef9d4e4938a99f6745d928114cz.jpg?resize=600%2C600 600w, https:\/\/i2.wp.com\/astehshop.com\/wp-content\/uploads\/2023\/06\/S2406a9ef9d4e4938a99f6745d928114cz.jpg?w=1000 1000w\" sizes=\"(max-width: 450px) 100vw, 450px\" \/><\/a> <a href=\"http:\/\/astehshop.com\/wp-content\/uploads\/2023\/06\/S7257ee00866944fd833e9c9bd3510db0R.jpg\"><img decoding=\"async\" loading=\"lazy\" class=\"alignnone size-medium wp-image-7938\" src=\"http:\/\/astehshop.com\/wp-content\/uploads\/2023\/06\/S7257ee00866944fd833e9c9bd3510db0R-450x450.jpg\" alt=\"\" width=\"450\" height=\"450\" srcset=\"https:\/\/i1.wp.com\/astehshop.com\/wp-content\/uploads\/2023\/06\/S7257ee00866944fd833e9c9bd3510db0R.jpg?resize=450%2C450 450w, https:\/\/i1.wp.com\/astehshop.com\/wp-content\/uploads\/2023\/06\/S7257ee00866944fd833e9c9bd3510db0R.jpg?resize=150%2C150 150w, https:\/\/i1.wp.com\/astehshop.com\/wp-content\/uploads\/2023\/06\/S7257ee00866944fd833e9c9bd3510db0R.jpg?resize=768%2C768 768w, https:\/\/i1.wp.com\/astehshop.com\/wp-content\/uploads\/2023\/06\/S7257ee00866944fd833e9c9bd3510db0R.jpg?resize=300%2C300 300w, https:\/\/i1.wp.com\/astehshop.com\/wp-content\/uploads\/2023\/06\/S7257ee00866944fd833e9c9bd3510db0R.jpg?resize=100%2C100 100w, https:\/\/i1.wp.com\/astehshop.com\/wp-content\/uploads\/2023\/06\/S7257ee00866944fd833e9c9bd3510db0R.jpg?resize=600%2C600 600w, https:\/\/i1.wp.com\/astehshop.com\/wp-content\/uploads\/2023\/06\/S7257ee00866944fd833e9c9bd3510db0R.jpg?w=1000 1000w\" sizes=\"(max-width: 450px) 100vw, 450px\" \/><\/a><\/div>\n<div class=\"UdTY9 WdefRb\" aria-hidden=\"true\" data-location=\"2\">\n<div class=\"kO6q6e\"><\/div>\n<\/div>\n","protected":false},"featured_media":7939,"comment_status":"open","ping_status":"closed","template":"","meta":{"_mi_skip_tracking":false,"_exactmetrics_sitenote_active":false,"_exactmetrics_sitenote_note":"","_exactmetrics_sitenote_category":0,"spay_email":""},"product_cat":[3480],"product_tag":[5589,3490,3483,5588],"brands":[{"id":5063,"name":"tuya","slug":"tuya"}],"df_price":69,"df_sale_price":"","df_regular_price":69,"df_image_link":"https:\/\/i2.wp.com\/astehshop.com\/wp-content\/uploads\/2023\/06\/termostat-wifi.png?fit=450%2C353","jetpack_publicize_connections":[],"jetpack_sharing_enabled":true,"jetpack_likes_enabled":true,"jetpack-related-posts":[{"id":8746,"url":"http:\/\/astehshop.com\/index.php\/product\/wifi-termostat-touch-kontrole-pozadinsko-osvjetljenje-crni-heysmart\/","url_meta":{"origin":7934,"position":0},"title":"WiFi Termostat | Touch Kontrole | Pozadinsko Osvjetljenje | Crni | HeySmart","date":"10. sije\u010dnja 2024.","format":false,"excerpt":"Pametni WI-FI termostat s pozadinskim osvjetljenjem crne plo\u010de mekane na dodir. Tjedni raspored za kontrolu sustava grijanja ili hla\u0111enja. Zahtijeva napajanje od 230 Vac; omogu\u0107uje prilagodbu i programiranje temperature lokalno putem plo\u010de osjetljive na dodir i daljinski putem aplikacije HeySmart. Uklju\u010duje funkciju protiv smrzavanja i godi\u0161nji odmor. Prikladno za povr\u0161insku\u2026","rel":"","context":"Srodne objave","img":{"alt_text":"","src":"https:\/\/i1.wp.com\/astehshop.com\/wp-content\/uploads\/2024\/01\/wifi-termostat-black-1.jpg?fit=400%2C400&resize=350%2C200","width":350,"height":200},"classes":[]},{"id":6116,"url":"http:\/\/astehshop.com\/index.php\/product\/bezicni-detektor-temperature-i-vlaznosti-hikvision-ax-pro-ds-pdtph-e-we\/","url_meta":{"origin":7934,"position":1},"title":"Be\u017ei\u010dni detektor temperature i vla\u017enosti HikVision AX PRO DS-PDTPH-E-WE","date":"1. travnja 2022.","format":false,"excerpt":"temperaturni senzor : -10\u00b0 do 55\u00b0 (samostoje\u0107i) temperaturni senzor : -35\u00b0 do 99\u00b0 (sa sondom) 2.7\u00b4\u00b4 display sa LED indikacijom 868Mhz dvosmjerna komunikacija napajanje : AAA baterije x2kom dimenzije : 62.6 x 62.6 x 18mm","rel":"","context":"Srodne objave","img":{"alt_text":"","src":"https:\/\/i2.wp.com\/astehshop.com\/wp-content\/uploads\/2022\/04\/DS-PDTPH-E-WE.jpg?fit=800%2C800&resize=350%2C200","width":350,"height":200},"classes":[]},{"id":8750,"url":"http:\/\/astehshop.com\/index.php\/product\/wifi-termostat-touch-kontrole-pozadinsko-osvjetljenje-bijeli-heysmart\/","url_meta":{"origin":7934,"position":2},"title":"WiFi Termostat | Touch Kontrole | Pozadinsko Osvjetljenje | Bijeli | HeySmart","date":"10. sije\u010dnja 2024.","format":false,"excerpt":"Pametni WI-FI termostat s pozadinskim osvjetljenjem bijele plo\u010de meke na dodir. Tjedni raspored za kontrolu sustava grijanja ili hla\u0111enja. Zahtijeva napajanje od 230 Vac; omogu\u0107uje prilagodbu i programiranje temperature lokalno putem plo\u010de osjetljive na dodir i daljinski putem aplikacije HeySmart. Uklju\u010duje funkciju protiv smrzavanja i godi\u0161nji odmor. Prikladno za povr\u0161insku\u2026","rel":"","context":"Srodne objave","img":{"alt_text":"","src":"https:\/\/i2.wp.com\/astehshop.com\/wp-content\/uploads\/2024\/01\/termostat-wh.jpg?fit=400%2C399&resize=350%2C200","width":350,"height":200},"classes":[]},{"id":7910,"url":"http:\/\/astehshop.com\/index.php\/product\/pametni-wifi-monitor-vlaznosti-temperature-i-upravljac-ir-uredajima-kao-sto-je-klima\/","url_meta":{"origin":7934,"position":3},"title":"Pametni WIFI monitor vla\u017enosti, temperature i upravlja\u010d IR ure\u0111ajima kao \u0161to je Klima","date":"10. lipnja 2023.","format":false,"excerpt":"Pametni WIFI monitor vla\u017enosti, temperature i upravlja\u010d IR ure\u0111ajima kao \u0161to je Klima [ Wifi IR daljinski upravlja\u010d sa zaslonom temperature i vla\u017enosti ] - S09 kombinira wifi IR daljinski upravlja\u010d, senzor temperature i vlage u jedan ure\u0111aj s HD LCD zaslonom [ Bogata biblioteka IR kodova ] - Bogata\u2026","rel":"","context":"Srodne objave","img":{"alt_text":"","src":"https:\/\/i2.wp.com\/astehshop.com\/wp-content\/uploads\/2023\/06\/tuya-s09.jpg?fit=225%2C225&resize=350%2C200","width":350,"height":200},"classes":[]},{"id":8388,"url":"http:\/\/astehshop.com\/index.php\/product\/tp-link-archer-c64-ac1200-wireless-mu-mimo-wifi-router\/","url_meta":{"origin":7934,"position":4},"title":"TP-Link Archer C64 AC1200 Wireless MU-MIMO WiFi Router","date":"21. listopada 2023.","format":false,"excerpt":"400 Mbps, 4 high-performance external antennas, 1\u00d7 Gigabit WAN Port, 4\u00d7 Gigabit LAN Ports, IEEE 802.11ac\/n\/a 5 GHz, IEEE 802.11n\/b\/g 2.4 GHz, CE, RoHS, Easy network management at your fingertips with TP-Link Tether","rel":"","context":"Srodne objave","img":{"alt_text":"","src":"https:\/\/i1.wp.com\/astehshop.com\/wp-content\/uploads\/2023\/10\/30459-TP-Link-Archer-C64-AC1200-Wireless-MU-MIMO-WiFi-Router-111111111122222222223333333333444444444455555555559.jpg?fit=450%2C450&resize=350%2C200","width":350,"height":200},"classes":[]},{"id":4816,"url":"http:\/\/astehshop.com\/index.php\/product\/wavlink-wireless-smart-wifi-router-300mbps-4x-5dbi-antene\/","url_meta":{"origin":7934,"position":5},"title":"WAVLINK Wireless Smart WiFi Router | 300Mbps | 4x 5dBi Antene","date":"27. rujna 2020.","format":false,"excerpt":"ARK 4 - N300 be\u017ei\u010dni pametni Wi-Fi Router s poja\u010danim antenama U skladu je sa IEEE 802.11a \/ b \/ g \/ n standardima Be\u017ei\u010dna brzina do 300Mbps Smart Mobile APP - daljinsko upravljanje bilo kada i bilo gdje Pametno upravljanje APP-om: Ozna\u010davanje terminala, isklju\u010denje mre\u017ee, nadzor i kontrola brzine\u2026","rel":"","context":"Srodne objave","img":{"alt_text":"","src":"https:\/\/i0.wp.com\/astehshop.com\/wp-content\/uploads\/2020\/09\/WAVLINK-Wireless-Smart-WiFi-Router-1.jpg?fit=400%2C300&resize=350%2C200","width":350,"height":200},"classes":[]}],"_links":{"self":[{"href":"http:\/\/astehshop.com\/index.php\/wp-json\/wp\/v2\/product\/7934"}],"collection":[{"href":"http:\/\/astehshop.com\/index.php\/wp-json\/wp\/v2\/product"}],"about":[{"href":"http:\/\/astehshop.com\/index.php\/wp-json\/wp\/v2\/types\/product"}],"replies":[{"embeddable":true,"href":"http:\/\/astehshop.com\/index.php\/wp-json\/wp\/v2\/comments?post=7934"}],"wp:featuredmedia":[{"embeddable":true,"href":"http:\/\/astehshop.com\/index.php\/wp-json\/wp\/v2\/media\/7939"}],"wp:attachment":[{"href":"http:\/\/astehshop.com\/index.php\/wp-json\/wp\/v2\/media?parent=7934"}],"wp:term":[{"taxonomy":"product_cat","embeddable":true,"href":"http:\/\/astehshop.com\/index.php\/wp-json\/wp\/v2\/product_cat?post=7934"},{"taxonomy":"product_tag","embeddable":true,"href":"http:\/\/astehshop.com\/index.php\/wp-json\/wp\/v2\/product_tag?post=7934"}],"curies":[{"name":"wp","href":"https:\/\/api.w.org\/{rel}","templated":true}]}}