{"id":7878,"date":"2023-06-01T20:03:57","date_gmt":"2023-06-01T18:03:57","guid":{"rendered":"http:\/\/astehshop.com\/?post_type=product&#038;p=7878"},"modified":"2025-10-05T09:23:25","modified_gmt":"2025-10-05T07:23:25","slug":"dahua-alarmni-daljinski-ard323-w2","status":"publish","type":"product","link":"http:\/\/astehshop.com\/index.php\/product\/dahua-alarmni-daljinski-ard323-w2\/","title":{"rendered":"Dahua alarmni daljinski ARD323-W2"},"content":{"rendered":"<p>Daljinski upravlja\u010d. 4 tastera (Home, Away, Disarm, and SOS). Dvobojni LED indikator. Frekvencija 868.0MHz\u2013868.6MHz. Domet do 900m na otvorenom. 2-smerna komunikacija sa AES128 enkripcijom. Frequency Hopping. Detekcija ja\u010dine signala. Sa CR2032 baterijom. Trajanje baterije do 5 godina. Upozorenje za slabu bateriju. Plasti\u010dno ku\u0107i\u0161te. Radna temperatura \u201310 \u00b0C to +55 \u00b0C. Dimenzije 60.0 mm \u00d7 39.5 mm \u00d7 15.0 mm. Masa 20g. CE sertifikacija.<\/p>\n","protected":false},"excerpt":{"rendered":"<p>Daljinski upravlja\u010d. 4 tastera (Home, Away, Disarm, and SOS). Dvobojni LED indikator. Frekvencija 868.0MHz\u2013868.6MHz. Domet do 900m na otvorenom. 2-smerna komunikacija sa AES128 enkripcijom. Frequency Hopping. Detekcija ja\u010dine signala. Sa CR2032 baterijom. Trajanje baterije do 5 godina. Upozorenje za slabu bateriju. Plasti\u010dno ku\u0107i\u0161te. Radna temperatura \u201310 \u00b0C to +55 \u00b0C. Dimenzije 60.0 mm \u00d7 39.5 mm \u00d7 15.0 mm. Masa 20g. CE sertifikacija.<\/p>\n","protected":false},"featured_media":7879,"comment_status":"open","ping_status":"closed","template":"","meta":{"_mi_skip_tracking":false,"_exactmetrics_sitenote_active":false,"_exactmetrics_sitenote_note":"","_exactmetrics_sitenote_category":0,"spay_email":""},"product_cat":[258],"product_tag":[261,5548,5549],"brands":[{"id":2045,"name":"Dahua","slug":"dahua"}],"df_price":59,"df_sale_price":"","df_regular_price":59,"df_image_link":"https:\/\/i2.wp.com\/astehshop.com\/wp-content\/uploads\/2023\/06\/dahua-ara24-w2-1.jpg?fit=450%2C424","jetpack_publicize_connections":[],"jetpack_sharing_enabled":true,"jetpack_likes_enabled":true,"jetpack-related-posts":[{"id":7889,"url":"http:\/\/astehshop.com\/index.php\/product\/bezicni-panik-dahua-ard821-w2\/","url_meta":{"origin":7878,"position":0},"title":"Be\u017ei\u010dni panik Dahua ARD821-W2","date":"1. lipnja 2023.","format":false,"excerpt":"Be\u017ei\u010dni panik taster. 1 taster, LED indikator (status), 2-smerna komunikacija sa AES128 enkripcijom, Frekvencija: 868.0 MHz\u2013868.6 MHz, Frequency Hopping, Detekcija ja\u010dine signala, Domet do 1400m na otvorenom, U kompletu sa CR2032 baterijom, Trajanje baterije do 5 godine, Radna temperatura: -10 \u00b0C to +55 \u00b0C, Dimenzije: 55 mm \u00d7 36 mm\u2026","rel":"","context":"Srodne objave","img":{"alt_text":"","src":"https:\/\/i1.wp.com\/astehshop.com\/wp-content\/uploads\/2023\/06\/dahua-ard821-w2.jpg?fit=1184%2C1200&resize=350%2C200","width":350,"height":200},"classes":[]},{"id":7882,"url":"http:\/\/astehshop.com\/index.php\/product\/dahua-ara12-w2-unutrasnja-bezicna-sirena\/","url_meta":{"origin":7878,"position":1},"title":"Dahua ARA12-W2 unutra\u0161nja be\u017ei\u010dna sirena","date":"1. lipnja 2023.","format":false,"excerpt":"Be\u017ei\u010dna sirena za unutra\u0161nju monta\u017eu. Pode\u0161avanje ja\u010dine zvuka na 3 nivoa. Izbor 3 vrste alarmnog ogla\u0161avanja. Nivo zvuka \u2265 105 \u00b1 3 dB1M. Frekvencija 868.0 MHz\u2013868.6 MHz. 2-smerna komunikacija sa AES128 enkripcijom. Domet komunikacije do 1000m na otvorenom. Frequency Hopping. Detekcija ja\u010dine signala. Tamper. Merenje temperature u opsegu \u201315 \u00b0C\u2026","rel":"","context":"Srodne objave","img":{"alt_text":"","src":"https:\/\/i2.wp.com\/astehshop.com\/wp-content\/uploads\/2023\/06\/dahua-ara12-w2.jpg?fit=1200%2C1176&resize=350%2C200","width":350,"height":200},"classes":[]},{"id":7886,"url":"http:\/\/astehshop.com\/index.php\/product\/dahua-ara13-w2-red-vanjska-bezicna-sirena\/","url_meta":{"origin":7878,"position":2},"title":"Dahua ARA13-W2 Red vanjska be\u017ei\u010dna sirena","date":"1. lipnja 2023.","format":false,"excerpt":"Be\u017ei\u010dna sirena za spoljnu monta\u017eu; Crvena boja. Pode\u0161avanje ja\u010dine zvuka na 4 nivoa. Pode\u0161avanje ja\u010dine zvuka na 3 nivoa za obave\u0161tenje naoru\u017eavanja\/razoru\u017eavanja. Nivo zvuka 110 dB. Svetlosni i vi\u0161ezvu\u010dni alarm: po\u017ear, hitna pomo\u0107, upad, panik i drugo. Frekvencija 868.0 MHz\u2013868.6 MHz. 2-smerna komunikacija sa AES128 enkripcijom. Domet komunikacije do 1600m\u2026","rel":"","context":"Srodne objave","img":{"alt_text":"","src":"https:\/\/i2.wp.com\/astehshop.com\/wp-content\/uploads\/2023\/06\/dahua-ra13-w2-red.jpg?fit=1200%2C1105&resize=350%2C200","width":350,"height":200},"classes":[]},{"id":7896,"url":"http:\/\/astehshop.com\/index.php\/product\/dahua-ark30t-w2-bezicna-tastatura\/","url_meta":{"origin":7878,"position":3},"title":"Dahua ARK30T-W2 be\u017ei\u010dna tastatura","date":"1. lipnja 2023.","format":false,"excerpt":"Be\u017ei\u010dna tastatura za unutra\u0161nju monta\u017eu. Naoru\u017eavanje\/Razoru\u017eavanje pomo\u0107u \u0161ifre ili IC kartice\/taga., 15 tastera (0\u20139, *, #, naoru\u017eavanje, razoru\u017eavanje, home naoru\u017eavanje), 4 indikatora (komunikacija, naoru\u017eavanje\/razoru\u017eavanje, gre\u0161ka i alarm), 3 alarma: Medical, fire, emergency, Podr\u0161ka do 32 korisnika, 2-smerna komunikacija sa AES128 enkripcijom, Frekvencija: 868.0 MHz\u2013868.6 MHz, Frequency Hopping, Detekcija ja\u010dine signala,\u2026","rel":"","context":"Srodne objave","img":{"alt_text":"","src":"https:\/\/i0.wp.com\/astehshop.com\/wp-content\/uploads\/2023\/06\/dahua-ark30t-w2.jpg?fit=1200%2C1160&resize=350%2C200","width":350,"height":200},"classes":[]},{"id":6136,"url":"http:\/\/astehshop.com\/index.php\/product\/hikvision-ax-pro-daljinski-upravljac-sa-4-tipke-ds-pkf1-we\/","url_meta":{"origin":7878,"position":4},"title":"HikVision AX PRO daljinski upravlja\u010d sa 4 tipke DS-PKF1-WE","date":"1. travnja 2022.","format":false,"excerpt":"868 MHz prijenos signala u otvorenom prostoru do 900m","rel":"","context":"Srodne objave","img":{"alt_text":"","src":"https:\/\/i2.wp.com\/astehshop.com\/wp-content\/uploads\/2022\/04\/DS-PKF1-WE.jpg?fit=800%2C600&resize=350%2C200","width":350,"height":200},"classes":[]},{"id":7871,"url":"http:\/\/astehshop.com\/index.php\/product\/dahua-ard1233-w2-bezicni-senzor\/","url_meta":{"origin":7878,"position":5},"title":"Dahua ARD1233-W2 be\u017ei\u010dni senzor","date":"1. lipnja 2023.","format":false,"excerpt":"Be\u017ei\u010dni IC detektor. Dual-element PIR, Pokrivanje 12m 90\u00b0 pri visini monta\u017ee 2.2m, Detekcija pri 0.3 m\/s\u20133 m\/s, Pet Immunity Level \u2264 18 kg, Otpornost na belo svetlo do 6500 lx, Pode\u0161avanje osetljivosti u 3 nivoa, Dvosmerna digitalna temperaturna kompenzacija, LED indikator, Taster za aktiviranje, Tamper, Merenje temperature u opsegu \u201315\u2026","rel":"","context":"Srodne objave","img":{"alt_text":"","src":"https:\/\/i2.wp.com\/astehshop.com\/wp-content\/uploads\/2023\/06\/dahua-ard1233-w2.jpg?fit=1145%2C1200&resize=350%2C200","width":350,"height":200},"classes":[]}],"_links":{"self":[{"href":"http:\/\/astehshop.com\/index.php\/wp-json\/wp\/v2\/product\/7878"}],"collection":[{"href":"http:\/\/astehshop.com\/index.php\/wp-json\/wp\/v2\/product"}],"about":[{"href":"http:\/\/astehshop.com\/index.php\/wp-json\/wp\/v2\/types\/product"}],"replies":[{"embeddable":true,"href":"http:\/\/astehshop.com\/index.php\/wp-json\/wp\/v2\/comments?post=7878"}],"wp:featuredmedia":[{"embeddable":true,"href":"http:\/\/astehshop.com\/index.php\/wp-json\/wp\/v2\/media\/7879"}],"wp:attachment":[{"href":"http:\/\/astehshop.com\/index.php\/wp-json\/wp\/v2\/media?parent=7878"}],"wp:term":[{"taxonomy":"product_cat","embeddable":true,"href":"http:\/\/astehshop.com\/index.php\/wp-json\/wp\/v2\/product_cat?post=7878"},{"taxonomy":"product_tag","embeddable":true,"href":"http:\/\/astehshop.com\/index.php\/wp-json\/wp\/v2\/product_tag?post=7878"}],"curies":[{"name":"wp","href":"https:\/\/api.w.org\/{rel}","templated":true}]}}