{"id":7871,"date":"2023-06-01T19:58:34","date_gmt":"2023-06-01T17:58:34","guid":{"rendered":"http:\/\/astehshop.com\/?post_type=product&#038;p=7871"},"modified":"2025-10-05T09:24:14","modified_gmt":"2025-10-05T07:24:14","slug":"dahua-ard1233-w2-bezicni-senzor","status":"publish","type":"product","link":"http:\/\/astehshop.com\/index.php\/product\/dahua-ard1233-w2-bezicni-senzor\/","title":{"rendered":"Dahua ARD1233-W2 be\u017ei\u010dni senzor"},"content":{"rendered":"<p>Be\u017ei\u010dni IC detektor. Dual-element PIR, Pokrivanje 12m 90\u00b0 pri visini monta\u017ee 2.2m, Detekcija pri 0.3 m\/s\u20133 m\/s, Pet Immunity Level \u2264 18 kg, Otpornost na belo svetlo do 6500 lx, Pode\u0161avanje osetljivosti u 3 nivoa, Dvosmerna digitalna temperaturna kompenzacija, LED indikator, Taster za aktiviranje, Tamper, Merenje temperature u opsegu \u201315 \u00b0C do +65 \u00b0C sa precizno\u0161\u0107u \u00b1 1\u00b0C, Frekvencija 868.0 MHz\u2013868.6 MHz, Domet do 1.600m na otvorenom, 2-smerna komunikacija sa AES128 enkripcijom, Frequency Hopping, Tamper, U kompletu sa CR123A baterijom, Trajanje baterije do 4 godine, Nazidna monta\u017ea, Radna Temperatura: -10 \u00b0C do +55 \u00b0C, Dimenzije 104.0 mm \u00d7 60.0 mm \u00d7 50.0 mm, Masa 100g, CE sertifikovan.<\/p>\n","protected":false},"excerpt":{"rendered":"<p>Be\u017ei\u010dni IC detektor. Dual-element PIR, Pokrivanje 12m 90\u00b0 pri visini monta\u017ee 2.2m, Detekcija pri 0.3 m\/s\u20133 m\/s, Pet Immunity Level \u2264 18 kg, Otpornost na belo svetlo do 6500 lx, Pode\u0161avanje osetljivosti u 3 nivoa, Dvosmerna digitalna temperaturna kompenzacija, LED indikator, Taster za aktiviranje, Tamper, Merenje temperature u opsegu \u201315 \u00b0C do +65 \u00b0C sa precizno\u0161\u0107u \u00b1 1\u00b0C, Frekvencija 868.0 MHz\u2013868.6 MHz, Domet do 1.600m na otvorenom, 2-smerna komunikacija sa AES128 enkripcijom, Frequency Hopping, Tamper, U kompletu sa CR123A baterijom, Trajanje baterije do 4 godine, Nazidna monta\u017ea, Radna Temperatura: -10 \u00b0C do +55 \u00b0C, Dimenzije 104.0 mm \u00d7 60.0 mm \u00d7 50.0 mm, Masa 100g, CE sertifikovan.<\/p>\n","protected":false},"featured_media":7872,"comment_status":"open","ping_status":"closed","template":"","meta":{"_mi_skip_tracking":false,"_exactmetrics_sitenote_active":false,"_exactmetrics_sitenote_note":"","_exactmetrics_sitenote_category":0,"spay_email":""},"product_cat":[143],"product_tag":[3627,5544,5543,293,5541,5024,5542],"brands":[{"id":2045,"name":"Dahua","slug":"dahua"}],"df_price":105,"df_sale_price":"","df_regular_price":105,"df_image_link":"https:\/\/i2.wp.com\/astehshop.com\/wp-content\/uploads\/2023\/06\/dahua-ard1233-w2.jpg?fit=429%2C450","jetpack_publicize_connections":[],"jetpack_sharing_enabled":true,"jetpack_likes_enabled":true,"jetpack-related-posts":[{"id":12231,"url":"http:\/\/astehshop.com\/index.php\/product\/paradox-bezicni-digitalni-dual-optic-pir-detektor-sa-pet-opcijom-pmd75m\/","url_meta":{"origin":7871,"position":0},"title":"Paradox Be\u017ei\u010dni digitalni dual-optic PIR detektor sa PET opcijom PMD75M","date":"29. sije\u010dnja 2026.","format":false,"excerpt":"Be\u017ei\u010dni digitalni dual-optic PIR detektor sa PET opcijom Integrisan be\u017ei\u010dni primopredajnik na frekvenciji 868MHz, koristi auto learn funkciju \u0161to zna\u010di da se automatski registruje na centralu M serije, dualni PIR senzor, unutra\u0161nja monta\u017ea, sa dvije optike u senzoru, domet 11m (90\u00b0), PET opcija do 40kg na visini monta\u017ee 2.1m, tamper\u2026","rel":"","context":"Srodne objave","img":{"alt_text":"","src":"https:\/\/i1.wp.com\/astehshop.com\/wp-content\/uploads\/2026\/01\/pmd75m.jpg?fit=1200%2C1200&resize=350%2C200","width":350,"height":200},"classes":[]},{"id":12237,"url":"http:\/\/astehshop.com\/index.php\/product\/bezicni-digitalni-dual-optic-pir-detektor-sa-pet-opcijom-pmd85m\/","url_meta":{"origin":7871,"position":1},"title":"Be\u017ei\u010dni digitalni dual-optic PIR detektor sa PET opcijom PMD85M","date":"29. sije\u010dnja 2026.","format":false,"excerpt":"Be\u017ei\u010dni digitalni dual-optic PIR detektor sa PET opcijom Integrisan be\u017ei\u010dni primopredajnik na frekvenciji 868MHz, koristi auto learn funkciju \u0161to zna\u010di da se automatski registruje na centralu M serije, 2 dualna PIR senzora, svaki od senzora sa 2 optike, unutra\u0161nja\/spolja\u0161nja monta\u017ea, domet 11m (90\u00b0), PET opcija do 40kg na visini monta\u017ee\u2026","rel":"","context":"Srodne objave","img":{"alt_text":"","src":"https:\/\/i1.wp.com\/astehshop.com\/wp-content\/uploads\/2026\/01\/pmd85m.jpg?fit=1200%2C1200&resize=350%2C200","width":350,"height":200},"classes":[]},{"id":12229,"url":"http:\/\/astehshop.com\/index.php\/product\/paradox-alarmni-bezicni-pir-detektor-pmd3m\/","url_meta":{"origin":7871,"position":2},"title":"Paradox alarmni Be\u017ei\u010dni PIR detektor PMD3M","date":"29. sije\u010dnja 2026.","format":false,"excerpt":"Be\u017ei\u010dni PIR detektor Integrisan be\u017ei\u010dni primopredajnik na frekvenciji 868MHz, koristi auto learn funkciju \u0161to zna\u010di da se automatski registruje na centralu M serije, dualni PIR senzor, unutra\u0161nja monta\u017ea, domet 12m (110\u00b0), tamper prekida\u010d, preko aplikacije BlueEye nadzor stanja baterije, temperature I RX\/TX signala, baterija 2 x AA 1,5V.","rel":"","context":"Srodne objave","img":{"alt_text":"","src":"https:\/\/i0.wp.com\/astehshop.com\/wp-content\/uploads\/2026\/01\/PMD3M.png?fit=750%2C1000&resize=350%2C200","width":350,"height":200},"classes":[]},{"id":12226,"url":"http:\/\/astehshop.com\/index.php\/product\/paradox-bezicni-pir-detektor-minijaturni-bijeli-pmd5m-bijeli-ili-crni\/","url_meta":{"origin":7871,"position":3},"title":"Paradox Be\u017ei\u010dni PIR detektor &#8211; minijaturni, bijeli PMD5M Bijeli ili Crni","date":"28. sije\u010dnja 2026.","format":false,"excerpt":"Be\u017ei\u010dni PIR detektor - minijaturni, bijeli Integrisan be\u017ei\u010dni primopredajnik na frekvenciji 868MHz, koristi auto learn funkciju \u0161to zna\u010di da se automatski registruje na centralu M serije, dualni PIR senzor, unutra\u0161nja monta\u017ea, domet 12m (110\u00b0), creep zona detekcije, tamper prekida\u010d, preko aplikacije BlueEye nadzor stanja baterije, temperature i RX\/TX signala, baterija\u2026","rel":"","context":"Srodne objave","img":{"alt_text":"","src":"https:\/\/i1.wp.com\/astehshop.com\/wp-content\/uploads\/2026\/01\/paradox-senzor.jpg?fit=1200%2C1200&resize=350%2C200","width":350,"height":200},"classes":[]},{"id":7892,"url":"http:\/\/astehshop.com\/index.php\/product\/bezicni-detektor-dima-dahua-hy-sa21a-w2\/","url_meta":{"origin":7871,"position":4},"title":"Be\u017ei\u010dni detektor dima Dahua HY-SA21A-W2","date":"1. lipnja 2023.","format":false,"excerpt":"Be\u017ei\u010dni detektor dima sa fotoelektri\u010dkim senzorom. Vreme uzorkovanja 10 sekundi. LED indikator (crveni \/ zeleni) i audio alarm: dim, gre\u0161ka, niska baterija. Ja\u010dina alarma 85dB\u201390dB(A) na 3 m. Prag odziva alarma: 0.2 dB\/m \u2013 0.3 dB\/m. Pokrivenost 20m\u00b2 \u2013 40m\u00b2 na visini manjoj od 8m (3.28 ft). Frekvencija 868.0 MHz\u2013868.6\u2026","rel":"","context":"Srodne objave","img":{"alt_text":"","src":"https:\/\/i2.wp.com\/astehshop.com\/wp-content\/uploads\/2023\/06\/dahua-hy-sa21a-w2.jpg?fit=1200%2C1150&resize=350%2C200","width":350,"height":200},"classes":[]},{"id":12234,"url":"http:\/\/astehshop.com\/index.php\/product\/paradox-bezicni-dual-optic-pir-detektor-sa-pet-opcijom-i-antimask-funkcijom-pmd37m\/","url_meta":{"origin":7871,"position":5},"title":"Paradox Be\u017ei\u010dni dual-optic PIR detektor sa PET opcijom i antimask funkcijom PMD37M","date":"29. sije\u010dnja 2026.","format":false,"excerpt":"Be\u017ei\u010dni dual-optic PIR detektor sa PET opcijom i antimask funkcijom Integrisan be\u017ei\u010dni primopredajnik na frekvenciji 868MHz, koristi auto learn funkciju \u0161to zna\u010di da se automatski registruje na centralu M serije, sa dvije optike u senzoru, unutra\u0161nja\/spolja\u0161nja monta\u017ea, domet 11m (88.5\u00b0), PET opcija do 40kg, tamper prekida\u010d, preko aplikacije BlueEye nadzor\u2026","rel":"","context":"Srodne objave","img":{"alt_text":"","src":"https:\/\/i0.wp.com\/astehshop.com\/wp-content\/uploads\/2026\/01\/pmd37m.jpg?fit=1200%2C1200&resize=350%2C200","width":350,"height":200},"classes":[]}],"_links":{"self":[{"href":"http:\/\/astehshop.com\/index.php\/wp-json\/wp\/v2\/product\/7871"}],"collection":[{"href":"http:\/\/astehshop.com\/index.php\/wp-json\/wp\/v2\/product"}],"about":[{"href":"http:\/\/astehshop.com\/index.php\/wp-json\/wp\/v2\/types\/product"}],"replies":[{"embeddable":true,"href":"http:\/\/astehshop.com\/index.php\/wp-json\/wp\/v2\/comments?post=7871"}],"wp:featuredmedia":[{"embeddable":true,"href":"http:\/\/astehshop.com\/index.php\/wp-json\/wp\/v2\/media\/7872"}],"wp:attachment":[{"href":"http:\/\/astehshop.com\/index.php\/wp-json\/wp\/v2\/media?parent=7871"}],"wp:term":[{"taxonomy":"product_cat","embeddable":true,"href":"http:\/\/astehshop.com\/index.php\/wp-json\/wp\/v2\/product_cat?post=7871"},{"taxonomy":"product_tag","embeddable":true,"href":"http:\/\/astehshop.com\/index.php\/wp-json\/wp\/v2\/product_tag?post=7871"}],"curies":[{"name":"wp","href":"https:\/\/api.w.org\/{rel}","templated":true}]}}