{"id":7833,"date":"2023-05-23T19:31:06","date_gmt":"2023-05-23T17:31:06","guid":{"rendered":"http:\/\/astehshop.com\/?post_type=product&#038;p=7833"},"modified":"2025-10-05T09:26:52","modified_gmt":"2025-10-05T07:26:52","slug":"dahua-ipc-hfw2449s-s-il-0280b-full-color-4-mpx","status":"publish","type":"product","link":"http:\/\/astehshop.com\/index.php\/product\/dahua-ipc-hfw2449s-s-il-0280b-full-color-4-mpx\/","title":{"rendered":"Dahua IPC-HFW2449S-S-IL-0280B FULL COLOR 4 MPX"},"content":{"rendered":"<p>4-MP 1\/2,9&#8243; CMOS senzor slike, niske osvetljenosti i slike visoke definicije.<br \/>\n&gt; Izlazi max. 4 MP (2688 \u00d7 1520) pri 20 fps i podr\u017eava 2560 \u00d7 1440 pri 25\/30 fps<br \/>\n&gt; H.265 kodek, visoka stopa kompresije, ultra-niska brzina prijenosa.<br \/>\n&gt; Ugra\u0111eno toplo svjetlo\/IR LED, maks. udaljenost osvjetljenja je 30 m, a maks. udaljenost toplog svjetla je 30 m.<br \/>\n&gt; ROI, SMART H.264+\/H.265+, fleksibilno kodiranje, primenljivo na razli\u010dite propusne opsege i okru\u017eenja za skladi\u0161tenje.<br \/>\n&gt; Re\u017eim rotacije, WDR, 3D NR, HLC, BLC, digitalni vodeni \u017eig, primenljiv na razli\u010dite scene pra\u0107enja.<br \/>\n&gt; Inteligentno pra\u0107enje: upad, tripwire (dvije funkcije podr\u017eavaju klasifikaciju i precizno otkrivanje vozila i ljudi)<br \/>\n&gt; Podrzava max. 256 G Micro SD kartica; ugra\u0111en u MIC.<br \/>\n&gt; 12 VDC\/PoE napajanje, jednostavno za instalaciju.<br \/>\n&gt; IP67 za\u0161tita.<br \/>\n&gt; SMD Plus.<\/p>\n","protected":false},"excerpt":{"rendered":"<p>4-MP 1\/2,9&#8243; CMOS senzor slike, niske osvetljenosti i slike visoke definicije.<br \/>\n&gt; Izlazi max. 4 MP (2688 \u00d7 1520) pri 20 fps i podr\u017eava 2560 \u00d7 1440 pri 25\/30 fps<br \/>\n&gt; H.265 kodek, visoka stopa kompresije, ultra-niska brzina prijenosa.<br \/>\n&gt; Ugra\u0111eno toplo svjetlo\/IR LED, maks. udaljenost osvjetljenja je 30 m, a maks. udaljenost toplog svjetla je 30 m.<br \/>\n&gt; ROI, SMART H.264+\/H.265+, fleksibilno kodiranje, primenljivo na razli\u010dite propusne opsege i okru\u017eenja za skladi\u0161tenje.<br \/>\n&gt; Re\u017eim rotacije, WDR, 3D NR, HLC, BLC, digitalni vodeni \u017eig, primenljiv na razli\u010dite scene pra\u0107enja.<br \/>\n&gt; Inteligentno pra\u0107enje: upad, tripwire (dvije funkcije podr\u017eavaju klasifikaciju i precizno otkrivanje vozila i ljudi)<br \/>\n&gt; Podrzava max. 256 G Micro SD kartica; ugra\u0111en u MIC.<br \/>\n&gt; 12 VDC\/PoE napajanje, jednostavno za instalaciju.<br \/>\n&gt; IP67 za\u0161tita.<br \/>\n&gt; SMD Plus.<\/p>\n","protected":false},"featured_media":7834,"comment_status":"open","ping_status":"closed","template":"","meta":{"_mi_skip_tracking":false,"_exactmetrics_sitenote_active":false,"_exactmetrics_sitenote_note":"","_exactmetrics_sitenote_category":0,"spay_email":""},"product_cat":[1043],"product_tag":[2663,2841,5535,5385,2962,5536],"brands":[{"id":2045,"name":"Dahua","slug":"dahua"}],"df_price":355,"df_sale_price":"","df_regular_price":355,"df_image_link":"https:\/\/i2.wp.com\/astehshop.com\/wp-content\/uploads\/2023\/05\/IPC-HFW2449S-S-IL_3_thumb.png?fit=400%2C400","jetpack_publicize_connections":[],"jetpack_sharing_enabled":true,"jetpack_likes_enabled":true,"jetpack-related-posts":[{"id":4120,"url":"http:\/\/astehshop.com\/index.php\/product\/longse-wifi-kamera-2-mp-lirdqs200w\/","url_meta":{"origin":7833,"position":0},"title":"Longse WiFi kamera 2 MP LIRDQS200W","date":"22. velja\u010de 2020.","format":false,"excerpt":"2MP Vanjski Varifocal Dome Wifi IP Udaljenost 300m Maks. \u2022 1 \/ 2,9 \"SONY CMOS senzor sa slabim osvetljenjem \u2022 Metoda kompresije H.264 \/ H.264 + \/ H.265 \/ H.265 + \u2022 Sa utorom za SD karticu (Max. 128GB) \u2022 Varifokalne le\u0107e od 2,8 do 12 mm \u2022 IR udaljenost\u2026","rel":"","context":"Srodne objave","img":{"alt_text":"","src":"https:\/\/i1.wp.com\/astehshop.com\/wp-content\/uploads\/2020\/02\/LIRDQS200W.jpg?fit=682%2C538&resize=350%2C200","width":350,"height":200},"classes":[]},{"id":4118,"url":"http:\/\/astehshop.com\/index.php\/product\/longse-wifi-kamera-2-mp-lbf30s200w\/","url_meta":{"origin":7833,"position":1},"title":"Longse WiFi kamera 2 MP LBF30S200W","date":"22. velja\u010de 2020.","format":false,"excerpt":"LBF30S200W 2MP vanjska IP kamera bullet \u2022 1 \/ 2,9 \"SONY CMOS senzor sa slabim osvetljenjem\u2022 Metoda kompresije H.264 \/ H.264 + \/ H.265 \/ H.265 +\u2022 Sa utorom za SD karticu (Max. 128GB) \u2022 Fiksni objektiv 3,6 mm \u2022 IR udaljenost 30m Max. \u2022 IP66 vanjska metalna futrola U\u2026","rel":"","context":"Srodne objave","img":{"alt_text":"","src":"https:\/\/i2.wp.com\/astehshop.com\/wp-content\/uploads\/2020\/02\/LBF30S200W.jpg?fit=774%2C714&resize=350%2C200","width":350,"height":200},"classes":[]},{"id":11877,"url":"http:\/\/astehshop.com\/index.php\/product\/uniview-unv-colorhunter-ipc3618le-adf28kc-dl-dual-light-kamera-za-video-nadzor\/","url_meta":{"origin":7833,"position":2},"title":"UniView UNV ColorHunter IPC3618LE-ADF28KC-DL dual light kamera za video nadzor","date":"31. listopada 2025.","format":false,"excerpt":"\u2022 Visokokvalitetna slika sa 8 MP, 1\/2.8\" CMOS senzorom \u2022 8 MP (3840 \u00d7 2160)@20 fps; 5 MP (3072 \u00d7 1728)@30\/25 fps; 4 MP (2560 \u00d7 1440)@30\/25 fps; 1080P (1920 \u00d7 1080)@30\/25 fps \u2022 Ultra 265, H.265, H.264, MJPEG \u2022 120 dB true WDR tehnologija omogu\u0107ava jasnu sliku u sceni\u2026","rel":"","context":"Srodne objave","img":{"alt_text":"","src":"https:\/\/i0.wp.com\/astehshop.com\/wp-content\/uploads\/2025\/10\/IPC3614LE-ADF28KC-DL.png?fit=600%2C338&resize=350%2C200","width":350,"height":200},"classes":[]},{"id":11879,"url":"http:\/\/astehshop.com\/index.php\/product\/uniview-unv-ipc2128lb-adf28k-g-8-megapiksela-kamera-za-video-nadzor\/","url_meta":{"origin":7833,"position":3},"title":"UniView UNV IPC2128LB-ADF28K-G 8 megapiksela kamera za video nadzor","date":"31. listopada 2025.","format":false,"excerpt":"\u2022 Visokokvalitetna slika sa 8 MP, 1\/2.7\" CMOS senzorom \u2022 8 MP (3840 \u00d7 2160)@15 fps; 5 MP (2880 \u00d7 1620)@25\/20 fps; 4 MP (2560 \u00d7 1440)@25\/20 fps; 3 MP (2304 \u00d7 1296)@30\/25 fps; 1080P (1920 \u00d7 1080)@30\/25 fps \u2022 Ultra 265, H.265, H.264, MJPEG \u2022 Ugra\u0111eni mikrofon \u2022 Pametni\u2026","rel":"","context":"Srodne objave","img":{"alt_text":"","src":"https:\/\/i1.wp.com\/astehshop.com\/wp-content\/uploads\/2025\/10\/IPC2122LB-AF28-A2.png?fit=600%2C338&resize=350%2C200","width":350,"height":200},"classes":[]},{"id":4107,"url":"http:\/\/astehshop.com\/index.php\/product\/longse-ip-kamera-5-mp-2-8-12mm-lirdntss500\/","url_meta":{"origin":7833,"position":4},"title":"Longse IP kamera 5 MP 2.8 &#8211; 12mm LIRDNTSS500","date":"22. velja\u010de 2020.","format":false,"excerpt":"MP vanjska varijafokalna kupola IP IR 30m \u2022 1 \/ 2.8 \"SONY Starvis osvetljen CMOS senzor \u2022 Metoda kompresije H.264 \/ H.264 + \/ H.265 \/ H.265 + \u2022 Varifokalne le\u0107e od 2,8 do 12 mm \u2022 IR udaljenost 30m Max. \u2022 IP66 vanjska metalna \u2022 Garancija 24 mjeseca","rel":"","context":"Srodne objave","img":{"alt_text":"","src":"https:\/\/i1.wp.com\/astehshop.com\/wp-content\/uploads\/2020\/02\/LIRDNTSL200.png?fit=419%2C392&resize=350%2C200","width":350,"height":200},"classes":[]},{"id":11874,"url":"http:\/\/astehshop.com\/index.php\/product\/uniview-unv-colorhunter-kamera-ipc2324se-adzk-wl-i0-za-video-nadzor\/","url_meta":{"origin":7833,"position":5},"title":"UniView UNV ColorHunter kamera IPC2324SE-ADZK-WL-I0 za video nadzor","date":"31. listopada 2025.","format":false,"excerpt":"\u2022 Visokokvalitetna slika sa 4 MP, 1\/1.8\" CMOS senzorom \u2022 4 MP (2688 \u00d7 1520)@30\/25 fps; 4 MP (2560 \u00d7 1440)@30\/25 fps; 3 MP (2304 \u00d7 1296)@30\/25 fps; 1080P (1920 \u00d7 1080)@30\/25 fps \u2022 Ultra 265, H.265, H.264, MJPEG \u2022 Pametno spre\u010davanje upada, uklju\u010duju\u0107i detekciju prelaska linije, upada, ulaska u\u2026","rel":"","context":"Srodne objave","img":{"alt_text":"","src":"https:\/\/i2.wp.com\/astehshop.com\/wp-content\/uploads\/2025\/10\/IPC2324SE-ADZK-WL-I0.png?fit=600%2C338&resize=350%2C200","width":350,"height":200},"classes":[]}],"_links":{"self":[{"href":"http:\/\/astehshop.com\/index.php\/wp-json\/wp\/v2\/product\/7833"}],"collection":[{"href":"http:\/\/astehshop.com\/index.php\/wp-json\/wp\/v2\/product"}],"about":[{"href":"http:\/\/astehshop.com\/index.php\/wp-json\/wp\/v2\/types\/product"}],"replies":[{"embeddable":true,"href":"http:\/\/astehshop.com\/index.php\/wp-json\/wp\/v2\/comments?post=7833"}],"wp:featuredmedia":[{"embeddable":true,"href":"http:\/\/astehshop.com\/index.php\/wp-json\/wp\/v2\/media\/7834"}],"wp:attachment":[{"href":"http:\/\/astehshop.com\/index.php\/wp-json\/wp\/v2\/media?parent=7833"}],"wp:term":[{"taxonomy":"product_cat","embeddable":true,"href":"http:\/\/astehshop.com\/index.php\/wp-json\/wp\/v2\/product_cat?post=7833"},{"taxonomy":"product_tag","embeddable":true,"href":"http:\/\/astehshop.com\/index.php\/wp-json\/wp\/v2\/product_tag?post=7833"}],"curies":[{"name":"wp","href":"https:\/\/api.w.org\/{rel}","templated":true}]}}