{"id":7819,"date":"2023-05-23T17:27:39","date_gmt":"2023-05-23T15:27:39","guid":{"rendered":"http:\/\/astehshop.com\/?post_type=product&#038;p=7819"},"modified":"2023-05-23T17:27:40","modified_gmt":"2023-05-23T15:27:40","slug":"pametni-prekidac-za-roletne-tuya-wifi-ds-151-na-dodir","status":"publish","type":"product","link":"http:\/\/astehshop.com\/index.php\/product\/pametni-prekidac-za-roletne-tuya-wifi-ds-151-na-dodir\/","title":{"rendered":"Pametni prekida\u010d za roletne Tuya WIFI DS-151 na dodir"},"content":{"rendered":"<p>WIFI daljinski upravlja\u010d: uklju\u010dite\/isklju\u010dite svjetlo s bilo kojeg mjesta<br \/>\nPodr\u0161ka za aplikacije: besplatna aplikacija za iOS i Android telefon (Smart Life)<br \/>\nUpravljanje glasom: uz Alexa, Google Home Voice Control<br \/>\nNezavisna kontrola: kontrolirajte svaku grupu zasebno<br \/>\nStatus sinhronizacije: status ure\u0111aja u realnom vremenu koji se nalazi u APP-u<\/p>\n<p>Funkcija mjerenja vremena: Podesite tajmer za rezervacije\/odbrojavanje da se uklju\u010di\/isklju\u010di u odre\u0111eno vrijeme<\/p>\n","protected":false},"excerpt":{"rendered":"<p>WIFI daljinski upravlja\u010d: uklju\u010dite\/isklju\u010dite svjetlo s bilo kojeg mjesta<br \/>\nPodr\u0161ka za aplikacije: besplatna aplikacija za iOS i Android telefon (Smart Life)<br \/>\nUpravljanje glasom: uz Alexa, Google Home Voice Control<br \/>\nNezavisna kontrola: kontrolirajte svaku grupu zasebno<br \/>\nStatus sinhronizacije: status ure\u0111aja u realnom vremenu koji se nalazi u APP-u<\/p>\n<p>Funkcija mjerenja vremena: Podesite tajmer za rezervacije\/odbrojavanje da se uklju\u010di\/isklju\u010di u odre\u0111eno vrijeme<\/p>\n","protected":false},"featured_media":7820,"comment_status":"open","ping_status":"closed","template":"","meta":{"_mi_skip_tracking":false,"_exactmetrics_sitenote_active":false,"_exactmetrics_sitenote_note":"","_exactmetrics_sitenote_category":0,"spay_email":""},"product_cat":[3480],"product_tag":[5519,5521,5520],"brands":[{"id":5063,"name":"tuya","slug":"tuya"}],"df_price":45,"df_sale_price":45,"df_regular_price":55,"df_image_link":"https:\/\/i1.wp.com\/astehshop.com\/wp-content\/uploads\/2023\/05\/pametni-prekidac-roletne.jpg?fit=450%2C448","jetpack_publicize_connections":[],"jetpack_sharing_enabled":true,"jetpack_likes_enabled":true,"jetpack-related-posts":[{"id":7799,"url":"http:\/\/astehshop.com\/index.php\/product\/tuya-wifi-prekidac-20a\/","url_meta":{"origin":7819,"position":0},"title":"Tuya WIFI prekida\u010d 20A","date":"17. svibnja 2023.","format":false,"excerpt":"1. Podr\u017eava 20A velike snage 2. Sprije\u010dite preoptere\u0107enje, prenaponsku prekostrujnu za\u0161titu od podnapona Kada je ure\u0111aj u nenormalnom stanju, automatski isklju\u010dite napajanje. Za sigurnost! 3. S funkcijom statistike snage, snaga elektri\u010dnih ure\u0111aja u realnom vremenu na prvi pogled 4. \u010cvrsta i pouzdana veza Jaka strujna nosivost Pove\u0107ajte pouzdanost ve\u0107eg temperaturnog\u2026","rel":"","context":"Srodne objave","img":{"alt_text":"","src":"https:\/\/i1.wp.com\/astehshop.com\/wp-content\/uploads\/2023\/05\/tuya-20a.png?fit=726%2C743&resize=350%2C200","width":350,"height":200},"classes":[]},{"id":6229,"url":"http:\/\/astehshop.com\/index.php\/product\/smarthome-univerzalni-daljinski-upravljac-tv-klima\/","url_meta":{"origin":7819,"position":1},"title":"SmartHome | Univerzalni Daljinski Upravlja\u010d | TV | Klima","date":"7. travnja 2022.","format":false,"excerpt":"Ovaj upravlja\u010d omogu\u0107uje potpunu kontrolu klima i TV ure\u0111aja u va\u0161em domu s bilo kojeg mjesta na svijetu. Kori\u0161tenjem Nedis SmartLife aplikacije mo\u017eete upaliti klima ure\u0111aj prije dolaska ku\u0107i ili poslo\u017eiti vremenski raspored za automatsko uklju\u010divanje i isklju\u010divanje ure\u0111aja. Pakiranje sadr\u017ei: - Smart daljinski upravlja\u010d - USB kabel - Strujni\u2026","rel":"","context":"Srodne objave","img":{"alt_text":"","src":"https:\/\/i1.wp.com\/astehshop.com\/wp-content\/uploads\/2022\/04\/WIFIRC10CBK-1.jpg?fit=400%2C400&resize=350%2C200","width":350,"height":200},"classes":[]},{"id":7910,"url":"http:\/\/astehshop.com\/index.php\/product\/pametni-wifi-monitor-vlaznosti-temperature-i-upravljac-ir-uredajima-kao-sto-je-klima\/","url_meta":{"origin":7819,"position":2},"title":"Pametni WIFI monitor vla\u017enosti, temperature i upravlja\u010d IR ure\u0111ajima kao \u0161to je Klima","date":"10. lipnja 2023.","format":false,"excerpt":"Pametni WIFI monitor vla\u017enosti, temperature i upravlja\u010d IR ure\u0111ajima kao \u0161to je Klima [ Wifi IR daljinski upravlja\u010d sa zaslonom temperature i vla\u017enosti ] - S09 kombinira wifi IR daljinski upravlja\u010d, senzor temperature i vlage u jedan ure\u0111aj s HD LCD zaslonom [ Bogata biblioteka IR kodova ] - Bogata\u2026","rel":"","context":"Srodne objave","img":{"alt_text":"","src":"https:\/\/i2.wp.com\/astehshop.com\/wp-content\/uploads\/2023\/06\/tuya-s09.jpg?fit=225%2C225&resize=350%2C200","width":350,"height":200},"classes":[]},{"id":6036,"url":"http:\/\/astehshop.com\/index.php\/product\/ja-182j-daljinski-upravljac\/","url_meta":{"origin":7819,"position":3},"title":"JA-182J Daljinski upravlja\u010d","date":"14. velja\u010de 2022.","format":false,"excerpt":"JA-182J slu\u017ei za daljinsko ukjlju\u010divanje\/isklju\u010divanje sistema, aktivaciju panik alarma i kontrolu drugih ure\u0111aja. Daljinski upravlja\u010d je opremljen sa prakti\u010dnom funkcijom \u201cde\u010djeg zaklju\u010davanja\u201d koja spre\u010dava neovla\u0161\u0107eno kori\u0161tenje. Ako je ova funkcija uklju\u010dena, za aktiviranje ure\u0111aja je potrebno pritisnuti dugme dva puta u roku od 1 sekunde.","rel":"","context":"Srodne objave","img":{"alt_text":"","src":"https:\/\/i0.wp.com\/astehshop.com\/wp-content\/uploads\/2022\/02\/JA-182J.jpg?fit=600%2C600&resize=350%2C200","width":350,"height":200},"classes":[]},{"id":7918,"url":"http:\/\/astehshop.com\/index.php\/product\/pametni-wifi-magnet-za-prozore-i-vrata-kreiranje-scenarija\/","url_meta":{"origin":7819,"position":4},"title":"Pametni WIFI magnet za prozore i vrata &#8211; kreiranje scenarija","date":"10. lipnja 2023.","format":false,"excerpt":"Pametni WIFI magnet Uz kombinaciju uz ovaj ure\u0111aj : http:\/\/astehshop.com\/index.php\/product\/pametni-wifi-monitor-vlaznosti-temperature-i-upravljac-ir-uredajima-kao-sto-je-klima\/ Mo\u017ee da gasi klima ure\u0111aj ukoliko se prozor otvori i na taj na\u010din Vam u\u0161tedi elektri\u010dnu energiju. Ovaj magnet ima veoma \u0161iroku primjenu, mo\u017eete ga koristiti bilo gdje u ku\u0107i ili okolo Obavje\u0161tenja u realnom vremenu - uvijek budite u\u2026","rel":"","context":"Srodne objave","img":{"alt_text":"","src":"https:\/\/i1.wp.com\/astehshop.com\/wp-content\/uploads\/2023\/06\/magnet-za-vrata-i-prozore.png?fit=821%2C823&resize=350%2C200","width":350,"height":200},"classes":[]},{"id":8163,"url":"http:\/\/astehshop.com\/index.php\/product\/android-navi-multimedia-auto-radio\/","url_meta":{"origin":7819,"position":5},"title":"ANDROID NAVI MULTIMEDIA AUTO RADIO","date":"24. kolovoza 2023.","format":false,"excerpt":"ANDROID ( MOGU\u0106NOST SKIDANA SVIH APLIKACIJA KAO NA TELEFONU ) - 7 in\u010da -GPS NAVIGACIJA - WIFI - Bluetooth - SD Card - USB - FM Radio - Daljinski - Dzekovi - 7 \"HD display osjetljiv na dodir - IZLAZI 4 x 45W, - AUX-IN, - PODR\u0160KA ZA PARKING KAMERU,\u2026","rel":"","context":"Srodne objave","img":{"alt_text":"","src":"https:\/\/i0.wp.com\/astehshop.com\/wp-content\/uploads\/2023\/08\/auto-androdi.png?fit=1062%2C782&resize=350%2C200","width":350,"height":200},"classes":[]}],"_links":{"self":[{"href":"http:\/\/astehshop.com\/index.php\/wp-json\/wp\/v2\/product\/7819"}],"collection":[{"href":"http:\/\/astehshop.com\/index.php\/wp-json\/wp\/v2\/product"}],"about":[{"href":"http:\/\/astehshop.com\/index.php\/wp-json\/wp\/v2\/types\/product"}],"replies":[{"embeddable":true,"href":"http:\/\/astehshop.com\/index.php\/wp-json\/wp\/v2\/comments?post=7819"}],"wp:featuredmedia":[{"embeddable":true,"href":"http:\/\/astehshop.com\/index.php\/wp-json\/wp\/v2\/media\/7820"}],"wp:attachment":[{"href":"http:\/\/astehshop.com\/index.php\/wp-json\/wp\/v2\/media?parent=7819"}],"wp:term":[{"taxonomy":"product_cat","embeddable":true,"href":"http:\/\/astehshop.com\/index.php\/wp-json\/wp\/v2\/product_cat?post=7819"},{"taxonomy":"product_tag","embeddable":true,"href":"http:\/\/astehshop.com\/index.php\/wp-json\/wp\/v2\/product_tag?post=7819"}],"curies":[{"name":"wp","href":"https:\/\/api.w.org\/{rel}","templated":true}]}}