{"id":7815,"date":"2023-05-23T17:22:52","date_gmt":"2023-05-23T15:22:52","guid":{"rendered":"http:\/\/astehshop.com\/?post_type=product&#038;p=7815"},"modified":"2023-06-11T09:11:31","modified_gmt":"2023-06-11T07:11:31","slug":"sobni-termostat-wifi-6000alw-tuya","status":"publish","type":"product","link":"http:\/\/astehshop.com\/index.php\/product\/sobni-termostat-wifi-6000alw-tuya\/","title":{"rendered":"Sobni termostat WIFI 6000ALW Tuya"},"content":{"rendered":"<div class=\"xdj266r x11i5rnm xat24cr x1mh8g0r x1vvkbs x126k92a\">\n<div dir=\"auto\"><span class=\"x3nfvp2 x1j61x8r x1fcty0u xdj266r xhhsvwb xat24cr xgzva0m xxymvpz xlup9mm x1kky2od\"><img decoding=\"async\" loading=\"lazy\" src=\"https:\/\/static.xx.fbcdn.net\/images\/emoji.php\/v9\/t6c\/1\/16\/1f4aa.png\" alt=\"&#x1f4aa;\" width=\"16\" height=\"16\" \/><\/span> Wifi okrugli termostat na dodir<\/div>\n<div dir=\"auto\"><span class=\"x3nfvp2 x1j61x8r x1fcty0u xdj266r xhhsvwb xat24cr xgzva0m xxymvpz xlup9mm x1kky2od\"><img decoding=\"async\" loading=\"lazy\" src=\"https:\/\/static.xx.fbcdn.net\/images\/emoji.php\/v9\/td8\/1\/16\/1f4f2.png\" alt=\"&#x1f4f2;\" width=\"16\" height=\"16\" \/><\/span> Potpuna kontrola putem telefona<\/div>\n<div dir=\"auto\"><span class=\"x3nfvp2 x1j61x8r x1fcty0u xdj266r xhhsvwb xat24cr xgzva0m xxymvpz xlup9mm x1kky2od\"><img decoding=\"async\" loading=\"lazy\" src=\"https:\/\/static.xx.fbcdn.net\/images\/emoji.php\/v9\/t45\/1\/16\/1f6a8.png\" alt=\"&#x1f6a8;\" width=\"16\" height=\"16\" \/><\/span>Akrilno staklo, jednostavno za ciscenje i cuva va\u0161e o\u010di<\/div>\n<div dir=\"auto\"><span class=\"x3nfvp2 x1j61x8r x1fcty0u xdj266r xhhsvwb xat24cr xgzva0m xxymvpz xlup9mm x1kky2od\"><img decoding=\"async\" loading=\"lazy\" src=\"https:\/\/static.xx.fbcdn.net\/images\/emoji.php\/v9\/tea\/1\/16\/1f970.png\" alt=\"&#x1f970;\" width=\"16\" height=\"16\" \/><\/span> Jednostavan dizajn, jednostavno rukovanje<\/div>\n<div dir=\"auto\"><span class=\"x3nfvp2 x1j61x8r x1fcty0u xdj266r xhhsvwb xat24cr xgzva0m xxymvpz xlup9mm x1kky2od\"><img decoding=\"async\" loading=\"lazy\" src=\"https:\/\/static.xx.fbcdn.net\/images\/emoji.php\/v9\/t7b\/1\/16\/1f44c.png\" alt=\"&#x1f44c;\" width=\"16\" height=\"16\" \/><\/span> Lezite na va\u0161em kau\u010du i upravljajte kompletnom situacijom<\/div>\n<div dir=\"auto\"><iframe  id=\"_ytid_30613\"  width=\"480\" height=\"270\"  data-origwidth=\"480\" data-origheight=\"270\"  src=\"https:\/\/www.youtube.com\/embed\/R8AaqtciLio?enablejsapi=1&autoplay=0&cc_load_policy=0&cc_lang_pref=&iv_load_policy=1&loop=0&modestbranding=0&rel=1&fs=1&playsinline=0&autohide=2&theme=dark&color=red&controls=1&\" class=\"__youtube_prefs__  no-lazyload\" title=\"YouTube player\"  allow=\"autoplay; encrypted-media\" allowfullscreen data-no-lazy=\"1\" data-skipgform_ajax_framebjll=\"\"><\/iframe><\/div>\n<\/div>\n","protected":false},"excerpt":{"rendered":"<div class=\"xdj266r x11i5rnm xat24cr x1mh8g0r x1vvkbs x126k92a\">\n<div class=\"xdj266r x11i5rnm xat24cr x1mh8g0r x1vvkbs x126k92a\">\n<div dir=\"auto\"><span class=\"x3nfvp2 x1j61x8r x1fcty0u xdj266r xhhsvwb xat24cr xgzva0m xxymvpz xlup9mm x1kky2od\"><img decoding=\"async\" loading=\"lazy\" src=\"https:\/\/static.xx.fbcdn.net\/images\/emoji.php\/v9\/t6c\/1\/16\/1f4aa.png\" alt=\"&#x1f4aa;\" width=\"16\" height=\"16\" \/><\/span> Wifi okrugli termostat na dodir<\/div>\n<div dir=\"auto\"><span class=\"x3nfvp2 x1j61x8r x1fcty0u xdj266r xhhsvwb xat24cr xgzva0m xxymvpz xlup9mm x1kky2od\"><img decoding=\"async\" loading=\"lazy\" src=\"https:\/\/static.xx.fbcdn.net\/images\/emoji.php\/v9\/td8\/1\/16\/1f4f2.png\" alt=\"&#x1f4f2;\" width=\"16\" height=\"16\" \/><\/span> Potpuna kontrola putem telefona<\/div>\n<div dir=\"auto\"><span class=\"x3nfvp2 x1j61x8r x1fcty0u xdj266r xhhsvwb xat24cr xgzva0m xxymvpz xlup9mm x1kky2od\"><img decoding=\"async\" loading=\"lazy\" src=\"https:\/\/static.xx.fbcdn.net\/images\/emoji.php\/v9\/t45\/1\/16\/1f6a8.png\" alt=\"&#x1f6a8;\" width=\"16\" height=\"16\" \/><\/span>Akrilno staklo, jednostavno za ciscenje i cuva va\u0161e o\u010di<\/div>\n<div dir=\"auto\"><span class=\"x3nfvp2 x1j61x8r x1fcty0u xdj266r xhhsvwb xat24cr xgzva0m xxymvpz xlup9mm x1kky2od\"><img decoding=\"async\" loading=\"lazy\" src=\"https:\/\/static.xx.fbcdn.net\/images\/emoji.php\/v9\/tea\/1\/16\/1f970.png\" alt=\"&#x1f970;\" width=\"16\" height=\"16\" \/><\/span> Jednostavan dizajn, jednostavno rukovanje<\/div>\n<div dir=\"auto\"><span class=\"x3nfvp2 x1j61x8r x1fcty0u xdj266r xhhsvwb xat24cr xgzva0m xxymvpz xlup9mm x1kky2od\"><img decoding=\"async\" loading=\"lazy\" src=\"https:\/\/static.xx.fbcdn.net\/images\/emoji.php\/v9\/t7b\/1\/16\/1f44c.png\" alt=\"&#x1f44c;\" width=\"16\" height=\"16\" \/><\/span> Lezite na va\u0161em kau\u010du i upravljajte kompletnom situacijom<\/div>\n<div dir=\"auto\">[embedyt] https:\/\/www.youtube.com\/watch?v=R8AaqtciLio[\/embedyt]<\/div>\n<\/div>\n<\/div>\n","protected":false},"featured_media":7816,"comment_status":"open","ping_status":"closed","template":"","meta":{"_mi_skip_tracking":false,"_exactmetrics_sitenote_active":false,"_exactmetrics_sitenote_note":"","_exactmetrics_sitenote_category":0,"spay_email":""},"product_cat":[3480],"product_tag":[5518,5517,5515,1833,5065,4489,5516],"brands":[{"id":5063,"name":"tuya","slug":"tuya"}],"df_price":149,"df_sale_price":149,"df_regular_price":169,"df_image_link":"https:\/\/i0.wp.com\/astehshop.com\/wp-content\/uploads\/2023\/05\/sobni-termostat.jpg?fit=450%2C448","jetpack_publicize_connections":[],"jetpack_sharing_enabled":true,"jetpack_likes_enabled":true,"jetpack-related-posts":[{"id":7942,"url":"http:\/\/astehshop.com\/index.php\/product\/pametni-wifi-prekidac-sa-2-x-usb-porta\/","url_meta":{"origin":7815,"position":0},"title":"Pametni WIFI prekida\u010d sa 2 x USB porta","date":"11. lipnja 2023.","format":false,"excerpt":"Pametni wifi prekida\u010d za svjetlo u kombinaciji sa 2 x USB A porta Potpuna kontrola putem va\u0161eg pametnog telefona i aplikacije Prednja povr\u0161ina osjetljiva na dodir veoma elegantan proizvod","rel":"","context":"Srodne objave","img":{"alt_text":"","src":"https:\/\/i2.wp.com\/astehshop.com\/wp-content\/uploads\/2023\/06\/prekkdac_za_svjetlo_wifi-removebg-preview.png?fit=727%2C591&resize=350%2C200","width":350,"height":200},"classes":[]},{"id":8746,"url":"http:\/\/astehshop.com\/index.php\/product\/wifi-termostat-touch-kontrole-pozadinsko-osvjetljenje-crni-heysmart\/","url_meta":{"origin":7815,"position":1},"title":"WiFi Termostat | Touch Kontrole | Pozadinsko Osvjetljenje | Crni | HeySmart","date":"10. sije\u010dnja 2024.","format":false,"excerpt":"Pametni WI-FI termostat s pozadinskim osvjetljenjem crne plo\u010de mekane na dodir. Tjedni raspored za kontrolu sustava grijanja ili hla\u0111enja. Zahtijeva napajanje od 230 Vac; omogu\u0107uje prilagodbu i programiranje temperature lokalno putem plo\u010de osjetljive na dodir i daljinski putem aplikacije HeySmart. Uklju\u010duje funkciju protiv smrzavanja i godi\u0161nji odmor. Prikladno za povr\u0161insku\u2026","rel":"","context":"Srodne objave","img":{"alt_text":"","src":"https:\/\/i1.wp.com\/astehshop.com\/wp-content\/uploads\/2024\/01\/wifi-termostat-black-1.jpg?fit=400%2C400&resize=350%2C200","width":350,"height":200},"classes":[]},{"id":8750,"url":"http:\/\/astehshop.com\/index.php\/product\/wifi-termostat-touch-kontrole-pozadinsko-osvjetljenje-bijeli-heysmart\/","url_meta":{"origin":7815,"position":2},"title":"WiFi Termostat | Touch Kontrole | Pozadinsko Osvjetljenje | Bijeli | HeySmart","date":"10. sije\u010dnja 2024.","format":false,"excerpt":"Pametni WI-FI termostat s pozadinskim osvjetljenjem bijele plo\u010de meke na dodir. Tjedni raspored za kontrolu sustava grijanja ili hla\u0111enja. Zahtijeva napajanje od 230 Vac; omogu\u0107uje prilagodbu i programiranje temperature lokalno putem plo\u010de osjetljive na dodir i daljinski putem aplikacije HeySmart. Uklju\u010duje funkciju protiv smrzavanja i godi\u0161nji odmor. Prikladno za povr\u0161insku\u2026","rel":"","context":"Srodne objave","img":{"alt_text":"","src":"https:\/\/i2.wp.com\/astehshop.com\/wp-content\/uploads\/2024\/01\/termostat-wh.jpg?fit=400%2C399&resize=350%2C200","width":350,"height":200},"classes":[]},{"id":9483,"url":"http:\/\/astehshop.com\/index.php\/product\/panel-elektricna-grijalica-smart-1000-w-wifi\/","url_meta":{"origin":7815,"position":3},"title":"Panel elektri\u010dna grijalica, smart, 1000 W, WiFi","date":"21. rujna 2024.","format":false,"excerpt":"Elektri\u010dni panel, konvektor, dva nivoa snage grija\u010da 500W \/ 1000W, multifunkcionalni display, timer, kontrola dodirnim tipkama ili pametnim telefonom, elektroni\u010dki termostat, IPX4 standard, samostoje\u0107a ili zidna, automatsko isklju\u010divanje u slu\u010daju prevrtanja ili pregrijavanja, dje\u010dja brava, Ugra\u0111en WiFi, mogu\u0107nost kontrole preko pametnog telefona ( iOS 9.0 i Android 4.4 ) Dimenzije\u2026","rel":"","context":"Srodne objave","img":{"alt_text":"","src":"https:\/\/i0.wp.com\/astehshop.com\/wp-content\/uploads\/2024\/09\/12226_16862278591s0maf89ns.png?fit=1200%2C1200&resize=350%2C200","width":350,"height":200},"classes":[]},{"id":7946,"url":"http:\/\/astehshop.com\/index.php\/product\/zigbee-wireless-gateway-sav-smart-na-jednom-mjestu\/","url_meta":{"origin":7815,"position":4},"title":"Zigbee Wireless Gateway sav SMART na jednom mjestu","date":"11. lipnja 2023.","format":false,"excerpt":"Smart Home Automatizacija Sigurnost Kontrola putem aplikacije Mali modul za sve va\u0161e smart WIFI ure\u0111aje koji tro\u0161i veoma malo interneta i ne pravi skoro nikakvo optere\u010denje na Va\u0161em WIFI ure\u0111aju Uz njega mo\u017eete napraviti automatizaciju uz kombinaciju recimo wifi magneta za prozore da ukoliko se prozor otvori, klima ure\u0111aj se\u2026","rel":"","context":"Srodne objave","img":{"alt_text":"","src":"https:\/\/i1.wp.com\/astehshop.com\/wp-content\/uploads\/2023\/06\/Zigbee-Wireless-Gateway.png?fit=846%2C705&resize=350%2C200","width":350,"height":200},"classes":[]},{"id":7782,"url":"http:\/\/astehshop.com\/index.php\/product\/tuya-pametna-uticnica-wifi\/","url_meta":{"origin":7815,"position":5},"title":"Tuya pametna uti\u010dnica WIFI","date":"17. svibnja 2023.","format":false,"excerpt":"Tuya pametna uti\u010dnica Kontrola putem aplikacije Smart Home Scenario Kontrola potro\u0161nje Dje\u010dija za\u0161tita Podesite kada \u017eelite ne\u0161to da se upali Kompletan dom na samo jedan TAP Kontrola glasom i jo\u0161 mnogo toga \u00a0","rel":"","context":"Srodne objave","img":{"alt_text":"","src":"https:\/\/i0.wp.com\/astehshop.com\/wp-content\/uploads\/2023\/05\/tuya-pametna-uticnica.jpg?fit=992%2C984&resize=350%2C200","width":350,"height":200},"classes":[]}],"_links":{"self":[{"href":"http:\/\/astehshop.com\/index.php\/wp-json\/wp\/v2\/product\/7815"}],"collection":[{"href":"http:\/\/astehshop.com\/index.php\/wp-json\/wp\/v2\/product"}],"about":[{"href":"http:\/\/astehshop.com\/index.php\/wp-json\/wp\/v2\/types\/product"}],"replies":[{"embeddable":true,"href":"http:\/\/astehshop.com\/index.php\/wp-json\/wp\/v2\/comments?post=7815"}],"wp:featuredmedia":[{"embeddable":true,"href":"http:\/\/astehshop.com\/index.php\/wp-json\/wp\/v2\/media\/7816"}],"wp:attachment":[{"href":"http:\/\/astehshop.com\/index.php\/wp-json\/wp\/v2\/media?parent=7815"}],"wp:term":[{"taxonomy":"product_cat","embeddable":true,"href":"http:\/\/astehshop.com\/index.php\/wp-json\/wp\/v2\/product_cat?post=7815"},{"taxonomy":"product_tag","embeddable":true,"href":"http:\/\/astehshop.com\/index.php\/wp-json\/wp\/v2\/product_tag?post=7815"}],"curies":[{"name":"wp","href":"https:\/\/api.w.org\/{rel}","templated":true}]}}