{"id":7769,"date":"2023-05-15T19:50:31","date_gmt":"2023-05-15T17:50:31","guid":{"rendered":"http:\/\/astehshop.com\/?post_type=product&#038;p=7769"},"modified":"2024-07-18T23:57:27","modified_gmt":"2024-07-18T21:57:27","slug":"klima-uredaj-24000btu-premium-20-wifi-inverter-a-a","status":"publish","type":"product","link":"http:\/\/astehshop.com\/index.php\/product\/klima-uredaj-24000btu-premium-20-wifi-inverter-a-a\/","title":{"rendered":"Klima ure\u0111aj, 24000Btu, premium -20\u00b0, Wifi, Inverter, A++\/A+"},"content":{"rendered":"<p>Klima ure\u0111aj TAC-24CHSD\/LFI, 24000 Btu, kapacitet hla\u0111enja 6.84 ( 1.83 &#8211; 7.82 ) kW, kapacitet grijanja 7.05 ( 1.85 &#8211; 7.96 ) kW<\/p>\n<p>Protok zraka 1100 m\u00b3\/h, temperaturni opseg u modu hla\u0111enja -15\u00b0C &#8211; 53\u00b0C, premium -20\u00b0, grija\u010d vanjske jedinice, temperaturni opseg u modu grijanja -20\u00b0C &#8211; +30\u00b0C<\/p>\n<p>Rashladni plin R32<\/p>\n<p>Razina buke unutarnja \/ vanjska jedinica 58 \/ 68 dB(A)<\/p>\n<p>Energetski razred A++ \/ A+<\/p>\n","protected":false},"excerpt":{"rendered":"<p>Klima ure\u0111aj TAC-24CHSD\/LFI, 24000 Btu, kapacitet hla\u0111enja 6.84 ( 1.83 &#8211; 7.82 ) kW, kapacitet grijanja 7.05 ( 1.85 &#8211; 7.96 ) kW<\/p>\n<p>Protok zraka 1100 m\u00b3\/h, temperaturni opseg u modu hla\u0111enja -15\u00b0C &#8211; 53\u00b0C, premium -20\u00b0, grija\u010d vanjske jedinice, temperaturni opseg u modu grijanja -20\u00b0C &#8211; +30\u00b0C<\/p>\n<p>Rashladni plin R32<\/p>\n<p>Razina buke unutarnja \/ vanjska jedinica 58 \/ 68 dB(A)<\/p>\n<p>Energetski razred A++ \/ A+<\/p>\n","protected":false},"featured_media":7770,"comment_status":"open","ping_status":"closed","template":"","meta":{"_mi_skip_tracking":false,"_exactmetrics_sitenote_active":false,"_exactmetrics_sitenote_note":"","_exactmetrics_sitenote_category":0,"spay_email":""},"product_cat":[2458],"product_tag":[5482,5459,5458,1616,5457,4489],"brands":[],"df_price":1499,"df_sale_price":1499,"df_regular_price":1599,"df_image_link":"https:\/\/i1.wp.com\/astehshop.com\/wp-content\/uploads\/2023\/05\/frozzini-24-bez-nosaca-scaled.jpg?fit=450%2C351","jetpack_publicize_connections":[],"jetpack_sharing_enabled":true,"jetpack_likes_enabled":true,"jetpack-related-posts":[{"id":7771,"url":"http:\/\/astehshop.com\/index.php\/product\/klima-uredaj-18000btu-premium-20-wifi-inverter-a-a\/","url_meta":{"origin":7769,"position":0},"title":"Klima ure\u0111aj, 18000Btu, premium -20\u00b0, Wifi, Inverter, A++\/A+","date":"15. svibnja 2023.","format":false,"excerpt":"Klima ure\u0111aj TAC-18CHSD\/LFI, 18000 Btu, kapacitet hla\u0111enja 5.1 ( 1.25 - 5.90 ) kW, kapacitet grijanja 5.13 ( 1.25 - 6.08 ) kW Protok zraka 820 m\u00b3\/h, temperaturni opseg u modu hla\u0111enja -15\u00b0C - 53\u00b0C, premium -20\u00b0, grija\u010d vanjske jedinice, temperaturni opseg u modu grijanja -20\u00b0C - +30\u00b0C Rashladni plin\u2026","rel":"","context":"Srodne objave","img":{"alt_text":"","src":"https:\/\/i1.wp.com\/astehshop.com\/wp-content\/uploads\/2023\/05\/frozini-24-scaled.jpg?fit=1200%2C888&resize=350%2C200","width":350,"height":200},"classes":[]},{"id":3431,"url":"http:\/\/astehshop.com\/index.php\/product\/klima-vivax-acp-12ch35aex-a-klasa\/","url_meta":{"origin":7769,"position":1},"title":"Klima VIVAX ACP-12CH35AEX A klasa","date":"23. lipnja 2019.","format":false,"excerpt":"Kapacitet hla\u0111enja: 3,517 kW. Energetska klasa hla\u0111enja: A. Kapacitet grijanja: 3,810 kWh. Energetska klasa grijanja: A. Podru\u010dje rada od -7C do +43C. Inteligentno napajanje. Indikator istjecanja rashladnog medija. EER: 3,21 COP: 3,61","rel":"","context":"Srodne objave","img":{"alt_text":"","src":"https:\/\/i0.wp.com\/astehshop.com\/wp-content\/uploads\/2019\/06\/ACP-12CH35AEX.jpg?fit=600%2C600&resize=350%2C200","width":350,"height":200},"classes":[]},{"id":7767,"url":"http:\/\/astehshop.com\/index.php\/product\/klima-uredaj-split-sistem-12000btu-32kw-a\/","url_meta":{"origin":7769,"position":2},"title":"Klima ure\u0111aj, split sistem, 12000Btu, 3,2kW, A","date":"15. svibnja 2023.","format":false,"excerpt":"Klima ure\u0111aj, split sistem, kapacitet hla\u0111enje 3,2kW, grijanje 3,5kW, protok zraka 630m\u00b3\/h, razina buke unutarnja jedinica 38dB, vanjska jedinica 54dB, ECO plin R410A, energetski razred A+ \/ A. Mitsubishi kompresor.","rel":"","context":"Srodne objave","img":{"alt_text":"","src":"https:\/\/i0.wp.com\/astehshop.com\/wp-content\/uploads\/2023\/05\/frozzini-12-scaled.jpg?fit=1200%2C1012&resize=350%2C200","width":350,"height":200},"classes":[]},{"id":9389,"url":"http:\/\/astehshop.com\/index.php\/product\/klima-uredaj-favorit-24000-btu-ff\/","url_meta":{"origin":7769,"position":3},"title":"Klima ure\u0111aj FAVORIT 24000 BTU FF -15","date":"22. lipnja 2024.","format":false,"excerpt":"Proizvo\u0111a\u010d FAVORIT Model 24000BTU INVERTER FF Snaga 24000 BTU GRIJA\u010c U SPOLJA\u0160NJOJ JEDINICI\u00a0 Napon 220\/230 V \u2013 50Hz Temperatura -15\u00b0C do +49\u00b0C (spoljna) Kapacitet grijanja 7,0 kW Kapacitet hla\u0111enja 7,3 kW Energetska klasa A++\/A+ Prostor hla\u0111enja\/zagrijevanja 80-120 m2","rel":"","context":"Srodne objave","img":{"alt_text":"","src":"https:\/\/i2.wp.com\/astehshop.com\/wp-content\/uploads\/2024\/06\/24-klima-15.png?fit=1080%2C1080&resize=350%2C200","width":350,"height":200},"classes":[]},{"id":9393,"url":"http:\/\/astehshop.com\/index.php\/product\/klima-uredaj-favorit-12000btu-qb-he-hb-inverter-gratis-nosaci\/","url_meta":{"origin":7769,"position":4},"title":"Klima ure\u0111aj FAVORIT 12000BTU QB HE HB INVERTER -35 stepeni","date":"22. lipnja 2024.","format":false,"excerpt":"kapacitet hla\u0111enja kw: 3.5(0.65-4.1) kapacitet hla\u0111enja btu: 11942 kapacitet grijanja kw: 4.2(0.93-4.2) kapacitet grijanja btu: 14330 SEER hla\u0111enje: 8.5 Predstavljamo vam na\u0161 najnoviji HVAC sistem, koji ima kapacitet hla\u0111enja od 3.5 kW (11942 BTU) i kapacitet grijanja od 4.2 kW (14330 BTU). Sa SEER-om efikasnosti hla\u0111enja ocenjenim na 8.5 i\u2026","rel":"","context":"Srodne objave","img":{"alt_text":"","src":"https:\/\/i2.wp.com\/astehshop.com\/wp-content\/uploads\/2024\/06\/klima-12-do-35.png?fit=1080%2C1080&resize=350%2C200","width":350,"height":200},"classes":[]},{"id":10344,"url":"http:\/\/astehshop.com\/index.php\/product\/max-klima-12-on-off-mac12cw\/","url_meta":{"origin":7769,"position":5},"title":"Max klima 12&#8221; ON OFF MAC12CW","date":"7. svibnja 2025.","format":false,"excerpt":"Model MAC12CW Kapacitet hla\u0111enja (BTU\/H) 11000 Kapacitet hla\u0111enja (W) 3230 Kapacitet grejanja (BTU\/H) 11500 Kapacitet grejanja (W) 3370 EER za hla\u0111enje (W) 3,21 Energetska klasa hla\u0111enja A COP za grejanje (W) 3,61 Energetska klasa grejanja A Radna supstanca (freon) R410A","rel":"","context":"Srodne objave","img":{"alt_text":"","src":"https:\/\/i0.wp.com\/astehshop.com\/wp-content\/uploads\/2025\/05\/max-klima-bijeljina.jpg?fit=960%2C1200&resize=350%2C200","width":350,"height":200},"classes":[]}],"_links":{"self":[{"href":"http:\/\/astehshop.com\/index.php\/wp-json\/wp\/v2\/product\/7769"}],"collection":[{"href":"http:\/\/astehshop.com\/index.php\/wp-json\/wp\/v2\/product"}],"about":[{"href":"http:\/\/astehshop.com\/index.php\/wp-json\/wp\/v2\/types\/product"}],"replies":[{"embeddable":true,"href":"http:\/\/astehshop.com\/index.php\/wp-json\/wp\/v2\/comments?post=7769"}],"wp:featuredmedia":[{"embeddable":true,"href":"http:\/\/astehshop.com\/index.php\/wp-json\/wp\/v2\/media\/7770"}],"wp:attachment":[{"href":"http:\/\/astehshop.com\/index.php\/wp-json\/wp\/v2\/media?parent=7769"}],"wp:term":[{"taxonomy":"product_cat","embeddable":true,"href":"http:\/\/astehshop.com\/index.php\/wp-json\/wp\/v2\/product_cat?post=7769"},{"taxonomy":"product_tag","embeddable":true,"href":"http:\/\/astehshop.com\/index.php\/wp-json\/wp\/v2\/product_tag?post=7769"}],"curies":[{"name":"wp","href":"https:\/\/api.w.org\/{rel}","templated":true}]}}