{"id":7767,"date":"2023-05-15T19:45:40","date_gmt":"2023-05-15T17:45:40","guid":{"rendered":"http:\/\/astehshop.com\/?post_type=product&#038;p=7767"},"modified":"2024-07-18T23:57:28","modified_gmt":"2024-07-18T21:57:28","slug":"klima-uredaj-split-sistem-12000btu-32kw-a","status":"publish","type":"product","link":"http:\/\/astehshop.com\/index.php\/product\/klima-uredaj-split-sistem-12000btu-32kw-a\/","title":{"rendered":"Klima ure\u0111aj, split sistem, 12000Btu, 3,2kW, A"},"content":{"rendered":"<p>Klima ure\u0111aj, split sistem, kapacitet hla\u0111enje 3,2kW, grijanje 3,5kW, protok zraka 630m\u00b3\/h, razina buke unutarnja jedinica 38dB, vanjska jedinica 54dB, ECO plin R410A, energetski razred A+ \/ A. Mitsubishi kompresor.<\/p>\n","protected":false},"excerpt":{"rendered":"<p>Klima ure\u0111aj, split sistem, kapacitet hla\u0111enje 3,2kW, grijanje 3,5kW, protok zraka 630m\u00b3\/h, razina buke unutarnja jedinica 38dB, vanjska jedinica 54dB, ECO plin R410A, energetski razred A+ \/ A. Mitsubishi kompresor.<\/p>\n","protected":false},"featured_media":7768,"comment_status":"open","ping_status":"closed","template":"","meta":{"_mi_skip_tracking":false,"_exactmetrics_sitenote_active":false,"_exactmetrics_sitenote_note":"","_exactmetrics_sitenote_category":0,"spay_email":""},"product_cat":[2458],"product_tag":[5456,5472,5480,5474,5481,5478,5479,5473,5471,1616,5475,5476,5470,5477],"brands":[],"df_price":599,"df_sale_price":599,"df_regular_price":629,"df_image_link":"https:\/\/i0.wp.com\/astehshop.com\/wp-content\/uploads\/2023\/05\/frozzini-12-scaled.jpg?fit=450%2C380","jetpack_publicize_connections":[],"jetpack_sharing_enabled":true,"jetpack_likes_enabled":true,"jetpack-related-posts":[{"id":7769,"url":"http:\/\/astehshop.com\/index.php\/product\/klima-uredaj-24000btu-premium-20-wifi-inverter-a-a\/","url_meta":{"origin":7767,"position":0},"title":"Klima ure\u0111aj, 24000Btu, premium -20\u00b0, Wifi, Inverter, A++\/A+","date":"15. svibnja 2023.","format":false,"excerpt":"Klima ure\u0111aj TAC-24CHSD\/LFI, 24000 Btu, kapacitet hla\u0111enja 6.84 ( 1.83 - 7.82 ) kW, kapacitet grijanja 7.05 ( 1.85 - 7.96 ) kW Protok zraka 1100 m\u00b3\/h, temperaturni opseg u modu hla\u0111enja -15\u00b0C - 53\u00b0C, premium -20\u00b0, grija\u010d vanjske jedinice, temperaturni opseg u modu grijanja -20\u00b0C - +30\u00b0C Rashladni plin\u2026","rel":"","context":"Srodne objave","img":{"alt_text":"","src":"https:\/\/i1.wp.com\/astehshop.com\/wp-content\/uploads\/2023\/05\/frozzini-24-bez-nosaca-scaled.jpg?fit=1200%2C936&resize=350%2C200","width":350,"height":200},"classes":[]},{"id":7771,"url":"http:\/\/astehshop.com\/index.php\/product\/klima-uredaj-18000btu-premium-20-wifi-inverter-a-a\/","url_meta":{"origin":7767,"position":1},"title":"Klima ure\u0111aj, 18000Btu, premium -20\u00b0, Wifi, Inverter, A++\/A+","date":"15. svibnja 2023.","format":false,"excerpt":"Klima ure\u0111aj TAC-18CHSD\/LFI, 18000 Btu, kapacitet hla\u0111enja 5.1 ( 1.25 - 5.90 ) kW, kapacitet grijanja 5.13 ( 1.25 - 6.08 ) kW Protok zraka 820 m\u00b3\/h, temperaturni opseg u modu hla\u0111enja -15\u00b0C - 53\u00b0C, premium -20\u00b0, grija\u010d vanjske jedinice, temperaturni opseg u modu grijanja -20\u00b0C - +30\u00b0C Rashladni plin\u2026","rel":"","context":"Srodne objave","img":{"alt_text":"","src":"https:\/\/i1.wp.com\/astehshop.com\/wp-content\/uploads\/2023\/05\/frozini-24-scaled.jpg?fit=1200%2C888&resize=350%2C200","width":350,"height":200},"classes":[]},{"id":10167,"url":"http:\/\/astehshop.com\/index.php\/product\/azuri-console-parapetni-klima-uredaj-azi-fo25vd\/","url_meta":{"origin":7767,"position":2},"title":"AZURI CONSOLE Parapetni KLIMA URE\u0110AJ AZI-FO25VD","date":"6. travnja 2025.","format":false,"excerpt":"Podna unutarnja i vanjska jedinica U\u010dinak hla\u0111enja: 2,7kW (0,70 - 3,40) kW U\u010dinak grijanja: 2,9kW (0,60 - 3,50) kW Prikladno za prostor: do 25m2 Energetska klasa: A++ Wi-Fi upravljanje je uklju\u010deno u cijenu Garancija : 5 godina (3 god. osnovno + 2 god. uz registraciju) AZURI klima ure\u0111aji odlikuju se\u2026","rel":"","context":"Srodne objave","img":{"alt_text":"","src":"https:\/\/i0.wp.com\/astehshop.com\/wp-content\/uploads\/2025\/04\/parapetna-klima.png?fit=867%2C650&resize=350%2C200","width":350,"height":200},"classes":[]},{"id":10245,"url":"http:\/\/astehshop.com\/index.php\/product\/gree-console-parapetna-klima-geh12aa-k6dna1a\/","url_meta":{"origin":7767,"position":3},"title":"Gree Console parapetna klima GEH12AA-K6DNA1A","date":"12. travnja 2025.","format":false,"excerpt":"GREE KLIMA PODNA CONSOLE GEH12AA\/K6DNA1A\/I GEH12AA\/K6DNA1A\/O 3,5kW\/3,8kW Hla\u0111enje:\u00a03.52 kW Grijanje:\u00a03.80 kW Energetska klasa hla\u0111enja:\u00a0A++ Energetska klasa grijanja:\u00a0A+ WI-FI upravljanje:\u00a0DA Grijac vanjske jedinice Unutarnja podno-parapetna jedinica inverter sustava grijanja\/hla\u0111enja opremljena je izmjenjiva\u010dem topline s direktnom ekspanzijom freona, maskom, te svim potrebnim elementima za za\u0161titu, kontrolu i regulaciju ure\u0111aja i temperature. Vanjska\u2026","rel":"","context":"Srodne objave","img":{"alt_text":"","src":"https:\/\/i1.wp.com\/astehshop.com\/wp-content\/uploads\/2025\/04\/inverter-air-conditioner-gree-geh09-aa-k3-dna1-d-floor-standing-1.png?fit=800%2C800&resize=350%2C200","width":350,"height":200},"classes":[]},{"id":9395,"url":"http:\/\/astehshop.com\/index.php\/product\/klima-uredaj-favorit-18000btu-jd-hb-inverter-do-25-gratis-nosaci\/","url_meta":{"origin":7767,"position":4},"title":"Klima ure\u0111aj FAVORIT 18000BTU JD HB INVERTER do -25","date":"22. lipnja 2024.","format":false,"excerpt":"KAPACITET HLA\u0110ENJA: 5.3W KAPACITET HLA\u0110ENJA (BTU) 18084 KAPACITET GREJANJA: 5.6W KAPACITET GREJANJA (BTU) 19107 SCOP ZA GREJANJE (W\/W)-PROSEK: 4.19W ENERGETSKA KLASA A++\/A+ VRSTA GASA R32 PROTOK VAZDUHA 850 SPOLJNA\/UNUTRA\u0160NJA JEDINICA (NIVO BUKE): 57\/62dB UNUTRA\u0160NJA JEDINICA NETO TE\u017dINA (KG) 11.5 SPOLJNA JEDINICA NETO TE\u017dINA (KG) 28 DIMENZIJE (UNUTRA\u0160NJE) \u2013 NETO 940*316*224\u2026","rel":"","context":"Srodne objave","img":{"alt_text":"","src":"https:\/\/i0.wp.com\/astehshop.com\/wp-content\/uploads\/2024\/06\/klima-18-25.png?fit=1080%2C1080&resize=350%2C200","width":350,"height":200},"classes":[]},{"id":10234,"url":"http:\/\/astehshop.com\/index.php\/product\/gree-cosmo-economical-gwh09awaxb-k6dna3b-klima-uredaj\/","url_meta":{"origin":7767,"position":5},"title":"Gree Cosmo Economical GWH09AWAXB-K6DNA3B klima ure\u0111aj","date":"12. travnja 2025.","format":false,"excerpt":"Wi-Fi su\u010delje LED display 7 brzina ventilatora I-Feel funkcija Samodijagnoza Vertikalno i horizontalno zakretanje krilaca Cold Plasma filter za ioniziranje zraka Grija\u010d vanjske jedinice Inteligentno predzagrijavanje i odmrzavanje No\u0107ni na\u010din rada Nominalni kapacitet grijanja: 2,80 kW Nominalni kapacitet hla\u0111enja: 2,5 kW U\u010dinak grijanja (min\/nom\/max): 0,5 - 2,8 - 3,7 kW\u2026","rel":"","context":"Srodne objave","img":{"alt_text":"","src":"https:\/\/i2.wp.com\/astehshop.com\/wp-content\/uploads\/2025\/04\/Cosmo-Economical.webp?fit=900%2C900&resize=350%2C200","width":350,"height":200},"classes":[]}],"_links":{"self":[{"href":"http:\/\/astehshop.com\/index.php\/wp-json\/wp\/v2\/product\/7767"}],"collection":[{"href":"http:\/\/astehshop.com\/index.php\/wp-json\/wp\/v2\/product"}],"about":[{"href":"http:\/\/astehshop.com\/index.php\/wp-json\/wp\/v2\/types\/product"}],"replies":[{"embeddable":true,"href":"http:\/\/astehshop.com\/index.php\/wp-json\/wp\/v2\/comments?post=7767"}],"wp:featuredmedia":[{"embeddable":true,"href":"http:\/\/astehshop.com\/index.php\/wp-json\/wp\/v2\/media\/7768"}],"wp:attachment":[{"href":"http:\/\/astehshop.com\/index.php\/wp-json\/wp\/v2\/media?parent=7767"}],"wp:term":[{"taxonomy":"product_cat","embeddable":true,"href":"http:\/\/astehshop.com\/index.php\/wp-json\/wp\/v2\/product_cat?post=7767"},{"taxonomy":"product_tag","embeddable":true,"href":"http:\/\/astehshop.com\/index.php\/wp-json\/wp\/v2\/product_tag?post=7767"}],"curies":[{"name":"wp","href":"https:\/\/api.w.org\/{rel}","templated":true}]}}