{"id":7763,"date":"2023-05-14T08:04:06","date_gmt":"2023-05-14T06:04:06","guid":{"rendered":"http:\/\/astehshop.com\/?post_type=product&#038;p=7763"},"modified":"2023-05-14T08:04:06","modified_gmt":"2023-05-14T06:04:06","slug":"reflektor-led-10w-sa-solarnim-panelomdetekcija-pokreta","status":"publish","type":"product","link":"http:\/\/astehshop.com\/index.php\/product\/reflektor-led-10w-sa-solarnim-panelomdetekcija-pokreta\/","title":{"rendered":"Reflektor LED 10W sa solarnim panelom,detekcija pokreta"},"content":{"rendered":"<p>LED reflektor sa solarnim panelom i detektorom pokreta, domet senzora 8 met, izvor svjetlosti LED ( 60 x 2835 SMD ) 10 W, svjetlost 1000 lm, 6000K hladna bijela svjetlost, odabir na\u010dina rada &#8211; konstantna svjetlost ili svjetlost na detekciju, ugra\u0111ena Li-Ion baterija 18650, 3,7V \/ 3000 mAh, monta\u017ea na zid, vodootporna, IP65<\/p>\n","protected":false},"excerpt":{"rendered":"<p>LED reflektor sa solarnim panelom i detektorom pokreta, domet senzora 8 met, izvor svjetlosti LED ( 60 x 2835 SMD ) 10 W, svjetlost 1000 lm, 6000K hladna bijela svjetlost, odabir na\u010dina rada &#8211; konstantna svjetlost ili svjetlost na detekciju, ugra\u0111ena Li-Ion baterija 18650, 3,7V \/ 3000 mAh, monta\u017ea na zid, vodootporna, IP65<\/p>\n","protected":false},"featured_media":7764,"comment_status":"open","ping_status":"closed","template":"","meta":{"_mi_skip_tracking":false,"_exactmetrics_sitenote_active":false,"_exactmetrics_sitenote_note":"","_exactmetrics_sitenote_category":0,"spay_email":""},"product_cat":[5447],"product_tag":[5454,5453,5455,5452,5451],"brands":[],"df_price":125,"df_sale_price":"","df_regular_price":125,"df_image_link":"https:\/\/i1.wp.com\/astehshop.com\/wp-content\/uploads\/2023\/05\/solarni-led-10w.png?fit=450%2C445","jetpack_publicize_connections":[],"jetpack_sharing_enabled":true,"jetpack_likes_enabled":true,"jetpack-related-posts":[{"id":7761,"url":"http:\/\/astehshop.com\/index.php\/product\/reflektor-led-100-w-8200-lm-ip65\/","url_meta":{"origin":7763,"position":0},"title":"Reflektor, LED, 100 W, 8200 lm, IP65","date":"14. svibnja 2023.","format":false,"excerpt":"LED reflektor, izvor svjetlosti 100 W LED SMD, osvjetljenje 8200 lm, 4000K prirodna bijela svjetlost Monta\u017ea na zid, napajanje 230 V ~ \/ 50 Hz, dimenzije 280 x 225 x 115 mm, za vanjsku i unutarnju uporabu, IP65 LED izvor svjetla u lampi se ne mo\u017ee zamijeniti, reflektor nije prikladan\u2026","rel":"","context":"Srodne objave","img":{"alt_text":"","src":"https:\/\/i2.wp.com\/astehshop.com\/wp-content\/uploads\/2023\/05\/led-reflektor-100w.png?fit=1200%2C1134&resize=350%2C200","width":350,"height":200},"classes":[]},{"id":3470,"url":"http:\/\/astehshop.com\/index.php\/product\/solarno-svjetlo-sa-senzorom-pokreta-2w-ip65-6000k\/","url_meta":{"origin":7763,"position":1},"title":"Solarno svjetlo sa senzorom pokreta 2W, IP65, 6000K","date":"21. srpnja 2019.","format":false,"excerpt":"Solarno svjetlo sa senzorom pokreta 2W, IP65, 6000K","rel":"","context":"Srodne objave","img":{"alt_text":"","src":"https:\/\/i0.wp.com\/astehshop.com\/wp-content\/uploads\/2019\/07\/Solarno-svjetlo-Green-Tech-sa-senzorom-pokreta-2W-IP65-6000K.jpg?fit=350%2C350&resize=350%2C200","width":350,"height":200},"classes":[]},{"id":10334,"url":"http:\/\/astehshop.com\/index.php\/product\/elektricna-zamka-za-insekte-uv-svjetlost-18-w\/","url_meta":{"origin":7763,"position":2},"title":"Elektri\u010dna zamka za insekte, UV svjetlost 18 W","date":"2. svibnja 2025.","format":false,"excerpt":"Svjetiljka Protiv Komaraca . Ova zamka radi na principu UV-A svjetlosti kojim privla\u010di insekte osjetljive na svjetlost kao \u0161to su: muhe, komarci, moljci. Visokonaponska mre\u017eica strujnim udarom uni\u0161tava insekte. Specijalna UV-A fluo cijev je potpuno bezopasna za ljude i ku\u0107ne ljubimce. Spoljna za\u0161titna mre\u017eica spre\u010dava dodirivanje visokonaponske mre\u017eice. Ova zamka\u2026","rel":"","context":"Srodne objave","img":{"alt_text":"","src":"https:\/\/i0.wp.com\/astehshop.com\/wp-content\/uploads\/2025\/05\/11695_1686226343eteb9nubif.png?fit=1200%2C1200&resize=350%2C200","width":350,"height":200},"classes":[]},{"id":10336,"url":"http:\/\/astehshop.com\/index.php\/product\/elektricna-zamka-za-insekte-uv-svjetlost-8w\/","url_meta":{"origin":7763,"position":3},"title":"Elektri\u010dna zamka za insekte, UV svjetlost 8W","date":"2. svibnja 2025.","format":false,"excerpt":"Svjetiljka Protiv Komaraca . Ova zamka radi na principu UV-A svjetlosti kojim privla\u010di insekte osjetljive na svjetlost kao \u0161to su: muhe, komarci, moljci. Visokonaponska mre\u017eica strujnim udarom uni\u0161tava insekte. Specijalna UV-A fluo cijev je potpuno bezopasna za ljude i ku\u0107ne ljubimce. Spoljna za\u0161titna mre\u017eica spre\u010dava dodirivanje visokonaponske mre\u017eice. Ova zamka\u2026","rel":"","context":"Srodne objave","img":{"alt_text":"","src":"https:\/\/i2.wp.com\/astehshop.com\/wp-content\/uploads\/2025\/05\/9497_1686172263fjloysormm.png?fit=1200%2C1200&resize=350%2C200","width":350,"height":200},"classes":[]},{"id":11764,"url":"http:\/\/astehshop.com\/index.php\/product\/kamin-elektricni-2000w-led-svjetlost-wifi\/","url_meta":{"origin":7763,"position":4},"title":"Kamin, elektri\u010dni, 2000W, LED svjetlost, WiFi","date":"28. rujna 2025.","format":false,"excerpt":"Elektri\u010dni kamin je odli\u010dan izvor primarnog grijanja domova. Smanjuje pritisak po\u010detkom sezone grijanja, kada jo\u0161 nije toliko hladno i uz pomo\u0107 termostata odr\u017eat \u0107e Va\u0161 dom ugodno toplim. Elektri\u010dni kamin mo\u017eda nema \u0161arm tradicionalnog kamina, ali je puno zahvalniji za odr\u017eavanje i jednostavniji za upotrebu. Elektri\u010dni kamin se mo\u017ee postaviti\u2026","rel":"","context":"Srodne objave","img":{"alt_text":"","src":"https:\/\/i1.wp.com\/astehshop.com\/wp-content\/uploads\/2025\/09\/Kamin-elektricni-2000W-LED-svjetlost-WiFi.jpg?fit=1200%2C1071&resize=350%2C200","width":350,"height":200},"classes":[]},{"id":8967,"url":"http:\/\/astehshop.com\/index.php\/product\/prijenosni-led-reflektor-green-tech-40w-4000k-ip65\/","url_meta":{"origin":7763,"position":5},"title":"Prijenosni LED reflektor Green Tech, 40W, 4000K, IP65","date":"11. velja\u010de 2024.","format":false,"excerpt":"Snaga: 40 W Boja svjetlosti: 4000 K Promjenjiva snaga reflektora, upravljanje prekida\u010dem: Niska \/ srednja \/ visoka svjetlina \/ SOS \/ isklju\u010deno Flux: 500 lm Svjetlosna u\u010dinkovitost: 13 lm \/ W LED diode: San`an Kut svjetlosti: 120\u00b0 Napon: 5 V \/ 2 A Baterija: 3.2 V LiFePO4, 4 Ah Vrijeme\u2026","rel":"","context":"Srodne objave","img":{"alt_text":"","src":"https:\/\/i2.wp.com\/astehshop.com\/wp-content\/uploads\/2024\/02\/309610327_ced4e212a14fedb834732bbc653048bd5mr.png?fit=800%2C800&resize=350%2C200","width":350,"height":200},"classes":[]}],"_links":{"self":[{"href":"http:\/\/astehshop.com\/index.php\/wp-json\/wp\/v2\/product\/7763"}],"collection":[{"href":"http:\/\/astehshop.com\/index.php\/wp-json\/wp\/v2\/product"}],"about":[{"href":"http:\/\/astehshop.com\/index.php\/wp-json\/wp\/v2\/types\/product"}],"replies":[{"embeddable":true,"href":"http:\/\/astehshop.com\/index.php\/wp-json\/wp\/v2\/comments?post=7763"}],"wp:featuredmedia":[{"embeddable":true,"href":"http:\/\/astehshop.com\/index.php\/wp-json\/wp\/v2\/media\/7764"}],"wp:attachment":[{"href":"http:\/\/astehshop.com\/index.php\/wp-json\/wp\/v2\/media?parent=7763"}],"wp:term":[{"taxonomy":"product_cat","embeddable":true,"href":"http:\/\/astehshop.com\/index.php\/wp-json\/wp\/v2\/product_cat?post=7763"},{"taxonomy":"product_tag","embeddable":true,"href":"http:\/\/astehshop.com\/index.php\/wp-json\/wp\/v2\/product_tag?post=7763"}],"curies":[{"name":"wp","href":"https:\/\/api.w.org\/{rel}","templated":true}]}}