{"id":7761,"date":"2023-05-14T07:41:58","date_gmt":"2023-05-14T05:41:58","guid":{"rendered":"http:\/\/astehshop.com\/?post_type=product&#038;p=7761"},"modified":"2023-05-14T07:41:59","modified_gmt":"2023-05-14T05:41:59","slug":"reflektor-led-100-w-8200-lm-ip65","status":"publish","type":"product","link":"http:\/\/astehshop.com\/index.php\/product\/reflektor-led-100-w-8200-lm-ip65\/","title":{"rendered":"Reflektor, LED, 100 W, 8200 lm, IP65"},"content":{"rendered":"<p>LED reflektor, izvor svjetlosti 100 W LED SMD, osvjetljenje 8200 lm, 4000K prirodna bijela svjetlost<\/p>\n<p>Monta\u017ea na zid, napajanje 230 V ~ \/ 50 Hz, dimenzije 280 x 225 x 115 mm, za vanjsku i unutarnju uporabu, IP65<\/p>\n<p>LED izvor svjetla u lampi se ne mo\u017ee zamijeniti, reflektor nije prikladan za akcentnu rasvjetu<\/p>\n","protected":false},"excerpt":{"rendered":"<p>LED reflektor, izvor svjetlosti 100 W LED SMD, osvjetljenje 8200 lm, 4000K prirodna bijela svjetlost<\/p>\n<p>Monta\u017ea na zid, napajanje 230 V ~ \/ 50 Hz, dimenzije 280 x 225 x 115 mm, za vanjsku i unutarnju uporabu, IP65<\/p>\n<p>LED izvor svjetla u lampi se ne mo\u017ee zamijeniti, reflektor nije prikladan za akcentnu rasvjetu<\/p>\n","protected":false},"featured_media":7762,"comment_status":"open","ping_status":"closed","template":"","meta":{"_mi_skip_tracking":false,"_exactmetrics_sitenote_active":false,"_exactmetrics_sitenote_note":"","_exactmetrics_sitenote_category":0,"spay_email":""},"product_cat":[5447],"product_tag":[5450,1682,5448,5449],"brands":[],"df_price":69,"df_sale_price":"","df_regular_price":69,"df_image_link":"https:\/\/i2.wp.com\/astehshop.com\/wp-content\/uploads\/2023\/05\/led-reflektor-100w.png?fit=450%2C425","jetpack_publicize_connections":[],"jetpack_sharing_enabled":true,"jetpack_likes_enabled":true,"jetpack-related-posts":[{"id":7763,"url":"http:\/\/astehshop.com\/index.php\/product\/reflektor-led-10w-sa-solarnim-panelomdetekcija-pokreta\/","url_meta":{"origin":7761,"position":0},"title":"Reflektor LED 10W sa solarnim panelom,detekcija pokreta","date":"14. svibnja 2023.","format":false,"excerpt":"LED reflektor sa solarnim panelom i detektorom pokreta, domet senzora 8 met, izvor svjetlosti LED ( 60 x 2835 SMD ) 10 W, svjetlost 1000 lm, 6000K hladna bijela svjetlost, odabir na\u010dina rada - konstantna svjetlost ili svjetlost na detekciju, ugra\u0111ena Li-Ion baterija 18650, 3,7V \/ 3000 mAh, monta\u017ea na\u2026","rel":"","context":"Srodne objave","img":{"alt_text":"","src":"https:\/\/i1.wp.com\/astehshop.com\/wp-content\/uploads\/2023\/05\/solarni-led-10w.png?fit=1200%2C1188&resize=350%2C200","width":350,"height":200},"classes":[]},{"id":8967,"url":"http:\/\/astehshop.com\/index.php\/product\/prijenosni-led-reflektor-green-tech-40w-4000k-ip65\/","url_meta":{"origin":7761,"position":1},"title":"Prijenosni LED reflektor Green Tech, 40W, 4000K, IP65","date":"11. velja\u010de 2024.","format":false,"excerpt":"Snaga: 40 W Boja svjetlosti: 4000 K Promjenjiva snaga reflektora, upravljanje prekida\u010dem: Niska \/ srednja \/ visoka svjetlina \/ SOS \/ isklju\u010deno Flux: 500 lm Svjetlosna u\u010dinkovitost: 13 lm \/ W LED diode: San`an Kut svjetlosti: 120\u00b0 Napon: 5 V \/ 2 A Baterija: 3.2 V LiFePO4, 4 Ah Vrijeme\u2026","rel":"","context":"Srodne objave","img":{"alt_text":"","src":"https:\/\/i2.wp.com\/astehshop.com\/wp-content\/uploads\/2024\/02\/309610327_ced4e212a14fedb834732bbc653048bd5mr.png?fit=800%2C800&resize=350%2C200","width":350,"height":200},"classes":[]},{"id":8969,"url":"http:\/\/astehshop.com\/index.php\/product\/led-reflektor-green-tech-2550-lm-30w-6500k-ip65-crni\/","url_meta":{"origin":7761,"position":2},"title":"LED reflektor Green Tech 2550 lm, 30W, 6500K, IP65, crni","date":"11. velja\u010de 2024.","format":false,"excerpt":"Snaga: 30W Boja svjetlosti: 6500K IP stupanj za\u0161tite: IP65 IK stupanj za\u0161tite: IK06 Boja artikla: crna Napon: AC 220 - 240 V \/ 50 - 60 Hz FLUX: 85 lm \/ W Ukupan svjetlosni tok: 2550 lm Kut svjetlosti: 120 \u00b0 LED diode: San`an \/ SMD2835 Radna temperatura: od -\u2026","rel":"","context":"Srodne objave","img":{"alt_text":"","src":"https:\/\/i0.wp.com\/astehshop.com\/wp-content\/uploads\/2024\/02\/led-reflektor-30w.png?fit=800%2C800&resize=350%2C200","width":350,"height":200},"classes":[]},{"id":6221,"url":"http:\/\/astehshop.com\/index.php\/product\/smartlife-wifi-led-reflektor-20w-rgb-i-2700-6500-k-aluminijski\/","url_meta":{"origin":7761,"position":3},"title":"Smartlife WiFi LED Reflektor | 20W | RGB i 2700 &#8211; 6500 K | Aluminijski","date":"7. travnja 2022.","format":false,"excerpt":"Pametni Wi-Fi LED vanjski reflektor (20 W) za zidnu monta\u017eu ima svjetlosnu snagu od 1600 lumena \u0161to ga \u010dini idealnim za osvjetljenje ulaznih prostora, prilaza ili nadstre\u0161nica. Zahvaljuju\u0107i svojoj IP65 klasifikaciji, ovaj je reflektor prikladan za bilo koje vremenske uvjete i mo\u017ee se koristiti na temperaturama u rasponu od -20\u2026","rel":"","context":"Srodne objave","img":{"alt_text":"","src":"https:\/\/i1.wp.com\/astehshop.com\/wp-content\/uploads\/2022\/04\/WIFILOFC20FBK-01.jpg?fit=400%2C400&resize=350%2C200","width":350,"height":200},"classes":[]},{"id":3480,"url":"http:\/\/astehshop.com\/index.php\/product\/led-reflektor-green-tech-30w-4200k\/","url_meta":{"origin":7761,"position":4},"title":"LED reflektor Green Tech 30W, 4200K","date":"21. srpnja 2019.","format":false,"excerpt":"FLUX: 2700 lm Tip LED diode: San'an Tip driver-a: izoliran Kut svjetlosti: 120\u00b0 Radna temperatura: od - 40 \u00b0C do 50 \u00b0C Vijek trajanja: 20000 radnih sati Certifikati: FCC, CE, RoHS Dimenzije svjetiljke: 21,2 x 15,7 cm Neto te\u017eina:0,8890 kg Bruto te\u017eina:0,9600 kg","rel":"","context":"Srodne objave","img":{"alt_text":"","src":"https:\/\/i0.wp.com\/astehshop.com\/wp-content\/uploads\/2019\/07\/LED-reflektor-Green-Tech-30W-4200K.png?fit=200%2C200&resize=350%2C200","width":350,"height":200},"classes":[]},{"id":3470,"url":"http:\/\/astehshop.com\/index.php\/product\/solarno-svjetlo-sa-senzorom-pokreta-2w-ip65-6000k\/","url_meta":{"origin":7761,"position":5},"title":"Solarno svjetlo sa senzorom pokreta 2W, IP65, 6000K","date":"21. srpnja 2019.","format":false,"excerpt":"Solarno svjetlo sa senzorom pokreta 2W, IP65, 6000K","rel":"","context":"Srodne objave","img":{"alt_text":"","src":"https:\/\/i0.wp.com\/astehshop.com\/wp-content\/uploads\/2019\/07\/Solarno-svjetlo-Green-Tech-sa-senzorom-pokreta-2W-IP65-6000K.jpg?fit=350%2C350&resize=350%2C200","width":350,"height":200},"classes":[]}],"_links":{"self":[{"href":"http:\/\/astehshop.com\/index.php\/wp-json\/wp\/v2\/product\/7761"}],"collection":[{"href":"http:\/\/astehshop.com\/index.php\/wp-json\/wp\/v2\/product"}],"about":[{"href":"http:\/\/astehshop.com\/index.php\/wp-json\/wp\/v2\/types\/product"}],"replies":[{"embeddable":true,"href":"http:\/\/astehshop.com\/index.php\/wp-json\/wp\/v2\/comments?post=7761"}],"wp:featuredmedia":[{"embeddable":true,"href":"http:\/\/astehshop.com\/index.php\/wp-json\/wp\/v2\/media\/7762"}],"wp:attachment":[{"href":"http:\/\/astehshop.com\/index.php\/wp-json\/wp\/v2\/media?parent=7761"}],"wp:term":[{"taxonomy":"product_cat","embeddable":true,"href":"http:\/\/astehshop.com\/index.php\/wp-json\/wp\/v2\/product_cat?post=7761"},{"taxonomy":"product_tag","embeddable":true,"href":"http:\/\/astehshop.com\/index.php\/wp-json\/wp\/v2\/product_tag?post=7761"}],"curies":[{"name":"wp","href":"https:\/\/api.w.org\/{rel}","templated":true}]}}