{"id":7754,"date":"2023-05-13T19:36:27","date_gmt":"2023-05-13T17:36:27","guid":{"rendered":"http:\/\/astehshop.com\/?post_type=product&#038;p=7754"},"modified":"2023-05-13T19:36:27","modified_gmt":"2023-05-13T17:36:27","slug":"dvr5558-racksis-dvr-zidni-rack-ormar","status":"publish","type":"product","link":"http:\/\/astehshop.com\/index.php\/product\/dvr5558-racksis-dvr-zidni-rack-ormar\/","title":{"rendered":"DVR5558 Racksis DVR zidni rack ormar"},"content":{"rendered":"<p>\u2022 DVR5558 Racksis DVR zidni rack ormar crni, 580x550x160mm<\/p>\n<p>Tip ormara: zidni<br \/>\nDimenzije: 580x550x160mm<br \/>\nNosivost: 40 kg<br \/>\nBoja: crna<\/p>\n<p>&#8211; za male sisteme mre\u017ee ili videonadzora<br \/>\n&#8211; namijenjen za smje\u0161taj DVR\/NVR-a, switch-a, monitora manjih dimenzija ili sli\u010dne opreme<br \/>\n&#8211; podesive \u0161ine na vratima za fiksiranje opreme sa svih strana<br \/>\n&#8211; bo\u010dni ventilacijski otvori<\/p>\n<p>Preporu\u010dena maloprodajna cijena sa PDV-om: 240,00 KM<\/p>\n","protected":false},"excerpt":{"rendered":"<p>\u2022 DVR5558 Racksis DVR zidni rack ormar crni, 580x550x160mm<\/p>\n<p>Tip ormara: zidni<br \/>\nDimenzije: 580x550x160mm<br \/>\nNosivost: 40 kg<br \/>\nBoja: crna<\/p>\n<p>&#8211; za male sisteme mre\u017ee ili videonadzora<br \/>\n&#8211; namijenjen za smje\u0161taj DVR\/NVR-a, switch-a, monitora manjih dimenzija ili sli\u010dne opreme<br \/>\n&#8211; podesive \u0161ine na vratima za fiksiranje opreme sa svih strana<br \/>\n&#8211; bo\u010dni ventilacijski otvori<\/p>\n<p>Preporu\u010dena maloprodajna cijena sa PDV-om: 240,00 KM<\/p>\n","protected":false},"featured_media":7752,"comment_status":"open","ping_status":"closed","template":"","meta":{"_mi_skip_tracking":false,"_exactmetrics_sitenote_active":false,"_exactmetrics_sitenote_note":"","_exactmetrics_sitenote_category":0,"spay_email":""},"product_cat":[3090],"product_tag":[3926,5439,3092],"brands":[],"df_price":240,"df_sale_price":"","df_regular_price":240,"df_image_link":"https:\/\/i2.wp.com\/astehshop.com\/wp-content\/uploads\/2023\/05\/dvr-box-1-scaled.jpg?fit=446%2C450","jetpack_publicize_connections":[],"jetpack_sharing_enabled":true,"jetpack_likes_enabled":true,"jetpack-related-posts":[{"id":7751,"url":"http:\/\/astehshop.com\/index.php\/product\/dvr520-racksis-dvr-zidni-rack-ormar-crni\/","url_meta":{"origin":7754,"position":0},"title":"DVR520 Racksis DVR zidni rack ormar crni","date":"13. svibnja 2023.","format":false,"excerpt":"\u00a0 DVR520 Racksis DVR zidni rack ormar crni, 500x430x120mm Tip ormara: zidni Dimenzije: 500x430x120mm Nosivost: 40 kg Boja: crna \u00a0 za male sisteme mre\u017ee ili videonadzora namijenjen za smje\u0161taj DVR\/NVR-a, switch-a ili sli\u010dne opreme podesive \u0161ine na vratima za fiksiranje opreme sa svih strana bo\u010dni ventilacijski otvori","rel":"","context":"Srodne objave","img":{"alt_text":"","src":"https:\/\/i2.wp.com\/astehshop.com\/wp-content\/uploads\/2023\/05\/dvr-box-1-scaled.jpg?fit=1190%2C1200&resize=350%2C200","width":350,"height":200},"classes":[]},{"id":6435,"url":"http:\/\/astehshop.com\/index.php\/product\/racksis-silver-7u-rack-ormar-crni-600x600x410mm\/","url_meta":{"origin":7754,"position":1},"title":"RACKSIS SILVER 7U rack ormar crni, 600x600x410mm","date":"21. listopada 2022.","format":false,"excerpt":"D07U6060-1 Racksis SILVER 7U rack ormar crni, 600x600x410mm Tip ormara: Silver\/zidni Dimenzije: 600x600x410mm Nosivost: 80 kg Boja: crna Vrata: staklo u metalnom okviru sa bravicom za zaklju\u010davanje \u00a0 - odvojive bo\u010dne stranice sa bravicom za zaklju\u010davanje - otvor za ventilatorsko polje - otvor za ulaz kablova na stra\u017enjoj, gornjoj i\u2026","rel":"","context":"Srodne objave","img":{"alt_text":"","src":"https:\/\/i1.wp.com\/astehshop.com\/wp-content\/uploads\/2022\/10\/silver-series-.jpg?fit=655%2C655&resize=350%2C200","width":350,"height":200},"classes":[]},{"id":6433,"url":"http:\/\/astehshop.com\/index.php\/product\/racksis-silver-7u-rack-ormar-crni-600x450x410mm\/","url_meta":{"origin":7754,"position":2},"title":"RACKSIS SILVER 7U rack ormar crni, 600x450x410mm","date":"21. listopada 2022.","format":false,"excerpt":"D07U6045-1 Racksis SILVER 7U rack ormar crni, 600x450x410mm Tip ormara: Silver\/zidni Dimenzije: 600x450x410mm Nosivost: 80 kg Boja: crna Vrata: staklo u metalnom okviru sa bravicom za zaklju\u010davanje \u00a0 - odvojive bo\u010dne stranice sa bravicom za zaklju\u010davanje - otvor za ventilatorsko polje - otvor za ulaz kablova na stra\u017enjoj, gornjoj i\u2026","rel":"","context":"Srodne objave","img":{"alt_text":"","src":"https:\/\/i1.wp.com\/astehshop.com\/wp-content\/uploads\/2022\/10\/silver-series-.jpg?fit=655%2C655&resize=350%2C200","width":350,"height":200},"classes":[]},{"id":6436,"url":"http:\/\/astehshop.com\/index.php\/product\/racksis-silver-9u-rack-ormar-crni-600x450x500mm\/","url_meta":{"origin":7754,"position":3},"title":"RACKSIS SILVER 9U rack ormar crni, 600x450x500mm","date":"21. listopada 2022.","format":false,"excerpt":"D09U6045-1 Racksis SILVER 9U rack ormar crni, 600x450x500mm Tip ormara: Silver\/zidni Dimenzije: 600x450x500mm Nosivost: 80 kg Boja: crna Vrata: staklo u metalnom okviru sa bravicom za zaklju\u010davanje \u00a0 - odvojive bo\u010dne stranice sa bravicom za zaklju\u010davanje - otvor za ventilatorsko polje - otvor za ulaz kablova na stra\u017enjoj, gornjoj i\u2026","rel":"","context":"Srodne objave","img":{"alt_text":"","src":"https:\/\/i1.wp.com\/astehshop.com\/wp-content\/uploads\/2022\/10\/silver-series-.jpg?fit=655%2C655&resize=350%2C200","width":350,"height":200},"classes":[]},{"id":6437,"url":"http:\/\/astehshop.com\/index.php\/product\/racksis-silver-9u-rack-ormar-crni-600x600x500mm\/","url_meta":{"origin":7754,"position":4},"title":"RACKSIS SILVER 9U rack ormar crni, 600x600x500mm","date":"21. listopada 2022.","format":false,"excerpt":"\u00a0 D09U6060-1 Racksis SILVER 9U rack ormar crni, 600x600x500mm Tip ormara: Silver\/zidni Dimenzije: 600x600x500mm Nosivost: 80 kg Boja: crna Vrata: staklo u metalnom okviru sa bravicom za zaklju\u010davanje \u00a0 - odvojive bo\u010dne stranice sa bravicom za zaklju\u010davanje - otvor za ventilatorsko polje - otvor za ulaz kablova na stra\u017enjoj, gornjoj\u2026","rel":"","context":"Srodne objave","img":{"alt_text":"","src":"https:\/\/i1.wp.com\/astehshop.com\/wp-content\/uploads\/2022\/10\/silver-series-.jpg?fit=655%2C655&resize=350%2C200","width":350,"height":200},"classes":[]},{"id":6439,"url":"http:\/\/astehshop.com\/index.php\/product\/racksis-silver-12u-rack-ormar-crni-600x600x600mm\/","url_meta":{"origin":7754,"position":5},"title":"RACKSIS SILVER 12U rack ormar crni, 600x600x600mm","date":"21. listopada 2022.","format":false,"excerpt":"D12U6060-1 Racksis SILVER 12U rack ormar crni, 600x600x600mm Tip ormara: Silver\/zidni Dimenzije: 600x600x600mm Nosivost: 80 kg Boja: crna Vrata: staklo u metalnom okviru sa bravicom za zaklju\u010davanje \u00a0 - odvojive bo\u010dne stranice sa bravicom za zaklju\u010davanje - otvor za ventilatorsko polje - otvor za ulaz kablova na stra\u017enjoj, gornjoj i\u2026","rel":"","context":"Srodne objave","img":{"alt_text":"","src":"https:\/\/i1.wp.com\/astehshop.com\/wp-content\/uploads\/2022\/10\/silver-series-.jpg?fit=655%2C655&resize=350%2C200","width":350,"height":200},"classes":[]}],"_links":{"self":[{"href":"http:\/\/astehshop.com\/index.php\/wp-json\/wp\/v2\/product\/7754"}],"collection":[{"href":"http:\/\/astehshop.com\/index.php\/wp-json\/wp\/v2\/product"}],"about":[{"href":"http:\/\/astehshop.com\/index.php\/wp-json\/wp\/v2\/types\/product"}],"replies":[{"embeddable":true,"href":"http:\/\/astehshop.com\/index.php\/wp-json\/wp\/v2\/comments?post=7754"}],"wp:featuredmedia":[{"embeddable":true,"href":"http:\/\/astehshop.com\/index.php\/wp-json\/wp\/v2\/media\/7752"}],"wp:attachment":[{"href":"http:\/\/astehshop.com\/index.php\/wp-json\/wp\/v2\/media?parent=7754"}],"wp:term":[{"taxonomy":"product_cat","embeddable":true,"href":"http:\/\/astehshop.com\/index.php\/wp-json\/wp\/v2\/product_cat?post=7754"},{"taxonomy":"product_tag","embeddable":true,"href":"http:\/\/astehshop.com\/index.php\/wp-json\/wp\/v2\/product_tag?post=7754"}],"curies":[{"name":"wp","href":"https:\/\/api.w.org\/{rel}","templated":true}]}}