{"id":7751,"date":"2023-05-13T19:35:00","date_gmt":"2023-05-13T17:35:00","guid":{"rendered":"http:\/\/astehshop.com\/?post_type=product&#038;p=7751"},"modified":"2023-05-13T19:35:02","modified_gmt":"2023-05-13T17:35:02","slug":"dvr520-racksis-dvr-zidni-rack-ormar-crni","status":"publish","type":"product","link":"http:\/\/astehshop.com\/index.php\/product\/dvr520-racksis-dvr-zidni-rack-ormar-crni\/","title":{"rendered":"DVR520 Racksis DVR zidni rack ormar crni"},"content":{"rendered":"<p><strong><u>\u00a0<\/u><\/strong><\/p>\n<ul>\n<li><a href=\"https:\/\/racksis.com\/en\/portfolio-item\/dvr-box-w430mm-d520mm\/\">DVR520<\/a> Racksis DVR zidni rack ormar crni, 500x430x120mm<\/li>\n<\/ul>\n<p>Tip ormara: zidni<\/p>\n<p>Dimenzije: 500x430x120mm<\/p>\n<p>Nosivost: 40 kg<\/p>\n<p>Boja: crna<\/p>\n<p>&nbsp;<\/p>\n<ul>\n<li>za male sisteme mre\u017ee ili videonadzora<\/li>\n<li>namijenjen za smje\u0161taj DVR\/NVR-a, switch-a ili sli\u010dne opreme<\/li>\n<li>podesive \u0161ine na vratima za fiksiranje opreme sa svih strana<\/li>\n<li>bo\u010dni ventilacijski otvori<\/li>\n<\/ul>\n","protected":false},"excerpt":{"rendered":"<p><strong><u>\u00a0<\/u><\/strong><\/p>\n<ul>\n<li><a href=\"https:\/\/racksis.com\/en\/portfolio-item\/dvr-box-w430mm-d520mm\/\">DVR520<\/a> Racksis DVR zidni rack ormar crni, 500x430x120mm<\/li>\n<\/ul>\n<p>Tip ormara: zidni<\/p>\n<p>Dimenzije: 500x430x120mm<\/p>\n<p>Nosivost: 40 kg<\/p>\n<p>Boja: crna<\/p>\n<p>&nbsp;<\/p>\n<ul>\n<li>za male sisteme mre\u017ee ili videonadzora<\/li>\n<li>namijenjen za smje\u0161taj DVR\/NVR-a, switch-a ili sli\u010dne opreme<\/li>\n<li>podesive \u0161ine na vratima za fiksiranje opreme sa svih strana<\/li>\n<li>bo\u010dni ventilacijski otvori<\/li>\n<\/ul>\n","protected":false},"featured_media":7752,"comment_status":"open","ping_status":"closed","template":"","meta":{"_mi_skip_tracking":false,"_exactmetrics_sitenote_active":false,"_exactmetrics_sitenote_note":"","_exactmetrics_sitenote_category":0,"spay_email":""},"product_cat":[3090],"product_tag":[3926,5438,5437,3927],"brands":[],"df_price":180,"df_sale_price":"","df_regular_price":180,"df_image_link":"https:\/\/i2.wp.com\/astehshop.com\/wp-content\/uploads\/2023\/05\/dvr-box-1-scaled.jpg?fit=446%2C450","jetpack_publicize_connections":[],"jetpack_sharing_enabled":true,"jetpack_likes_enabled":true,"jetpack-related-posts":[{"id":7754,"url":"http:\/\/astehshop.com\/index.php\/product\/dvr5558-racksis-dvr-zidni-rack-ormar\/","url_meta":{"origin":7751,"position":0},"title":"DVR5558 Racksis DVR zidni rack ormar","date":"13. svibnja 2023.","format":false,"excerpt":"\u2022 DVR5558 Racksis DVR zidni rack ormar crni, 580x550x160mm Tip ormara: zidni Dimenzije: 580x550x160mm Nosivost: 40 kg Boja: crna - za male sisteme mre\u017ee ili videonadzora - namijenjen za smje\u0161taj DVR\/NVR-a, switch-a, monitora manjih dimenzija ili sli\u010dne opreme - podesive \u0161ine na vratima za fiksiranje opreme sa svih strana -\u2026","rel":"","context":"Srodne objave","img":{"alt_text":"","src":"https:\/\/i2.wp.com\/astehshop.com\/wp-content\/uploads\/2023\/05\/dvr-box-1-scaled.jpg?fit=1190%2C1200&resize=350%2C200","width":350,"height":200},"classes":[]},{"id":5309,"url":"http:\/\/astehshop.com\/index.php\/product\/racksis-soho-7u-rack-ormar-crni-520x400x360mm\/","url_meta":{"origin":7751,"position":1},"title":"RACKSIS SOHO 7U rack ormar crni, 520x400x360mm","date":"10. listopada 2021.","format":false,"excerpt":"RACKSIS SOHO 7U rack ormar crni, 520x400x360mm SH07U5240D Racksis SOHO 7U rack ormar crni, 520x400x360mm \u00a0 Tip ormara: Soho\/zidni Dimenzije: 520x400x360mm Nosivost: 40 kg Boja: crna Vrata: staklena sa bravicom za zaklju\u010davanje \u00a0 - otvor za ventilatorsko polje - otvor za ulaz kablova na gornjoj i donjoj stranici, te na\u2026","rel":"","context":"Srodne objave","img":{"alt_text":"","src":"https:\/\/i1.wp.com\/astehshop.com\/wp-content\/uploads\/2021\/10\/racksis-soho-7u-rack-ormar-crni-520x400x360mm.jpg?fit=750%2C672&resize=350%2C200","width":350,"height":200},"classes":[]},{"id":6433,"url":"http:\/\/astehshop.com\/index.php\/product\/racksis-silver-7u-rack-ormar-crni-600x450x410mm\/","url_meta":{"origin":7751,"position":2},"title":"RACKSIS SILVER 7U rack ormar crni, 600x450x410mm","date":"21. listopada 2022.","format":false,"excerpt":"D07U6045-1 Racksis SILVER 7U rack ormar crni, 600x450x410mm Tip ormara: Silver\/zidni Dimenzije: 600x450x410mm Nosivost: 80 kg Boja: crna Vrata: staklo u metalnom okviru sa bravicom za zaklju\u010davanje \u00a0 - odvojive bo\u010dne stranice sa bravicom za zaklju\u010davanje - otvor za ventilatorsko polje - otvor za ulaz kablova na stra\u017enjoj, gornjoj i\u2026","rel":"","context":"Srodne objave","img":{"alt_text":"","src":"https:\/\/i1.wp.com\/astehshop.com\/wp-content\/uploads\/2022\/10\/silver-series-.jpg?fit=655%2C655&resize=350%2C200","width":350,"height":200},"classes":[]},{"id":6436,"url":"http:\/\/astehshop.com\/index.php\/product\/racksis-silver-9u-rack-ormar-crni-600x450x500mm\/","url_meta":{"origin":7751,"position":3},"title":"RACKSIS SILVER 9U rack ormar crni, 600x450x500mm","date":"21. listopada 2022.","format":false,"excerpt":"D09U6045-1 Racksis SILVER 9U rack ormar crni, 600x450x500mm Tip ormara: Silver\/zidni Dimenzije: 600x450x500mm Nosivost: 80 kg Boja: crna Vrata: staklo u metalnom okviru sa bravicom za zaklju\u010davanje \u00a0 - odvojive bo\u010dne stranice sa bravicom za zaklju\u010davanje - otvor za ventilatorsko polje - otvor za ulaz kablova na stra\u017enjoj, gornjoj i\u2026","rel":"","context":"Srodne objave","img":{"alt_text":"","src":"https:\/\/i1.wp.com\/astehshop.com\/wp-content\/uploads\/2022\/10\/silver-series-.jpg?fit=655%2C655&resize=350%2C200","width":350,"height":200},"classes":[]},{"id":6437,"url":"http:\/\/astehshop.com\/index.php\/product\/racksis-silver-9u-rack-ormar-crni-600x600x500mm\/","url_meta":{"origin":7751,"position":4},"title":"RACKSIS SILVER 9U rack ormar crni, 600x600x500mm","date":"21. listopada 2022.","format":false,"excerpt":"\u00a0 D09U6060-1 Racksis SILVER 9U rack ormar crni, 600x600x500mm Tip ormara: Silver\/zidni Dimenzije: 600x600x500mm Nosivost: 80 kg Boja: crna Vrata: staklo u metalnom okviru sa bravicom za zaklju\u010davanje \u00a0 - odvojive bo\u010dne stranice sa bravicom za zaklju\u010davanje - otvor za ventilatorsko polje - otvor za ulaz kablova na stra\u017enjoj, gornjoj\u2026","rel":"","context":"Srodne objave","img":{"alt_text":"","src":"https:\/\/i1.wp.com\/astehshop.com\/wp-content\/uploads\/2022\/10\/silver-series-.jpg?fit=655%2C655&resize=350%2C200","width":350,"height":200},"classes":[]},{"id":6439,"url":"http:\/\/astehshop.com\/index.php\/product\/racksis-silver-12u-rack-ormar-crni-600x600x600mm\/","url_meta":{"origin":7751,"position":5},"title":"RACKSIS SILVER 12U rack ormar crni, 600x600x600mm","date":"21. listopada 2022.","format":false,"excerpt":"D12U6060-1 Racksis SILVER 12U rack ormar crni, 600x600x600mm Tip ormara: Silver\/zidni Dimenzije: 600x600x600mm Nosivost: 80 kg Boja: crna Vrata: staklo u metalnom okviru sa bravicom za zaklju\u010davanje \u00a0 - odvojive bo\u010dne stranice sa bravicom za zaklju\u010davanje - otvor za ventilatorsko polje - otvor za ulaz kablova na stra\u017enjoj, gornjoj i\u2026","rel":"","context":"Srodne objave","img":{"alt_text":"","src":"https:\/\/i1.wp.com\/astehshop.com\/wp-content\/uploads\/2022\/10\/silver-series-.jpg?fit=655%2C655&resize=350%2C200","width":350,"height":200},"classes":[]}],"_links":{"self":[{"href":"http:\/\/astehshop.com\/index.php\/wp-json\/wp\/v2\/product\/7751"}],"collection":[{"href":"http:\/\/astehshop.com\/index.php\/wp-json\/wp\/v2\/product"}],"about":[{"href":"http:\/\/astehshop.com\/index.php\/wp-json\/wp\/v2\/types\/product"}],"replies":[{"embeddable":true,"href":"http:\/\/astehshop.com\/index.php\/wp-json\/wp\/v2\/comments?post=7751"}],"wp:featuredmedia":[{"embeddable":true,"href":"http:\/\/astehshop.com\/index.php\/wp-json\/wp\/v2\/media\/7752"}],"wp:attachment":[{"href":"http:\/\/astehshop.com\/index.php\/wp-json\/wp\/v2\/media?parent=7751"}],"wp:term":[{"taxonomy":"product_cat","embeddable":true,"href":"http:\/\/astehshop.com\/index.php\/wp-json\/wp\/v2\/product_cat?post=7751"},{"taxonomy":"product_tag","embeddable":true,"href":"http:\/\/astehshop.com\/index.php\/wp-json\/wp\/v2\/product_tag?post=7751"}],"curies":[{"name":"wp","href":"https:\/\/api.w.org\/{rel}","templated":true}]}}