{"id":7691,"date":"2023-05-09T16:20:14","date_gmt":"2023-05-09T14:20:14","guid":{"rendered":"http:\/\/astehshop.com\/?post_type=product&#038;p=7691"},"modified":"2025-10-05T09:34:06","modified_gmt":"2025-10-05T07:34:06","slug":"xvr1b08-i-dahua-dvr-snimac-8-kanalni","status":"publish","type":"product","link":"http:\/\/astehshop.com\/index.php\/product\/xvr1b08-i-dahua-dvr-snimac-8-kanalni\/","title":{"rendered":"XVR1B08-I Dahua DVR snima\u010d 8 kanalni"},"content":{"rendered":"<p>8+2 kanalni stand-alone penta-brid DVR (analog + HDCVI + AHD + TVI + IP)<br \/>\nWizSense serija<br \/>\nSMD+ detekcija pokreta na do 4 kanala<br \/>\nAI Coding \/H.265+ \/H.265 \/H.264+ \/H.264 video kompresija<br \/>\nG.711A, G.711U, PCM audio kompresija<br \/>\n8 video ulaza<br \/>\nVGA izlaz<br \/>\nHDMI izlaz<br \/>\n1 audio ulaz\/1 izlaz<br \/>\nUSB x2 (USB 2.0) \u2013 za lokalni backup i mi\u0161<br \/>\nRezolucija\/frame rate za snimanje po kameri: za prvi kanal \u2013 1080N\/720P\/960H\/D1\/CIF (1~25\/30fps), za ostale kanale 1080N\/720p(1 fps\u201315 fps), 960H\/D1\/CIF\/(1 fps\u201325\/30 fps)<br \/>\nRezolucija prikaza 1280\u00d7720 do 1920\u00d71080<br \/>\nDual stream<br \/>\n1 SATA port \u2013 HDD do 6TB<br \/>\nNetwork port 10\/100Mbps<br \/>\nCMS software (DSS)<br \/>\nWeb pristup<br \/>\nSoftware za iOS i Android<br \/>\nP2P podr\u0161ka<br \/>\nPodr\u017eava 2 dodatne IP kamere (rezolucija do 6MP, bitrate do 40Mbps) ili do 10 IP kamera<br \/>\nDimenzije Cooper 1U, 198mm \u00d7202.9mm \u00d741.5mm (W\u00d7D\u00d7H)<\/p>\n","protected":false},"excerpt":{"rendered":"<p>8+2 kanalni stand-alone penta-brid DVR (analog + HDCVI + AHD + TVI + IP)<br \/>\nWizSense serija<br \/>\nSMD+ detekcija pokreta na do 4 kanala<br \/>\nAI Coding \/H.265+ \/H.265 \/H.264+ \/H.264 video kompresija<br \/>\nG.711A, G.711U, PCM audio kompresija<br \/>\n8 video ulaza<br \/>\nVGA izlaz<br \/>\nHDMI izlaz<br \/>\n1 audio ulaz\/1 izlaz<br \/>\nUSB x2 (USB 2.0) \u2013 za lokalni backup i mi\u0161<br \/>\nRezolucija\/frame rate za snimanje po kameri: za prvi kanal \u2013 1080N\/720P\/960H\/D1\/CIF (1~25\/30fps), za ostale kanale 1080N\/720p(1 fps\u201315 fps), 960H\/D1\/CIF\/(1 fps\u201325\/30 fps)<br \/>\nRezolucija prikaza 1280\u00d7720 do 1920\u00d71080<br \/>\nDual stream<br \/>\n1 SATA port \u2013 HDD do 6TB<br \/>\nNetwork port 10\/100Mbps<br \/>\nCMS software (DSS)<br \/>\nWeb pristup<br \/>\nSoftware za iOS i Android<br \/>\nP2P podr\u0161ka<br \/>\nPodr\u017eava 2 dodatne IP kamere (rezolucija do 6MP, bitrate do 40Mbps) ili do 10 IP kamera<br \/>\nDimenzije Cooper 1U, 198mm \u00d7202.9mm \u00d741.5mm (W\u00d7D\u00d7H)<\/p>\n","protected":false},"featured_media":7690,"comment_status":"open","ping_status":"closed","template":"","meta":{"_mi_skip_tracking":false,"_exactmetrics_sitenote_active":false,"_exactmetrics_sitenote_note":"","_exactmetrics_sitenote_category":0,"spay_email":""},"product_cat":[133],"product_tag":[5405,1190,5404,5403],"brands":[{"id":2045,"name":"Dahua","slug":"dahua"}],"df_price":240,"df_sale_price":"","df_regular_price":240,"df_image_link":"https:\/\/i0.wp.com\/astehshop.com\/wp-content\/uploads\/2023\/05\/XVR1B04-I.png?fit=450%2C433","jetpack_publicize_connections":[],"jetpack_sharing_enabled":true,"jetpack_likes_enabled":true,"jetpack-related-posts":[{"id":7692,"url":"http:\/\/astehshop.com\/index.php\/product\/xvr1b16-i-dahua-dvr-snimac-16-kanalni\/","url_meta":{"origin":7691,"position":0},"title":"XVR1B16-I Dahua DVR snima\u010d  16 kanalni","date":"9. svibnja 2023.","format":false,"excerpt":"16+2 kanalni stand-alone penta-brid DVR (analog + HDCVI + AHD + TVI + IP) WizSense serija SMD+ detekcija pokreta na do 8 kanala AI Coding \/H.265+ \/H.265 \/H.264+ \/H.264 video kompresija G.711A, G.711U, PCM audio kompresija 16 video ulaza VGA izlaz HDMI izlaz 1 audio ulaz\/1 izlaz USB x2 (USB\u2026","rel":"","context":"Srodne objave","img":{"alt_text":"","src":"https:\/\/i0.wp.com\/astehshop.com\/wp-content\/uploads\/2023\/05\/XVR1B04-I.png?fit=500%2C481&resize=350%2C200","width":350,"height":200},"classes":[]},{"id":7689,"url":"http:\/\/astehshop.com\/index.php\/product\/xvr1b04-i-dahua-dvr-snimac-4-kanalni\/","url_meta":{"origin":7691,"position":1},"title":"XVR1B04-I Dahua DVR snima\u010d 4 kanalni","date":"9. svibnja 2023.","format":false,"excerpt":"4+1 kanalni stand-alone penta-brid DVR (analog + HDCVI + AHD + TVI + IP) WizSense serija SMD+ detekcija pokreta na do 4 kanala AI Coding \/H.265+ \/H.265 \/H.264+ \/H.264 video kompresija G.711A, G.711U, PCM audio kompresija 4 video ulaza VGA izlaz HDMI izlaz 1 audio ulaz\/1 izlaz USB x2 (USB\u2026","rel":"","context":"Srodne objave","img":{"alt_text":"","src":"https:\/\/i0.wp.com\/astehshop.com\/wp-content\/uploads\/2023\/05\/XVR1B04-I.png?fit=500%2C481&resize=350%2C200","width":350,"height":200},"classes":[]},{"id":5291,"url":"http:\/\/astehshop.com\/index.php\/product\/dahua-8-kanalni-snimac-do-5-mpx-xvr5108hs-i2-xvr\/","url_meta":{"origin":7691,"position":2},"title":"Dahua 8 kanalni snima\u010d do 5 mpx XVR5108HS-I3  XVR","date":"9. listopada 2021.","format":false,"excerpt":"8+4 kanalni stand-alone penta-brid DVR (analog + HDCVI + AHD + TVI + IP) WizSense serija AI \u2013 za\u0161tita perimetra (na do 2 kanala, 10 pravila po kanalu \u2013 detekcija i pretraga po osobi\/vozilu) AI \u2013 prepoznavanje lica \u2013 do 8 lica\/sekundi, prepoznavanje na do dva kanala Do 10 baza\u2026","rel":"","context":"Srodne objave","img":{"alt_text":"","src":"https:\/\/i1.wp.com\/astehshop.com\/wp-content\/uploads\/2021\/10\/XVR5104HS-I2-flank_thumb.png?fit=400%2C400&resize=350%2C200","width":350,"height":200},"classes":[]},{"id":3405,"url":"http:\/\/astehshop.com\/index.php\/product\/dvr-4-kanalni-snimac-dahua-xvr4104h\/","url_meta":{"origin":7691,"position":3},"title":"DVR 4 kanalni snima\u010d DAHUA XVR4104H","date":"19. svibnja 2019.","format":false,"excerpt":"4ch Penta-brid , analog\/HDCVI\/AHD\/TVI\/IP + 1ch IP do 2Mpix , OnVif ver 2.4 .1.H.264 dual strim , P2P za lako umre\u017eavanje , prikaz u max rezoluciji analog, HDCVI 1080N, IP 1080p, rezolucija snimanja svih kanala do 1080P( 1920x1080) ,snimanje analognih kamera u realnom vremenu, mogu\u0107nost dodavanja 1 IP kamere do\u2026","rel":"","context":"Srodne objave","img":{"alt_text":"","src":"https:\/\/i0.wp.com\/astehshop.com\/wp-content\/uploads\/2019\/05\/XVR4104H.jpg?fit=732%2C509&resize=350%2C200","width":350,"height":200},"classes":[]},{"id":12356,"url":"http:\/\/astehshop.com\/index.php\/product\/hikvision-dvr-204g-k1-hilook\/","url_meta":{"origin":7691,"position":4},"title":"HikVision DVR-204G-K1 HiLook","date":"28. velja\u010de 2026.","format":false,"excerpt":"4-kanalni 1080p Lite 1U H.265 DVR H.265+\/H.265\/H.264+\/H.264 video formati Klasifikacija ljudskih i vozila temeljena na dubokom u\u010denju putem Motion Detection 2.0 HDTVI\/AHD\/CVI\/CVBS\/IP video ulaz Do 5 IP ulaza za kamere (do 2 MP) Mogu\u0107nost kodiranja do 1080p Lite@15 fps","rel":"","context":"Srodne objave","img":{"alt_text":"","src":"https:\/\/i2.wp.com\/astehshop.com\/wp-content\/uploads\/2026\/02\/DVR-204G-K1.png?fit=700%2C700&resize=350%2C200","width":350,"height":200},"classes":[]},{"id":12358,"url":"http:\/\/astehshop.com\/index.php\/product\/hikvision-dvr-208g-m1-t-hilook\/","url_meta":{"origin":7691,"position":5},"title":"HikVision DVR-208G-M1\/T HiLook","date":"28. velja\u010de 2026.","format":false,"excerpt":"8-kanalni 1080p Lite 1U H.265 DVR H.265+\/H.265\/H.264+\/H.264 video formati Podr\u017eava tehnologiju detekcije pokreta za sve kanale HDTVI\/AHD\/CVI\/CVBS\/IP video ulaz Do 10 IP ulaza za kamere (do 2 MP) Podr\u017eava dvosmjernu audio tehnologiju HDTVI za sve kanale","rel":"","context":"Srodne objave","img":{"alt_text":"","src":"https:\/\/i2.wp.com\/astehshop.com\/wp-content\/uploads\/2026\/02\/DVR-204G-K1.png?fit=700%2C700&resize=350%2C200","width":350,"height":200},"classes":[]}],"_links":{"self":[{"href":"http:\/\/astehshop.com\/index.php\/wp-json\/wp\/v2\/product\/7691"}],"collection":[{"href":"http:\/\/astehshop.com\/index.php\/wp-json\/wp\/v2\/product"}],"about":[{"href":"http:\/\/astehshop.com\/index.php\/wp-json\/wp\/v2\/types\/product"}],"replies":[{"embeddable":true,"href":"http:\/\/astehshop.com\/index.php\/wp-json\/wp\/v2\/comments?post=7691"}],"wp:featuredmedia":[{"embeddable":true,"href":"http:\/\/astehshop.com\/index.php\/wp-json\/wp\/v2\/media\/7690"}],"wp:attachment":[{"href":"http:\/\/astehshop.com\/index.php\/wp-json\/wp\/v2\/media?parent=7691"}],"wp:term":[{"taxonomy":"product_cat","embeddable":true,"href":"http:\/\/astehshop.com\/index.php\/wp-json\/wp\/v2\/product_cat?post=7691"},{"taxonomy":"product_tag","embeddable":true,"href":"http:\/\/astehshop.com\/index.php\/wp-json\/wp\/v2\/product_tag?post=7691"}],"curies":[{"name":"wp","href":"https:\/\/api.w.org\/{rel}","templated":true}]}}