{"id":7669,"date":"2023-05-09T10:21:14","date_gmt":"2023-05-09T08:21:14","guid":{"rendered":"http:\/\/astehshop.com\/?post_type=product&#038;p=7669"},"modified":"2025-09-17T21:54:53","modified_gmt":"2025-09-17T19:54:53","slug":"dahua-full-color-hac-hdw1239t-a-led-2-mpx","status":"publish","type":"product","link":"http:\/\/astehshop.com\/index.php\/product\/dahua-full-color-hac-hdw1239t-a-led-2-mpx\/","title":{"rendered":"Dahua Full Color HAC-HDW1239T-A-LED 2 MPX"},"content":{"rendered":"<p>2MP HDCVI kamera u eyeball ku\u0107i\u0161tu 4 u 1 TVI\/AHD\/CVI\/CVBS re\u017eim<br \/>\nFull-color<br \/>\nStarlight<br \/>\n0.001Lux\/F1.6<br \/>\n30IRE<br \/>\n0Lux white Light on<br \/>\nMaksimalna rezolucija 1920&#215;1080<br \/>\nFiksna optika 2.8mm<br \/>\nNivo za\u0161tite IP67<br \/>\n130dB WDR<br \/>\nDomet LED dioda 40 metara<br \/>\nIntegrisan mikrofon<br \/>\n12v napajanje<br \/>\nOdgovaraju\u0107a dozna je PFA130-E PFA139<br \/>\nNosa\u010d za banderu je PFA152-E<br \/>\nZidni nosa\u010d je PFB205W<br \/>\nMaterijal: Metala<\/p>\n","protected":false},"excerpt":{"rendered":"<p>2MP HDCVI kamera u eyeball ku\u0107i\u0161tu 4 u 1 TVI\/AHD\/CVI\/CVBS re\u017eim<br \/>\nFull-color<br \/>\nStarlight<br \/>\n0.001Lux\/F1.6<br \/>\n30IRE<br \/>\n0Lux white Light on<br \/>\nMaksimalna rezolucija 1920&#215;1080<br \/>\nFiksna optika 2.8mm<br \/>\nNivo za\u0161tite IP67<br \/>\n130dB WDR<br \/>\nDomet LED dioda 40 metara<br \/>\nIntegrisan mikrofon<br \/>\n12v napajanje<br \/>\nOdgovaraju\u0107a dozna je PFA130-E PFA139<br \/>\nNosa\u010d za banderu je PFA152-E<br \/>\nZidni nosa\u010d je PFB205W<br \/>\nMaterijal: Metala<\/p>\n","protected":false},"featured_media":7670,"comment_status":"open","ping_status":"closed","template":"","meta":{"_mi_skip_tracking":false,"_exactmetrics_sitenote_active":false,"_exactmetrics_sitenote_note":"","_exactmetrics_sitenote_category":0,"spay_email":""},"product_cat":[131],"product_tag":[392,2663,933,2841,5386,5385,5383,5384,2915,574],"brands":[{"id":2045,"name":"Dahua","slug":"dahua"}],"df_price":"","df_sale_price":"","df_regular_price":"","df_image_link":"https:\/\/i1.wp.com\/astehshop.com\/wp-content\/uploads\/2023\/05\/dahua-hac-hdw1239t-a-led-0280b-s2_0.jpg?fit=450%2C333","jetpack_publicize_connections":[],"jetpack_sharing_enabled":true,"jetpack_likes_enabled":true,"jetpack-related-posts":[{"id":9061,"url":"http:\/\/astehshop.com\/index.php\/product\/dahua-hac-hdw1200t-z-a-s5-kamera\/","url_meta":{"origin":7669,"position":0},"title":"Dahua HAC-HDW1200T-Z-A (S5) kamera","date":"19. velja\u010de 2024.","format":false,"excerpt":"2MP HDCVI kamera u eyeball ku\u0107i\u0161tu 4 u 1 TVI\/AHD\/CVI\/CVBS re\u017eim. 0.02Lux\/F1.7, 30IRE, 0Lux IR on. Maksimalna rezolucija 1920x1080.Varifokalna optika 2.7 - 12 mm. Nivo za\u0161tite IP67. DWDR. Domet IC dioda 60 metara. Integrisan mikrofon. 12v napajanje. Odgovaraju\u0107a dozna je PFA130-E. Nosa\u010d za banderu je PFA152-E. Zidni nosa\u010d je PFB203W.\u2026","rel":"","context":"Srodne objave","img":{"alt_text":"","src":"https:\/\/i0.wp.com\/astehshop.com\/wp-content\/uploads\/2024\/02\/dahua-hac-hdw1200t-z-a-s5-kamera_0.jpg?fit=1200%2C675&resize=350%2C200","width":350,"height":200},"classes":[]},{"id":5438,"url":"http:\/\/astehshop.com\/index.php\/product\/dahua-hac-hfw1200th-i8-0360b\/","url_meta":{"origin":7669,"position":1},"title":"Dahua HAC-HFW1200TH-I8-0360B","date":"16. listopada 2021.","format":false,"excerpt":"2MP HDCVI kamera u bullet ku\u0107i\u0161tu 4 u 1 TVI\/AHD\/CVI\/CVBS re\u017eim. 0.02Lux\/F1.9, 30IRE, 0Lux IR on. Maksimalna rezolucija 1920x1080. Fiksna optika 3.6mm. Nivo za\u0161tite IP67. DWDR. Domet IC dioda 80 metara. 12v napajanje. Odgovaraju\u0107a dozna je PFA130-E. Nosa\u010d za banderu je PFA152-E.","rel":"","context":"Srodne objave","img":{"alt_text":"","src":"https:\/\/i1.wp.com\/astehshop.com\/wp-content\/uploads\/2021\/10\/dahua-hac-hfw1200th-i8-0360b_0.jpg?fit=1200%2C675&resize=350%2C200","width":350,"height":200},"classes":[]},{"id":5447,"url":"http:\/\/astehshop.com\/index.php\/product\/dahua-hdcvi-kamera-5-mp-starlight-hac-hfw1500th-i8\/","url_meta":{"origin":7669,"position":2},"title":"Dahua HDCVI kamera 5 MP StarLight HAC-HFW1500TH-I8","date":"16. listopada 2021.","format":false,"excerpt":"5MP HDCVI kamera u bullet ku\u0107i\u0161tu 4 u 1 TVI\/AHD\/CVI\/CVBS re\u017eim. 0.02Lux\/F1.85, 30IRE, 0Lux IR on. Maksimalna rezolucija 2592x1944. Fiksna optika 3.6mm. Nivo za\u0161tite IP67. DWDR. Domet IC dioda 80 metara. 12v napajanje. Odgovaraju\u0107a dozna je PFA130-E. Nosa\u010d za banderu je PFA152-E.","rel":"","context":"Srodne objave","img":{"alt_text":"","src":"https:\/\/i1.wp.com\/astehshop.com\/wp-content\/uploads\/2021\/10\/HAC-HFW1500TH-I4-1-21_thumb.png?fit=400%2C400&resize=350%2C200","width":350,"height":200},"classes":[]},{"id":7683,"url":"http:\/\/astehshop.com\/index.php\/product\/dahua-hac-hdw1500trq-0280b-s2-dome-kamera\/","url_meta":{"origin":7669,"position":3},"title":"Dahua HAC-HDW1500TRQ-0280B-S2 dome kamera","date":"9. svibnja 2023.","format":false,"excerpt":"5MP HDCVI kamera u eyeball ku\u0107i\u0161tu sa StarLight tehnologijom 4 u 1 TVI\/AHD\/CVI\/CVBS re\u017eim 0.005 Lux\/F1.6 30IRE 0 Lux IR on Maksimalna rezolucija 2880x1620 Fiksna optika 2.8 mm Nivo za\u0161tite IP50 DWDR Domet IC dioda 25 metara 12v napajanje Odgovaraju\u0107a dozna je PFA13G Nosa\u010d za banderu je PFA152-E Zidni nosa\u010d\u2026","rel":"","context":"Srodne objave","img":{"alt_text":"","src":"https:\/\/i1.wp.com\/astehshop.com\/wp-content\/uploads\/2023\/05\/HAC-HDW1500TRQ-0280B-S2_10197_0.png?fit=1194%2C1128&resize=350%2C200","width":350,"height":200},"classes":[]},{"id":5422,"url":"http:\/\/astehshop.com\/index.php\/product\/dahua-hac-hdw1500tmq-a-0280b-5-mpx\/","url_meta":{"origin":7669,"position":4},"title":"Dahua HAC-HDW1500TMQ-A-0280B 5 MPX","date":"16. listopada 2021.","format":false,"excerpt":"5MP HDCVI kamera u eyeball ku\u0107i\u0161tu sa StarLight tehnologijom 4 u 1 TVI\/AHD\/CVI\/CVBS re\u017eim. 0.005 Lux\/F1.6, 30IRE, 0 Lux IR on. Maksimalna rezolucija 2880x1620. Fiksna optika 2.8 mm. Nivo za\u0161tite IP67. DWDR. Domet IC dioda 60 metara. Integrisan mikrofon. 12v napajanje. Odgovaraju\u0107a dozna je PFA130-E. Nosa\u010d za banderu je PFA152-E.","rel":"","context":"Srodne objave","img":{"alt_text":"","src":"https:\/\/i2.wp.com\/astehshop.com\/wp-content\/uploads\/2021\/10\/HAC-HDW1500TMQ-A-0280B.png?fit=400%2C400&resize=350%2C200","width":350,"height":200},"classes":[]},{"id":5432,"url":"http:\/\/astehshop.com\/index.php\/product\/dahua-2mp-hdcvi-ir-bullet-camera-28mm-hac-hfw1200t-0280b\/","url_meta":{"origin":7669,"position":5},"title":"Dahua 2MP HDCVI IR Bullet Camera, 2,8mm HAC-HFW1200T-0280B","date":"16. listopada 2021.","format":false,"excerpt":"2MP HDCVI kamera u bullet ku\u0107i\u0161tu 4 u 1 TVI\/AHD\/CVI\/CVBS re\u017eim. 0.02Lux\/F1.9, 30IRE, 0Lux IR on. Maksimalna rezolucija 1920x1080. Fiksna optika 2.8mm. Nivo za\u0161tite IP67. DWDR. Domet IC dioda 30 metara. 12v napajanje. Odgovaraju\u0107a dozna je PFA134. Nosa\u010d za banderu je PFA152-E.","rel":"","context":"Srodne objave","img":{"alt_text":"","src":"https:\/\/i1.wp.com\/astehshop.com\/wp-content\/uploads\/2021\/10\/Dahua-2MP-HDCVI-IR-Bullet-Camera-28mm-HAC-HFW1200T-0280B.png?fit=400%2C400&resize=350%2C200","width":350,"height":200},"classes":[]}],"_links":{"self":[{"href":"http:\/\/astehshop.com\/index.php\/wp-json\/wp\/v2\/product\/7669"}],"collection":[{"href":"http:\/\/astehshop.com\/index.php\/wp-json\/wp\/v2\/product"}],"about":[{"href":"http:\/\/astehshop.com\/index.php\/wp-json\/wp\/v2\/types\/product"}],"replies":[{"embeddable":true,"href":"http:\/\/astehshop.com\/index.php\/wp-json\/wp\/v2\/comments?post=7669"}],"wp:featuredmedia":[{"embeddable":true,"href":"http:\/\/astehshop.com\/index.php\/wp-json\/wp\/v2\/media\/7670"}],"wp:attachment":[{"href":"http:\/\/astehshop.com\/index.php\/wp-json\/wp\/v2\/media?parent=7669"}],"wp:term":[{"taxonomy":"product_cat","embeddable":true,"href":"http:\/\/astehshop.com\/index.php\/wp-json\/wp\/v2\/product_cat?post=7669"},{"taxonomy":"product_tag","embeddable":true,"href":"http:\/\/astehshop.com\/index.php\/wp-json\/wp\/v2\/product_tag?post=7669"}],"curies":[{"name":"wp","href":"https:\/\/api.w.org\/{rel}","templated":true}]}}