{"id":7641,"date":"2023-04-30T09:36:45","date_gmt":"2023-04-30T07:36:45","guid":{"rendered":"http:\/\/astehshop.com\/?post_type=product&#038;p=7641"},"modified":"2026-04-07T07:27:01","modified_gmt":"2026-04-07T05:27:01","slug":"foto-papir-a4-180g-glossy-white-50-kom","status":"publish","type":"product","link":"http:\/\/astehshop.com\/index.php\/product\/foto-papir-a4-180g-glossy-white-50-kom\/","title":{"rendered":"Foto papir, A4, 180g, Glossy White, 50 kom"},"content":{"rendered":"<p>Foto papir, A4 ( 210 x 297 ), 180 g, Glossy White, 50 komada<\/p>\n","protected":false},"excerpt":{"rendered":"<p>Foto papir, A4 ( 210 x 297 ), 180 g, Glossy White, 50 komada<\/p>\n","protected":false},"featured_media":7642,"comment_status":"open","ping_status":"closed","template":"","meta":{"_mi_skip_tracking":false,"_exactmetrics_sitenote_active":false,"_exactmetrics_sitenote_note":"","_exactmetrics_sitenote_category":0,"spay_email":""},"product_cat":[5271],"product_tag":[5362,5364,5347,5361,5363],"brands":[],"df_price":19.9,"df_sale_price":"","df_regular_price":19.9,"df_image_link":"https:\/\/i0.wp.com\/astehshop.com\/wp-content\/uploads\/2023\/04\/foto-papir-a4.png?fit=450%2C450","jetpack_publicize_connections":[],"jetpack_sharing_enabled":true,"jetpack_likes_enabled":true,"jetpack-related-posts":[{"id":7624,"url":"http:\/\/astehshop.com\/index.php\/product\/papir-za-printer-a4-80g-500-listova\/","url_meta":{"origin":7641,"position":0},"title":"Papir za printer, A4, 80g, 500 listova","date":"30. travnja 2023.","format":false,"excerpt":"Papir za Laser printer, Skenere, Fax aparate, InkJet printere, A4 ( 210 x 297 ), 80g , 500 listova pakovanje, bijeli.","rel":"","context":"Srodne objave","img":{"alt_text":"","src":"https:\/\/i0.wp.com\/astehshop.com\/wp-content\/uploads\/2023\/04\/Papir-za-printer-A4-80g-500-listova.png?fit=1161%2C1200&resize=350%2C200","width":350,"height":200},"classes":[]},{"id":5838,"url":"http:\/\/astehshop.com\/index.php\/product\/ftp-konektori-jack-rj-45-100-metalni-100-komada\/","url_meta":{"origin":7641,"position":1},"title":"FTP konektori Jack RJ-45 100 Metalni 100 komada","date":"23. sije\u010dnja 2022.","format":false,"excerpt":"FTP Jack Proizvoda\u010d: S-Link Model: SL-M36 Metal RJ45 Pakiranje : 100 komada Tip: CAT 5 3418","rel":"","context":"Srodne objave","img":{"alt_text":"","src":"https:\/\/i1.wp.com\/astehshop.com\/wp-content\/uploads\/2022\/01\/FTP-konektori-Jack-RJ-45-100-Metalni-100-komada.jpg?fit=700%2C500&resize=350%2C200","width":350,"height":200},"classes":[]},{"id":9738,"url":"http:\/\/astehshop.com\/index.php\/product\/s-link-rj-45-cat6-pass-through-konektori-sl-cob26p-100-komada\/","url_meta":{"origin":7641,"position":2},"title":"S-link RJ-45 CAT6 PASS THROUGH konektori SL-COB26P (100 komada)","date":"24. studenoga 2024.","format":false,"excerpt":"S-link RJ-45 CAT6 PASS THROUGH konektori SL-COB26P (100 komada)","rel":"","context":"Srodne objave","img":{"alt_text":"","src":"https:\/\/i2.wp.com\/astehshop.com\/wp-content\/uploads\/2024\/11\/S-link-RJ-45-CAT6-PASS-THROUGH-konektori-SL-COB26P-100-komada.jpg?fit=1024%2C1024&resize=350%2C200","width":350,"height":200},"classes":[]},{"id":5840,"url":"http:\/\/astehshop.com\/index.php\/product\/rj-45-konektori-sl-cob8p-100-komada\/","url_meta":{"origin":7641,"position":3},"title":"RJ-45 Konektori SL-COB8P 100 komada","date":"23. sije\u010dnja 2022.","format":false,"excerpt":"RJ-45 Konektori Proizvo\u0111a\u010d: S-Link Model: SL-COB8P Pakiranje 100 Komada Tip: CAT 5 RJ45","rel":"","context":"Srodne objave","img":{"alt_text":"","src":"https:\/\/i2.wp.com\/astehshop.com\/wp-content\/uploads\/2022\/01\/RJ-45-Konektori-SL-COB8P.jpg?fit=700%2C500&resize=350%2C200","width":350,"height":200},"classes":[]},{"id":6787,"url":"http:\/\/astehshop.com\/index.php\/product\/tapo-p100-set-2-komada\/","url_meta":{"origin":7641,"position":4},"title":"TAPO-P100 set 2 komada","date":"21. studenoga 2022.","format":false,"excerpt":"TP-Link Tapo P100(2-pack) Mini Smart Wi-Fi Socket, 220-240 V, 50\/60 Hz, Max Load 10 A, 1200W, , 2.4 GHz Wi-Fi, Bluetooth 4.2 (onboarding only), 802.11 b\/g\/n, Amazon Certified for Humans (FFS), Voice Control (works with Amazon Alexa and Google As.)","rel":"","context":"Srodne objave","img":{"alt_text":"","src":"https:\/\/i0.wp.com\/astehshop.com\/wp-content\/uploads\/2022\/11\/tapo-2-kom.jpg?fit=566%2C567&resize=350%2C200","width":350,"height":200},"classes":[]},{"id":6713,"url":"http:\/\/astehshop.com\/index.php\/product\/brza-spojnica-green-tech-2-utora-50kom-pak\/","url_meta":{"origin":7641,"position":5},"title":"Brza spojnica Green tech 2 utora (50kom\/pak)","date":"19. studenoga 2022.","format":false,"excerpt":"2 utora po spojnici Spojnica slu\u017ei za spajanje vodi\u010da i \u017eica 0.08 - 4\u00a0mm2 U pakiranju se nalazi 50 komada Materijal: plastika Boja artikla: transparentna + naran\u010dasta","rel":"","context":"Srodne objave","img":{"alt_text":"","src":"https:\/\/i0.wp.com\/astehshop.com\/wp-content\/uploads\/2022\/11\/5468_fdd5a87c31883aad63dca063f119e4e3lJM.png?fit=800%2C800&resize=350%2C200","width":350,"height":200},"classes":[]}],"_links":{"self":[{"href":"http:\/\/astehshop.com\/index.php\/wp-json\/wp\/v2\/product\/7641"}],"collection":[{"href":"http:\/\/astehshop.com\/index.php\/wp-json\/wp\/v2\/product"}],"about":[{"href":"http:\/\/astehshop.com\/index.php\/wp-json\/wp\/v2\/types\/product"}],"replies":[{"embeddable":true,"href":"http:\/\/astehshop.com\/index.php\/wp-json\/wp\/v2\/comments?post=7641"}],"wp:featuredmedia":[{"embeddable":true,"href":"http:\/\/astehshop.com\/index.php\/wp-json\/wp\/v2\/media\/7642"}],"wp:attachment":[{"href":"http:\/\/astehshop.com\/index.php\/wp-json\/wp\/v2\/media?parent=7641"}],"wp:term":[{"taxonomy":"product_cat","embeddable":true,"href":"http:\/\/astehshop.com\/index.php\/wp-json\/wp\/v2\/product_cat?post=7641"},{"taxonomy":"product_tag","embeddable":true,"href":"http:\/\/astehshop.com\/index.php\/wp-json\/wp\/v2\/product_tag?post=7641"}],"curies":[{"name":"wp","href":"https:\/\/api.w.org\/{rel}","templated":true}]}}