{"id":7637,"date":"2023-04-30T09:35:23","date_gmt":"2023-04-30T07:35:23","guid":{"rendered":"http:\/\/astehshop.com\/?post_type=product&#038;p=7637"},"modified":"2023-04-30T09:35:24","modified_gmt":"2023-04-30T07:35:24","slug":"laminator-plastifikator-a3-homeoffice","status":"publish","type":"product","link":"http:\/\/astehshop.com\/index.php\/product\/laminator-plastifikator-a3-homeoffice\/","title":{"rendered":"Laminator Plastifikator A3, Home&#038;Office"},"content":{"rendered":"<p>Plastificiranje vam omogu\u0107uje produ\u017eenje vijeka trajanja dokumenata, \u0161tite\u0107i ih od vanjskih utjecaja. Postupak plastificiranja sastoji se u pokrivanju cijele povr\u0161ine ispisa prozirnom plasti\u010dnom folijom. Tracer laminator savr\u0161en je za ku\u0107nu ili uredsku upotrebu. Ure\u0111aj koristi tehnologiju toplog i hladnog plastificiranja. S laminatorom TRACER TRL-A3 mo\u017eete biti sigurni da su va\u0161i ku\u0107ni i poslovni dokumenti, fotografije, razglednice i drugi vrijedni predmeti pravilno za\u0161ti\u0107eni od o\u0161te\u0107enja.<\/p>\n<p>Ure\u0111aj TRACER TRL-A3 mo\u017eete koristiti za vru\u0107e i hladno plastificiranje. Prva metoda sastoji se u zagrijavanju folije tako da se trajno lijepi za list, dok druga metoda \u010dvrsto priti\u0161\u0107e valjke laminatora na foliju i list, omogu\u0107uju\u0107i joj da dobro prekriva dokument.<br \/>\nMax. \u0161irina folije 330 mm, max. debljina folije 125 mikrona, brzina plastificiranja 30 cm \/ min.<\/p>\n","protected":false},"excerpt":{"rendered":"<p>Plastificiranje vam omogu\u0107uje produ\u017eenje vijeka trajanja dokumenata, \u0161tite\u0107i ih od vanjskih utjecaja. Postupak plastificiranja sastoji se u pokrivanju cijele povr\u0161ine ispisa prozirnom plasti\u010dnom folijom. Tracer laminator savr\u0161en je za ku\u0107nu ili uredsku upotrebu. Ure\u0111aj koristi tehnologiju toplog i hladnog plastificiranja. S laminatorom TRACER TRL-A3 mo\u017eete biti sigurni da su va\u0161i ku\u0107ni i poslovni dokumenti, fotografije, razglednice i drugi vrijedni predmeti pravilno za\u0161ti\u0107eni od o\u0161te\u0107enja.<\/p>\n<p>Ure\u0111aj TRACER TRL-A3 mo\u017eete koristiti za vru\u0107e i hladno plastificiranje. Prva metoda sastoji se u zagrijavanju folije tako da se trajno lijepi za list, dok druga metoda \u010dvrsto priti\u0161\u0107e valjke laminatora na foliju i list, omogu\u0107uju\u0107i joj da dobro prekriva dokument.<br \/>\nMax. \u0161irina folije 330 mm, max. debljina folije 125 mikrona, brzina plastificiranja 30 cm \/ min.<\/p>\n","protected":false},"featured_media":7638,"comment_status":"open","ping_status":"closed","template":"","meta":{"_mi_skip_tracking":false,"_exactmetrics_sitenote_active":false,"_exactmetrics_sitenote_note":"","_exactmetrics_sitenote_category":0,"spay_email":""},"product_cat":[5271],"product_tag":[5360,5359],"brands":[],"df_price":"","df_sale_price":"","df_regular_price":"","df_image_link":"https:\/\/i2.wp.com\/astehshop.com\/wp-content\/uploads\/2023\/04\/Laminator-Plastifikator-A3-HomeOffice.png?fit=450%2C436","jetpack_publicize_connections":[],"jetpack_sharing_enabled":true,"jetpack_likes_enabled":true,"jetpack-related-posts":[{"id":7479,"url":"http:\/\/astehshop.com\/index.php\/product\/laminator-plastifikator-a4-home-office\/","url_meta":{"origin":7637,"position":0},"title":"Laminator Plastifikator A4 Home Office","date":"11. o\u017eujka 2023.","format":false,"excerpt":"Laminator \/ Plastifikator A4, Home&Office Max. \u0161irina folije 220 mm, max. debljina folije 125 mikrona, brzina plastificiranja 30 cm \/ min.","rel":"","context":"Srodne objave","img":{"alt_text":"","src":"https:\/\/i1.wp.com\/astehshop.com\/wp-content\/uploads\/2023\/03\/slika-1854472-61ad22ab49bc8-velika.jpg?fit=800%2C800&resize=350%2C200","width":350,"height":200},"classes":[]},{"id":7635,"url":"http:\/\/astehshop.com\/index.php\/product\/folija-za-laminator-plastifikator-a3\/","url_meta":{"origin":7637,"position":1},"title":"Folija za Laminator \/ Plastifikator A3","date":"30. travnja 2023.","format":false,"excerpt":"Visokokvalitetna folija za plastificiranje \u0161titi dokumente od o\u0161te\u0107enja, prljav\u0161tine i vlage. Tracer laminatna folija ima posebna antistati\u010dka svojstva koja \u0161tite va\u0161e dokumente od stati\u010dke elektri\u010dne energije i nakupljanja \u010destica pra\u0161ine. Format A3 (303x426 mm)., pakiranje sadr\u017ei 100 dvostrukih listova folije, debljina filma od 75 mikrona, namijenjeno za vru\u0107e plastificiranje","rel":"","context":"Srodne objave","img":{"alt_text":"","src":"https:\/\/i2.wp.com\/astehshop.com\/wp-content\/uploads\/2023\/04\/Folija-za-Laminator.png?fit=1200%2C1157&resize=350%2C200","width":350,"height":200},"classes":[]},{"id":7632,"url":"http:\/\/astehshop.com\/index.php\/product\/folija-za-laminator-plastifikator-a4\/","url_meta":{"origin":7637,"position":2},"title":"Folija za Laminator \/ Plastifikator A4","date":"30. travnja 2023.","format":false,"excerpt":"Visokokvalitetna folija za plastificiranje \u0161titi dokumente od o\u0161te\u0107enja, prljav\u0161tine i vlage. Tracer laminatna folija ima posebna antistati\u010dka svojstva koja \u0161tite va\u0161e dokumente od stati\u010dke elektri\u010dne energije i nakupljanja \u010destica pra\u0161ine. Format A4, pakiranje sadr\u017ei 100 dvostrukih listova folije, debljina filma od 75 mikrona, namijenjeno za vru\u0107e plastificiranje","rel":"","context":"Srodne objave","img":{"alt_text":"","src":"https:\/\/i2.wp.com\/astehshop.com\/wp-content\/uploads\/2023\/04\/Folija-za-Laminator.png?fit=1200%2C1157&resize=350%2C200","width":350,"height":200},"classes":[]},{"id":7656,"url":"http:\/\/astehshop.com\/index.php\/product\/visokotlacni-perac-1400w\/","url_meta":{"origin":7637,"position":3},"title":"Visokotla\u010dni pera\u010d, 1400W","date":"30. travnja 2023.","format":false,"excerpt":"Visokotla\u010dni pera\u010d TRACER CARWASHER 1400W svestran je ure\u0111aj koji se mo\u017ee koristiti tijekom \u010di\u0161\u0107enja ku\u0107e, pranja povr\u0161ina ili razli\u010ditih dijelova opreme. Kori\u0161tenjem ovog pera\u010da mo\u0107i \u0107ete oprati automobil, fasadu ku\u0107e, plo\u010dnik ili stepenice. PRERA\u010c TRACER, zahvaljuju\u0107i protoku vode od 300 l \/ h i pritisku od 90 bara, ne samo\u2026","rel":"","context":"Srodne objave","img":{"alt_text":"","src":"https:\/\/i2.wp.com\/astehshop.com\/wp-content\/uploads\/2023\/04\/visokotlacni-perac.png?fit=1083%2C1200&resize=350%2C200","width":350,"height":200},"classes":[]},{"id":7946,"url":"http:\/\/astehshop.com\/index.php\/product\/zigbee-wireless-gateway-sav-smart-na-jednom-mjestu\/","url_meta":{"origin":7637,"position":4},"title":"Zigbee Wireless Gateway sav SMART na jednom mjestu","date":"11. lipnja 2023.","format":false,"excerpt":"Smart Home Automatizacija Sigurnost Kontrola putem aplikacije Mali modul za sve va\u0161e smart WIFI ure\u0111aje koji tro\u0161i veoma malo interneta i ne pravi skoro nikakvo optere\u010denje na Va\u0161em WIFI ure\u0111aju Uz njega mo\u017eete napraviti automatizaciju uz kombinaciju recimo wifi magneta za prozore da ukoliko se prozor otvori, klima ure\u0111aj se\u2026","rel":"","context":"Srodne objave","img":{"alt_text":"","src":"https:\/\/i1.wp.com\/astehshop.com\/wp-content\/uploads\/2023\/06\/Zigbee-Wireless-Gateway.png?fit=846%2C705&resize=350%2C200","width":350,"height":200},"classes":[]},{"id":7918,"url":"http:\/\/astehshop.com\/index.php\/product\/pametni-wifi-magnet-za-prozore-i-vrata-kreiranje-scenarija\/","url_meta":{"origin":7637,"position":5},"title":"Pametni WIFI magnet za prozore i vrata &#8211; kreiranje scenarija","date":"10. lipnja 2023.","format":false,"excerpt":"Pametni WIFI magnet Uz kombinaciju uz ovaj ure\u0111aj : http:\/\/astehshop.com\/index.php\/product\/pametni-wifi-monitor-vlaznosti-temperature-i-upravljac-ir-uredajima-kao-sto-je-klima\/ Mo\u017ee da gasi klima ure\u0111aj ukoliko se prozor otvori i na taj na\u010din Vam u\u0161tedi elektri\u010dnu energiju. Ovaj magnet ima veoma \u0161iroku primjenu, mo\u017eete ga koristiti bilo gdje u ku\u0107i ili okolo Obavje\u0161tenja u realnom vremenu - uvijek budite u\u2026","rel":"","context":"Srodne objave","img":{"alt_text":"","src":"https:\/\/i1.wp.com\/astehshop.com\/wp-content\/uploads\/2023\/06\/magnet-za-vrata-i-prozore.png?fit=821%2C823&resize=350%2C200","width":350,"height":200},"classes":[]}],"_links":{"self":[{"href":"http:\/\/astehshop.com\/index.php\/wp-json\/wp\/v2\/product\/7637"}],"collection":[{"href":"http:\/\/astehshop.com\/index.php\/wp-json\/wp\/v2\/product"}],"about":[{"href":"http:\/\/astehshop.com\/index.php\/wp-json\/wp\/v2\/types\/product"}],"replies":[{"embeddable":true,"href":"http:\/\/astehshop.com\/index.php\/wp-json\/wp\/v2\/comments?post=7637"}],"wp:featuredmedia":[{"embeddable":true,"href":"http:\/\/astehshop.com\/index.php\/wp-json\/wp\/v2\/media\/7638"}],"wp:attachment":[{"href":"http:\/\/astehshop.com\/index.php\/wp-json\/wp\/v2\/media?parent=7637"}],"wp:term":[{"taxonomy":"product_cat","embeddable":true,"href":"http:\/\/astehshop.com\/index.php\/wp-json\/wp\/v2\/product_cat?post=7637"},{"taxonomy":"product_tag","embeddable":true,"href":"http:\/\/astehshop.com\/index.php\/wp-json\/wp\/v2\/product_tag?post=7637"}],"curies":[{"name":"wp","href":"https:\/\/api.w.org\/{rel}","templated":true}]}}