{"id":7632,"date":"2023-04-30T09:32:08","date_gmt":"2023-04-30T07:32:08","guid":{"rendered":"http:\/\/astehshop.com\/?post_type=product&#038;p=7632"},"modified":"2023-04-30T09:32:08","modified_gmt":"2023-04-30T07:32:08","slug":"folija-za-laminator-plastifikator-a4","status":"publish","type":"product","link":"http:\/\/astehshop.com\/index.php\/product\/folija-za-laminator-plastifikator-a4\/","title":{"rendered":"Folija za Laminator \/ Plastifikator A4"},"content":{"rendered":"<p>Visokokvalitetna folija za plastificiranje \u0161titi dokumente od o\u0161te\u0107enja, prljav\u0161tine i vlage. Tracer laminatna folija ima posebna antistati\u010dka svojstva koja \u0161tite va\u0161e dokumente od stati\u010dke elektri\u010dne energije i nakupljanja \u010destica pra\u0161ine.<\/p>\n<p>Format A4, pakiranje sadr\u017ei 100 dvostrukih listova folije, debljina filma od 75 mikrona, namijenjeno za vru\u0107e plastificiranje<\/p>\n","protected":false},"excerpt":{"rendered":"<p>Visokokvalitetna folija za plastificiranje \u0161titi dokumente od o\u0161te\u0107enja, prljav\u0161tine i vlage. Tracer laminatna folija ima posebna antistati\u010dka svojstva koja \u0161tite va\u0161e dokumente od stati\u010dke elektri\u010dne energije i nakupljanja \u010destica pra\u0161ine.<\/p>\n<p>Format A4, pakiranje sadr\u017ei 100 dvostrukih listova folije, debljina filma od 75 mikrona, namijenjeno za vru\u0107e plastificiranje<\/p>\n","protected":false},"featured_media":7633,"comment_status":"open","ping_status":"closed","template":"","meta":{"_mi_skip_tracking":false,"_exactmetrics_sitenote_active":false,"_exactmetrics_sitenote_note":"","_exactmetrics_sitenote_category":0,"spay_email":""},"product_cat":[5271],"product_tag":[5357],"brands":[],"df_price":19.9,"df_sale_price":"","df_regular_price":19.9,"df_image_link":"https:\/\/i2.wp.com\/astehshop.com\/wp-content\/uploads\/2023\/04\/Folija-za-Laminator.png?fit=450%2C434","jetpack_publicize_connections":[],"jetpack_sharing_enabled":true,"jetpack_likes_enabled":true,"jetpack-related-posts":[{"id":7635,"url":"http:\/\/astehshop.com\/index.php\/product\/folija-za-laminator-plastifikator-a3\/","url_meta":{"origin":7632,"position":0},"title":"Folija za Laminator \/ Plastifikator A3","date":"30. travnja 2023.","format":false,"excerpt":"Visokokvalitetna folija za plastificiranje \u0161titi dokumente od o\u0161te\u0107enja, prljav\u0161tine i vlage. Tracer laminatna folija ima posebna antistati\u010dka svojstva koja \u0161tite va\u0161e dokumente od stati\u010dke elektri\u010dne energije i nakupljanja \u010destica pra\u0161ine. Format A3 (303x426 mm)., pakiranje sadr\u017ei 100 dvostrukih listova folije, debljina filma od 75 mikrona, namijenjeno za vru\u0107e plastificiranje","rel":"","context":"Srodne objave","img":{"alt_text":"","src":"https:\/\/i2.wp.com\/astehshop.com\/wp-content\/uploads\/2023\/04\/Folija-za-Laminator.png?fit=1200%2C1157&resize=350%2C200","width":350,"height":200},"classes":[]},{"id":7637,"url":"http:\/\/astehshop.com\/index.php\/product\/laminator-plastifikator-a3-homeoffice\/","url_meta":{"origin":7632,"position":1},"title":"Laminator Plastifikator A3, Home&#038;Office","date":"30. travnja 2023.","format":false,"excerpt":"Plastificiranje vam omogu\u0107uje produ\u017eenje vijeka trajanja dokumenata, \u0161tite\u0107i ih od vanjskih utjecaja. Postupak plastificiranja sastoji se u pokrivanju cijele povr\u0161ine ispisa prozirnom plasti\u010dnom folijom. Tracer laminator savr\u0161en je za ku\u0107nu ili uredsku upotrebu. Ure\u0111aj koristi tehnologiju toplog i hladnog plastificiranja. S laminatorom TRACER TRL-A3 mo\u017eete biti sigurni da su va\u0161i\u2026","rel":"","context":"Srodne objave","img":{"alt_text":"","src":"https:\/\/i2.wp.com\/astehshop.com\/wp-content\/uploads\/2023\/04\/Laminator-Plastifikator-A3-HomeOffice.png?fit=1200%2C1162&resize=350%2C200","width":350,"height":200},"classes":[]},{"id":7479,"url":"http:\/\/astehshop.com\/index.php\/product\/laminator-plastifikator-a4-home-office\/","url_meta":{"origin":7632,"position":2},"title":"Laminator Plastifikator A4 Home Office","date":"11. o\u017eujka 2023.","format":false,"excerpt":"Laminator \/ Plastifikator A4, Home&Office Max. \u0161irina folije 220 mm, max. debljina folije 125 mikrona, brzina plastificiranja 30 cm \/ min.","rel":"","context":"Srodne objave","img":{"alt_text":"","src":"https:\/\/i1.wp.com\/astehshop.com\/wp-content\/uploads\/2023\/03\/slika-1854472-61ad22ab49bc8-velika.jpg?fit=800%2C800&resize=350%2C200","width":350,"height":200},"classes":[]},{"id":4846,"url":"http:\/\/astehshop.com\/index.php\/product\/nosac-za-tv-prijemnike-14-23-47-25-kg-2d\/","url_meta":{"origin":7632,"position":3},"title":"Nosa\u010d za TV prijemnike 14&#8243; &#8211; 23 &#8211; 47&#8243;, 25 kg, 2D","date":"29. rujna 2020.","format":false,"excerpt":"Zidni nosa\u010d za TV prijemnike od 14\" do 47\", maximalno optere\u0107enje 25 kg, udaljenost od zida 50 do 250 mm, zakretanje lijevo i desno 120\u00b0, VESA 200 x 200, jednostavan za monta\u017eu i rukovanje, pakiranje sadr\u017ei set vijaka, libelu i upute za uporabu, boja crna","rel":"","context":"Srodne objave","img":{"alt_text":"","src":"https:\/\/i2.wp.com\/astehshop.com\/wp-content\/uploads\/2020\/09\/B200.png?fit=1200%2C1200&resize=350%2C200","width":350,"height":200},"classes":[]},{"id":4848,"url":"http:\/\/astehshop.com\/index.php\/product\/nosac-za-tv-prijemnik-23-47-35-kg-2d\/","url_meta":{"origin":7632,"position":4},"title":"Nosa\u010d za TV prijemnik, 23&#8243; &#8211; 47&#8243;, 35 kg, 2D","date":"29. rujna 2020.","format":false,"excerpt":"Zidni nosa\u010d za TV prijemnike od 23\" do 47\", maximalno optere\u0107enje 35 kg, udaljenost od zida 68 do 495 mm, zakretanje lijevo i desno 120\u00b0, VESA 400 x 400, jednostavan za monta\u017eu i rukovanje, pakiranje sadr\u017ei set vijaka, libelu i upute za uporabu, boja crna","rel":"","context":"Srodne objave","img":{"alt_text":"","src":"https:\/\/i0.wp.com\/astehshop.com\/wp-content\/uploads\/2020\/09\/B400.png?fit=1200%2C1200&resize=350%2C200","width":350,"height":200},"classes":[]},{"id":7111,"url":"http:\/\/astehshop.com\/index.php\/product\/partizan-security-kamera-full-hd-cod-331s\/","url_meta":{"origin":7632,"position":5},"title":"Partizan Security kamera FULL HD COD-331S","date":"27. prosinca 2022.","format":false,"excerpt":"Ova FullHD spoljna kamera ima sve \u0161to vam je potrebno za video nadzor visokog kvaliteta. Rezolucija od 2,0 MP omogu\u0107ava vam da dobijete jasnu sliku osoba ili automobila. Objektiv kamere ima fiksnu du\u017einu fokusa od 2,8 mm. Kamera se automatski prebacuje u no\u0107ni re\u017eim no\u0107u i osigurava kvalitetnu sliku na\u2026","rel":"","context":"Srodne objave","img":{"alt_text":"","src":"https:\/\/i0.wp.com\/astehshop.com\/wp-content\/uploads\/2022\/12\/COD-331S-FullHD-Plastic-1.jpg?fit=1200%2C1126&resize=350%2C200","width":350,"height":200},"classes":[]}],"_links":{"self":[{"href":"http:\/\/astehshop.com\/index.php\/wp-json\/wp\/v2\/product\/7632"}],"collection":[{"href":"http:\/\/astehshop.com\/index.php\/wp-json\/wp\/v2\/product"}],"about":[{"href":"http:\/\/astehshop.com\/index.php\/wp-json\/wp\/v2\/types\/product"}],"replies":[{"embeddable":true,"href":"http:\/\/astehshop.com\/index.php\/wp-json\/wp\/v2\/comments?post=7632"}],"wp:featuredmedia":[{"embeddable":true,"href":"http:\/\/astehshop.com\/index.php\/wp-json\/wp\/v2\/media\/7633"}],"wp:attachment":[{"href":"http:\/\/astehshop.com\/index.php\/wp-json\/wp\/v2\/media?parent=7632"}],"wp:term":[{"taxonomy":"product_cat","embeddable":true,"href":"http:\/\/astehshop.com\/index.php\/wp-json\/wp\/v2\/product_cat?post=7632"},{"taxonomy":"product_tag","embeddable":true,"href":"http:\/\/astehshop.com\/index.php\/wp-json\/wp\/v2\/product_tag?post=7632"}],"curies":[{"name":"wp","href":"https:\/\/api.w.org\/{rel}","templated":true}]}}