{"id":7630,"date":"2023-04-30T09:30:08","date_gmt":"2023-04-30T07:30:08","guid":{"rendered":"http:\/\/astehshop.com\/?post_type=product&#038;p=7630"},"modified":"2023-04-30T09:30:09","modified_gmt":"2023-04-30T07:30:09","slug":"masina-za-unistavanje-dokumenata-rezac-papira","status":"publish","type":"product","link":"http:\/\/astehshop.com\/index.php\/product\/masina-za-unistavanje-dokumenata-rezac-papira\/","title":{"rendered":"Ma\u0161ina za uni\u0161tavanje dokumenata, reza\u010d papira"},"content":{"rendered":"<p>Ma\u0161ina za uni\u0161tavanje dokumenata, reza\u010d papira, odvojiva ko\u0161ara za otpad 10 lit., sigurnosna brava, termalna sklopka, dimenzije 310 x 150 x 270 mm<\/p>\n","protected":false},"excerpt":{"rendered":"<p>Ma\u0161ina za uni\u0161tavanje dokumenata, reza\u010d papira, odvojiva ko\u0161ara za otpad 10 lit., sigurnosna brava, termalna sklopka, dimenzije 310 x 150 x 270 mm<\/p>\n","protected":false},"featured_media":7631,"comment_status":"open","ping_status":"closed","template":"","meta":{"_mi_skip_tracking":false,"_exactmetrics_sitenote_active":false,"_exactmetrics_sitenote_note":"","_exactmetrics_sitenote_category":0,"spay_email":""},"product_cat":[5271],"product_tag":[5355,5356],"brands":[],"df_price":47.9,"df_sale_price":"","df_regular_price":47.9,"df_image_link":"https:\/\/i0.wp.com\/astehshop.com\/wp-content\/uploads\/2023\/04\/Masina-za-unistavanje-dokumenata.png?fit=423%2C450","jetpack_publicize_connections":[],"jetpack_sharing_enabled":true,"jetpack_likes_enabled":true,"jetpack-related-posts":[{"id":7202,"url":"http:\/\/astehshop.com\/index.php\/product\/pametna-brava-sigurnosna-brava-tuya-zf09\/","url_meta":{"origin":7630,"position":0},"title":"Pametna brava sigurnosna brava Tuya ZF09","date":"28. sije\u010dnja 2023.","format":false,"excerpt":"ametna brava sigurnosna brava Tuya ZF09 sa otiskom prsta pin kodom karticom aplikacijom Tuya ili TT LOCK klju\u010d za otvaranje u slu\u010daju nedostatka baterije mikro usb konektor punjiva baterija unutar brave povezivanje na va\u0161u wifi mre\u017eu jednostavno pode\u0161avanje i kontrola Alarm Upozorenje na slabu bateriju Mikro USB za brzo punjenje\u2026","rel":"","context":"Srodne objave","img":{"alt_text":"","src":"https:\/\/i2.wp.com\/astehshop.com\/wp-content\/uploads\/2023\/01\/pametna-brava-zf09.png?fit=1135%2C710&resize=350%2C200","width":350,"height":200},"classes":[]},{"id":7191,"url":"http:\/\/astehshop.com\/index.php\/product\/pametna-brava-sigurnosna-brava-tuya-uy01\/","url_meta":{"origin":7630,"position":1},"title":"Pametna brava sigurnosna brava Tuya UY01","date":"28. sije\u010dnja 2023.","format":false,"excerpt":"Pametna brava sigurnosna brava Tuya UY01 sa otiskom prsta pin kodom karticom aplikacijom Tuya ili TT LOCK klju\u010d za otvaranje u slu\u010daju nedostatka baterije mikro usb konektor punjiva baterija unutar brave povezivanje na va\u0161u wifi mre\u017eu jednostavno pode\u0161avanje i kontrola uski profil za prozore i uska vrata 35mm panel IP65\u2026","rel":"","context":"Srodne objave","img":{"alt_text":"","src":"https:\/\/i1.wp.com\/astehshop.com\/wp-content\/uploads\/2023\/01\/uy01.png?fit=1085%2C707&resize=350%2C200","width":350,"height":200},"classes":[]},{"id":7198,"url":"http:\/\/astehshop.com\/index.php\/product\/pametna-brava-sigurnosna-brava-tuya-zf18\/","url_meta":{"origin":7630,"position":2},"title":"Pametna brava sigurnosna brava Tuya ZF18","date":"28. sije\u010dnja 2023.","format":false,"excerpt":"Pametna brava sigurnosna brava Tuya ZF18 sa otiskom prsta pin kodom karticom aplikacijom Tuya ili TT LOCK klju\u010d za otvaranje u slu\u010daju nedostatka baterije mikro usb konektor punjiva baterija unutar brave povezivanje na va\u0161u wifi mre\u017eu jednostavno pode\u0161avanje i kontrola otvaranje na lice ostavljanje poruka automatsko otvaranje digitalni monitor sa\u2026","rel":"","context":"Srodne objave","img":{"alt_text":"","src":"https:\/\/i1.wp.com\/astehshop.com\/wp-content\/uploads\/2023\/01\/pametna-brava-tuya-zf18.png?fit=1106%2C684&resize=350%2C200","width":350,"height":200},"classes":[]},{"id":7186,"url":"http:\/\/astehshop.com\/index.php\/product\/pametna-brava-sigurnosna-brava-tuya-u03\/","url_meta":{"origin":7630,"position":3},"title":"Pametna brava sigurnosna brava Tuya U03","date":"28. sije\u010dnja 2023.","format":false,"excerpt":"Pametna brava TUYA U03 sa otiskom prsta pin kodom karticom aplikacijom Tuya ili TT LOCK klju\u010d za otvaranje u slu\u010daju nedostatka baterije mikro usb konektor punjiva baterija unutar brave povezivanje na va\u0161u wifi mre\u017eu jednostavno pode\u0161avanje i kontrola \u00a0 Garancija 12 mjeseci","rel":"","context":"Srodne objave","img":{"alt_text":"","src":"https:\/\/i0.wp.com\/astehshop.com\/wp-content\/uploads\/2023\/01\/pametna-brava-tuya-u03.png?fit=1087%2C693&resize=350%2C200","width":350,"height":200},"classes":[]},{"id":7200,"url":"http:\/\/astehshop.com\/index.php\/product\/pametna-brava-sigurnosna-brava-tuya-zf12\/","url_meta":{"origin":7630,"position":4},"title":"Pametna brava sigurnosna brava Tuya ZF12","date":"28. sije\u010dnja 2023.","format":false,"excerpt":"Pametna brava sigurnosna brava Tuya ZF12 sa otiskom prsta pin kodom karticom aplikacijom Tuya ili TT LOCK klju\u010d za otvaranje u slu\u010daju nedostatka baterije mikro usb konektor punjiva baterija unutar brave povezivanje na va\u0161u wifi mre\u017eu jednostavno pode\u0161avanje i kontrola otvaranje na lice ostavljanje poruka automatsko otvaranje digitalni monitor sa\u2026","rel":"","context":"Srodne objave","img":{"alt_text":"","src":"https:\/\/i0.wp.com\/astehshop.com\/wp-content\/uploads\/2023\/01\/zf12-sigurnosna-brava.png?fit=1068%2C708&resize=350%2C200","width":350,"height":200},"classes":[]},{"id":7193,"url":"http:\/\/astehshop.com\/index.php\/product\/pametna-brava-sigurnosna-brava-rf07\/","url_meta":{"origin":7630,"position":5},"title":"Pametna brava sigurnosna brava RF07","date":"28. sije\u010dnja 2023.","format":false,"excerpt":"Pametna brava sigurnosna brava Tuya RF07 sa otiskom prsta pin kodom karticom aplikacijom Tuya ili TT LOCK klju\u010d za otvaranje u slu\u010daju nedostatka baterije mikro usb konektor punjiva baterija unutar brave povezivanje na va\u0161u wifi mre\u017eu jednostavno pode\u0161avanje i kontrola otvaranje na lice ostavljanje poruka automatsko otvaranje Garancija 12 mjeseci","rel":"","context":"Srodne objave","img":{"alt_text":"","src":"https:\/\/i1.wp.com\/astehshop.com\/wp-content\/uploads\/2023\/01\/rf07-pametna-brava.png?fit=1072%2C705&resize=350%2C200","width":350,"height":200},"classes":[]}],"_links":{"self":[{"href":"http:\/\/astehshop.com\/index.php\/wp-json\/wp\/v2\/product\/7630"}],"collection":[{"href":"http:\/\/astehshop.com\/index.php\/wp-json\/wp\/v2\/product"}],"about":[{"href":"http:\/\/astehshop.com\/index.php\/wp-json\/wp\/v2\/types\/product"}],"replies":[{"embeddable":true,"href":"http:\/\/astehshop.com\/index.php\/wp-json\/wp\/v2\/comments?post=7630"}],"wp:featuredmedia":[{"embeddable":true,"href":"http:\/\/astehshop.com\/index.php\/wp-json\/wp\/v2\/media\/7631"}],"wp:attachment":[{"href":"http:\/\/astehshop.com\/index.php\/wp-json\/wp\/v2\/media?parent=7630"}],"wp:term":[{"taxonomy":"product_cat","embeddable":true,"href":"http:\/\/astehshop.com\/index.php\/wp-json\/wp\/v2\/product_cat?post=7630"},{"taxonomy":"product_tag","embeddable":true,"href":"http:\/\/astehshop.com\/index.php\/wp-json\/wp\/v2\/product_tag?post=7630"}],"curies":[{"name":"wp","href":"https:\/\/api.w.org\/{rel}","templated":true}]}}