{"id":7619,"date":"2023-04-30T09:21:50","date_gmt":"2023-04-30T07:21:50","guid":{"rendered":"http:\/\/astehshop.com\/?post_type=product&#038;p=7619"},"modified":"2023-04-30T09:21:51","modified_gmt":"2023-04-30T07:21:51","slug":"tinta-650-cz102ae-bojatri-boje65ml-200str","status":"publish","type":"product","link":"http:\/\/astehshop.com\/index.php\/product\/tinta-650-cz102ae-bojatri-boje65ml-200str\/","title":{"rendered":"Tinta 650 (CZ102AE) ,boja,tri boje,6,5ml , 200str"},"content":{"rendered":"<p>Tinta za termalni printer , tank zapremine 6,5 ml , kapacitet 200 stranica , tri boje ,crvena, plava \u017euta<\/p>\n","protected":false},"excerpt":{"rendered":"<p>Tinta za termalni printer , tank zapremine 6,5 ml , kapacitet 200 stranica , tri boje ,crvena, plava \u017euta<\/p>\n","protected":false},"featured_media":7620,"comment_status":"open","ping_status":"closed","template":"","meta":{"_mi_skip_tracking":false,"_exactmetrics_sitenote_active":false,"_exactmetrics_sitenote_note":"","_exactmetrics_sitenote_category":0,"spay_email":""},"product_cat":[1400],"product_tag":[5341,5340,5339,5337,5336,5338],"brands":[],"df_price":29,"df_sale_price":"","df_regular_price":29,"df_image_link":"https:\/\/i1.wp.com\/astehshop.com\/wp-content\/uploads\/2023\/04\/tinta-650.png?fit=450%2C410","jetpack_publicize_connections":[],"jetpack_sharing_enabled":true,"jetpack_likes_enabled":true,"jetpack-related-posts":[{"id":7621,"url":"http:\/\/astehshop.com\/index.php\/product\/tinta-302-f6u65ae-boje-4ml-165-stranica\/","url_meta":{"origin":7619,"position":0},"title":"Tinta 302 (F6U65AE) ,boje, 4ml ,165 stranica","date":"30. travnja 2023.","format":false,"excerpt":"Tinta 302 (F6U66AE) ,crna , 3,5ml ,190 stranica","rel":"","context":"Srodne objave","img":{"alt_text":"","src":"https:\/\/i2.wp.com\/astehshop.com\/wp-content\/uploads\/2023\/04\/tinta-302.png?fit=1200%2C1154&resize=350%2C200","width":350,"height":200},"classes":[]},{"id":7617,"url":"http:\/\/astehshop.com\/index.php\/product\/tinta-301-ch561ee-crna-3ml-190-stranica\/","url_meta":{"origin":7619,"position":1},"title":"Tinta 301 (CH561EE) ,crna , 3ml ,190 stranica","date":"30. travnja 2023.","format":false,"excerpt":"Tinta za termalne printere ,tank zapremine 3ml , kapacitet 190 stranica ,crna","rel":"","context":"Srodne objave","img":{"alt_text":"","src":"https:\/\/i2.wp.com\/astehshop.com\/wp-content\/uploads\/2023\/04\/0884962894392.png?fit=1100%2C966&resize=350%2C200","width":350,"height":200},"classes":[]},{"id":7626,"url":"http:\/\/astehshop.com\/index.php\/product\/tinta-21-c9351ae-crna-9ml-195-stranica\/","url_meta":{"origin":7619,"position":2},"title":"Tinta 21 (C9351AE), crna , 9ml, 195 stranica","date":"30. travnja 2023.","format":false,"excerpt":"Tinta za termalne printere , tank zapremine 9ml, kapacitet 195 stranica ,crna. Kompatibilan sa HP Deskjet 3940, 3920, PSC 1410","rel":"","context":"Srodne objave","img":{"alt_text":"","src":"https:\/\/i0.wp.com\/astehshop.com\/wp-content\/uploads\/2023\/04\/tinta-21.png?fit=1200%2C1146&resize=350%2C200","width":350,"height":200},"classes":[]},{"id":5831,"url":"http:\/\/astehshop.com\/index.php\/product\/s-link-sl-830w-klijesta-za-krimpanje-rj-45-rj-11\/","url_meta":{"origin":7619,"position":3},"title":"S-link SL-830W Klije\u0161ta za krimpanje RJ-45 \/ RJ-11","date":"23. sije\u010dnja 2022.","format":false,"excerpt":"Dupla klije\u0161ta za krimpanje konektora RJ-45 \/ RJ-11 i skidanje izolacije sa kabela i za konektore novije generacije (PASS THROUGH) Proizvo\u0111a\u010d: S-Link Model: SL-830W Boja: Crna\/plava\/\u017euta Kompatibilnost: 8P8C \/ RJ-45, 6P4C \/ RJ-11 Ostalo: no\u017e za sje\u010denje i skidanje izolacije kabela Te\u017eina: 482g Materijal: metal, plastika Dimenzije: 23mm x 219mm\u2026","rel":"","context":"Srodne objave","img":{"alt_text":"","src":"https:\/\/i2.wp.com\/astehshop.com\/wp-content\/uploads\/2022\/01\/SL-830W.jpg?fit=700%2C500&resize=350%2C200","width":350,"height":200},"classes":[]},{"id":3321,"url":"http:\/\/astehshop.com\/index.php\/product\/toner-za-laserski-stampac-hp-m1319f-multifunction-printer\/","url_meta":{"origin":7619,"position":4},"title":"Toner za laserski \u0161tampa\u010d HP M1319f Multifunction Printer","date":"27. travnja 2019.","format":false,"excerpt":"Toner za laserski \u0161tampa\u010d HP M1319f Multifunction Printer Kompatibilnost: Q2612A, Kapacitet: 2.000 strana A4 066 123 234 Garancija \/ Kvalitet \/ Povjerenje \u00a0","rel":"","context":"Srodne objave","img":{"alt_text":"","src":"https:\/\/i2.wp.com\/astehshop.com\/wp-content\/uploads\/2019\/04\/12a-toner-1.jpg?fit=240%2C240&resize=350%2C200","width":350,"height":200},"classes":[]},{"id":3322,"url":"http:\/\/astehshop.com\/index.php\/product\/toner-za-laserski-stampac-hp-laserjet-m1005-multifunction-printer\/","url_meta":{"origin":7619,"position":5},"title":"Toner za laserski \u0161tampa\u010d HP LaserJet M1005 Multifunction Printer","date":"27. travnja 2019.","format":false,"excerpt":"Toner za laserski \u0161tampa\u010d HP LaserJet M1005 Multifunction Printer Kompatibilnost: Q2612A, Kapacitet: 2.000 strana A4 066 123 234 Garancija \/ Kvalitet \/ Povjerenje","rel":"","context":"Srodne objave","img":{"alt_text":"","src":"https:\/\/i2.wp.com\/astehshop.com\/wp-content\/uploads\/2019\/04\/12a-toner-1.jpg?fit=240%2C240&resize=350%2C200","width":350,"height":200},"classes":[]}],"_links":{"self":[{"href":"http:\/\/astehshop.com\/index.php\/wp-json\/wp\/v2\/product\/7619"}],"collection":[{"href":"http:\/\/astehshop.com\/index.php\/wp-json\/wp\/v2\/product"}],"about":[{"href":"http:\/\/astehshop.com\/index.php\/wp-json\/wp\/v2\/types\/product"}],"replies":[{"embeddable":true,"href":"http:\/\/astehshop.com\/index.php\/wp-json\/wp\/v2\/comments?post=7619"}],"wp:featuredmedia":[{"embeddable":true,"href":"http:\/\/astehshop.com\/index.php\/wp-json\/wp\/v2\/media\/7620"}],"wp:attachment":[{"href":"http:\/\/astehshop.com\/index.php\/wp-json\/wp\/v2\/media?parent=7619"}],"wp:term":[{"taxonomy":"product_cat","embeddable":true,"href":"http:\/\/astehshop.com\/index.php\/wp-json\/wp\/v2\/product_cat?post=7619"},{"taxonomy":"product_tag","embeddable":true,"href":"http:\/\/astehshop.com\/index.php\/wp-json\/wp\/v2\/product_tag?post=7619"}],"curies":[{"name":"wp","href":"https:\/\/api.w.org\/{rel}","templated":true}]}}