{"id":7583,"date":"2023-04-09T15:27:10","date_gmt":"2023-04-09T13:27:10","guid":{"rendered":"http:\/\/astehshop.com\/?post_type=product&#038;p=7583"},"modified":"2023-04-09T15:27:12","modified_gmt":"2023-04-09T13:27:12","slug":"kabl-kablovi-dvi-d-pakovanje-50kom","status":"publish","type":"product","link":"http:\/\/astehshop.com\/index.php\/product\/kabl-kablovi-dvi-d-pakovanje-50kom\/","title":{"rendered":"KABL KABLOVI DVI-D, PAKOVANJE 50kom"},"content":{"rendered":"<p>NA PRODAJU DVI-D KABLOVI u RIFUZNI<\/p>\n<p>(kablovi iz Njema\u010dke uve\u017eeni sa polovnim ra\u010dunarima, top kvalitet)<\/p>\n<p>Vecina ih je 1.8m,<\/p>\n<p>PRODAJEMO ISKLJU\u010cIVO NA PAKET: 50kom za 75KM<\/p>\n","protected":false},"excerpt":{"rendered":"<p>NA PRODAJU DVI-D KABLOVI u RIFUZNI<\/p>\n<p>(kablovi iz Njema\u010dke uve\u017eeni sa polovnim ra\u010dunarima, top kvalitet)<\/p>\n<p>Vecina ih je 1.8m,<\/p>\n<p>PRODAJEMO ISKLJU\u010cIVO NA PAKET: 50kom za 75KM<\/p>\n","protected":false},"featured_media":7584,"comment_status":"open","ping_status":"closed","template":"","meta":{"_mi_skip_tracking":false,"_exactmetrics_sitenote_active":false,"_exactmetrics_sitenote_note":"","_exactmetrics_sitenote_category":0,"spay_email":""},"product_cat":[1216],"product_tag":[],"brands":[],"df_price":"","df_sale_price":"","df_regular_price":"","df_image_link":"https:\/\/i1.wp.com\/astehshop.com\/wp-content\/uploads\/2023\/04\/DVI-D-M-na-HDMI-M-kabal-2-metra-nov_slika_O_130944833.jpg?fit=450%2C337","jetpack_publicize_connections":[],"jetpack_sharing_enabled":true,"jetpack_likes_enabled":true,"jetpack-related-posts":[{"id":8058,"url":"http:\/\/astehshop.com\/index.php\/product\/pretvarac-napona-24v-na-220v-2000w\/","url_meta":{"origin":7583,"position":0},"title":"PRETVARAC NAPONA 24V NA 220V 2000W","date":"13. kolovoza 2023.","format":false,"excerpt":"U PAKOVANJU DOLAZI: - PRETVARAC - KABLOVI ZA SPAJANJE NA AKUMULATOR - AUTO PUNJAC (ZA KAMION) - UPUSTVO PRTVARAC POSJEDUJE ULAZ ZA USB","rel":"","context":"Srodne objave","img":{"alt_text":"","src":"https:\/\/i0.wp.com\/astehshop.com\/wp-content\/uploads\/2023\/08\/pretvarac-napona-1500w-scaled.jpg?fit=1200%2C1153&resize=350%2C200","width":350,"height":200},"classes":[]},{"id":8054,"url":"http:\/\/astehshop.com\/index.php\/product\/pretvarac-napona-24v-na-220v-1000w\/","url_meta":{"origin":7583,"position":1},"title":"PRETVARAC NAPONA 24V NA 220V 1000W","date":"13. kolovoza 2023.","format":false,"excerpt":"PRETVARAC NAPONA 24V NA 220V 1000W U PAKOVANJU DOLAZI: - PRETVARAC - KABLOVI ZA SPAJANJE NA AKUMULATOR - AUTO PUNJAC (ZA KAMION) - UPUSTVO PRTVARAC POSJEDUJE ULAZ ZA USB","rel":"","context":"Srodne objave","img":{"alt_text":"","src":"https:\/\/i0.wp.com\/astehshop.com\/wp-content\/uploads\/2023\/08\/pretvarac-napona-1500w-scaled.jpg?fit=1200%2C1153&resize=350%2C200","width":350,"height":200},"classes":[]},{"id":8056,"url":"http:\/\/astehshop.com\/index.php\/product\/pretvarac-napona-24v-na-220v-1500w\/","url_meta":{"origin":7583,"position":2},"title":"PRETVARAC NAPONA 24V NA 220V 1500W","date":"13. kolovoza 2023.","format":false,"excerpt":"U PAKOVANJU DOLAZI: - PRETVARAC - KABLOVI ZA SPAJANJE NA AKUMULATOR - AUTO PUNJAC (ZA KAMION) - UPUSTVO PRTVARAC POSJEDUJE ULAZ ZA USB","rel":"","context":"Srodne objave","img":{"alt_text":"","src":"https:\/\/i0.wp.com\/astehshop.com\/wp-content\/uploads\/2023\/08\/pretvarac-napona-1500w-scaled.jpg?fit=1200%2C1153&resize=350%2C200","width":350,"height":200},"classes":[]},{"id":7168,"url":"http:\/\/astehshop.com\/index.php\/product\/video-nadzor-longse-komplet-sa-4-kamere-5-mpx-full-color-sa-mikrofonom-ip-sistem\/","url_meta":{"origin":7583,"position":3},"title":"Video nadzor Longse komplet sa 4 kamere 5 MPX FULL Color sa mikrofonom IP sistem","date":"25. sije\u010dnja 2023.","format":false,"excerpt":"Longse video nadzor SET za poslovne prostore, dvori\u0161ta, gara\u017ee, ku\u0107e, stanove. 1 x Longse 4 kanalni snima\u010d sa 4 POE izlaza ( novi model NVR 6 ) 4 x Longse bullet kamera 5 MPX BMSAGL500WH Full color slika u boji uvijek H.265+ ( integrisan mikrofon ) 1 x disk 1\u2026","rel":"","context":"Srodne objave","img":{"alt_text":"","src":"https:\/\/i0.wp.com\/astehshop.com\/wp-content\/uploads\/2023\/01\/Longse-set-5-MPX-full-color.jpg?fit=1200%2C954&resize=350%2C200","width":350,"height":200},"classes":[]},{"id":6178,"url":"http:\/\/astehshop.com\/index.php\/product\/rg59-mini-sa-dodatnim-strujnim-kablom-bunt-100m\/","url_meta":{"origin":7583,"position":4},"title":"RG59 mini sa dodatnim strujnim kablom bunt 100m","date":"3. travnja 2022.","format":false,"excerpt":"RG59 mini sa dodatnim strujnim kablom bunt 100m","rel":"","context":"Srodne objave","img":{"alt_text":"","src":"https:\/\/i0.wp.com\/astehshop.com\/wp-content\/uploads\/2022\/04\/rg59-1.jpeg?fit=800%2C800&resize=350%2C200","width":350,"height":200},"classes":[]},{"id":4802,"url":"http:\/\/astehshop.com\/index.php\/product\/auto-radio-usb-mikro-sd\/","url_meta":{"origin":7583,"position":5},"title":"Auto radio USB \/ MIKRO SD","date":"27. rujna 2020.","format":false,"excerpt":"POTPUNO NOV AUTO RADIO: \u00a0 RADIO PODR\u017dAVA MP3\/ WMA\/USB\/ SD KARTICU\/MMC\/AUX PLAYER\/ FM RADIO STEREO MOGU\u0106NOST MEMORISANJA RADIO STANICA ANTI SHOCK IMA 4 IZLAZA 50W DIMENZIJE Height :48mm; Width:178mm, the gap width of the bezel Dimensions: Height 58mm; 188mm ZAHTJEVANA SNAGA 12V POZADINSKO OSVJETLJENJE DALJINSKI UPRAVLJA\u010c PAKET UKLJU\u010cUJE: * AUTO\u2026","rel":"","context":"Srodne objave","img":{"alt_text":"","src":"https:\/\/i0.wp.com\/astehshop.com\/wp-content\/uploads\/2020\/09\/CAR-Bluetooth-multimedia-SD-Card-USB-AUX-MP3-WMA-Xplod-Car-Sound-System-CDX-7613BT-With-Remote-Control-Car-Radio-Stereo-4-x-50-W-500x500-1.png?fit=500%2C500&resize=350%2C200","width":350,"height":200},"classes":[]}],"_links":{"self":[{"href":"http:\/\/astehshop.com\/index.php\/wp-json\/wp\/v2\/product\/7583"}],"collection":[{"href":"http:\/\/astehshop.com\/index.php\/wp-json\/wp\/v2\/product"}],"about":[{"href":"http:\/\/astehshop.com\/index.php\/wp-json\/wp\/v2\/types\/product"}],"replies":[{"embeddable":true,"href":"http:\/\/astehshop.com\/index.php\/wp-json\/wp\/v2\/comments?post=7583"}],"wp:featuredmedia":[{"embeddable":true,"href":"http:\/\/astehshop.com\/index.php\/wp-json\/wp\/v2\/media\/7584"}],"wp:attachment":[{"href":"http:\/\/astehshop.com\/index.php\/wp-json\/wp\/v2\/media?parent=7583"}],"wp:term":[{"taxonomy":"product_cat","embeddable":true,"href":"http:\/\/astehshop.com\/index.php\/wp-json\/wp\/v2\/product_cat?post=7583"},{"taxonomy":"product_tag","embeddable":true,"href":"http:\/\/astehshop.com\/index.php\/wp-json\/wp\/v2\/product_tag?post=7583"}],"curies":[{"name":"wp","href":"https:\/\/api.w.org\/{rel}","templated":true}]}}