{"id":7551,"date":"2023-04-02T10:37:51","date_gmt":"2023-04-02T08:37:51","guid":{"rendered":"http:\/\/astehshop.com\/?post_type=product&#038;p=7551"},"modified":"2026-01-15T09:52:46","modified_gmt":"2026-01-15T08:52:46","slug":"dahua-imou-wifi-set-sa-4-kamere-i-diskom","status":"publish","type":"product","link":"http:\/\/astehshop.com\/index.php\/product\/dahua-imou-wifi-set-sa-4-kamere-i-diskom\/","title":{"rendered":"Dahua IMOU wifi set sa 4 kamere i diskom"},"content":{"rendered":"<p>Be\u017ei\u010dni sigurnosni sistem<br \/>\nSamo uklji\u010di i radi<br \/>\n1 x WIFI snima\u010d<br \/>\n4 x 2 MPX kamere<br \/>\n1 x 1 TB HD<br \/>\nAuto uparivanje<br \/>\nJednostavno upravljanje<br \/>\nvodootporne<br \/>\nOdli\u010dne wifi performanse<br \/>\nAlarmne notifikacije<\/p>\n<p><a href=\"https:\/\/i1.wp.com\/astehshop.com\/wp-content\/uploads\/2023\/04\/107a4733-c34a-441c-aa9d-774b480cffaf.png\" data-rel=\"lightbox-image-0\" data-rl_title=\"\" data-rl_caption=\"\" title=\"\"><img data-attachment-id=\"7553\" data-permalink=\"http:\/\/astehshop.com\/?attachment_id=7553\" data-orig-file=\"https:\/\/i1.wp.com\/astehshop.com\/wp-content\/uploads\/2023\/04\/107a4733-c34a-441c-aa9d-774b480cffaf.png?fit=1920%2C780\" data-orig-size=\"1920,780\" data-comments-opened=\"1\" data-image-meta=\"{&quot;aperture&quot;:&quot;0&quot;,&quot;credit&quot;:&quot;&quot;,&quot;camera&quot;:&quot;&quot;,&quot;caption&quot;:&quot;&quot;,&quot;created_timestamp&quot;:&quot;0&quot;,&quot;copyright&quot;:&quot;&quot;,&quot;focal_length&quot;:&quot;0&quot;,&quot;iso&quot;:&quot;0&quot;,&quot;shutter_speed&quot;:&quot;0&quot;,&quot;title&quot;:&quot;&quot;,&quot;orientation&quot;:&quot;0&quot;}\" data-image-title=\"107a4733-c34a-441c-aa9d-774b480cffaf\" data-image-description=\"\" data-image-caption=\"\" data-medium-file=\"https:\/\/i1.wp.com\/astehshop.com\/wp-content\/uploads\/2023\/04\/107a4733-c34a-441c-aa9d-774b480cffaf.png?fit=450%2C183\" data-large-file=\"https:\/\/i1.wp.com\/astehshop.com\/wp-content\/uploads\/2023\/04\/107a4733-c34a-441c-aa9d-774b480cffaf.png?fit=1024%2C416\" decoding=\"async\" loading=\"lazy\" class=\"alignnone size-medium wp-image-7553\" src=\"https:\/\/i1.wp.com\/astehshop.com\/wp-content\/uploads\/2023\/04\/107a4733-c34a-441c-aa9d-774b480cffaf.png?resize=450%2C183\" alt=\"\" width=\"450\" height=\"183\" srcset=\"https:\/\/i1.wp.com\/astehshop.com\/wp-content\/uploads\/2023\/04\/107a4733-c34a-441c-aa9d-774b480cffaf.png?resize=450%2C183 450w, https:\/\/i1.wp.com\/astehshop.com\/wp-content\/uploads\/2023\/04\/107a4733-c34a-441c-aa9d-774b480cffaf.png?resize=1024%2C416 1024w, https:\/\/i1.wp.com\/astehshop.com\/wp-content\/uploads\/2023\/04\/107a4733-c34a-441c-aa9d-774b480cffaf.png?resize=768%2C312 768w, https:\/\/i1.wp.com\/astehshop.com\/wp-content\/uploads\/2023\/04\/107a4733-c34a-441c-aa9d-774b480cffaf.png?resize=1536%2C624 1536w, https:\/\/i1.wp.com\/astehshop.com\/wp-content\/uploads\/2023\/04\/107a4733-c34a-441c-aa9d-774b480cffaf.png?resize=300%2C122 300w, https:\/\/i1.wp.com\/astehshop.com\/wp-content\/uploads\/2023\/04\/107a4733-c34a-441c-aa9d-774b480cffaf.png?resize=1170%2C475 1170w, https:\/\/i1.wp.com\/astehshop.com\/wp-content\/uploads\/2023\/04\/107a4733-c34a-441c-aa9d-774b480cffaf.png?resize=600%2C244 600w, https:\/\/i1.wp.com\/astehshop.com\/wp-content\/uploads\/2023\/04\/107a4733-c34a-441c-aa9d-774b480cffaf.png?w=1920 1920w\" sizes=\"(max-width: 450px) 100vw, 450px\" data-recalc-dims=\"1\" \/><\/a><\/p>\n<p><a href=\"https:\/\/i0.wp.com\/astehshop.com\/wp-content\/uploads\/2023\/04\/37a5fc78-abb2-41bc-b833-4843f4bc8763.png\" data-rel=\"lightbox-image-1\" data-rl_title=\"\" data-rl_caption=\"\" title=\"\"><img data-attachment-id=\"7554\" data-permalink=\"http:\/\/astehshop.com\/?attachment_id=7554\" data-orig-file=\"https:\/\/i0.wp.com\/astehshop.com\/wp-content\/uploads\/2023\/04\/37a5fc78-abb2-41bc-b833-4843f4bc8763.png?fit=1920%2C816\" data-orig-size=\"1920,816\" data-comments-opened=\"1\" data-image-meta=\"{&quot;aperture&quot;:&quot;0&quot;,&quot;credit&quot;:&quot;&quot;,&quot;camera&quot;:&quot;&quot;,&quot;caption&quot;:&quot;&quot;,&quot;created_timestamp&quot;:&quot;0&quot;,&quot;copyright&quot;:&quot;&quot;,&quot;focal_length&quot;:&quot;0&quot;,&quot;iso&quot;:&quot;0&quot;,&quot;shutter_speed&quot;:&quot;0&quot;,&quot;title&quot;:&quot;&quot;,&quot;orientation&quot;:&quot;0&quot;}\" data-image-title=\"37a5fc78-abb2-41bc-b833-4843f4bc8763\" data-image-description=\"\" data-image-caption=\"\" data-medium-file=\"https:\/\/i0.wp.com\/astehshop.com\/wp-content\/uploads\/2023\/04\/37a5fc78-abb2-41bc-b833-4843f4bc8763.png?fit=450%2C191\" data-large-file=\"https:\/\/i0.wp.com\/astehshop.com\/wp-content\/uploads\/2023\/04\/37a5fc78-abb2-41bc-b833-4843f4bc8763.png?fit=1024%2C435\" decoding=\"async\" loading=\"lazy\" class=\"alignnone size-medium wp-image-7554\" src=\"https:\/\/i0.wp.com\/astehshop.com\/wp-content\/uploads\/2023\/04\/37a5fc78-abb2-41bc-b833-4843f4bc8763.png?resize=450%2C191\" alt=\"\" width=\"450\" height=\"191\" srcset=\"https:\/\/i0.wp.com\/astehshop.com\/wp-content\/uploads\/2023\/04\/37a5fc78-abb2-41bc-b833-4843f4bc8763.png?resize=450%2C191 450w, https:\/\/i0.wp.com\/astehshop.com\/wp-content\/uploads\/2023\/04\/37a5fc78-abb2-41bc-b833-4843f4bc8763.png?resize=1024%2C435 1024w, https:\/\/i0.wp.com\/astehshop.com\/wp-content\/uploads\/2023\/04\/37a5fc78-abb2-41bc-b833-4843f4bc8763.png?resize=768%2C326 768w, https:\/\/i0.wp.com\/astehshop.com\/wp-content\/uploads\/2023\/04\/37a5fc78-abb2-41bc-b833-4843f4bc8763.png?resize=1536%2C653 1536w, https:\/\/i0.wp.com\/astehshop.com\/wp-content\/uploads\/2023\/04\/37a5fc78-abb2-41bc-b833-4843f4bc8763.png?resize=300%2C128 300w, https:\/\/i0.wp.com\/astehshop.com\/wp-content\/uploads\/2023\/04\/37a5fc78-abb2-41bc-b833-4843f4bc8763.png?resize=1170%2C497 1170w, https:\/\/i0.wp.com\/astehshop.com\/wp-content\/uploads\/2023\/04\/37a5fc78-abb2-41bc-b833-4843f4bc8763.png?resize=600%2C255 600w, https:\/\/i0.wp.com\/astehshop.com\/wp-content\/uploads\/2023\/04\/37a5fc78-abb2-41bc-b833-4843f4bc8763.png?w=1920 1920w\" sizes=\"(max-width: 450px) 100vw, 450px\" data-recalc-dims=\"1\" \/><\/a><\/p>\n","protected":false},"excerpt":{"rendered":"<p>Be\u017ei\u010dni sigurnosni sistem<br \/>\nSamo uklji\u010di i radi<br \/>\n1 x WIFI snima\u010d<br \/>\n4 x 2 MPX kamere<br \/>\n1 x 1 TB HD<br \/>\nAuto uparivanje<br \/>\nJednostavno upravljanje<br \/>\nvodootporne<br \/>\nOdli\u010dne wifi performanse<br \/>\nAlarmne notifikacije<\/p>\n<p><a href=\"http:\/\/astehshop.com\/wp-content\/uploads\/2023\/04\/107a4733-c34a-441c-aa9d-774b480cffaf.png\"><img decoding=\"async\" loading=\"lazy\" class=\"alignnone size-medium wp-image-7553\" src=\"http:\/\/astehshop.com\/wp-content\/uploads\/2023\/04\/107a4733-c34a-441c-aa9d-774b480cffaf-450x183.png\" alt=\"\" width=\"450\" height=\"183\" srcset=\"https:\/\/i1.wp.com\/astehshop.com\/wp-content\/uploads\/2023\/04\/107a4733-c34a-441c-aa9d-774b480cffaf.png?resize=450%2C183 450w, https:\/\/i1.wp.com\/astehshop.com\/wp-content\/uploads\/2023\/04\/107a4733-c34a-441c-aa9d-774b480cffaf.png?resize=1024%2C416 1024w, https:\/\/i1.wp.com\/astehshop.com\/wp-content\/uploads\/2023\/04\/107a4733-c34a-441c-aa9d-774b480cffaf.png?resize=768%2C312 768w, https:\/\/i1.wp.com\/astehshop.com\/wp-content\/uploads\/2023\/04\/107a4733-c34a-441c-aa9d-774b480cffaf.png?resize=1536%2C624 1536w, https:\/\/i1.wp.com\/astehshop.com\/wp-content\/uploads\/2023\/04\/107a4733-c34a-441c-aa9d-774b480cffaf.png?resize=300%2C122 300w, https:\/\/i1.wp.com\/astehshop.com\/wp-content\/uploads\/2023\/04\/107a4733-c34a-441c-aa9d-774b480cffaf.png?resize=1170%2C475 1170w, https:\/\/i1.wp.com\/astehshop.com\/wp-content\/uploads\/2023\/04\/107a4733-c34a-441c-aa9d-774b480cffaf.png?resize=600%2C244 600w, https:\/\/i1.wp.com\/astehshop.com\/wp-content\/uploads\/2023\/04\/107a4733-c34a-441c-aa9d-774b480cffaf.png?w=1920 1920w\" sizes=\"(max-width: 450px) 100vw, 450px\" \/><\/a><\/p>\n<p><a href=\"http:\/\/astehshop.com\/wp-content\/uploads\/2023\/04\/37a5fc78-abb2-41bc-b833-4843f4bc8763.png\"><img decoding=\"async\" loading=\"lazy\" class=\"alignnone size-medium wp-image-7554\" src=\"http:\/\/astehshop.com\/wp-content\/uploads\/2023\/04\/37a5fc78-abb2-41bc-b833-4843f4bc8763-450x191.png\" alt=\"\" width=\"450\" height=\"191\" srcset=\"https:\/\/i0.wp.com\/astehshop.com\/wp-content\/uploads\/2023\/04\/37a5fc78-abb2-41bc-b833-4843f4bc8763.png?resize=450%2C191 450w, https:\/\/i0.wp.com\/astehshop.com\/wp-content\/uploads\/2023\/04\/37a5fc78-abb2-41bc-b833-4843f4bc8763.png?resize=1024%2C435 1024w, https:\/\/i0.wp.com\/astehshop.com\/wp-content\/uploads\/2023\/04\/37a5fc78-abb2-41bc-b833-4843f4bc8763.png?resize=768%2C326 768w, https:\/\/i0.wp.com\/astehshop.com\/wp-content\/uploads\/2023\/04\/37a5fc78-abb2-41bc-b833-4843f4bc8763.png?resize=1536%2C653 1536w, https:\/\/i0.wp.com\/astehshop.com\/wp-content\/uploads\/2023\/04\/37a5fc78-abb2-41bc-b833-4843f4bc8763.png?resize=300%2C128 300w, https:\/\/i0.wp.com\/astehshop.com\/wp-content\/uploads\/2023\/04\/37a5fc78-abb2-41bc-b833-4843f4bc8763.png?resize=1170%2C497 1170w, https:\/\/i0.wp.com\/astehshop.com\/wp-content\/uploads\/2023\/04\/37a5fc78-abb2-41bc-b833-4843f4bc8763.png?resize=600%2C255 600w, https:\/\/i0.wp.com\/astehshop.com\/wp-content\/uploads\/2023\/04\/37a5fc78-abb2-41bc-b833-4843f4bc8763.png?w=1920 1920w\" sizes=\"(max-width: 450px) 100vw, 450px\" \/><\/a><\/p>\n","protected":false},"featured_media":7552,"comment_status":"open","ping_status":"closed","template":"","meta":{"_mi_skip_tracking":false,"_exactmetrics_sitenote_active":false,"_exactmetrics_sitenote_note":"","_exactmetrics_sitenote_category":0,"spay_email":""},"product_cat":[2298,3104,135,136],"product_tag":[5316,6305,6346,6347,6345,2029,5315,6187,251,3920],"brands":[{"id":2045,"name":"Dahua","slug":"dahua"}],"df_price":"","df_sale_price":"","df_regular_price":"","df_image_link":"https:\/\/i1.wp.com\/astehshop.com\/wp-content\/uploads\/2023\/04\/imou-set.jpg?fit=450%2C355","jetpack_publicize_connections":[],"jetpack_sharing_enabled":true,"jetpack_likes_enabled":true,"jetpack-related-posts":[{"id":7550,"url":"http:\/\/astehshop.com\/index.php\/product\/8-kanalni-wifi-snimac-imou-dahua-nvr1108hs-w-s2\/","url_meta":{"origin":7551,"position":0},"title":"8 Kanalni WIFI snima\u010d Imou Dahua NVR1108HS-W-S2","date":"2. travnja 2023.","format":false,"excerpt":"Be\u017ei\u010dni snima\u010d Uklju\u010di i radi Sigurnost je napravljena da bude jednostavna 1080P H.265 Podr\u0161ka za disk do 16 TB Auto uparivanje Podr\u017eava dvosmjerne komunikacije i ONVIF Nove kamere se same uparuju sa snima\u010dem, dodavanje novih kamera ide na klik Mo\u017eete dodati i kamere koje nisu Imou ili Dahua","rel":"","context":"Srodne objave","img":{"alt_text":"","src":"https:\/\/i1.wp.com\/astehshop.com\/wp-content\/uploads\/2023\/04\/NVR1104HS-W-S2.png?fit=568%2C526&resize=350%2C200","width":350,"height":200},"classes":[]},{"id":8983,"url":"http:\/\/astehshop.com\/index.php\/product\/wifi-set-roto-kamera-snimac-4-roto-kamere\/","url_meta":{"origin":7551,"position":1},"title":"WiFi set roto kamera &#8211; snima\u010d + 4 roto kamere","date":"17. velja\u010de 2024.","format":false,"excerpt":"Veoma jednostavna monta\u017ea 4 x roto FULL HD kamere 1 x snima\u010d ( kamere se be\u017ei\u010dno ve\u017eu na snima\u010d ) Plug and play Rotirajte u svim pravcima sve na samo jednoj aplikaciji No\u0107ni re\u017eim \u00a0","rel":"","context":"Srodne objave","img":{"alt_text":"","src":"https:\/\/i2.wp.com\/astehshop.com\/wp-content\/uploads\/2024\/02\/wifi-set-scaled.jpg?fit=1200%2C1023&resize=350%2C200","width":350,"height":200},"classes":[]},{"id":7547,"url":"http:\/\/astehshop.com\/index.php\/product\/4-kanalni-wifi-dahua-snimac-nvr1104hs-w-s2\/","url_meta":{"origin":7551,"position":2},"title":"4 kanalni WIFI Dahua snima\u010d NVR1104HS-W-S2","date":"2. travnja 2023.","format":false,"excerpt":"Be\u017ei\u010dni snima\u010d Uklju\u010di i radi Sigurnost je napravljena da bude jednostavna 1080P H.265 Podr\u0161ka za disk do 16 TB Auto uparivanje Podr\u017eava dvosmjerne komunikacije i ONVIF Nove kamere se same uparuju sa snima\u010dem, dodavanje novih kamera ide na klik Mo\u017eete dodati i kamere koje nisu Imou ili Dahua https:\/\/www.youtube.com\/watch?v=9-AyWcIwX_E https:\/\/www.youtube.com\/watch?v=WuT2Jr-HZq8\u2026","rel":"","context":"Srodne objave","img":{"alt_text":"","src":"https:\/\/i1.wp.com\/astehshop.com\/wp-content\/uploads\/2023\/04\/NVR1104HS-W-S2.png?fit=568%2C526&resize=350%2C200","width":350,"height":200},"classes":[]},{"id":8476,"url":"http:\/\/astehshop.com\/index.php\/product\/imou-kompletan-wifi-set-2-mpx-sa-roto-kamerom\/","url_meta":{"origin":7551,"position":3},"title":"Imou Kompletan WIFI set 2 MPX sa roto kamerom","date":"26. listopada 2023.","format":false,"excerpt":"WIFI set sa roto kamerom U setu dobijate 1 x WIFI snima\u010d 4 kanala 1 x ROTO wifi kamera FULL color 2 MPX 3 x Bullet wifi kamere IMOU 2 MPX 1 x 1 TB HDD Sve to mo\u017eete pratiti putem telefona ili va\u0161eg TV-a Obavje\u0161tenja na telefon o kretanju\u2026","rel":"","context":"Srodne objave","img":{"alt_text":"","src":"https:\/\/i0.wp.com\/astehshop.com\/wp-content\/uploads\/2023\/10\/akcija-imou-865-scaled.jpg?fit=1200%2C686&resize=350%2C200","width":350,"height":200},"classes":[]},{"id":4280,"url":"http:\/\/astehshop.com\/index.php\/product\/wifi-set-4-kamere-1080p-sa-hdd-om\/","url_meta":{"origin":7551,"position":4},"title":"WiFi set 4 kamere 1080P sa HDD-om","date":"31. o\u017eujka 2020.","format":false,"excerpt":"\ud83d\udc4cWi Fi set kamera FULL HD 1080P 430 KM \ud83d\udc49u paketu dolazi 4 x kamera FULL HD 1080P \u26a1\ufe0fSnima\u010d za 4 wi fi kamere \ud83d\udc4chdd 500 GB \ud83d\udda54 x napajanje za kamere. \u2705Jednostavno spajanje, kada uklju\u010dite kameru u struju sama se spaja na snima\u010d i zapo\u010dinje snimanje Nikole Tesle 31a\u2026","rel":"","context":"Srodne objave","img":{"alt_text":"","src":"https:\/\/i0.wp.com\/astehshop.com\/wp-content\/uploads\/2020\/03\/WiFi-set-4-kamere-1080P-sa-HDD-om.jpg?fit=800%2C545&resize=350%2C200","width":350,"height":200},"classes":[]},{"id":3029,"url":"http:\/\/astehshop.com\/index.php\/product\/bezicni-set-4-kamere-snimac-hd-720p\/","url_meta":{"origin":7551,"position":5},"title":"BE\u017dI\u010cNI SET 4 KAMERE + SNIMA\u010c HD 720P","date":"6. velja\u010de 2019.","format":false,"excerpt":"WIFI2004PGE1S100 \u2022 1x KT-NVR2004PGE1W (Hi3520D) \u2022 4 x LBH30S100W4 (OV9732+Hi3518E) \u2022 4CH WIFI NVR & WIFI IP Camera Kit \u2022 IP Camera LBH30S100W: 720P Hisilicon, Outdoor Metal Bullet Case, 30m Night Vision, Support WIFI \u2022 Video Output: 1xHDMI\/ 1xVGA \u2022 Compression Method: H.264 \u2022 Recording Resolution: 1280*720 \u2022 WIFI Range:\u2026","rel":"","context":"Srodne objave","img":{"alt_text":"","src":"https:\/\/i1.wp.com\/astehshop.com\/wp-content\/uploads\/2019\/02\/bezicni-set-4-kamere-snimac-720p.png?fit=800%2C800&resize=350%2C200","width":350,"height":200},"classes":[]}],"_links":{"self":[{"href":"http:\/\/astehshop.com\/index.php\/wp-json\/wp\/v2\/product\/7551"}],"collection":[{"href":"http:\/\/astehshop.com\/index.php\/wp-json\/wp\/v2\/product"}],"about":[{"href":"http:\/\/astehshop.com\/index.php\/wp-json\/wp\/v2\/types\/product"}],"replies":[{"embeddable":true,"href":"http:\/\/astehshop.com\/index.php\/wp-json\/wp\/v2\/comments?post=7551"}],"wp:featuredmedia":[{"embeddable":true,"href":"http:\/\/astehshop.com\/index.php\/wp-json\/wp\/v2\/media\/7552"}],"wp:attachment":[{"href":"http:\/\/astehshop.com\/index.php\/wp-json\/wp\/v2\/media?parent=7551"}],"wp:term":[{"taxonomy":"product_cat","embeddable":true,"href":"http:\/\/astehshop.com\/index.php\/wp-json\/wp\/v2\/product_cat?post=7551"},{"taxonomy":"product_tag","embeddable":true,"href":"http:\/\/astehshop.com\/index.php\/wp-json\/wp\/v2\/product_tag?post=7551"}],"curies":[{"name":"wp","href":"https:\/\/api.w.org\/{rel}","templated":true}]}}