{"id":7547,"date":"2023-04-02T10:23:02","date_gmt":"2023-04-02T08:23:02","guid":{"rendered":"http:\/\/astehshop.com\/?post_type=product&#038;p=7547"},"modified":"2026-01-15T09:52:47","modified_gmt":"2026-01-15T08:52:47","slug":"4-kanalni-wifi-dahua-snimac-nvr1104hs-w-s2","status":"publish","type":"product","link":"http:\/\/astehshop.com\/index.php\/product\/4-kanalni-wifi-dahua-snimac-nvr1104hs-w-s2\/","title":{"rendered":"4 kanalni WIFI Dahua snima\u010d NVR1104HS-W-S2"},"content":{"rendered":"<p>Be\u017ei\u010dni snima\u010d<br \/>\nUklju\u010di i radi<br \/>\nSigurnost je napravljena da bude jednostavna<br \/>\n1080P<br \/>\nH.265<br \/>\nPodr\u0161ka za disk do 16 TB<br \/>\nAuto uparivanje<br \/>\nPodr\u017eava dvosmjerne komunikacije i<br \/>\nONVIF<br \/>\nNove kamere se same uparuju sa snima\u010dem, dodavanje novih kamera ide na klik<br \/>\nMo\u017eete dodati i kamere koje nisu Imou ili Dahua<\/p>\n<p><a href=\"https:\/\/i2.wp.com\/astehshop.com\/wp-content\/uploads\/2023\/04\/0e821bc5-74d7-4ab3-9740-1197b36eeb38.jpg\" data-rel=\"lightbox-image-0\" data-rl_title=\"\" data-rl_caption=\"\" title=\"\"><img data-attachment-id=\"7549\" data-permalink=\"http:\/\/astehshop.com\/?attachment_id=7549\" data-orig-file=\"https:\/\/i2.wp.com\/astehshop.com\/wp-content\/uploads\/2023\/04\/0e821bc5-74d7-4ab3-9740-1197b36eeb38.jpg?fit=1920%2C780\" data-orig-size=\"1920,780\" data-comments-opened=\"1\" data-image-meta=\"{&quot;aperture&quot;:&quot;0&quot;,&quot;credit&quot;:&quot;&quot;,&quot;camera&quot;:&quot;&quot;,&quot;caption&quot;:&quot;&quot;,&quot;created_timestamp&quot;:&quot;0&quot;,&quot;copyright&quot;:&quot;&quot;,&quot;focal_length&quot;:&quot;0&quot;,&quot;iso&quot;:&quot;0&quot;,&quot;shutter_speed&quot;:&quot;0&quot;,&quot;title&quot;:&quot;&quot;,&quot;orientation&quot;:&quot;0&quot;}\" data-image-title=\"0e821bc5-74d7-4ab3-9740-1197b36eeb38\" data-image-description=\"\" data-image-caption=\"\" data-medium-file=\"https:\/\/i2.wp.com\/astehshop.com\/wp-content\/uploads\/2023\/04\/0e821bc5-74d7-4ab3-9740-1197b36eeb38.jpg?fit=450%2C183\" data-large-file=\"https:\/\/i2.wp.com\/astehshop.com\/wp-content\/uploads\/2023\/04\/0e821bc5-74d7-4ab3-9740-1197b36eeb38.jpg?fit=1024%2C416\" decoding=\"async\" loading=\"lazy\" class=\"alignnone size-medium wp-image-7549\" src=\"https:\/\/i2.wp.com\/astehshop.com\/wp-content\/uploads\/2023\/04\/0e821bc5-74d7-4ab3-9740-1197b36eeb38.jpg?resize=450%2C183\" alt=\"\" width=\"450\" height=\"183\" srcset=\"https:\/\/i2.wp.com\/astehshop.com\/wp-content\/uploads\/2023\/04\/0e821bc5-74d7-4ab3-9740-1197b36eeb38.jpg?resize=450%2C183 450w, https:\/\/i2.wp.com\/astehshop.com\/wp-content\/uploads\/2023\/04\/0e821bc5-74d7-4ab3-9740-1197b36eeb38.jpg?resize=1024%2C416 1024w, https:\/\/i2.wp.com\/astehshop.com\/wp-content\/uploads\/2023\/04\/0e821bc5-74d7-4ab3-9740-1197b36eeb38.jpg?resize=768%2C312 768w, https:\/\/i2.wp.com\/astehshop.com\/wp-content\/uploads\/2023\/04\/0e821bc5-74d7-4ab3-9740-1197b36eeb38.jpg?resize=1536%2C624 1536w, https:\/\/i2.wp.com\/astehshop.com\/wp-content\/uploads\/2023\/04\/0e821bc5-74d7-4ab3-9740-1197b36eeb38.jpg?resize=300%2C122 300w, https:\/\/i2.wp.com\/astehshop.com\/wp-content\/uploads\/2023\/04\/0e821bc5-74d7-4ab3-9740-1197b36eeb38.jpg?resize=1170%2C475 1170w, https:\/\/i2.wp.com\/astehshop.com\/wp-content\/uploads\/2023\/04\/0e821bc5-74d7-4ab3-9740-1197b36eeb38.jpg?resize=600%2C244 600w, https:\/\/i2.wp.com\/astehshop.com\/wp-content\/uploads\/2023\/04\/0e821bc5-74d7-4ab3-9740-1197b36eeb38.jpg?w=1920 1920w\" sizes=\"(max-width: 450px) 100vw, 450px\" data-recalc-dims=\"1\" \/><\/a><\/p>\n<p><iframe loading=\"lazy\"  id=\"_ytid_72065\"  width=\"480\" height=\"270\"  data-origwidth=\"480\" data-origheight=\"270\"  src=\"https:\/\/www.youtube.com\/embed\/9-AyWcIwX_E?enablejsapi=1&#038;autoplay=0&#038;cc_load_policy=0&#038;cc_lang_pref=&#038;iv_load_policy=1&#038;loop=0&#038;modestbranding=0&#038;rel=1&#038;fs=1&#038;playsinline=0&#038;autohide=2&#038;theme=dark&#038;color=red&#038;controls=1&#038;\" class=\"__youtube_prefs__  epyt-is-override  no-lazyload\" title=\"YouTube player\"  allow=\"autoplay; encrypted-media\" allowfullscreen data-no-lazy=\"1\" data-skipgform_ajax_framebjll=\"\"><\/iframe><\/p>\n<p><iframe loading=\"lazy\"  id=\"_ytid_18860\"  width=\"480\" height=\"270\"  data-origwidth=\"480\" data-origheight=\"270\"  src=\"https:\/\/www.youtube.com\/embed\/WuT2Jr-HZq8?enablejsapi=1&#038;autoplay=0&#038;cc_load_policy=0&#038;cc_lang_pref=&#038;iv_load_policy=1&#038;loop=0&#038;modestbranding=0&#038;rel=1&#038;fs=1&#038;playsinline=0&#038;autohide=2&#038;theme=dark&#038;color=red&#038;controls=1&#038;\" class=\"__youtube_prefs__  epyt-is-override  no-lazyload\" title=\"YouTube player\"  allow=\"autoplay; encrypted-media\" allowfullscreen data-no-lazy=\"1\" data-skipgform_ajax_framebjll=\"\"><\/iframe><\/p>\n<p>&nbsp;<\/p>\n","protected":false},"excerpt":{"rendered":"<p>Be\u017ei\u010dni snima\u010d<br \/>\nUklju\u010di i radi<br \/>\nSigurnost je napravljena da bude jednostavna<br \/>\n1080P<br \/>\nH.265<br \/>\nPodr\u0161ka za disk do 16 TB<br \/>\nAuto uparivanje<br \/>\nPodr\u017eava dvosmjerne komunikacije i<br \/>\nONVIF<br \/>\nNove kamere se same uparuju sa snima\u010dem, dodavanje novih kamera ide na klik<br \/>\nMo\u017eete dodati i kamere koje nisu Imou ili Dahua<\/p>\n<p><a href=\"http:\/\/astehshop.com\/wp-content\/uploads\/2023\/04\/0e821bc5-74d7-4ab3-9740-1197b36eeb38.jpg\"><img decoding=\"async\" loading=\"lazy\" class=\"alignnone size-medium wp-image-7549\" src=\"http:\/\/astehshop.com\/wp-content\/uploads\/2023\/04\/0e821bc5-74d7-4ab3-9740-1197b36eeb38-450x183.jpg\" alt=\"\" width=\"450\" height=\"183\" srcset=\"https:\/\/i2.wp.com\/astehshop.com\/wp-content\/uploads\/2023\/04\/0e821bc5-74d7-4ab3-9740-1197b36eeb38.jpg?resize=450%2C183 450w, https:\/\/i2.wp.com\/astehshop.com\/wp-content\/uploads\/2023\/04\/0e821bc5-74d7-4ab3-9740-1197b36eeb38.jpg?resize=1024%2C416 1024w, https:\/\/i2.wp.com\/astehshop.com\/wp-content\/uploads\/2023\/04\/0e821bc5-74d7-4ab3-9740-1197b36eeb38.jpg?resize=768%2C312 768w, https:\/\/i2.wp.com\/astehshop.com\/wp-content\/uploads\/2023\/04\/0e821bc5-74d7-4ab3-9740-1197b36eeb38.jpg?resize=1536%2C624 1536w, https:\/\/i2.wp.com\/astehshop.com\/wp-content\/uploads\/2023\/04\/0e821bc5-74d7-4ab3-9740-1197b36eeb38.jpg?resize=300%2C122 300w, https:\/\/i2.wp.com\/astehshop.com\/wp-content\/uploads\/2023\/04\/0e821bc5-74d7-4ab3-9740-1197b36eeb38.jpg?resize=1170%2C475 1170w, https:\/\/i2.wp.com\/astehshop.com\/wp-content\/uploads\/2023\/04\/0e821bc5-74d7-4ab3-9740-1197b36eeb38.jpg?resize=600%2C244 600w, https:\/\/i2.wp.com\/astehshop.com\/wp-content\/uploads\/2023\/04\/0e821bc5-74d7-4ab3-9740-1197b36eeb38.jpg?w=1920 1920w\" sizes=\"(max-width: 450px) 100vw, 450px\" \/><\/a><\/p>\n<p>https:\/\/www.youtube.com\/watch?v=9-AyWcIwX_E<\/p>\n<p>https:\/\/www.youtube.com\/watch?v=WuT2Jr-HZq8<\/p>\n<p>&nbsp;<\/p>\n","protected":false},"featured_media":7548,"comment_status":"open","ping_status":"closed","template":"","meta":{"_mi_skip_tracking":false,"_exactmetrics_sitenote_active":false,"_exactmetrics_sitenote_note":"","_exactmetrics_sitenote_category":0,"spay_email":""},"product_cat":[1558],"product_tag":[1189,1566,933,5385,2962,2994,6344,5313,5311,6353,5310,6351,2904,6350,1562,474,251,6352,5312,1958],"brands":[{"id":2045,"name":"Dahua","slug":"dahua"}],"df_price":"","df_sale_price":"","df_regular_price":"","df_image_link":"https:\/\/i1.wp.com\/astehshop.com\/wp-content\/uploads\/2023\/04\/NVR1104HS-W-S2.png?fit=450%2C417","jetpack_publicize_connections":[],"jetpack_sharing_enabled":true,"jetpack_likes_enabled":true,"jetpack-related-posts":[{"id":7550,"url":"http:\/\/astehshop.com\/index.php\/product\/8-kanalni-wifi-snimac-imou-dahua-nvr1108hs-w-s2\/","url_meta":{"origin":7547,"position":0},"title":"8 Kanalni WIFI snima\u010d Imou Dahua NVR1108HS-W-S2","date":"2. travnja 2023.","format":false,"excerpt":"Be\u017ei\u010dni snima\u010d Uklju\u010di i radi Sigurnost je napravljena da bude jednostavna 1080P H.265 Podr\u0161ka za disk do 16 TB Auto uparivanje Podr\u017eava dvosmjerne komunikacije i ONVIF Nove kamere se same uparuju sa snima\u010dem, dodavanje novih kamera ide na klik Mo\u017eete dodati i kamere koje nisu Imou ili Dahua","rel":"","context":"Srodne objave","img":{"alt_text":"","src":"https:\/\/i1.wp.com\/astehshop.com\/wp-content\/uploads\/2023\/04\/NVR1104HS-W-S2.png?fit=568%2C526&resize=350%2C200","width":350,"height":200},"classes":[]},{"id":7551,"url":"http:\/\/astehshop.com\/index.php\/product\/dahua-imou-wifi-set-sa-4-kamere-i-diskom\/","url_meta":{"origin":7547,"position":1},"title":"Dahua IMOU wifi set sa 4 kamere i diskom","date":"2. travnja 2023.","format":false,"excerpt":"Be\u017ei\u010dni sigurnosni sistem Samo uklji\u010di i radi 1 x WIFI snima\u010d 4 x 2 MPX kamere 1 x 1 TB HD Auto uparivanje Jednostavno upravljanje vodootporne Odli\u010dne wifi performanse Alarmne notifikacije","rel":"","context":"Srodne objave","img":{"alt_text":"","src":"https:\/\/i1.wp.com\/astehshop.com\/wp-content\/uploads\/2023\/04\/imou-set.jpg?fit=1200%2C948&resize=350%2C200","width":350,"height":200},"classes":[]},{"id":5207,"url":"http:\/\/astehshop.com\/index.php\/product\/wifi-roto-kamera-dahua-imou-cruiser-4-mp\/","url_meta":{"origin":7547,"position":2},"title":"WIFI ROTO KAMERA DAHUA IMOU CRUISER 4 MP","date":"9. listopada 2021.","format":false,"excerpt":"Roto kamera Vanjska Wifi 2 antene mikro sd slot Dvosmjerni audio detekcija ljudi Ugradjen spotlight i sirena 4 MPx h265 kompresija IP66 vodootporna Detekcija ljudi i automatsko slanje notifikacija Detekcija pokreta u odredjenom regionu 110 db sirena Ugradjen hotspot \/ moze da radi cak iako nema interneta Jer mi testiramo\u2026","rel":"","context":"Srodne objave","img":{"alt_text":"","src":"https:\/\/i1.wp.com\/astehshop.com\/wp-content\/uploads\/2021\/10\/Dahua-Imou-Cruiser-4MP-Full-Color-Wi-Fi-Camera-H-265-PTZ-Outdoor-IP66-Weatherproof-Audio.png?fit=1200%2C1151&resize=350%2C200","width":350,"height":200},"classes":[]},{"id":8471,"url":"http:\/\/astehshop.com\/index.php\/product\/dahua-ip-set-4-kamere-full-hd-899-km\/","url_meta":{"origin":7547,"position":3},"title":"Dahua IP set 4 kamere FULL HD 899 KM","date":"26. listopada 2023.","format":false,"excerpt":"U setu dobijate 1 x Dahua 4 kanalni POE snima\u010d 4 x Bullet 2 MPX kamere IMOU 2 MPX sa integrisanim mikrofonom 1 x 1 TB HDD 4 x gotova kabla po 20 M CAT6 Sve kontroli\u0161ite putem aplikacije DMSS 1 x Naljepnica www.technoshopbn.com Nikole Tesle 31a Bijeljina 055 422\u2026","rel":"","context":"Srodne objave","img":{"alt_text":"","src":"https:\/\/i2.wp.com\/astehshop.com\/wp-content\/uploads\/2023\/10\/dahua-imou-set-1-scaled.jpg?fit=1200%2C686&resize=350%2C200","width":350,"height":200},"classes":[]},{"id":8277,"url":"http:\/\/astehshop.com\/index.php\/product\/dahua-imou-ipc-f42p\/","url_meta":{"origin":7547,"position":4},"title":"Dahua Imou IPC-F42P","date":"1. listopada 2023.","format":false,"excerpt":"IP WiFi 4MP Bullet IC kamera; Imou Bullet 2C-D; IC 30m, 2.8mm, mikrofon, microSD card slot, plastika, IP67. IP WiFi 4MP Bullet IC kamera. 1\/2.7\u201d CMOS, progresivno skeniranje. Efektivni broj piksela 2560 x 1440. Fiksni objektiv 2.8mm (vidni ugao 106\u00b0 horizontalno). Opciono 3.6mm ili 6mm (vidni ugao 92\u00b0 ili 55\u00b0).\u2026","rel":"","context":"Srodne objave","img":{"alt_text":"","src":"https:\/\/i1.wp.com\/astehshop.com\/wp-content\/uploads\/2023\/10\/ipc-f42p.ipc-f42n.png?fit=738%2C637&resize=350%2C200","width":350,"height":200},"classes":[]},{"id":7865,"url":"http:\/\/astehshop.com\/index.php\/product\/full-color-dahua-ip-set-komplet-4-mpx\/","url_meta":{"origin":7547,"position":5},"title":"Full Color DAHUA IP SET komplet 4 MPX","date":"1. lipnja 2023.","format":false,"excerpt":"U setu dobijate 4 x 4 MPX IP KAMERE FULL COLOR Dual Light wizsense sa detekcijom ljudi i vozila mo\u017ee da snima i na mikro sd karticu 4 kanalni POE snimac 1 TB HDD www.technoshopbn.com","rel":"","context":"Srodne objave","img":{"alt_text":"","src":"https:\/\/i2.wp.com\/astehshop.com\/wp-content\/uploads\/2023\/06\/dahua-full-color-set-1199-scaled.jpg?fit=1200%2C685&resize=350%2C200","width":350,"height":200},"classes":[]}],"_links":{"self":[{"href":"http:\/\/astehshop.com\/index.php\/wp-json\/wp\/v2\/product\/7547"}],"collection":[{"href":"http:\/\/astehshop.com\/index.php\/wp-json\/wp\/v2\/product"}],"about":[{"href":"http:\/\/astehshop.com\/index.php\/wp-json\/wp\/v2\/types\/product"}],"replies":[{"embeddable":true,"href":"http:\/\/astehshop.com\/index.php\/wp-json\/wp\/v2\/comments?post=7547"}],"wp:featuredmedia":[{"embeddable":true,"href":"http:\/\/astehshop.com\/index.php\/wp-json\/wp\/v2\/media\/7548"}],"wp:attachment":[{"href":"http:\/\/astehshop.com\/index.php\/wp-json\/wp\/v2\/media?parent=7547"}],"wp:term":[{"taxonomy":"product_cat","embeddable":true,"href":"http:\/\/astehshop.com\/index.php\/wp-json\/wp\/v2\/product_cat?post=7547"},{"taxonomy":"product_tag","embeddable":true,"href":"http:\/\/astehshop.com\/index.php\/wp-json\/wp\/v2\/product_tag?post=7547"}],"curies":[{"name":"wp","href":"https:\/\/api.w.org\/{rel}","templated":true}]}}