{"id":7546,"date":"2023-04-02T10:12:57","date_gmt":"2023-04-02T08:12:57","guid":{"rendered":"http:\/\/astehshop.com\/?post_type=product&#038;p=7546"},"modified":"2026-01-15T09:52:48","modified_gmt":"2026-01-15T08:52:48","slug":"dahua-imou-cruiser-4-mpx-ipc-s42fp-roto-full-color-kamera","status":"publish","type":"product","link":"http:\/\/astehshop.com\/index.php\/product\/dahua-imou-cruiser-4-mpx-ipc-s42fp-roto-full-color-kamera\/","title":{"rendered":"Dahua Imou Cruiser 4 MPX IPC-S42FP roto FULL color kamera + gratis 64 GB kartica"},"content":{"rendered":"<p>Imou Cruiser 4 MPX<br \/>\nSlika u boji uvijek ako to \u017eelite<br \/>\npra\u0107enje<br \/>\ndetekcija ljudi<br \/>\ndvosmjerna komunikacija<br \/>\nsirena<br \/>\ndupla antena<br \/>\n8 x digitalni zum<br \/>\nSnimanje na mikro sd karticu ili na cloud<br \/>\nPri\u010dajte sa va\u0161om djecom ma gdje da se nalazite<\/p>\n<p>Cruiser 4MP pru\u017ea pra\u0107enje u\u017eivo od 4MP sa izborom opcije objektiva od 3,6mm\/6mm, sa 4MP QHD pra\u0107enjem u\u017eivo i 0~355\u00b0 pan &amp; 0~90\u00b0tilt funkcijama, Cruiser osigurava da svaki kutak va\u0161eg doma bude potpuno pokriven. Podr\u017eava \u010detiri re\u017eima no\u0107nog vida za jasno\u0107u poput dana \u010dak i u mrklom mraku. Sa IP66 certifikatom, kamera se mo\u017ee koristiti na otvorenom u razli\u010ditim vremenskim uvjetima. Sa ugra\u0111enim reflektorom i sigurnosnom sirenom od 110 dB, Cruiser aktivno dr\u017ei nepo\u017eeljne posjetitelje podalje od onoga do \u010dega vam je stalo.<\/p>\n<p>H.265 4MP QHD &#8211; Vidite vi\u0161e od 1080P<\/p>\n<p>Aktivno odvra\u0107anje &#8211; Upla\u0161ite ne\u017eeljene posjetitelje ugra\u0111enim reflektorom i sigurnosnom sirenom od 110 dB<\/p>\n<p>Raznovrsna pohrana &#8211; Podr\u017eava NVR, Cloud Storage ili Micro SD karticu (do 256 GB)<\/p>\n<p>Pametno pra\u0107enje &#8211; Automatski prati pokretne objekte<\/p>\n<p>Detekcija ljudi &#8211; Brzo prona\u0111ite ljudske mete u svom domu<\/p>\n<p>IP66 &#8211; Otporan na vremenske uslove od pra\u0161ine i vode<\/p>\n<p>Obavijest o alarmu &#8211; \u0160alje trenutna upozorenja aktivirana pokretom na va\u0161 mobilni telefon<\/p>\n<p>Pametni no\u0107ni vid u boji &#8211; Podr\u017eava no\u0107ni vid sa \u010detiri na\u010dina rada za jasno\u0107u kao dan \u010dak i u mrklom mraku<\/p>\n<p>Dvosmjerni razgovor &#8211; Komunicirajte u realnom vremenu s ljudima pred kamerom<\/p>\n<p>Wi-Fi veza &#8211; IEEE802.11b\/g\/n (2,4GHz)<\/p>\n<p>Ostanite blizu onoga \u0161to vam je stalo<br \/>\nUz Cloud uslugu, imat \u0107ete pristup onome \u0161to vam je stalo sve dok je internet dostupan. Mo\u017eete snimati dnevne ili pokretne video zapise na oblaku i reproducirati ih bilo kada i bilo gdje.<\/p>\n<p><iframe loading=\"lazy\"  id=\"_ytid_36854\"  width=\"480\" height=\"270\"  data-origwidth=\"480\" data-origheight=\"270\"  src=\"https:\/\/www.youtube.com\/embed\/4PgGyvrS4EM?enablejsapi=1&#038;autoplay=0&#038;cc_load_policy=0&#038;cc_lang_pref=&#038;iv_load_policy=1&#038;loop=0&#038;modestbranding=0&#038;rel=1&#038;fs=1&#038;playsinline=0&#038;autohide=2&#038;theme=dark&#038;color=red&#038;controls=1&#038;\" class=\"__youtube_prefs__  epyt-is-override  no-lazyload\" title=\"YouTube player\"  allow=\"autoplay; encrypted-media\" allowfullscreen data-no-lazy=\"1\" data-skipgform_ajax_framebjll=\"\"><\/iframe><\/p>\n<p>&nbsp;<\/p>\n<p><a href=\"https:\/\/i1.wp.com\/astehshop.com\/wp-content\/uploads\/2023\/04\/pricaj-sa-djecom-cruiser.png\" data-rel=\"lightbox-image-0\" data-rl_title=\"\" data-rl_caption=\"\" title=\"\"><img data-attachment-id=\"7542\" data-permalink=\"http:\/\/astehshop.com\/?attachment_id=7542\" data-orig-file=\"https:\/\/i1.wp.com\/astehshop.com\/wp-content\/uploads\/2023\/04\/pricaj-sa-djecom-cruiser.png?fit=1920%2C902\" data-orig-size=\"1920,902\" data-comments-opened=\"1\" data-image-meta=\"{&quot;aperture&quot;:&quot;0&quot;,&quot;credit&quot;:&quot;&quot;,&quot;camera&quot;:&quot;&quot;,&quot;caption&quot;:&quot;&quot;,&quot;created_timestamp&quot;:&quot;0&quot;,&quot;copyright&quot;:&quot;&quot;,&quot;focal_length&quot;:&quot;0&quot;,&quot;iso&quot;:&quot;0&quot;,&quot;shutter_speed&quot;:&quot;0&quot;,&quot;title&quot;:&quot;&quot;,&quot;orientation&quot;:&quot;0&quot;}\" data-image-title=\"pricaj sa djecom cruiser\" data-image-description=\"\" data-image-caption=\"\" data-medium-file=\"https:\/\/i1.wp.com\/astehshop.com\/wp-content\/uploads\/2023\/04\/pricaj-sa-djecom-cruiser.png?fit=450%2C211\" data-large-file=\"https:\/\/i1.wp.com\/astehshop.com\/wp-content\/uploads\/2023\/04\/pricaj-sa-djecom-cruiser.png?fit=1024%2C481\" decoding=\"async\" loading=\"lazy\" class=\"alignnone size-medium wp-image-7542\" src=\"https:\/\/i1.wp.com\/astehshop.com\/wp-content\/uploads\/2023\/04\/pricaj-sa-djecom-cruiser.png?resize=450%2C211\" alt=\"\" width=\"450\" height=\"211\" srcset=\"https:\/\/i1.wp.com\/astehshop.com\/wp-content\/uploads\/2023\/04\/pricaj-sa-djecom-cruiser.png?resize=450%2C211 450w, https:\/\/i1.wp.com\/astehshop.com\/wp-content\/uploads\/2023\/04\/pricaj-sa-djecom-cruiser.png?resize=1024%2C481 1024w, https:\/\/i1.wp.com\/astehshop.com\/wp-content\/uploads\/2023\/04\/pricaj-sa-djecom-cruiser.png?resize=768%2C361 768w, https:\/\/i1.wp.com\/astehshop.com\/wp-content\/uploads\/2023\/04\/pricaj-sa-djecom-cruiser.png?resize=1536%2C722 1536w, https:\/\/i1.wp.com\/astehshop.com\/wp-content\/uploads\/2023\/04\/pricaj-sa-djecom-cruiser.png?resize=300%2C141 300w, https:\/\/i1.wp.com\/astehshop.com\/wp-content\/uploads\/2023\/04\/pricaj-sa-djecom-cruiser.png?resize=1170%2C550 1170w, https:\/\/i1.wp.com\/astehshop.com\/wp-content\/uploads\/2023\/04\/pricaj-sa-djecom-cruiser.png?resize=600%2C282 600w, https:\/\/i1.wp.com\/astehshop.com\/wp-content\/uploads\/2023\/04\/pricaj-sa-djecom-cruiser.png?w=1920 1920w\" sizes=\"(max-width: 450px) 100vw, 450px\" data-recalc-dims=\"1\" \/><\/a><\/p>\n<p><a href=\"https:\/\/i0.wp.com\/astehshop.com\/wp-content\/uploads\/2023\/04\/527bf79b-8a47-4a5d-9fa0-0c7d11768ec1.jpg\" data-rel=\"lightbox-image-1\" data-rl_title=\"\" data-rl_caption=\"\" title=\"\"><img data-attachment-id=\"7543\" data-permalink=\"http:\/\/astehshop.com\/?attachment_id=7543\" data-orig-file=\"https:\/\/i0.wp.com\/astehshop.com\/wp-content\/uploads\/2023\/04\/527bf79b-8a47-4a5d-9fa0-0c7d11768ec1.jpg?fit=1920%2C900\" data-orig-size=\"1920,900\" data-comments-opened=\"1\" data-image-meta=\"{&quot;aperture&quot;:&quot;0&quot;,&quot;credit&quot;:&quot;&quot;,&quot;camera&quot;:&quot;&quot;,&quot;caption&quot;:&quot;&quot;,&quot;created_timestamp&quot;:&quot;0&quot;,&quot;copyright&quot;:&quot;&quot;,&quot;focal_length&quot;:&quot;0&quot;,&quot;iso&quot;:&quot;0&quot;,&quot;shutter_speed&quot;:&quot;0&quot;,&quot;title&quot;:&quot;&quot;,&quot;orientation&quot;:&quot;0&quot;}\" data-image-title=\"527bf79b-8a47-4a5d-9fa0-0c7d11768ec1\" data-image-description=\"\" data-image-caption=\"\" data-medium-file=\"https:\/\/i0.wp.com\/astehshop.com\/wp-content\/uploads\/2023\/04\/527bf79b-8a47-4a5d-9fa0-0c7d11768ec1.jpg?fit=450%2C211\" data-large-file=\"https:\/\/i0.wp.com\/astehshop.com\/wp-content\/uploads\/2023\/04\/527bf79b-8a47-4a5d-9fa0-0c7d11768ec1.jpg?fit=1024%2C480\" decoding=\"async\" loading=\"lazy\" class=\"alignnone size-medium wp-image-7543\" src=\"https:\/\/i0.wp.com\/astehshop.com\/wp-content\/uploads\/2023\/04\/527bf79b-8a47-4a5d-9fa0-0c7d11768ec1.jpg?resize=450%2C211\" alt=\"\" width=\"450\" height=\"211\" srcset=\"https:\/\/i0.wp.com\/astehshop.com\/wp-content\/uploads\/2023\/04\/527bf79b-8a47-4a5d-9fa0-0c7d11768ec1.jpg?resize=450%2C211 450w, https:\/\/i0.wp.com\/astehshop.com\/wp-content\/uploads\/2023\/04\/527bf79b-8a47-4a5d-9fa0-0c7d11768ec1.jpg?resize=1024%2C480 1024w, https:\/\/i0.wp.com\/astehshop.com\/wp-content\/uploads\/2023\/04\/527bf79b-8a47-4a5d-9fa0-0c7d11768ec1.jpg?resize=768%2C360 768w, https:\/\/i0.wp.com\/astehshop.com\/wp-content\/uploads\/2023\/04\/527bf79b-8a47-4a5d-9fa0-0c7d11768ec1.jpg?resize=1536%2C720 1536w, https:\/\/i0.wp.com\/astehshop.com\/wp-content\/uploads\/2023\/04\/527bf79b-8a47-4a5d-9fa0-0c7d11768ec1.jpg?resize=300%2C141 300w, https:\/\/i0.wp.com\/astehshop.com\/wp-content\/uploads\/2023\/04\/527bf79b-8a47-4a5d-9fa0-0c7d11768ec1.jpg?resize=1170%2C548 1170w, https:\/\/i0.wp.com\/astehshop.com\/wp-content\/uploads\/2023\/04\/527bf79b-8a47-4a5d-9fa0-0c7d11768ec1.jpg?resize=600%2C281 600w, https:\/\/i0.wp.com\/astehshop.com\/wp-content\/uploads\/2023\/04\/527bf79b-8a47-4a5d-9fa0-0c7d11768ec1.jpg?w=1920 1920w\" sizes=\"(max-width: 450px) 100vw, 450px\" data-recalc-dims=\"1\" \/><\/a><\/p>\n","protected":false},"excerpt":{"rendered":"<p>Imou Cruiser 4 MPX<br \/>\nSlika u boji uvijek ako to \u017eelite<br \/>\npra\u0107enje<br \/>\ndetekcija ljudi<br \/>\ndvosmjerna komunikacija<br \/>\nsirena<br \/>\ndupla antena<br \/>\n8 x digitalni zum<br \/>\nSnimanje na mikro sd karticu ili na cloud<br \/>\nPri\u010dajte sa va\u0161om djecom ma gdje da se nalazite<\/p>\n<p>Cruiser 4MP pru\u017ea pra\u0107enje u\u017eivo od 4MP sa izborom opcije objektiva od 3,6mm\/6mm, sa 4MP QHD pra\u0107enjem u\u017eivo i 0~355\u00b0 pan &amp; 0~90\u00b0tilt funkcijama, Cruiser osigurava da svaki kutak va\u0161eg doma bude potpuno pokriven. Podr\u017eava \u010detiri re\u017eima no\u0107nog vida za jasno\u0107u poput dana \u010dak i u mrklom mraku. Sa IP66 certifikatom, kamera se mo\u017ee koristiti na otvorenom u razli\u010ditim vremenskim uvjetima. Sa ugra\u0111enim reflektorom i sigurnosnom sirenom od 110 dB, Cruiser aktivno dr\u017ei nepo\u017eeljne posjetitelje podalje od onoga do \u010dega vam je stalo.<\/p>\n<p>H.265 4MP QHD &#8211; Vidite vi\u0161e od 1080P<\/p>\n<p>Aktivno odvra\u0107anje &#8211; Upla\u0161ite ne\u017eeljene posjetitelje ugra\u0111enim reflektorom i sigurnosnom sirenom od 110 dB<\/p>\n<p>Raznovrsna pohrana &#8211; Podr\u017eava NVR, Cloud Storage ili Micro SD karticu (do 256 GB)<\/p>\n<p>Pametno pra\u0107enje &#8211; Automatski prati pokretne objekte<\/p>\n<p>Detekcija ljudi &#8211; Brzo prona\u0111ite ljudske mete u svom domu<\/p>\n<p>IP66 &#8211; Otporan na vremenske uslove od pra\u0161ine i vode<\/p>\n<p>Obavijest o alarmu &#8211; \u0160alje trenutna upozorenja aktivirana pokretom na va\u0161 mobilni telefon<\/p>\n<p>Pametni no\u0107ni vid u boji &#8211; Podr\u017eava no\u0107ni vid sa \u010detiri na\u010dina rada za jasno\u0107u kao dan \u010dak i u mrklom mraku<\/p>\n<p>Dvosmjerni razgovor &#8211; Komunicirajte u realnom vremenu s ljudima pred kamerom<\/p>\n<p>Wi-Fi veza &#8211; IEEE802.11b\/g\/n (2,4GHz)<\/p>\n<p>Ostanite blizu onoga \u0161to vam je stalo<br \/>\nUz Cloud uslugu, imat \u0107ete pristup onome \u0161to vam je stalo sve dok je internet dostupan. Mo\u017eete snimati dnevne ili pokretne video zapise na oblaku i reproducirati ih bilo kada i bilo gdje.<\/p>\n<p>https:\/\/www.youtube.com\/watch?v=4PgGyvrS4EM&amp;t=3s<\/p>\n<p><a href=\"http:\/\/astehshop.com\/wp-content\/uploads\/2023\/04\/pricaj-sa-djecom-cruiser.png\"><img decoding=\"async\" loading=\"lazy\" class=\"alignnone size-medium wp-image-7542\" src=\"http:\/\/astehshop.com\/wp-content\/uploads\/2023\/04\/pricaj-sa-djecom-cruiser-450x211.png\" alt=\"\" width=\"450\" height=\"211\" srcset=\"https:\/\/i1.wp.com\/astehshop.com\/wp-content\/uploads\/2023\/04\/pricaj-sa-djecom-cruiser.png?resize=450%2C211 450w, https:\/\/i1.wp.com\/astehshop.com\/wp-content\/uploads\/2023\/04\/pricaj-sa-djecom-cruiser.png?resize=1024%2C481 1024w, https:\/\/i1.wp.com\/astehshop.com\/wp-content\/uploads\/2023\/04\/pricaj-sa-djecom-cruiser.png?resize=768%2C361 768w, https:\/\/i1.wp.com\/astehshop.com\/wp-content\/uploads\/2023\/04\/pricaj-sa-djecom-cruiser.png?resize=1536%2C722 1536w, https:\/\/i1.wp.com\/astehshop.com\/wp-content\/uploads\/2023\/04\/pricaj-sa-djecom-cruiser.png?resize=300%2C141 300w, https:\/\/i1.wp.com\/astehshop.com\/wp-content\/uploads\/2023\/04\/pricaj-sa-djecom-cruiser.png?resize=1170%2C550 1170w, https:\/\/i1.wp.com\/astehshop.com\/wp-content\/uploads\/2023\/04\/pricaj-sa-djecom-cruiser.png?resize=600%2C282 600w, https:\/\/i1.wp.com\/astehshop.com\/wp-content\/uploads\/2023\/04\/pricaj-sa-djecom-cruiser.png?w=1920 1920w\" sizes=\"(max-width: 450px) 100vw, 450px\" \/><\/a><\/p>\n<p><a href=\"http:\/\/astehshop.com\/wp-content\/uploads\/2023\/04\/527bf79b-8a47-4a5d-9fa0-0c7d11768ec1.jpg\"><img decoding=\"async\" loading=\"lazy\" class=\"alignnone size-medium wp-image-7543\" src=\"http:\/\/astehshop.com\/wp-content\/uploads\/2023\/04\/527bf79b-8a47-4a5d-9fa0-0c7d11768ec1-450x211.jpg\" alt=\"\" width=\"450\" height=\"211\" srcset=\"https:\/\/i0.wp.com\/astehshop.com\/wp-content\/uploads\/2023\/04\/527bf79b-8a47-4a5d-9fa0-0c7d11768ec1.jpg?resize=450%2C211 450w, https:\/\/i0.wp.com\/astehshop.com\/wp-content\/uploads\/2023\/04\/527bf79b-8a47-4a5d-9fa0-0c7d11768ec1.jpg?resize=1024%2C480 1024w, https:\/\/i0.wp.com\/astehshop.com\/wp-content\/uploads\/2023\/04\/527bf79b-8a47-4a5d-9fa0-0c7d11768ec1.jpg?resize=768%2C360 768w, https:\/\/i0.wp.com\/astehshop.com\/wp-content\/uploads\/2023\/04\/527bf79b-8a47-4a5d-9fa0-0c7d11768ec1.jpg?resize=1536%2C720 1536w, https:\/\/i0.wp.com\/astehshop.com\/wp-content\/uploads\/2023\/04\/527bf79b-8a47-4a5d-9fa0-0c7d11768ec1.jpg?resize=300%2C141 300w, https:\/\/i0.wp.com\/astehshop.com\/wp-content\/uploads\/2023\/04\/527bf79b-8a47-4a5d-9fa0-0c7d11768ec1.jpg?resize=1170%2C548 1170w, https:\/\/i0.wp.com\/astehshop.com\/wp-content\/uploads\/2023\/04\/527bf79b-8a47-4a5d-9fa0-0c7d11768ec1.jpg?resize=600%2C281 600w, https:\/\/i0.wp.com\/astehshop.com\/wp-content\/uploads\/2023\/04\/527bf79b-8a47-4a5d-9fa0-0c7d11768ec1.jpg?w=1920 1920w\" sizes=\"(max-width: 450px) 100vw, 450px\" \/><\/a><\/p>\n","protected":false},"featured_media":8621,"comment_status":"open","ping_status":"closed","template":"","meta":{"_mi_skip_tracking":false,"_exactmetrics_sitenote_active":false,"_exactmetrics_sitenote_note":"","_exactmetrics_sitenote_category":0,"spay_email":""},"product_cat":[135],"product_tag":[539,3165,2994,2963,2999,2986,3002,5309,471,3207],"brands":[{"id":2045,"name":"Dahua","slug":"dahua"}],"df_price":"","df_sale_price":"","df_regular_price":"","df_image_link":"https:\/\/i1.wp.com\/astehshop.com\/wp-content\/uploads\/2023\/04\/cruiser-4-mpx-sa-gratis-memorijskom-1.jpg?fit=450%2C423","jetpack_publicize_connections":[],"jetpack_sharing_enabled":true,"jetpack_likes_enabled":true,"jetpack-related-posts":[{"id":9426,"url":"http:\/\/astehshop.com\/index.php\/product\/imou-wifi-kamera-cruiser-2-ipc-gs7ep-5mowe\/","url_meta":{"origin":7546,"position":0},"title":"Imou wifi kamera Cruiser 2 ipc-gs7ep-5mowe","date":"23. lipnja 2024.","format":false,"excerpt":"Cruiser pru\u017ea pra\u0107enje u\u017eivo od 5MP sa izborom 3,6mm objektiva, sa 5MP 3K pra\u0107enjem u\u017eivo i 0~340\u00b0 pan & 0~90\u00b0tilt funkcijama, Cruiser 2 5MP osigurava da svaki kutak va\u0161eg doma bude potpuno pokriven. Podr\u017eava \u010detiri re\u017eima no\u0107nog vida za jasno\u0107u poput dana \u010dak i u mrklom mraku. Sa IP66 certifikatom,\u2026","rel":"","context":"Srodne objave","img":{"alt_text":"","src":"https:\/\/i0.wp.com\/astehshop.com\/wp-content\/uploads\/2024\/06\/52875_camera_ngoai_troi_ip_wifi_imou_ipc_gs7ep_5m0we_5mp_406f91045c8245b38982b4bf2a11ad65_master.jpg?fit=600%2C600&resize=350%2C200","width":350,"height":200},"classes":[]},{"id":9959,"url":"http:\/\/astehshop.com\/index.php\/product\/ipc-a42p-l-imou-wifi-roto-kamera\/","url_meta":{"origin":7546,"position":1},"title":"IPC-A42P-L Imou WIFI roto kamera","date":"16. o\u017eujka 2025.","format":false,"excerpt":"4MP QHD pra\u0107enjem u\u017eivo i zna\u010dajkama paniranja od 0~355\u00b0 i -5~80\u00b0nagiba, Ranger 2 4MP osigurava potpuno pokrivanje svakog kutka va\u0161eg doma. Human Detection brzo pronalazi ljude na slikama i odmah vam \u0161alje obavijest. Privacy Mode poma\u017ee u za\u0161titi va\u0161e osobne privatnosti kada ste kod ku\u0107e, a funkcija pametnog pra\u0107enja omogu\u0107uje\u2026","rel":"","context":"Srodne objave","img":{"alt_text":"","src":"https:\/\/i1.wp.com\/astehshop.com\/wp-content\/uploads\/2025\/03\/3-IPC-A42P-L-1.jpg?fit=225%2C225&resize=350%2C200","width":350,"height":200},"classes":[]},{"id":9785,"url":"http:\/\/astehshop.com\/index.php\/product\/imou-ipc-s6dp-5m0web-e27-sijalica-5-mpx-wifi-kamera\/","url_meta":{"origin":7546,"position":2},"title":"Imou IPC-S6DP-5M0WEB-E27  sijalica 5 MPX wifi Kamera","date":"2. prosinca 2024.","format":false,"excerpt":"Bulb Cam pru\u017ea pra\u0107enje u\u017eivo od 5MP sa izborom opcije so\u010diva od 2,8mm, sa funkcijama 0~340\u00b0pan & 0~90\u00b0tilt, Bulb Cam 5MP osigurava da svaki kutak va\u0161eg doma bude potpuno pokriven. Podr\u017eava no\u0107ni vid u punoj boji za jasno\u0107u kao dan \u010dak i u potpunom mraku. Na\u010din ugradnje navojnog nosa\u010da vam\u2026","rel":"","context":"Srodne objave","img":{"alt_text":"","src":"https:\/\/i0.wp.com\/astehshop.com\/wp-content\/uploads\/2024\/12\/IPC-S6DP-5M0WEB-E27.jpg?fit=700%2C700&resize=350%2C200","width":350,"height":200},"classes":[]},{"id":5209,"url":"http:\/\/astehshop.com\/index.php\/product\/dahua-imou-dome-lite-4mp-wifi-kamera\/","url_meta":{"origin":7546,"position":3},"title":"Dahua Imou Dome Lite 4MP WIFI kamera","date":"9. listopada 2021.","format":false,"excerpt":"Dome Lite 4MP Pratite svoj dom i pazite na svoje stvari 4MP Video | H.265 | No\u0107ni Mod | Wi-Fi Konekcija | Cloud 4MP QHD Video i H.265 Codec 4MP QHD rezolucija i kompresija H.265, omogu\u0107uje vam da vidite vi\u0161e detalja bez brige o prostoru za pohranu i propusnosti mre\u017ee.\u2026","rel":"","context":"Srodne objave","img":{"alt_text":"","src":"https:\/\/i2.wp.com\/astehshop.com\/wp-content\/uploads\/2021\/10\/dahua-imou-dome-lite-4mp-wi-fi-camera.jpg?fit=800%2C800&resize=350%2C200","width":350,"height":200},"classes":[]},{"id":9448,"url":"http:\/\/astehshop.com\/index.php\/product\/dahua-imou-cruiser-4g-kamera-na-sim-karticu\/","url_meta":{"origin":7546,"position":4},"title":"Dahua Imou Cruiser 4G kamera na sim karticu","date":"5. kolovoza 2024.","format":false,"excerpt":"4G konekcija | 1080P HD slika | Panoramic Pan & Tilt | Human Detection | Smart Tracking \u00a0 Pove\u017eite svoj Cruiser na mjestima gdje Wi-Fi nije dostupan Cruiser 4G podr\u017eava 4G LTE vezu\u00b9, jednostavno uklju\u010dite svoju nano SIM karticu da je pove\u017eete vani gdje Wi-Fi signal ne mo\u017ee pokriti. \u00a0\u2026","rel":"","context":"Srodne objave","img":{"alt_text":"","src":"https:\/\/i0.wp.com\/astehshop.com\/wp-content\/uploads\/2024\/08\/Cruiser-4G-3.png?fit=885%2C1038&resize=350%2C200","width":350,"height":200},"classes":[]},{"id":9962,"url":"http:\/\/astehshop.com\/index.php\/product\/ipc-s7cp-5m0we-wifi-roto-kamera-imou\/","url_meta":{"origin":7546,"position":5},"title":"IPC-S7CP-5M0WE WIFI roto kamera IMOU","date":"16. o\u017eujka 2025.","format":false,"excerpt":"Najnovije iz bogate Imou ponude, Cruiser 2C pru\u017ea 5MP pra\u0107enje u\u017eivo uz pan pomicanje 0~355\u00b0 i nagib od 0~90\u00b0. Ova rotacijska kamera osigurava svaki kutak va\u0161eg doma. Podr\u017eava \u010detiri na\u010dina no\u0107nog vida za jasno\u0107u kao danju, \u010dak i u mrklom mraku. Zahvaljuju\u0107i IP66 certifikatu, kamera se mo\u017ee koristiti na otvorenom\u2026","rel":"","context":"Srodne objave","img":{"alt_text":"","src":"https:\/\/i1.wp.com\/astehshop.com\/wp-content\/uploads\/2025\/03\/IPC-S7CP-5M0WE-1.png?fit=450%2C450&resize=350%2C200","width":350,"height":200},"classes":[]}],"_links":{"self":[{"href":"http:\/\/astehshop.com\/index.php\/wp-json\/wp\/v2\/product\/7546"}],"collection":[{"href":"http:\/\/astehshop.com\/index.php\/wp-json\/wp\/v2\/product"}],"about":[{"href":"http:\/\/astehshop.com\/index.php\/wp-json\/wp\/v2\/types\/product"}],"replies":[{"embeddable":true,"href":"http:\/\/astehshop.com\/index.php\/wp-json\/wp\/v2\/comments?post=7546"}],"wp:featuredmedia":[{"embeddable":true,"href":"http:\/\/astehshop.com\/index.php\/wp-json\/wp\/v2\/media\/8621"}],"wp:attachment":[{"href":"http:\/\/astehshop.com\/index.php\/wp-json\/wp\/v2\/media?parent=7546"}],"wp:term":[{"taxonomy":"product_cat","embeddable":true,"href":"http:\/\/astehshop.com\/index.php\/wp-json\/wp\/v2\/product_cat?post=7546"},{"taxonomy":"product_tag","embeddable":true,"href":"http:\/\/astehshop.com\/index.php\/wp-json\/wp\/v2\/product_tag?post=7546"}],"curies":[{"name":"wp","href":"https:\/\/api.w.org\/{rel}","templated":true}]}}