{"id":7545,"date":"2023-04-02T10:07:20","date_gmt":"2023-04-02T08:07:20","guid":{"rendered":"http:\/\/astehshop.com\/?post_type=product&#038;p=7545"},"modified":"2026-01-15T09:54:22","modified_gmt":"2026-01-15T08:54:22","slug":"dahua-imou-ip-kamera-ipc-s41-4-mpx-rotirajuca","status":"publish","type":"product","link":"http:\/\/astehshop.com\/index.php\/product\/dahua-imou-ip-kamera-ipc-s41-4-mpx-rotirajuca\/","title":{"rendered":"Dahua Imou IP kamera IPC-S41 4 MPX rotiraju\u0107a"},"content":{"rendered":"<div>\n<p>Uvijek se fokusirajte na ono \u0161to je bitno<br \/>\npametno pra\u0107enje<br \/>\n360 stepeni pokrivanje<br \/>\nDetekcija ljudi<br \/>\naktivna sirena<br \/>\nPOE<br \/>\nintegrisan mikrofon<br \/>\nIP66<br \/>\n16 x digitalni zum<br \/>\nOdli\u010dni prenos sa samo jednim mre\u017enim kablom<\/p>\n<p><a href=\"https:\/\/i0.wp.com\/astehshop.com\/wp-content\/uploads\/2023\/04\/173292f5-4722-4e3d-afd6-e1f11458386f.jpg\" data-rel=\"lightbox-image-0\" data-rl_title=\"\" data-rl_caption=\"\" title=\"\"><img data-attachment-id=\"7536\" data-permalink=\"http:\/\/astehshop.com\/?attachment_id=7536\" data-orig-file=\"https:\/\/i0.wp.com\/astehshop.com\/wp-content\/uploads\/2023\/04\/173292f5-4722-4e3d-afd6-e1f11458386f.jpg?fit=1920%2C900\" data-orig-size=\"1920,900\" data-comments-opened=\"1\" data-image-meta=\"{&quot;aperture&quot;:&quot;0&quot;,&quot;credit&quot;:&quot;&quot;,&quot;camera&quot;:&quot;&quot;,&quot;caption&quot;:&quot;&quot;,&quot;created_timestamp&quot;:&quot;0&quot;,&quot;copyright&quot;:&quot;&quot;,&quot;focal_length&quot;:&quot;0&quot;,&quot;iso&quot;:&quot;0&quot;,&quot;shutter_speed&quot;:&quot;0&quot;,&quot;title&quot;:&quot;&quot;,&quot;orientation&quot;:&quot;0&quot;}\" data-image-title=\"173292f5-4722-4e3d-afd6-e1f11458386f\" data-image-description=\"\" data-image-caption=\"\" data-medium-file=\"https:\/\/i0.wp.com\/astehshop.com\/wp-content\/uploads\/2023\/04\/173292f5-4722-4e3d-afd6-e1f11458386f.jpg?fit=450%2C211\" data-large-file=\"https:\/\/i0.wp.com\/astehshop.com\/wp-content\/uploads\/2023\/04\/173292f5-4722-4e3d-afd6-e1f11458386f.jpg?fit=1024%2C480\" decoding=\"async\" loading=\"lazy\" class=\"alignnone size-medium wp-image-7536\" src=\"https:\/\/i0.wp.com\/astehshop.com\/wp-content\/uploads\/2023\/04\/173292f5-4722-4e3d-afd6-e1f11458386f-450x211.jpg?resize=450%2C211\" alt=\"\" width=\"450\" height=\"211\" srcset=\"https:\/\/i0.wp.com\/astehshop.com\/wp-content\/uploads\/2023\/04\/173292f5-4722-4e3d-afd6-e1f11458386f.jpg?resize=450%2C211 450w, https:\/\/i0.wp.com\/astehshop.com\/wp-content\/uploads\/2023\/04\/173292f5-4722-4e3d-afd6-e1f11458386f.jpg?resize=1024%2C480 1024w, https:\/\/i0.wp.com\/astehshop.com\/wp-content\/uploads\/2023\/04\/173292f5-4722-4e3d-afd6-e1f11458386f.jpg?resize=768%2C360 768w, https:\/\/i0.wp.com\/astehshop.com\/wp-content\/uploads\/2023\/04\/173292f5-4722-4e3d-afd6-e1f11458386f.jpg?resize=1536%2C720 1536w, https:\/\/i0.wp.com\/astehshop.com\/wp-content\/uploads\/2023\/04\/173292f5-4722-4e3d-afd6-e1f11458386f.jpg?resize=300%2C141 300w, https:\/\/i0.wp.com\/astehshop.com\/wp-content\/uploads\/2023\/04\/173292f5-4722-4e3d-afd6-e1f11458386f.jpg?resize=1170%2C548 1170w, https:\/\/i0.wp.com\/astehshop.com\/wp-content\/uploads\/2023\/04\/173292f5-4722-4e3d-afd6-e1f11458386f.jpg?resize=600%2C281 600w, https:\/\/i0.wp.com\/astehshop.com\/wp-content\/uploads\/2023\/04\/173292f5-4722-4e3d-afd6-e1f11458386f.jpg?w=1920 1920w\" sizes=\"(max-width: 450px) 100vw, 450px\" data-recalc-dims=\"1\" \/><\/a><\/p>\n<p><a href=\"https:\/\/i0.wp.com\/astehshop.com\/wp-content\/uploads\/2023\/04\/1dbfac7b-a9a0-4466-8529-1f5db3e6749c.png\" data-rel=\"lightbox-image-1\" data-rl_title=\"\" data-rl_caption=\"\" title=\"\"><img data-attachment-id=\"7537\" data-permalink=\"http:\/\/astehshop.com\/?attachment_id=7537\" data-orig-file=\"https:\/\/i0.wp.com\/astehshop.com\/wp-content\/uploads\/2023\/04\/1dbfac7b-a9a0-4466-8529-1f5db3e6749c.png?fit=1920%2C1050\" data-orig-size=\"1920,1050\" data-comments-opened=\"1\" data-image-meta=\"{&quot;aperture&quot;:&quot;0&quot;,&quot;credit&quot;:&quot;&quot;,&quot;camera&quot;:&quot;&quot;,&quot;caption&quot;:&quot;&quot;,&quot;created_timestamp&quot;:&quot;0&quot;,&quot;copyright&quot;:&quot;&quot;,&quot;focal_length&quot;:&quot;0&quot;,&quot;iso&quot;:&quot;0&quot;,&quot;shutter_speed&quot;:&quot;0&quot;,&quot;title&quot;:&quot;&quot;,&quot;orientation&quot;:&quot;0&quot;}\" data-image-title=\"1dbfac7b-a9a0-4466-8529-1f5db3e6749c\" data-image-description=\"\" data-image-caption=\"\" data-medium-file=\"https:\/\/i0.wp.com\/astehshop.com\/wp-content\/uploads\/2023\/04\/1dbfac7b-a9a0-4466-8529-1f5db3e6749c.png?fit=450%2C246\" data-large-file=\"https:\/\/i0.wp.com\/astehshop.com\/wp-content\/uploads\/2023\/04\/1dbfac7b-a9a0-4466-8529-1f5db3e6749c.png?fit=1024%2C560\" decoding=\"async\" loading=\"lazy\" class=\"alignnone size-medium wp-image-7537\" src=\"https:\/\/i0.wp.com\/astehshop.com\/wp-content\/uploads\/2023\/04\/1dbfac7b-a9a0-4466-8529-1f5db3e6749c.png?resize=450%2C246\" alt=\"\" width=\"450\" height=\"246\" srcset=\"https:\/\/i0.wp.com\/astehshop.com\/wp-content\/uploads\/2023\/04\/1dbfac7b-a9a0-4466-8529-1f5db3e6749c.png?resize=450%2C246 450w, https:\/\/i0.wp.com\/astehshop.com\/wp-content\/uploads\/2023\/04\/1dbfac7b-a9a0-4466-8529-1f5db3e6749c.png?resize=1024%2C560 1024w, https:\/\/i0.wp.com\/astehshop.com\/wp-content\/uploads\/2023\/04\/1dbfac7b-a9a0-4466-8529-1f5db3e6749c.png?resize=768%2C420 768w, https:\/\/i0.wp.com\/astehshop.com\/wp-content\/uploads\/2023\/04\/1dbfac7b-a9a0-4466-8529-1f5db3e6749c.png?resize=1536%2C840 1536w, https:\/\/i0.wp.com\/astehshop.com\/wp-content\/uploads\/2023\/04\/1dbfac7b-a9a0-4466-8529-1f5db3e6749c.png?resize=300%2C164 300w, https:\/\/i0.wp.com\/astehshop.com\/wp-content\/uploads\/2023\/04\/1dbfac7b-a9a0-4466-8529-1f5db3e6749c.png?resize=1170%2C640 1170w, https:\/\/i0.wp.com\/astehshop.com\/wp-content\/uploads\/2023\/04\/1dbfac7b-a9a0-4466-8529-1f5db3e6749c.png?resize=600%2C328 600w, https:\/\/i0.wp.com\/astehshop.com\/wp-content\/uploads\/2023\/04\/1dbfac7b-a9a0-4466-8529-1f5db3e6749c.png?w=1920 1920w\" sizes=\"(max-width: 450px) 100vw, 450px\" data-recalc-dims=\"1\" \/><\/a><\/p>\n<p><a href=\"https:\/\/i0.wp.com\/astehshop.com\/wp-content\/uploads\/2023\/04\/kako-funkcionise-cruiser-bez-wifi.png\" data-rel=\"lightbox-image-2\" data-rl_title=\"\" data-rl_caption=\"\" title=\"\"><img data-attachment-id=\"7538\" data-permalink=\"http:\/\/astehshop.com\/?attachment_id=7538\" data-orig-file=\"https:\/\/i0.wp.com\/astehshop.com\/wp-content\/uploads\/2023\/04\/kako-funkcionise-cruiser-bez-wifi.png?fit=1620%2C640\" data-orig-size=\"1620,640\" data-comments-opened=\"1\" data-image-meta=\"{&quot;aperture&quot;:&quot;0&quot;,&quot;credit&quot;:&quot;&quot;,&quot;camera&quot;:&quot;&quot;,&quot;caption&quot;:&quot;&quot;,&quot;created_timestamp&quot;:&quot;0&quot;,&quot;copyright&quot;:&quot;&quot;,&quot;focal_length&quot;:&quot;0&quot;,&quot;iso&quot;:&quot;0&quot;,&quot;shutter_speed&quot;:&quot;0&quot;,&quot;title&quot;:&quot;&quot;,&quot;orientation&quot;:&quot;0&quot;}\" data-image-title=\"kako funkcionise cruiser bez wifi\" data-image-description=\"\" data-image-caption=\"\" data-medium-file=\"https:\/\/i0.wp.com\/astehshop.com\/wp-content\/uploads\/2023\/04\/kako-funkcionise-cruiser-bez-wifi.png?fit=450%2C178\" data-large-file=\"https:\/\/i0.wp.com\/astehshop.com\/wp-content\/uploads\/2023\/04\/kako-funkcionise-cruiser-bez-wifi.png?fit=1024%2C405\" decoding=\"async\" loading=\"lazy\" class=\"alignnone size-medium wp-image-7538\" src=\"https:\/\/i0.wp.com\/astehshop.com\/wp-content\/uploads\/2023\/04\/kako-funkcionise-cruiser-bez-wifi.png?resize=450%2C178\" alt=\"\" width=\"450\" height=\"178\" srcset=\"https:\/\/i0.wp.com\/astehshop.com\/wp-content\/uploads\/2023\/04\/kako-funkcionise-cruiser-bez-wifi.png?resize=450%2C178 450w, https:\/\/i0.wp.com\/astehshop.com\/wp-content\/uploads\/2023\/04\/kako-funkcionise-cruiser-bez-wifi.png?resize=1024%2C405 1024w, https:\/\/i0.wp.com\/astehshop.com\/wp-content\/uploads\/2023\/04\/kako-funkcionise-cruiser-bez-wifi.png?resize=768%2C303 768w, https:\/\/i0.wp.com\/astehshop.com\/wp-content\/uploads\/2023\/04\/kako-funkcionise-cruiser-bez-wifi.png?resize=1536%2C607 1536w, https:\/\/i0.wp.com\/astehshop.com\/wp-content\/uploads\/2023\/04\/kako-funkcionise-cruiser-bez-wifi.png?resize=300%2C119 300w, https:\/\/i0.wp.com\/astehshop.com\/wp-content\/uploads\/2023\/04\/kako-funkcionise-cruiser-bez-wifi.png?resize=1170%2C462 1170w, https:\/\/i0.wp.com\/astehshop.com\/wp-content\/uploads\/2023\/04\/kako-funkcionise-cruiser-bez-wifi.png?resize=600%2C237 600w, https:\/\/i0.wp.com\/astehshop.com\/wp-content\/uploads\/2023\/04\/kako-funkcionise-cruiser-bez-wifi.png?w=1620 1620w\" sizes=\"(max-width: 450px) 100vw, 450px\" data-recalc-dims=\"1\" \/><\/a><\/p>\n<\/div>\n","protected":false},"excerpt":{"rendered":"<div>\n<p>Uvijek se fokusirajte na ono \u0161to je bitno<br \/>\npametno pra\u0107enje<br \/>\n360 stepeni pokrivanje<br \/>\nDetekcija ljudi<br \/>\naktivna sirena<br \/>\nPOE<br \/>\nintegrisan mikrofon<br \/>\nIP66<br \/>\n16 x digitalni zum<br \/>\nOdli\u010dni prenos sa samo jednim mre\u017enim kablom<\/p>\n<p><a href=\"http:\/\/astehshop.com\/wp-content\/uploads\/2023\/04\/173292f5-4722-4e3d-afd6-e1f11458386f.jpg\"><img decoding=\"async\" loading=\"lazy\" class=\"alignnone size-medium wp-image-7536\" src=\"http:\/\/astehshop.com\/wp-content\/uploads\/2023\/04\/173292f5-4722-4e3d-afd6-e1f11458386f-450x211.jpg\" alt=\"\" width=\"450\" height=\"211\" srcset=\"https:\/\/i0.wp.com\/astehshop.com\/wp-content\/uploads\/2023\/04\/173292f5-4722-4e3d-afd6-e1f11458386f.jpg?resize=450%2C211 450w, https:\/\/i0.wp.com\/astehshop.com\/wp-content\/uploads\/2023\/04\/173292f5-4722-4e3d-afd6-e1f11458386f.jpg?resize=1024%2C480 1024w, https:\/\/i0.wp.com\/astehshop.com\/wp-content\/uploads\/2023\/04\/173292f5-4722-4e3d-afd6-e1f11458386f.jpg?resize=768%2C360 768w, https:\/\/i0.wp.com\/astehshop.com\/wp-content\/uploads\/2023\/04\/173292f5-4722-4e3d-afd6-e1f11458386f.jpg?resize=1536%2C720 1536w, https:\/\/i0.wp.com\/astehshop.com\/wp-content\/uploads\/2023\/04\/173292f5-4722-4e3d-afd6-e1f11458386f.jpg?resize=300%2C141 300w, https:\/\/i0.wp.com\/astehshop.com\/wp-content\/uploads\/2023\/04\/173292f5-4722-4e3d-afd6-e1f11458386f.jpg?resize=1170%2C548 1170w, https:\/\/i0.wp.com\/astehshop.com\/wp-content\/uploads\/2023\/04\/173292f5-4722-4e3d-afd6-e1f11458386f.jpg?resize=600%2C281 600w, https:\/\/i0.wp.com\/astehshop.com\/wp-content\/uploads\/2023\/04\/173292f5-4722-4e3d-afd6-e1f11458386f.jpg?w=1920 1920w\" sizes=\"(max-width: 450px) 100vw, 450px\" \/><\/a><\/p>\n<p><a href=\"http:\/\/astehshop.com\/wp-content\/uploads\/2023\/04\/1dbfac7b-a9a0-4466-8529-1f5db3e6749c.png\"><img decoding=\"async\" loading=\"lazy\" class=\"alignnone size-medium wp-image-7537\" src=\"http:\/\/astehshop.com\/wp-content\/uploads\/2023\/04\/1dbfac7b-a9a0-4466-8529-1f5db3e6749c-450x246.png\" alt=\"\" width=\"450\" height=\"246\" srcset=\"https:\/\/i0.wp.com\/astehshop.com\/wp-content\/uploads\/2023\/04\/1dbfac7b-a9a0-4466-8529-1f5db3e6749c.png?resize=450%2C246 450w, https:\/\/i0.wp.com\/astehshop.com\/wp-content\/uploads\/2023\/04\/1dbfac7b-a9a0-4466-8529-1f5db3e6749c.png?resize=1024%2C560 1024w, https:\/\/i0.wp.com\/astehshop.com\/wp-content\/uploads\/2023\/04\/1dbfac7b-a9a0-4466-8529-1f5db3e6749c.png?resize=768%2C420 768w, https:\/\/i0.wp.com\/astehshop.com\/wp-content\/uploads\/2023\/04\/1dbfac7b-a9a0-4466-8529-1f5db3e6749c.png?resize=1536%2C840 1536w, https:\/\/i0.wp.com\/astehshop.com\/wp-content\/uploads\/2023\/04\/1dbfac7b-a9a0-4466-8529-1f5db3e6749c.png?resize=300%2C164 300w, https:\/\/i0.wp.com\/astehshop.com\/wp-content\/uploads\/2023\/04\/1dbfac7b-a9a0-4466-8529-1f5db3e6749c.png?resize=1170%2C640 1170w, https:\/\/i0.wp.com\/astehshop.com\/wp-content\/uploads\/2023\/04\/1dbfac7b-a9a0-4466-8529-1f5db3e6749c.png?resize=600%2C328 600w, https:\/\/i0.wp.com\/astehshop.com\/wp-content\/uploads\/2023\/04\/1dbfac7b-a9a0-4466-8529-1f5db3e6749c.png?w=1920 1920w\" sizes=\"(max-width: 450px) 100vw, 450px\" \/><\/a><\/p>\n<p><a href=\"http:\/\/astehshop.com\/wp-content\/uploads\/2023\/04\/kako-funkcionise-cruiser-bez-wifi.png\"><img decoding=\"async\" loading=\"lazy\" class=\"alignnone size-medium wp-image-7538\" src=\"http:\/\/astehshop.com\/wp-content\/uploads\/2023\/04\/kako-funkcionise-cruiser-bez-wifi-450x178.png\" alt=\"\" width=\"450\" height=\"178\" srcset=\"https:\/\/i0.wp.com\/astehshop.com\/wp-content\/uploads\/2023\/04\/kako-funkcionise-cruiser-bez-wifi.png?resize=450%2C178 450w, https:\/\/i0.wp.com\/astehshop.com\/wp-content\/uploads\/2023\/04\/kako-funkcionise-cruiser-bez-wifi.png?resize=1024%2C405 1024w, https:\/\/i0.wp.com\/astehshop.com\/wp-content\/uploads\/2023\/04\/kako-funkcionise-cruiser-bez-wifi.png?resize=768%2C303 768w, https:\/\/i0.wp.com\/astehshop.com\/wp-content\/uploads\/2023\/04\/kako-funkcionise-cruiser-bez-wifi.png?resize=1536%2C607 1536w, https:\/\/i0.wp.com\/astehshop.com\/wp-content\/uploads\/2023\/04\/kako-funkcionise-cruiser-bez-wifi.png?resize=300%2C119 300w, https:\/\/i0.wp.com\/astehshop.com\/wp-content\/uploads\/2023\/04\/kako-funkcionise-cruiser-bez-wifi.png?resize=1170%2C462 1170w, https:\/\/i0.wp.com\/astehshop.com\/wp-content\/uploads\/2023\/04\/kako-funkcionise-cruiser-bez-wifi.png?resize=600%2C237 600w, https:\/\/i0.wp.com\/astehshop.com\/wp-content\/uploads\/2023\/04\/kako-funkcionise-cruiser-bez-wifi.png?w=1620 1620w\" sizes=\"(max-width: 450px) 100vw, 450px\" \/><\/a><\/p>\n<\/div>\n","protected":false},"featured_media":7539,"comment_status":"open","ping_status":"closed","template":"","meta":{"_mi_skip_tracking":false,"_exactmetrics_sitenote_active":false,"_exactmetrics_sitenote_note":"","_exactmetrics_sitenote_category":0,"spay_email":""},"product_cat":[1043,1037,130],"product_tag":[2895,2986,477,5308,476,474,462],"brands":[{"id":2045,"name":"Dahua","slug":"dahua"}],"df_price":"","df_sale_price":"","df_regular_price":"","df_image_link":"https:\/\/i1.wp.com\/astehshop.com\/wp-content\/uploads\/2023\/04\/imgsticode.jpg?fit=409%2C450","jetpack_publicize_connections":[],"jetpack_sharing_enabled":true,"jetpack_likes_enabled":true,"jetpack-related-posts":[{"id":7535,"url":"http:\/\/astehshop.com\/index.php\/product\/dahua-imou-ipc-s21fap-360-stepeni-ip-roto-kamera\/","url_meta":{"origin":7545,"position":0},"title":"Dahua Imou IPC-S21FAP 360 stepeni IP roto kamera","date":"1. travnja 2023.","format":false,"excerpt":"Uvijek se fokusirajte na ono \u0161to je bitno pametno pra\u0107enje 360 stepeni pokrivanje Detekcija ljudi aktivna sirena POE integrisan mikrofon IP66 16 x digitalni zum Odli\u010dni prenos sa samo jednim mre\u017enim kablom","rel":"","context":"Srodne objave","img":{"alt_text":"","src":"https:\/\/i1.wp.com\/astehshop.com\/wp-content\/uploads\/2023\/04\/imgsticode.jpg?fit=1090%2C1200&resize=350%2C200","width":350,"height":200},"classes":[]},{"id":7532,"url":"http:\/\/astehshop.com\/index.php\/product\/dahua-imou-ipc-a22ep-a-ranger-2-wifi-roto-kamera\/","url_meta":{"origin":7545,"position":1},"title":"Dahua Imou IPC-A22EP-A  Ranger 2 wifi roto kamera","date":"1. travnja 2023.","format":false,"excerpt":"2 MPX rotiranje kamere 360 stepeni Detekcija ljudi pametno pra\u0107enje No\u0107ni mod mod privatnosti Saznajte kada vam se beba probudila sa odli\u010dnom detekcijom zvuka na Ranger 2 kameri Pove\u017eite se sa svojim domom bez obzira gdje se nalazite - pogledajte \u0161ta Vam rade ljubimci ili djeca 24 \/ 7 za\u0161tita","rel":"","context":"Srodne objave","img":{"alt_text":"","src":"https:\/\/i2.wp.com\/astehshop.com\/wp-content\/uploads\/2023\/04\/IPC-A22E-IMOU.jpg?fit=784%2C718&resize=350%2C200","width":350,"height":200},"classes":[]},{"id":7534,"url":"http:\/\/astehshop.com\/index.php\/product\/dahua-imou-ipc-a42p-ranger-4-mpx-wifi-roto-kamera\/","url_meta":{"origin":7545,"position":2},"title":"Dahua Imou IPC-A42P  Ranger 4 MPX wifi roto kamera","date":"1. travnja 2023.","format":false,"excerpt":"rotiranje kamere 360 stepeni Detekcija ljudi pametno pra\u0107enje No\u0107ni mod mod privatnosti Saznajte kada vam se beba probudila sa odli\u010dnom detekcijom zvuka na Ranger 2 kameri Pove\u017eite se sa svojim domom bez obzira gdje se nalazite \u2013 pogledajte \u0161ta Vam rade ljubimci ili djeca 24 \/ 7 za\u0161tita","rel":"","context":"Srodne objave","img":{"alt_text":"","src":"https:\/\/i2.wp.com\/astehshop.com\/wp-content\/uploads\/2023\/04\/IPC-A22E-IMOU.jpg?fit=784%2C718&resize=350%2C200","width":350,"height":200},"classes":[]},{"id":5204,"url":"http:\/\/astehshop.com\/index.php\/product\/dahua-imou-ranger-2-wifi-kamera\/","url_meta":{"origin":7545,"position":3},"title":"Dahua IMOU Ranger 2 WIFI kamera","date":"9. listopada 2021.","format":false,"excerpt":"Ranger 2 Pokrivenost od 360\u00b0 s AI detekcijom ljudi i na\u010dinom privatnosti Detekcija ljudi | 1080P | Ugradbena sirena od 360\u00b0 | Pametno pra\u0107enje | Na\u010din privatnosti | Obavijesti neuobi\u010dajenog zvuka I No\u0107ni vid | Dvosmjerni razgovor | Oblak \u00a0 Detekcija \u010dovjeka Sna\u017ena tehnologija obrade slike brzo pronalazi ljude na\u2026","rel":"","context":"Srodne objave","img":{"alt_text":"","src":"https:\/\/i2.wp.com\/astehshop.com\/wp-content\/uploads\/2021\/10\/ranger2.jpg?fit=423%2C332&resize=350%2C200","width":350,"height":200},"classes":[]},{"id":9414,"url":"http:\/\/astehshop.com\/index.php\/product\/dahua-pokretna-wifi-kamera-ipc-p5b-pv-5-mpx-full-color\/","url_meta":{"origin":7545,"position":4},"title":"Dahua pokretna wifi kamera IPC-P5B-PV 5 MPX Full Color","date":"23. lipnja 2024.","format":false,"excerpt":"5 MP WI-FI pokretna PT kamera 1\/3\u201d CMOS sa progresivnim skeniranjem. Rezolucija 2880x1620. Fiksna optika 3.6mm. Detekcija pokreta, detekcija ljudi,detekcija vozila, dvosmjerna komunikacija,integrisan mikrofon, zvu\u010dnik, sirena 110dB.Kompresija H.265.Smart Full Color, no\u0107na vidljivost do 30 m. Slot za Micro SD karticu do 256GB. Dualna antena 120m domet na otvorenom, 1x100Mbps Ethernet\u2026","rel":"","context":"Srodne objave","img":{"alt_text":"","src":"https:\/\/i1.wp.com\/astehshop.com\/wp-content\/uploads\/2024\/06\/camera_supraveghere_ip_wireless_de_exterior_pt_3mp_3.6mm_smart_dual_light_microfon_si_difuzor_microsd_ip66_dahua_ipc-p3b-pv_3_.jpeg?fit=1200%2C992&resize=350%2C200","width":350,"height":200},"classes":[]},{"id":7546,"url":"http:\/\/astehshop.com\/index.php\/product\/dahua-imou-cruiser-4-mpx-ipc-s42fp-roto-full-color-kamera\/","url_meta":{"origin":7545,"position":5},"title":"Dahua Imou Cruiser 4 MPX IPC-S42FP roto FULL color kamera + gratis 64 GB kartica","date":"2. travnja 2023.","format":false,"excerpt":"Imou Cruiser 4 MPX Slika u boji uvijek ako to \u017eelite pra\u0107enje detekcija ljudi dvosmjerna komunikacija sirena dupla antena 8 x digitalni zum Snimanje na mikro sd karticu ili na cloud Pri\u010dajte sa va\u0161om djecom ma gdje da se nalazite Cruiser 4MP pru\u017ea pra\u0107enje u\u017eivo od 4MP sa izborom opcije\u2026","rel":"","context":"Srodne objave","img":{"alt_text":"","src":"https:\/\/i1.wp.com\/astehshop.com\/wp-content\/uploads\/2023\/04\/cruiser-4-mpx-sa-gratis-memorijskom-1.jpg?fit=669%2C629&resize=350%2C200","width":350,"height":200},"classes":[]}],"_links":{"self":[{"href":"http:\/\/astehshop.com\/index.php\/wp-json\/wp\/v2\/product\/7545"}],"collection":[{"href":"http:\/\/astehshop.com\/index.php\/wp-json\/wp\/v2\/product"}],"about":[{"href":"http:\/\/astehshop.com\/index.php\/wp-json\/wp\/v2\/types\/product"}],"replies":[{"embeddable":true,"href":"http:\/\/astehshop.com\/index.php\/wp-json\/wp\/v2\/comments?post=7545"}],"wp:featuredmedia":[{"embeddable":true,"href":"http:\/\/astehshop.com\/index.php\/wp-json\/wp\/v2\/media\/7539"}],"wp:attachment":[{"href":"http:\/\/astehshop.com\/index.php\/wp-json\/wp\/v2\/media?parent=7545"}],"wp:term":[{"taxonomy":"product_cat","embeddable":true,"href":"http:\/\/astehshop.com\/index.php\/wp-json\/wp\/v2\/product_cat?post=7545"},{"taxonomy":"product_tag","embeddable":true,"href":"http:\/\/astehshop.com\/index.php\/wp-json\/wp\/v2\/product_tag?post=7545"}],"curies":[{"name":"wp","href":"https:\/\/api.w.org\/{rel}","templated":true}]}}