{"id":7514,"date":"2023-04-01T15:35:06","date_gmt":"2023-04-01T13:35:06","guid":{"rendered":"http:\/\/astehshop.com\/?post_type=product&#038;p=7514"},"modified":"2026-01-15T09:54:26","modified_gmt":"2026-01-15T08:54:26","slug":"imou-ipc-t26ep-turret-kamera-sa-svjetlom-i-sirenom","status":"publish","type":"product","link":"http:\/\/astehshop.com\/index.php\/product\/imou-ipc-t26ep-turret-kamera-sa-svjetlom-i-sirenom\/","title":{"rendered":"Imou IPC-T26EP TURRET kamera sa svjetlom i sirenom"},"content":{"rendered":"<p>Pametna WIFI turret kamera 2 MPX<br \/>\nDvosmjerna komunikacija<br \/>\nIntegrisan Mikrofon i zvu\u010dnik<br \/>\nSirena 110 dB<br \/>\nSD kartica maksimalno do 256 GB<br \/>\nDetekcija pokreta<br \/>\nDetekcija ljudi<br \/>\nIP67<br \/>\nUz kameru dolazi adapter 12v 1A<br \/>\nPodr\u017eava Android i Iphone<br \/>\nBesplatna IMOU aplikacija<br \/>\nWiFi Hotspot<\/p>\n<p><a href=\"https:\/\/i2.wp.com\/astehshop.com\/wp-content\/uploads\/2023\/04\/dahua-turret-1.jpg\" data-rel=\"lightbox-image-0\" data-rl_title=\"\" data-rl_caption=\"\" title=\"\"><img data-attachment-id=\"7516\" data-permalink=\"http:\/\/astehshop.com\/?attachment_id=7516\" data-orig-file=\"https:\/\/i2.wp.com\/astehshop.com\/wp-content\/uploads\/2023\/04\/dahua-turret-1.jpg?fit=1920%2C800\" data-orig-size=\"1920,800\" data-comments-opened=\"1\" data-image-meta=\"{&quot;aperture&quot;:&quot;0&quot;,&quot;credit&quot;:&quot;TechnoShopBN&quot;,&quot;camera&quot;:&quot;&quot;,&quot;caption&quot;:&quot;&quot;,&quot;created_timestamp&quot;:&quot;1680362980&quot;,&quot;copyright&quot;:&quot;&quot;,&quot;focal_length&quot;:&quot;0&quot;,&quot;iso&quot;:&quot;0&quot;,&quot;shutter_speed&quot;:&quot;0&quot;,&quot;title&quot;:&quot;&quot;,&quot;orientation&quot;:&quot;0&quot;}\" data-image-title=\"dahua turret 1\" data-image-description=\"\" data-image-caption=\"\" data-medium-file=\"https:\/\/i2.wp.com\/astehshop.com\/wp-content\/uploads\/2023\/04\/dahua-turret-1.jpg?fit=450%2C188\" data-large-file=\"https:\/\/i2.wp.com\/astehshop.com\/wp-content\/uploads\/2023\/04\/dahua-turret-1.jpg?fit=1024%2C427\" decoding=\"async\" loading=\"lazy\" class=\"alignnone size-medium wp-image-7516\" src=\"https:\/\/i2.wp.com\/astehshop.com\/wp-content\/uploads\/2023\/04\/dahua-turret-1.jpg?resize=450%2C188\" alt=\"\" width=\"450\" height=\"188\" srcset=\"https:\/\/i2.wp.com\/astehshop.com\/wp-content\/uploads\/2023\/04\/dahua-turret-1.jpg?resize=450%2C188 450w, https:\/\/i2.wp.com\/astehshop.com\/wp-content\/uploads\/2023\/04\/dahua-turret-1.jpg?resize=1024%2C427 1024w, https:\/\/i2.wp.com\/astehshop.com\/wp-content\/uploads\/2023\/04\/dahua-turret-1.jpg?resize=768%2C320 768w, https:\/\/i2.wp.com\/astehshop.com\/wp-content\/uploads\/2023\/04\/dahua-turret-1.jpg?resize=1536%2C640 1536w, https:\/\/i2.wp.com\/astehshop.com\/wp-content\/uploads\/2023\/04\/dahua-turret-1.jpg?resize=300%2C125 300w, https:\/\/i2.wp.com\/astehshop.com\/wp-content\/uploads\/2023\/04\/dahua-turret-1.jpg?resize=1170%2C488 1170w, https:\/\/i2.wp.com\/astehshop.com\/wp-content\/uploads\/2023\/04\/dahua-turret-1.jpg?resize=600%2C250 600w, https:\/\/i2.wp.com\/astehshop.com\/wp-content\/uploads\/2023\/04\/dahua-turret-1.jpg?w=1920 1920w\" sizes=\"(max-width: 450px) 100vw, 450px\" data-recalc-dims=\"1\" \/><\/a><\/p>\n<p>Ugra\u0111en HOT spot &#8211; spojite se na kameru iako nemate interneta dostupnog niti je kamera povezana na internet<br \/>\n<a href=\"https:\/\/i0.wp.com\/astehshop.com\/wp-content\/uploads\/2023\/04\/imou-turret-scaled.jpg\" data-rel=\"lightbox-image-1\" data-rl_title=\"\" data-rl_caption=\"\" title=\"\"><img data-attachment-id=\"7517\" data-permalink=\"http:\/\/astehshop.com\/?attachment_id=7517\" data-orig-file=\"https:\/\/i0.wp.com\/astehshop.com\/wp-content\/uploads\/2023\/04\/imou-turret-scaled.jpg?fit=2560%2C1013\" data-orig-size=\"2560,1013\" data-comments-opened=\"1\" data-image-meta=\"{&quot;aperture&quot;:&quot;0&quot;,&quot;credit&quot;:&quot;TechnoShopBN&quot;,&quot;camera&quot;:&quot;&quot;,&quot;caption&quot;:&quot;&quot;,&quot;created_timestamp&quot;:&quot;1680363116&quot;,&quot;copyright&quot;:&quot;&quot;,&quot;focal_length&quot;:&quot;0&quot;,&quot;iso&quot;:&quot;0&quot;,&quot;shutter_speed&quot;:&quot;0&quot;,&quot;title&quot;:&quot;&quot;,&quot;orientation&quot;:&quot;0&quot;}\" data-image-title=\"imou turret\" data-image-description=\"\" data-image-caption=\"\" data-medium-file=\"https:\/\/i0.wp.com\/astehshop.com\/wp-content\/uploads\/2023\/04\/imou-turret-scaled.jpg?fit=450%2C178\" data-large-file=\"https:\/\/i0.wp.com\/astehshop.com\/wp-content\/uploads\/2023\/04\/imou-turret-scaled.jpg?fit=1024%2C405\" decoding=\"async\" loading=\"lazy\" class=\"alignnone size-medium wp-image-7517\" src=\"https:\/\/i0.wp.com\/astehshop.com\/wp-content\/uploads\/2023\/04\/imou-turret-scaled.jpg?resize=450%2C178\" alt=\"\" width=\"450\" height=\"178\" srcset=\"https:\/\/i0.wp.com\/astehshop.com\/wp-content\/uploads\/2023\/04\/imou-turret-scaled.jpg?resize=450%2C178 450w, https:\/\/i0.wp.com\/astehshop.com\/wp-content\/uploads\/2023\/04\/imou-turret-scaled.jpg?resize=1024%2C405 1024w, https:\/\/i0.wp.com\/astehshop.com\/wp-content\/uploads\/2023\/04\/imou-turret-scaled.jpg?resize=768%2C304 768w, https:\/\/i0.wp.com\/astehshop.com\/wp-content\/uploads\/2023\/04\/imou-turret-scaled.jpg?resize=1536%2C608 1536w, https:\/\/i0.wp.com\/astehshop.com\/wp-content\/uploads\/2023\/04\/imou-turret-scaled.jpg?resize=2048%2C810 2048w, https:\/\/i0.wp.com\/astehshop.com\/wp-content\/uploads\/2023\/04\/imou-turret-scaled.jpg?resize=300%2C119 300w, https:\/\/i0.wp.com\/astehshop.com\/wp-content\/uploads\/2023\/04\/imou-turret-scaled.jpg?resize=1170%2C463 1170w, https:\/\/i0.wp.com\/astehshop.com\/wp-content\/uploads\/2023\/04\/imou-turret-scaled.jpg?resize=600%2C237 600w\" sizes=\"(max-width: 450px) 100vw, 450px\" data-recalc-dims=\"1\" \/><\/a><\/p>\n<p>Vodootporna IP67 i predvi\u0111ena za razne scenarije<br \/>\n<a href=\"https:\/\/i1.wp.com\/astehshop.com\/wp-content\/uploads\/2023\/04\/turret-ip67.jpg\" data-rel=\"lightbox-image-2\" data-rl_title=\"\" data-rl_caption=\"\" title=\"\"><img data-attachment-id=\"7518\" data-permalink=\"http:\/\/astehshop.com\/?attachment_id=7518\" data-orig-file=\"https:\/\/i1.wp.com\/astehshop.com\/wp-content\/uploads\/2023\/04\/turret-ip67.jpg?fit=1920%2C806\" data-orig-size=\"1920,806\" data-comments-opened=\"1\" data-image-meta=\"{&quot;aperture&quot;:&quot;0&quot;,&quot;credit&quot;:&quot;TechnoShopBN&quot;,&quot;camera&quot;:&quot;&quot;,&quot;caption&quot;:&quot;&quot;,&quot;created_timestamp&quot;:&quot;1680363206&quot;,&quot;copyright&quot;:&quot;&quot;,&quot;focal_length&quot;:&quot;0&quot;,&quot;iso&quot;:&quot;0&quot;,&quot;shutter_speed&quot;:&quot;0&quot;,&quot;title&quot;:&quot;&quot;,&quot;orientation&quot;:&quot;0&quot;}\" data-image-title=\"turret ip67\" data-image-description=\"\" data-image-caption=\"\" data-medium-file=\"https:\/\/i1.wp.com\/astehshop.com\/wp-content\/uploads\/2023\/04\/turret-ip67.jpg?fit=450%2C189\" data-large-file=\"https:\/\/i1.wp.com\/astehshop.com\/wp-content\/uploads\/2023\/04\/turret-ip67.jpg?fit=1024%2C430\" decoding=\"async\" loading=\"lazy\" class=\"alignnone  wp-image-7518\" src=\"https:\/\/i1.wp.com\/astehshop.com\/wp-content\/uploads\/2023\/04\/turret-ip67.jpg?resize=621%2C261\" alt=\"\" width=\"621\" height=\"261\" srcset=\"https:\/\/i1.wp.com\/astehshop.com\/wp-content\/uploads\/2023\/04\/turret-ip67.jpg?resize=450%2C189 450w, https:\/\/i1.wp.com\/astehshop.com\/wp-content\/uploads\/2023\/04\/turret-ip67.jpg?resize=1024%2C430 1024w, https:\/\/i1.wp.com\/astehshop.com\/wp-content\/uploads\/2023\/04\/turret-ip67.jpg?resize=768%2C322 768w, https:\/\/i1.wp.com\/astehshop.com\/wp-content\/uploads\/2023\/04\/turret-ip67.jpg?resize=1536%2C645 1536w, https:\/\/i1.wp.com\/astehshop.com\/wp-content\/uploads\/2023\/04\/turret-ip67.jpg?resize=300%2C126 300w, https:\/\/i1.wp.com\/astehshop.com\/wp-content\/uploads\/2023\/04\/turret-ip67.jpg?resize=1170%2C491 1170w, https:\/\/i1.wp.com\/astehshop.com\/wp-content\/uploads\/2023\/04\/turret-ip67.jpg?resize=600%2C252 600w, https:\/\/i1.wp.com\/astehshop.com\/wp-content\/uploads\/2023\/04\/turret-ip67.jpg?w=1920 1920w\" sizes=\"(max-width: 621px) 100vw, 621px\" data-recalc-dims=\"1\" \/><\/a><\/p>\n<p>&nbsp;<\/p>\n<p>&nbsp;<\/p>\n","protected":false},"excerpt":{"rendered":"<p>Pametna WIFI turret kamera 2 MPX<br \/>\nDvosmjerna komunikacija<br \/>\nIntegrisan Mikrofon i zvu\u010dnik<br \/>\nSirena 110 dB<br \/>\nSD kartica maksimalno do 256 GB<br \/>\nDetekcija pokreta<br \/>\nDetekcija ljudi<br \/>\nIP67<br \/>\nUz kameru dolazi adapter 12v 1A<br \/>\nPodr\u017eava Android i Iphone<br \/>\nBesplatna IMOU aplikacija<br \/>\nWiFi Hotspot<\/p>\n<p><a href=\"http:\/\/astehshop.com\/wp-content\/uploads\/2023\/04\/dahua-turret-1.jpg\"><img decoding=\"async\" loading=\"lazy\" class=\"alignnone size-medium wp-image-7516\" src=\"http:\/\/astehshop.com\/wp-content\/uploads\/2023\/04\/dahua-turret-1-450x188.jpg\" alt=\"\" width=\"450\" height=\"188\" srcset=\"https:\/\/i2.wp.com\/astehshop.com\/wp-content\/uploads\/2023\/04\/dahua-turret-1.jpg?resize=450%2C188 450w, https:\/\/i2.wp.com\/astehshop.com\/wp-content\/uploads\/2023\/04\/dahua-turret-1.jpg?resize=1024%2C427 1024w, https:\/\/i2.wp.com\/astehshop.com\/wp-content\/uploads\/2023\/04\/dahua-turret-1.jpg?resize=768%2C320 768w, https:\/\/i2.wp.com\/astehshop.com\/wp-content\/uploads\/2023\/04\/dahua-turret-1.jpg?resize=1536%2C640 1536w, https:\/\/i2.wp.com\/astehshop.com\/wp-content\/uploads\/2023\/04\/dahua-turret-1.jpg?resize=300%2C125 300w, https:\/\/i2.wp.com\/astehshop.com\/wp-content\/uploads\/2023\/04\/dahua-turret-1.jpg?resize=1170%2C488 1170w, https:\/\/i2.wp.com\/astehshop.com\/wp-content\/uploads\/2023\/04\/dahua-turret-1.jpg?resize=600%2C250 600w, https:\/\/i2.wp.com\/astehshop.com\/wp-content\/uploads\/2023\/04\/dahua-turret-1.jpg?w=1920 1920w\" sizes=\"(max-width: 450px) 100vw, 450px\" \/><\/a><\/p>\n<p>Ugra\u0111en HOT spot &#8211; spojite se na kameru iako nemate interneta dostupnog niti je kamera povezana na internet<br \/>\n<a href=\"http:\/\/astehshop.com\/wp-content\/uploads\/2023\/04\/imou-turret-scaled.jpg\"><img decoding=\"async\" loading=\"lazy\" class=\"alignnone size-medium wp-image-7517\" src=\"http:\/\/astehshop.com\/wp-content\/uploads\/2023\/04\/imou-turret-scaled-450x178.jpg\" alt=\"\" width=\"450\" height=\"178\" srcset=\"https:\/\/i0.wp.com\/astehshop.com\/wp-content\/uploads\/2023\/04\/imou-turret-scaled.jpg?resize=450%2C178 450w, https:\/\/i0.wp.com\/astehshop.com\/wp-content\/uploads\/2023\/04\/imou-turret-scaled.jpg?resize=1024%2C405 1024w, https:\/\/i0.wp.com\/astehshop.com\/wp-content\/uploads\/2023\/04\/imou-turret-scaled.jpg?resize=768%2C304 768w, https:\/\/i0.wp.com\/astehshop.com\/wp-content\/uploads\/2023\/04\/imou-turret-scaled.jpg?resize=1536%2C608 1536w, https:\/\/i0.wp.com\/astehshop.com\/wp-content\/uploads\/2023\/04\/imou-turret-scaled.jpg?resize=2048%2C810 2048w, https:\/\/i0.wp.com\/astehshop.com\/wp-content\/uploads\/2023\/04\/imou-turret-scaled.jpg?resize=300%2C119 300w, https:\/\/i0.wp.com\/astehshop.com\/wp-content\/uploads\/2023\/04\/imou-turret-scaled.jpg?resize=1170%2C463 1170w, https:\/\/i0.wp.com\/astehshop.com\/wp-content\/uploads\/2023\/04\/imou-turret-scaled.jpg?resize=600%2C237 600w\" sizes=\"(max-width: 450px) 100vw, 450px\" \/><\/a><\/p>\n<p>Vodootporna IP67 i predvi\u0111ena za razne scenarije<br \/>\n<a href=\"http:\/\/astehshop.com\/wp-content\/uploads\/2023\/04\/turret-ip67.jpg\"><img decoding=\"async\" loading=\"lazy\" class=\"alignnone  wp-image-7518\" src=\"http:\/\/astehshop.com\/wp-content\/uploads\/2023\/04\/turret-ip67-450x189.jpg\" alt=\"\" width=\"621\" height=\"261\" srcset=\"https:\/\/i1.wp.com\/astehshop.com\/wp-content\/uploads\/2023\/04\/turret-ip67.jpg?resize=450%2C189 450w, https:\/\/i1.wp.com\/astehshop.com\/wp-content\/uploads\/2023\/04\/turret-ip67.jpg?resize=1024%2C430 1024w, https:\/\/i1.wp.com\/astehshop.com\/wp-content\/uploads\/2023\/04\/turret-ip67.jpg?resize=768%2C322 768w, https:\/\/i1.wp.com\/astehshop.com\/wp-content\/uploads\/2023\/04\/turret-ip67.jpg?resize=1536%2C645 1536w, https:\/\/i1.wp.com\/astehshop.com\/wp-content\/uploads\/2023\/04\/turret-ip67.jpg?resize=300%2C126 300w, https:\/\/i1.wp.com\/astehshop.com\/wp-content\/uploads\/2023\/04\/turret-ip67.jpg?resize=1170%2C491 1170w, https:\/\/i1.wp.com\/astehshop.com\/wp-content\/uploads\/2023\/04\/turret-ip67.jpg?resize=600%2C252 600w, https:\/\/i1.wp.com\/astehshop.com\/wp-content\/uploads\/2023\/04\/turret-ip67.jpg?w=1920 1920w\" sizes=\"(max-width: 621px) 100vw, 621px\" \/><\/a><\/p>\n<p>&nbsp;<\/p>\n<p>&nbsp;<\/p>\n","protected":false},"featured_media":7515,"comment_status":"open","ping_status":"closed","template":"","meta":{"_mi_skip_tracking":false,"_exactmetrics_sitenote_active":false,"_exactmetrics_sitenote_note":"","_exactmetrics_sitenote_category":0,"spay_email":""},"product_cat":[135],"product_tag":[2962,2994,2963,2995,5282,5283,5284],"brands":[{"id":2045,"name":"Dahua","slug":"dahua"}],"df_price":"","df_sale_price":"","df_regular_price":"","df_image_link":"https:\/\/i1.wp.com\/astehshop.com\/wp-content\/uploads\/2023\/04\/IPC-T26EP-0.jpeg?fit=440%2C450","jetpack_publicize_connections":[],"jetpack_sharing_enabled":true,"jetpack_likes_enabled":true,"jetpack-related-posts":[{"id":7521,"url":"http:\/\/astehshop.com\/index.php\/product\/imou-dahua-wifi-kamera-ipc-g22\/","url_meta":{"origin":7514,"position":0},"title":"Imou Dahua WiFi kamera IPC-G22","date":"1. travnja 2023.","format":false,"excerpt":"Pametna WIFI bullet kamera IMOU 2 MPX SD kartica maksimalno do 128 GB Ugra\u0111en mikrofon Detekcija pokreta Detekcija ljudi IP67 Uz kameru dolazi adapter 12v 1A Podr\u017eava Android i Iphone Besplatna IMOU aplikacija","rel":"","context":"Srodne objave","img":{"alt_text":"","src":"https:\/\/i2.wp.com\/astehshop.com\/wp-content\/uploads\/2023\/04\/ipc-g22-imou.png?fit=834%2C726&resize=350%2C200","width":350,"height":200},"classes":[]},{"id":7519,"url":"http:\/\/astehshop.com\/index.php\/product\/imou-dahua-wifi-kamera-ipc-f22p\/","url_meta":{"origin":7514,"position":1},"title":"Imou Dahua WiFi kamera IPC-F22P","date":"1. travnja 2023.","format":false,"excerpt":"Pametna WIFI bullet kamera IMOU 2 MPX SD kartica maksimalno do 128 GB Ugra\u0111en mikrofon Detekcija pokreta Detekcija ljudi IP67 Uz kameru dolazi adapter 12v 1A Podr\u017eava Android i Iphone Besplatna IMOU aplikacija","rel":"","context":"Srodne objave","img":{"alt_text":"","src":"https:\/\/i2.wp.com\/astehshop.com\/wp-content\/uploads\/2023\/04\/camera-bullet-2-mp-2.8mm-ortam-2c-ipc-f22p-d-imou-1.jpg?fit=721%2C673&resize=350%2C200","width":350,"height":200},"classes":[]},{"id":7529,"url":"http:\/\/astehshop.com\/index.php\/product\/dahua-imou-wifi-ip-kamera-ipc-g42p-4-mpx\/","url_meta":{"origin":7514,"position":2},"title":"Dahua Imou WIFI ip kamera IPC-G42P 4 MPX","date":"1. travnja 2023.","format":false,"excerpt":"Pametna WIFI bullet kamera IMOU 4 MPX SD kartica maksimalno do 128 GB Ugra\u0111en mikrofon Detekcija pokreta Detekcija ljudi IP67 Uz kameru dolazi adapter 12v 1A Podr\u017eava Android i Iphone Besplatna IMOU aplikacija","rel":"","context":"Srodne objave","img":{"alt_text":"","src":"https:\/\/i1.wp.com\/astehshop.com\/wp-content\/uploads\/2023\/04\/ipc-g42p-imou.jpg?fit=800%2C800&resize=350%2C200","width":350,"height":200},"classes":[]},{"id":8299,"url":"http:\/\/astehshop.com\/index.php\/product\/imou-ipc-f26fep-bullet-2-pro-2mp-ip-kamera-2-8mm\/","url_meta":{"origin":7514,"position":3},"title":"IMOU IPC-F26FEP Bullet 2 Pro 2MP IP kamera 2.8mm","date":"19. listopada 2023.","format":false,"excerpt":"IPC-F26FEP 2MP Wi Fi Active Deterrence Full Color kamera u bulit ku\u0107i\u0161tu. 1\/2.8\u201d CMOS sa progresivnim skeniranjem. Rezolucija 1920x1080. Fiksna optika 2.8mm, 16xdigital zoom. Detekcija pokreta, detekcija ljudi, dvosmjerna komunikacija, integrisan mikrofon, zvu\u010dnik, sirena 110dB i spotlight. Kompresija H.265+\/H.264+. Smart Full Color, no\u0107na vidljivost do 30 m. Podr\u017eava skladi\u0161tenje na\u2026","rel":"","context":"Srodne objave","img":{"alt_text":"","src":"https:\/\/i2.wp.com\/astehshop.com\/wp-content\/uploads\/2023\/10\/f26fep.jpeg?fit=1200%2C1200&resize=350%2C200","width":350,"height":200},"classes":[]},{"id":5207,"url":"http:\/\/astehshop.com\/index.php\/product\/wifi-roto-kamera-dahua-imou-cruiser-4-mp\/","url_meta":{"origin":7514,"position":4},"title":"WIFI ROTO KAMERA DAHUA IMOU CRUISER 4 MP","date":"9. listopada 2021.","format":false,"excerpt":"Roto kamera Vanjska Wifi 2 antene mikro sd slot Dvosmjerni audio detekcija ljudi Ugradjen spotlight i sirena 4 MPx h265 kompresija IP66 vodootporna Detekcija ljudi i automatsko slanje notifikacija Detekcija pokreta u odredjenom regionu 110 db sirena Ugradjen hotspot \/ moze da radi cak iako nema interneta Jer mi testiramo\u2026","rel":"","context":"Srodne objave","img":{"alt_text":"","src":"https:\/\/i1.wp.com\/astehshop.com\/wp-content\/uploads\/2021\/10\/Dahua-Imou-Cruiser-4MP-Full-Color-Wi-Fi-Camera-H-265-PTZ-Outdoor-IP66-Weatherproof-Audio.png?fit=1200%2C1151&resize=350%2C200","width":350,"height":200},"classes":[]},{"id":5213,"url":"http:\/\/astehshop.com\/index.php\/product\/dahua-imou-cruiser-wifi-vanjska-roto-full-color-kamera\/","url_meta":{"origin":7514,"position":5},"title":"Dahua Imou Cruiser WiFi vanjska roto FULL Color kamera","date":"9. listopada 2021.","format":false,"excerpt":"Roto kamera Vanjska Wifi 2 antene mikro sd slot Dvosmjerni audio detekcija ljudi Ugradjen spotlight i sirena 1080p full video h265 kompresija IP66 vodootporna Detekcija ljudi i automatsko slanje notifikacija Detekcija pokreta u odredjenom regionu 110 db sirena Ugradjen hotspot \/ moze da radi cak iako nema interneta \u00a0 066\u2026","rel":"","context":"Srodne objave","img":{"alt_text":"","src":"https:\/\/i1.wp.com\/astehshop.com\/wp-content\/uploads\/2021\/10\/Dahua-Imou-Cruiser-4MP-Full-Color-Wi-Fi-Camera-H-265-PTZ-Outdoor-IP66-Weatherproof-Audio.png?fit=1200%2C1151&resize=350%2C200","width":350,"height":200},"classes":[]}],"_links":{"self":[{"href":"http:\/\/astehshop.com\/index.php\/wp-json\/wp\/v2\/product\/7514"}],"collection":[{"href":"http:\/\/astehshop.com\/index.php\/wp-json\/wp\/v2\/product"}],"about":[{"href":"http:\/\/astehshop.com\/index.php\/wp-json\/wp\/v2\/types\/product"}],"replies":[{"embeddable":true,"href":"http:\/\/astehshop.com\/index.php\/wp-json\/wp\/v2\/comments?post=7514"}],"wp:featuredmedia":[{"embeddable":true,"href":"http:\/\/astehshop.com\/index.php\/wp-json\/wp\/v2\/media\/7515"}],"wp:attachment":[{"href":"http:\/\/astehshop.com\/index.php\/wp-json\/wp\/v2\/media?parent=7514"}],"wp:term":[{"taxonomy":"product_cat","embeddable":true,"href":"http:\/\/astehshop.com\/index.php\/wp-json\/wp\/v2\/product_cat?post=7514"},{"taxonomy":"product_tag","embeddable":true,"href":"http:\/\/astehshop.com\/index.php\/wp-json\/wp\/v2\/product_tag?post=7514"}],"curies":[{"name":"wp","href":"https:\/\/api.w.org\/{rel}","templated":true}]}}