{"id":7512,"date":"2023-04-01T15:05:28","date_gmt":"2023-04-01T13:05:28","guid":{"rendered":"http:\/\/astehshop.com\/?post_type=product&#038;p=7512"},"modified":"2025-09-17T21:57:17","modified_gmt":"2025-09-17T19:57:17","slug":"video-nadzor-dahua-komplet-sa-2-kamere-8-mpx-real-4k","status":"publish","type":"product","link":"http:\/\/astehshop.com\/index.php\/product\/video-nadzor-dahua-komplet-sa-2-kamere-8-mpx-real-4k\/","title":{"rendered":"Video nadzor Dahua komplet sa 2 kamere 8 MPX real 4K"},"content":{"rendered":"<div>\n<div>\n<div>\n<p>Dahua HDCVI video nadzor SET za poslovne prostore, dvori\u0161ta, gara\u017ee, ku\u0107e, stanove.<\/p>\n<p>1 x Dahua 4 kanalni snima\u010d 4K WizSense<br \/>\n2 x Dahua eyeball kamera 8 MPX realnih 16:9 sa mikrofonom<br \/>\n1 x disk 1TB<br \/>\n1 x dodatno napajanje za kamere 12v 2A<br \/>\n1 x naljepnica Objekat je pod video nadzorom<\/p>\n<p>Dahua komplet video nadzor sa dvije 8 MPX kamere nudi mogu\u0107nost da pokrijete ulaz u ku\u0107u ili dvori\u0161te, odnosno manji lokal ili stan.<\/p>\n<p>U kompletu se nalaze dvije 8 MPX kamere oblika dome, kamera ima motorizovan objektiv. Kamera poseduje BLC, 2D DNR, DWDR kao i inteligentnu IR rasvetu dometa do 20 m (Smart IR). Ukoliko Vam je potrebna bullet kamera umjesto DOME u ovom setu je mo\u017eemo zamijeniti ako to naglasite.<\/p>\n<p>Kablovi za video nadzor se ne nalaze u kompletu iz razloga \u0161to je svakom kupcu potrebna druga\u010dija du\u017eina kablova. U ponudi imamo ne\u0161to od gotovih kablova, ali Vam mo\u017eemo i napraviti po \u017eelji.<\/p>\n<p>Pored kamera u kompletu se nalazi digitalni video rekorder (DVR) koji slu\u017ei za snimanje video materijala.<\/p>\n<p>Video se skladi\u0161ti na hard disku veli\u010dine 1 TB \u0161to je dovoljno za preko 15 dana snimanja 24 sata bez prestanka . Umjesto vas pode\u0161avamo sistem da radi na detekciju pokreta tj. da snimma samo kada promjena na ekranu, tada snimanje produ\u017eeno i do mjesec dana<\/p>\n<p>Ako na objektu posjedujete internet potrebno je samo da isti pove\u017eete sa DVR snima\u010dem i tako mo\u017eete pratiti Va\u0161 video nadzor preko interneta na ra\u010dunaru, telefonu ili tabletu u realnom vremenu. DVR snima\u010d je WizSense serija, koja ima AI \u2013 detekcija i pretraga po osobi\/vozilu, kao i SMD+ detekcija pokreta.<\/p>\n<p>Potrebno je instalirati Dahua program za PC ili aplikaciju za mobilni i za bukvalno par minuta mo\u017eete pristupiti kamerama iz bilo kog dijela svijeta, samo vam je internet potreban. Nakon kupovine kompleta dobijate link za preuzimanje programa, kao i link do Android i iOS aplikacije i kratko uputstvo za pode\u0161avanje, iako sve a\u017eurno mo\u017eete vidjeti na na\u0161oj stranici u polju Tutorijali.<\/p>\n<\/div>\n<\/div>\n<\/div>\n","protected":false},"excerpt":{"rendered":"<div>\n<div>\n<div>\n<p>Dahua HDCVI video nadzor SET za poslovne prostore, dvori\u0161ta, gara\u017ee, ku\u0107e, stanove.<\/p>\n<p>1 x Dahua 4 kanalni snima\u010d 4K WizSense<br \/>\n2 x Dahua eyeball kamera 8 MPX realnih 16:9 sa mikrofonom<br \/>\n1 x disk 1TB<br \/>\n1 x dodatno napajanje za kamere 12v 2A<br \/>\n1 x naljepnica Objekat je pod video nadzorom<\/p>\n<p>Dahua komplet video nadzor sa dvije 8 MPX kamere nudi mogu\u0107nost da pokrijete ulaz u ku\u0107u ili dvori\u0161te, odnosno manji lokal ili stan.<\/p>\n<p>U kompletu se nalaze dvije 8 MPX kamere oblika dome, kamera ima motorizovan objektiv. Kamera poseduje BLC, 2D DNR, DWDR kao i inteligentnu IR rasvetu dometa do 20 m (Smart IR). Ukoliko Vam je potrebna bullet kamera umjesto DOME u ovom setu je mo\u017eemo zamijeniti ako to naglasite.<\/p>\n<p>Kablovi za video nadzor se ne nalaze u kompletu iz razloga \u0161to je svakom kupcu potrebna druga\u010dija du\u017eina kablova. U ponudi imamo ne\u0161to od gotovih kablova, ali Vam mo\u017eemo i napraviti po \u017eelji.<\/p>\n<p>Pored kamera u kompletu se nalazi digitalni video rekorder (DVR) koji slu\u017ei za snimanje video materijala.<\/p>\n<p>Video se skladi\u0161ti na hard disku veli\u010dine 1 TB \u0161to je dovoljno za preko 15 dana snimanja 24 sata bez prestanka . Umjesto vas pode\u0161avamo sistem da radi na detekciju pokreta tj. da snimma samo kada promjena na ekranu, tada snimanje produ\u017eeno i do mjesec dana<\/p>\n<p>Ako na objektu posjedujete internet potrebno je samo da isti pove\u017eete sa DVR snima\u010dem i tako mo\u017eete pratiti Va\u0161 video nadzor preko interneta na ra\u010dunaru, telefonu ili tabletu u realnom vremenu. DVR snima\u010d je WizSense serija, koja ima AI \u2013 detekcija i pretraga po osobi\/vozilu, kao i SMD+ detekcija pokreta.<\/p>\n<p>Potrebno je instalirati Dahua program za PC ili aplikaciju za mobilni i za bukvalno par minuta mo\u017eete pristupiti kamerama iz bilo kog dijela svijeta, samo vam je internet potreban. Nakon kupovine kompleta dobijate link za preuzimanje programa, kao i link do Android i iOS aplikacije i kratko uputstvo za pode\u0161avanje, iako sve a\u017eurno mo\u017eete vidjeti na na\u0161oj stranici u polju Tutorijali.<\/p>\n<\/div>\n<\/div>\n<\/div>\n","protected":false},"featured_media":7513,"comment_status":"open","ping_status":"closed","template":"","meta":{"_mi_skip_tracking":false,"_exactmetrics_sitenote_active":false,"_exactmetrics_sitenote_note":"","_exactmetrics_sitenote_category":0,"spay_email":""},"product_cat":[2294,2298],"product_tag":[5280,392,2663,933,5281,2994,2963,5279],"brands":[{"id":2045,"name":"Dahua","slug":"dahua"}],"df_price":"","df_sale_price":"","df_regular_price":"","df_image_link":"https:\/\/i2.wp.com\/astehshop.com\/wp-content\/uploads\/2023\/04\/8-mpx-2-kam-akcija.jpg?fit=450%2C357","jetpack_publicize_connections":[],"jetpack_sharing_enabled":true,"jetpack_likes_enabled":true,"jetpack-related-posts":[{"id":7034,"url":"http:\/\/astehshop.com\/index.php\/product\/video-nadzor-dahua-komplet-sa-2-kamere-5-mpx\/","url_meta":{"origin":7512,"position":0},"title":"Video nadzor Dahua komplet sa 2 kamere 5 MPX","date":"9. prosinca 2022.","format":false,"excerpt":"Dahua HDCVI video nadzor SET za poslovne prostore, dvori\u0161ta, gara\u017ee, ku\u0107e, stanove. 1 x Dahua 4 kanalni snima\u010d WizSense 2 x Dahua dome kamera 5 MPX 1 x disk 500 GB 1 x dodatno napajanje za kamere 12v 2A 1 x naljepnica Objekat je pod video nadzorom Dahua komplet video\u2026","rel":"","context":"Srodne objave","img":{"alt_text":"","src":"https:\/\/i2.wp.com\/astehshop.com\/wp-content\/uploads\/2022\/12\/dahua-set-2-kamere-5-mpx.jpg?fit=1200%2C953&resize=350%2C200","width":350,"height":200},"classes":[]},{"id":7140,"url":"http:\/\/astehshop.com\/index.php\/product\/video-nadzor-dahua-komplet-sa-2-kamere-5-mpx-moto-zoom\/","url_meta":{"origin":7512,"position":1},"title":"Video nadzor Dahua komplet sa 2 kamere 5 MPX moto zoom","date":"19. sije\u010dnja 2023.","format":false,"excerpt":"Dahua HDCVI video nadzor SET za poslovne prostore, dvori\u0161ta, gara\u017ee, ku\u0107e, stanove. 1 x Dahua 4 kanalni snima\u010d WizSense 2 x Dahua dome kamera 5 MPX motorizovan zoom 2.7-12 mm realnih 16:9 sa mikrofonom 1 x disk 500 GB 1 x dodatno napajanje za kamere 12v 2A 1 x naljepnica\u2026","rel":"","context":"Srodne objave","img":{"alt_text":"","src":"https:\/\/i0.wp.com\/astehshop.com\/wp-content\/uploads\/2023\/01\/dahua-moto-zoom-5-mpx-scaled.jpg?fit=1200%2C995&resize=350%2C200","width":350,"height":200},"classes":[]},{"id":7032,"url":"http:\/\/astehshop.com\/index.php\/product\/video-nadzor-dahua-komplet-sa-2-kamere-2-mpx\/","url_meta":{"origin":7512,"position":2},"title":"Video nadzor Dahua komplet sa 2 kamere 2 MPX","date":"9. prosinca 2022.","format":false,"excerpt":"Dahua HDCVI video nadzor SET za poslovne prostore, dvori\u0161ta, gara\u017ee, ku\u0107e, stanove. 1 x Dahua 4 kanalni snima\u010d WizSense 2 x Dahua dome kamera T21a21 2 MPX 1 x disk 500 GB 1 x dodatno napajanje za kamere 12v 2A 1 x naljepnica Objekat je pod video nadzorom Dahua komplet\u2026","rel":"","context":"Srodne objave","img":{"alt_text":"","src":"https:\/\/i0.wp.com\/astehshop.com\/wp-content\/uploads\/2022\/12\/komplet-dahua-sa-2-kamere.jpg?fit=1200%2C953&resize=350%2C200","width":350,"height":200},"classes":[]},{"id":7049,"url":"http:\/\/astehshop.com\/index.php\/product\/video-nadzor-dahua-komplet-sa-3-kamere-5-mpx\/","url_meta":{"origin":7512,"position":3},"title":"Video nadzor Dahua komplet sa 3 kamere 5 MPX","date":"9. prosinca 2022.","format":false,"excerpt":"Dahua HDCVI video nadzor SET za poslovne prostore, dvori\u0161ta, gara\u017ee, ku\u0107e, stanove. 1 x Dahua 4 kanalni snima\u010d WizSense 3 x Dahua dome\u00a0 5 MPX 1 x disk 500 GB 1 x dodatno napajanje za kamere 12v 2A 1 x naljepnica Objekat je pod video nadzorom Dahua komplet video nadzor\u2026","rel":"","context":"Srodne objave","img":{"alt_text":"","src":"https:\/\/i0.wp.com\/astehshop.com\/wp-content\/uploads\/2022\/12\/dahua-set-5-mpx.jpg?fit=1200%2C953&resize=350%2C200","width":350,"height":200},"classes":[]},{"id":7061,"url":"http:\/\/astehshop.com\/index.php\/product\/video-nadzor-dahua-komplet-sa-4-kamere-5-mpx-full-color-mikrofon\/","url_meta":{"origin":7512,"position":4},"title":"Video nadzor Dahua komplet sa 4 kamere 5 MPX Full Color + mikrofon","date":"9. prosinca 2022.","format":false,"excerpt":"Dahua HDCVI video nadzor SET za poslovne prostore, dvori\u0161ta, gara\u017ee, ku\u0107e, stanove. 1 x Dahua 4 kanalni snima\u010d WizSense 4 x Dahua bullet kamera\u00a0 5 MPX FULL COLOR + integrisan mikrofon u samoj kameri\u00a0 HAC-HFW1509TLM(-A)-LED 1 x dodatno napajanje za kamere 1 x naljepnica Objekat je pod video nadzorom Dahua\u2026","rel":"","context":"Srodne objave","img":{"alt_text":"","src":"https:\/\/i0.wp.com\/astehshop.com\/wp-content\/uploads\/2022\/12\/dahua-5-mpx-full-color-1.jpg?fit=1200%2C953&resize=350%2C200","width":350,"height":200},"classes":[]},{"id":7047,"url":"http:\/\/astehshop.com\/index.php\/product\/video-nadzor-dahua-komplet-sa-3-kamere-2-mpx-2\/","url_meta":{"origin":7512,"position":5},"title":"Video nadzor Dahua komplet sa 3 kamere 2 MPX","date":"9. prosinca 2022.","format":false,"excerpt":"Dahua HDCVI video nadzor SET za poslovne prostore, dvori\u0161ta, gara\u017ee, ku\u0107e, stanove. 1 x Dahua 4 kanalni snima\u010d WizSense 3 x Dahua dome kamera T21a21 2 MPX 1 x disk 500 GB 1 x dodatno napajanje za kamere 12v 2A 1 x naljepnica Objekat je pod video nadzorom Dahua komplet\u2026","rel":"","context":"Srodne objave","img":{"alt_text":"","src":"https:\/\/i0.wp.com\/astehshop.com\/wp-content\/uploads\/2022\/12\/komplet-sa-3-kamere-dome.jpg?fit=1200%2C953&resize=350%2C200","width":350,"height":200},"classes":[]}],"_links":{"self":[{"href":"http:\/\/astehshop.com\/index.php\/wp-json\/wp\/v2\/product\/7512"}],"collection":[{"href":"http:\/\/astehshop.com\/index.php\/wp-json\/wp\/v2\/product"}],"about":[{"href":"http:\/\/astehshop.com\/index.php\/wp-json\/wp\/v2\/types\/product"}],"replies":[{"embeddable":true,"href":"http:\/\/astehshop.com\/index.php\/wp-json\/wp\/v2\/comments?post=7512"}],"wp:featuredmedia":[{"embeddable":true,"href":"http:\/\/astehshop.com\/index.php\/wp-json\/wp\/v2\/media\/7513"}],"wp:attachment":[{"href":"http:\/\/astehshop.com\/index.php\/wp-json\/wp\/v2\/media?parent=7512"}],"wp:term":[{"taxonomy":"product_cat","embeddable":true,"href":"http:\/\/astehshop.com\/index.php\/wp-json\/wp\/v2\/product_cat?post=7512"},{"taxonomy":"product_tag","embeddable":true,"href":"http:\/\/astehshop.com\/index.php\/wp-json\/wp\/v2\/product_tag?post=7512"}],"curies":[{"name":"wp","href":"https:\/\/api.w.org\/{rel}","templated":true}]}}