{"id":7485,"date":"2023-03-12T16:24:47","date_gmt":"2023-03-12T15:24:47","guid":{"rendered":"http:\/\/astehshop.com\/?post_type=product&#038;p=7485"},"modified":"2023-03-12T16:24:48","modified_gmt":"2023-03-12T15:24:48","slug":"gaming-racunar-xigmatek-zeus-i7-11700f-ultra","status":"publish","type":"product","link":"http:\/\/astehshop.com\/index.php\/product\/gaming-racunar-xigmatek-zeus-i7-11700f-ultra\/","title":{"rendered":"GAMING RA\u010cUNAR XIGMATEK ZEUS i7-11700F ULTRA"},"content":{"rendered":"<p><strong><u>GAMING RA\u010cUNAR XIGMATEX ZEUS-M SPECTRUM EDITION<\/u><\/strong><\/p>\n<p>RA\u010cUNAR ULTIMATIVNOG IZGLEDA I PERFOMANSI<\/p>\n<ul>\n<li>CPU i7-11700F 4.9GHz<\/li>\n<li>CPU Cooler CoolerMaster Hyper 212 RGB<\/li>\n<li>RAM DDR4 32GB (4x8GB) RGB Corsair 3600MHz<\/li>\n<li>SSD 512GB M.2 NVMe 4.0 7000MB\/s Kingston KC3000<\/li>\n<li>SSD 2TB M.2 NVMe 4.0 3500MB\/s Kingston<\/li>\n<li>Grafika SAPPHIRE NITRO+ RX6700 XT Gaming OC 12GB GDDR6<\/li>\n<li>Napajanje Sharkon 750W GOLD Modular<\/li>\n<li>Xigmatek EN45112 ZEUS-M Spectrum Edition 8 RGB Fun<\/li>\n<\/ul>\n<p><a href=\"https:\/\/youtu.be\/F1iCyAiMcdA\" data-rel=\"lightbox-video-0\">https:\/\/youtu.be\/F1iCyAiMcdA<\/a><\/p>\n<p><strong>Za sve dodatne informacije mozete nas kontaktirati na OLX poruke, 065824333 ili Viber<\/strong><\/p>\n<p><strong>\u00a0<\/strong><\/p>\n<p><strong>\u00a0NUDIMO KUPOVINU NOVE ROBE NA RATE:<\/strong><\/p>\n<p><strong>-DO 18 RATA PREKO MIKROFIN KREDITNA ORGANIZACIJA<\/strong><\/p>\n<p><strong>-DO 12 RATA PREKO \u0160OPING KARTICE UNICREDIT BANK<\/strong><\/p>\n<p><strong>\u00a0<\/strong><\/p>\n<p><strong>Trgovinska RadnjaTECHNO SHOP BN<\/strong><\/p>\n<p><strong>Nikole Tesle 31a, Bijeljina(izme\u0111u Moja Apoteka i picerije Park Ne\u0161kovi\u0107)<\/strong><\/p>\n<p><strong>055\/422-599; 065\/824-333; 066\/123-234<\/strong><\/p>\n<p><strong>Radnim danima 09-19h<\/strong><\/p>\n<p><strong>Subotom 09-16h<\/strong><\/p>\n<p><strong>www.technoshopbn.com<\/strong><\/p>\n<p><a href=\"https:\/\/olx.ba\/artikal\/51187537\/gaming-racunar-pc-i5-10400f-16gb-gtx-1660-ti\"><strong>info@technoshopbn.com<\/strong><\/a><\/p>\n","protected":false},"excerpt":{"rendered":"<p>RA\u010cUNAR ULTIMATIVNOG IZGLEDA I PERFOMANSI<\/p>\n<ul>\n<li>CPU i7-11700F 4.9GHz<\/li>\n<li>CPU Cooler CoolerMaster Hyper 212 RGB<\/li>\n<li>RAM DDR4 32GB (4x8GB) RGB Corsair 3600MHz<\/li>\n<li>SSD 512GB M.2 NVMe 4.0 7000MB\/s Kingston KC3000<\/li>\n<li>SSD 2TB M.2 NVMe 4.0 3500MB\/s Kingston<\/li>\n<li>Grafika SAPPHIRE NITRO+ RX6700 XT Gaming OC 12GB GDDR6<\/li>\n<li>Napajanje Sharkon 750W GOLD Modular<\/li>\n<li>Xigmatek EN45112 ZEUS-M Spectrum Edition 8 RGB Fun<\/li>\n<\/ul>\n","protected":false},"featured_media":7492,"comment_status":"open","ping_status":"closed","template":"","meta":{"_mi_skip_tracking":false,"_exactmetrics_sitenote_active":false,"_exactmetrics_sitenote_note":"","_exactmetrics_sitenote_category":0,"spay_email":""},"product_cat":[5140],"product_tag":[],"brands":[{"id":5147,"name":"ASUS","slug":"asus"}],"df_price":4199,"df_sale_price":"","df_regular_price":4199,"df_image_link":"https:\/\/i1.wp.com\/astehshop.com\/wp-content\/uploads\/2023\/03\/LD0005517334_2_0005999359.jpg?fit=450%2C450","jetpack_publicize_connections":[],"jetpack_sharing_enabled":true,"jetpack_likes_enabled":true,"jetpack-related-posts":[{"id":7292,"url":"http:\/\/astehshop.com\/index.php\/product\/gaming-pc-racunar-i7-ssd-gtx-1050-ti-4gb-gta5\/","url_meta":{"origin":7485,"position":0},"title":"GAMING PC RA\u010cUNAR i7 SSD GTX 1050 Ti 4GB GTA5","date":"6. o\u017eujka 2023.","format":false,"excerpt":"GAMING RA\u010cUNAR\u00a0i7 MS\u00a0ARMOR GAMING GRAFIKA MS GTX 1050 Ti 4GB 4GB POKRE\u0106E SVE!!! \u00a0 CPU i7 2600 3.7GHz RAM DDR3 8GB 1600MHz SSD 250GB HDD 500GB Grafika GTX 1050 Ti 4GB (pokrece sve) Windows 10, EpicGames, Steam, Discord...","rel":"","context":"Srodne objave","img":{"alt_text":"","src":"https:\/\/i2.wp.com\/astehshop.com\/wp-content\/uploads\/2023\/03\/UcKOlCNq4QboyRRUQ6XE.jpg?fit=458%2C458&resize=350%2C200","width":350,"height":200},"classes":[]},{"id":8677,"url":"http:\/\/astehshop.com\/index.php\/product\/gaming-racunar-rampage-i7-6700-gtx-1060\/","url_meta":{"origin":7485,"position":1},"title":"GAMING RA\u010cUNAR RAMPAGE i7-6700 GTX 1060","date":"4. prosinca 2023.","format":false,"excerpt":"CPU i7-6700 6th generation SSD 250GB + HDD 1TB RAM DDR4 8GB GRAFIKA ASUS GTX 1060 6GB White WINDOWS 10, MS Office","rel":"","context":"Srodne objave","img":{"alt_text":"","src":"https:\/\/i0.wp.com\/astehshop.com\/wp-content\/uploads\/2023\/12\/img-1699435762-70a155a8fba0.jpg?fit=1024%2C1024&resize=350%2C200","width":350,"height":200},"classes":[]},{"id":9465,"url":"http:\/\/astehshop.com\/index.php\/product\/gaming-racunar-pc-ryzen-7-32-1000gb-gtx-4060\/","url_meta":{"origin":7485,"position":2},"title":"GAMING RA\u010cUNAR PC Ryzen 7 32\/1000GB GTX 4060","date":"31. kolovoza 2024.","format":false,"excerpt":"AMD RYZEN 7\u00a05700x - 16threads CollerMaster CPU Cooler Gigabyte MB B550M K G10 AM4 SSD M.2 NVMe 1TB + HDD 1TB RAM DDR4 32GB 3600MHz RGB GRAFIKA ASUS GTX 4600 8GB GDDR6 Ku\u0107i\u0161te Case Gaming Archon 2 Mesh RGB WHITE WINDOWS 11, Steam, EpicGame, Discord\u2026","rel":"","context":"Srodne objave","img":{"alt_text":"","src":"https:\/\/i1.wp.com\/astehshop.com\/wp-content\/uploads\/2024\/08\/image-9.jpg?fit=800%2C800&resize=350%2C200","width":350,"height":200},"classes":[]},{"id":9895,"url":"http:\/\/astehshop.com\/index.php\/product\/gaming-racunar-thermaltake-i5-12400f-32gb-rtx-4060\/","url_meta":{"origin":7485,"position":3},"title":"GAMING RA\u010cUNAR Thermaltake AH T200 i5-12400F 32GB RTX 4060","date":"7. sije\u010dnja 2025.","format":false,"excerpt":"GAMING RA\u010cUNAR PC i5-12400F 32GB RTX 4060 8GB Intel i5-12400F - 6\/12 Cores Be Quiet Pure Rock 2 CPU Cooler 120mm MB H610 SSD M.2 NVMe 1TB RAM DDR4 32GB GRAFIKA MSI RTX 4060 8GB Dual Ku\u0107i\u0161te Thermaltake AH T200 Black mATX WINDOWS 11, Steam, EpicGame, Discord\u2026","rel":"","context":"Srodne objave","img":{"alt_text":"","src":"https:\/\/i0.wp.com\/astehshop.com\/wp-content\/uploads\/2025\/01\/CA-1R4-00S1WN-00_241204021221693.jpg?fit=1024%2C768&resize=350%2C200","width":350,"height":200},"classes":[]},{"id":8636,"url":"http:\/\/astehshop.com\/index.php\/product\/gaming-racunar-ryzen-7-32gb-rx-5700-xt\/","url_meta":{"origin":7485,"position":4},"title":"GAMING RA\u010cUNAR RYZEN 7 32GB RX 5700 XT","date":"14. studenoga 2023.","format":false,"excerpt":"GAMING RA\u010cUNAR PC RYZEN 7 32GB RX 5700XT 8GB AMD RYZEN 7 5700x - 16threads CollerMaster CPU Cooler Gigabyte MB B450M K G10 AM4 SSD M.2 NVMe 1TB + HDD 1TB Novo RAM DDR4 32GB 3600MHz Novo GRAFIKA ASUS RX 5700 XT 8GB \u2013 Polovna Ku\u0107i\u0161te MS Industrial ARMOR V705\u2026","rel":"","context":"Srodne objave","img":{"alt_text":"","src":"https:\/\/i1.wp.com\/astehshop.com\/wp-content\/uploads\/2023\/11\/99tQEOdfipIhdA2oetld.jpg?fit=762%2C719&resize=350%2C200","width":350,"height":200},"classes":[]},{"id":8712,"url":"http:\/\/astehshop.com\/index.php\/product\/gaming-racunar-ms-v705-ryzen7-5700x-32gb-rtx-3070-8gb\/","url_meta":{"origin":7485,"position":5},"title":"GAMING RA\u010cUNAR MS V705 Ryzen7 5700x 32GB RTX 3070 8GB","date":"23. prosinca 2023.","format":false,"excerpt":"GAMING RA\u010cUNAR PC RYZEN 7 32GB RX 5700XT 8GB AMD RYZEN 7 5700x - 16threads CollerMaster CPU Cooler Gigabyte MB B450M K G10 AM4 SSD M.2 NVMe 1TB + HDD 1TB Novo RAM DDR4 32GB 3600MHz Novo GRAFIKA GIGABYTE RTX 3070 8GB \u2013 Polovna Ku\u0107i\u0161te MS Industrial ARMOR V705 Gaming\u2026","rel":"","context":"Srodne objave","img":{"alt_text":"","src":"https:\/\/i0.wp.com\/astehshop.com\/wp-content\/uploads\/2023\/12\/img-1703350354-02aed3b0fc55.jpg?fit=762%2C719&resize=350%2C200","width":350,"height":200},"classes":[]}],"_links":{"self":[{"href":"http:\/\/astehshop.com\/index.php\/wp-json\/wp\/v2\/product\/7485"}],"collection":[{"href":"http:\/\/astehshop.com\/index.php\/wp-json\/wp\/v2\/product"}],"about":[{"href":"http:\/\/astehshop.com\/index.php\/wp-json\/wp\/v2\/types\/product"}],"replies":[{"embeddable":true,"href":"http:\/\/astehshop.com\/index.php\/wp-json\/wp\/v2\/comments?post=7485"}],"wp:featuredmedia":[{"embeddable":true,"href":"http:\/\/astehshop.com\/index.php\/wp-json\/wp\/v2\/media\/7492"}],"wp:attachment":[{"href":"http:\/\/astehshop.com\/index.php\/wp-json\/wp\/v2\/media?parent=7485"}],"wp:term":[{"taxonomy":"product_cat","embeddable":true,"href":"http:\/\/astehshop.com\/index.php\/wp-json\/wp\/v2\/product_cat?post=7485"},{"taxonomy":"product_tag","embeddable":true,"href":"http:\/\/astehshop.com\/index.php\/wp-json\/wp\/v2\/product_tag?post=7485"}],"curies":[{"name":"wp","href":"https:\/\/api.w.org\/{rel}","templated":true}]}}